{"id":48822,"date":"2023-12-18T12:23:44","date_gmt":"2023-12-18T12:23:44","guid":{"rendered":"https:\/\/www.lidemschool.com\/jornada-de-puertas-abiertas-lidem\/"},"modified":"2026-04-21T10:56:19","modified_gmt":"2026-04-21T10:56:19","slug":"jornada-de-puertas-abiertas-lidem","status":"publish","type":"page","link":"https:\/\/www.lidemschool.com\/fr\/jornada-de-puertas-abiertas-lidem\/","title":{"rendered":"Jornada de Puertas Abiertas 2026"},"content":{"rendered":"<p>[et_pb_section fb_built=\u00a0\u00bb1&Prime; fullwidth=\u00a0\u00bbon\u00a0\u00bb _builder_version=\u00a0\u00bb4.16&Prime; _module_preset=\u00a0\u00bbdefault\u00a0\u00bb width=\u00a0\u00bb100%\u00a0\u00bb max_width=\u00a0\u00bb100%\u00a0\u00bb module_alignment=\u00a0\u00bbcenter\u00a0\u00bb collapsed=\u00a0\u00bboff\u00a0\u00bb global_colors_info=\u00a0\u00bb{}\u00a0\u00bb][et_pb_fullwidth_header title=\u00a0\u00bbJORNADA DE PUERTAS ABIERTAS 2026&Prime; text_orientation=\u00a0\u00bbcenter\u00a0\u00bb background_overlay_color=\u00a0\u00bbrgba(38,35,39,0.45)\u00a0\u00bb _builder_version=\u00a0\u00bb4.16&Prime; _module_preset=\u00a0\u00bbdefault\u00a0\u00bb title_font=\u00a0\u00bb|700|||||||\u00a0\u00bb title_font_size=\u00a0\u00bb40px\u00a0\u00bb content_font=\u00a0\u00bb||||||||\u00a0\u00bb content_font_size=\u00a0\u00bb16px\u00a0\u00bb subhead_font_size=\u00a0\u00bb23px\u00a0\u00bb background_enable_color=\u00a0\u00bboff\u00a0\u00bb background_image=\u00a0\u00bbhttps:\/\/www.lidemschool.com\/wp-content\/uploads\/2026\/01\/BANNER-WEB-ESTATICOS.png\u00a0\u00bb width=\u00a0\u00bb100%\u00a0\u00bb min_height=\u00a0\u00bb357px\u00a0\u00bb height=\u00a0\u00bb340px\u00a0\u00bb max_height=\u00a0\u00bb499px\u00a0\u00bb custom_margin=\u00a0\u00bb||-2px||false|false\u00a0\u00bb custom_padding=\u00a0\u00bb86px||29px|||\u00a0\u00bb locked=\u00a0\u00bboff\u00a0\u00bb global_colors_info=\u00a0\u00bb{}\u00a0\u00bb][\/et_pb_fullwidth_header][\/et_pb_section][et_pb_section fb_built=\u00a0\u00bb1&Prime; _builder_version=\u00a0\u00bb4.16&Prime; _module_preset=\u00a0\u00bbdefault\u00a0\u00bb collapsed=\u00a0\u00bboff\u00a0\u00bb global_colors_info=\u00a0\u00bb{}\u00a0\u00bb][et_pb_row _builder_version=\u00a0\u00bb4.16&Prime; _module_preset=\u00a0\u00bbdefault\u00a0\u00bb global_colors_info=\u00a0\u00bb{}\u00a0\u00bb][et_pb_column type=\u00a0\u00bb4_4&Prime; _builder_version=\u00a0\u00bb4.16&Prime; _module_preset=\u00a0\u00bbdefault\u00a0\u00bb global_colors_info=\u00a0\u00bb{}\u00a0\u00bb][et_pb_text _builder_version=\u00a0\u00bb4.16&Prime; _module_preset=\u00a0\u00bbdefault\u00a0\u00bb text_orientation=\u00a0\u00bbcenter\u00a0\u00bb global_colors_info=\u00a0\u00bb{}\u00a0\u00bb]<\/p>\n<p style=\"text-align: center;\"><span style=\"font-size: large;\">Si todav\u00eda est\u00e1s explorando opciones o necesitas un poco de orientaci\u00f3n, nuestras Jornadas de Puertas Abiertas son la oportunidad perfecta para conocer en detalle nuestros <strong>estudios de animaci\u00f3n en Barcelona y Madrid.<\/strong> Descubre el camino hacia tu carrera en una de las mejores escuelas de animaci\u00f3n y enciende tu pasi\u00f3n por esta industria en crecimiento.<\/span><\/p>\n<h2>NO ESPERES A QUE TE LO CUENTEN&#8230; \u00a1VEN A VIVIR LA EXPERIENCIA EN PRIMERA PERSONA!<\/h2>\n<h4>\u00a0<\/h4>\n<h4 style=\"text-align: center;\">INSCR\u00cdBETE Y VEN A CONOCER UNO DE NUESTROS CAMPUS:<\/h4>\n<p style=\"text-align: center;\">[\/et_pb_text][\/et_pb_column][\/et_pb_row][et_pb_row column_structure=\u00a0\u00bb1_2,1_2&Prime; _builder_version=\u00a0\u00bb4.16&Prime; _module_preset=\u00a0\u00bbdefault\u00a0\u00bb global_colors_info=\u00a0\u00bb{}\u00a0\u00bb][et_pb_column type=\u00a0\u00bb1_2&Prime; _builder_version=\u00a0\u00bb4.16&Prime; _module_preset=\u00a0\u00bbdefault\u00a0\u00bb global_colors_info=\u00a0\u00bb{}\u00a0\u00bb][et_pb_text _builder_version=\u00a0\u00bb4.27.6&Prime; _module_preset=\u00a0\u00bbdefault\u00a0\u00bb border_radii=\u00a0\u00bbon|16px|16px|16px|16px\u00a0\u00bb border_width_all=\u00a0\u00bb12px\u00a0\u00bb border_color_all=\u00a0\u00bb#ffffff\u00a0\u00bb box_shadow_style=\u00a0\u00bbpreset1&Prime; global_colors_info=\u00a0\u00bb{}\u00a0\u00bb]<\/p>\n<h3 style=\"text-align: center;\"><span style=\"color: #f3584d; font-size: x-large;\"><em><strong>CAMPUS DE MADRID<\/strong><\/em><\/span><\/h3>\n<h4 style=\"text-align: center;\">S\u00e1bado 25 de abril<\/h4>\n<p style=\"text-align: center;\">De 10 a 14 h<\/p>\n<p style=\"text-align: center;\">Casa del Lector \u2013 Matadero Madrid<br \/>Paseo de la Chopera 14, 28045 Madrid<\/p>\n<p>[\/et_pb_text][\/et_pb_column][et_pb_column type=\u00a0\u00bb1_2&Prime; _builder_version=\u00a0\u00bb4.16&Prime; _module_preset=\u00a0\u00bbdefault\u00a0\u00bb global_colors_info=\u00a0\u00bb{}\u00a0\u00bb][et_pb_text _builder_version=\u00a0\u00bb4.27.6&Prime; _module_preset=\u00a0\u00bbdefault\u00a0\u00bb border_radii=\u00a0\u00bbon|16px|16px|16px|16px\u00a0\u00bb border_width_all=\u00a0\u00bb12px\u00a0\u00bb border_color_all=\u00a0\u00bb#ffffff\u00a0\u00bb box_shadow_style=\u00a0\u00bbpreset1&Prime; global_colors_info=\u00a0\u00bb{}\u00a0\u00bb]<\/p>\n<h3 style=\"text-align: center;\"><span style=\"color: #f3584d; font-size: x-large;\"><em><strong>CAMPUS DE BARCELONA<\/strong><\/em><\/span><\/h3>\n<h4 style=\"text-align: center;\">S\u00e1bado 25 de abril<\/h4>\n<p style=\"text-align: center;\">De 10 a 14 h<\/p>\n<p style=\"text-align: center;\">C\/ Ciutat de Granada, 53-57<br \/>08005 Barcelona<\/p>\n<p>[\/et_pb_text][\/et_pb_column][\/et_pb_row][et_pb_row column_structure=\u00a0\u00bb1_2,1_2&Prime; _builder_version=\u00a0\u00bb4.16&Prime; _module_preset=\u00a0\u00bbdefault\u00a0\u00bb global_colors_info=\u00a0\u00bb{}\u00a0\u00bb][et_pb_column type=\u00a0\u00bb1_2&Prime; _builder_version=\u00a0\u00bb4.16&Prime; _module_preset=\u00a0\u00bbdefault\u00a0\u00bb global_colors_info=\u00a0\u00bb{}\u00a0\u00bb][et_pb_text _builder_version=\u00a0\u00bb4.27.6&Prime; _module_preset=\u00a0\u00bbdefault\u00a0\u00bb global_colors_info=\u00a0\u00bb{}\u00a0\u00bb]<\/p>\n<h2><strong>\u00bfQu\u00e9 te espera durante este gran d\u00eda?<\/strong><\/h2>\n<ul>\n<li><strong>Explora nuestra propuesta educativa:<\/strong> Conoce en profundidad nuestro modelo acad\u00e9mico innovador y las oportunidades laborales que ofrecen nuestras titulaciones y diferentes especializaciones en <a href=\"https:\/\/www.lidemschool.com\/fr\/bachelors-programs\/carrera-de-animacion-2d\/\" target=\"_blank\" rel=\"noopener\"><strong>Animaci\u00f3n 2D<\/strong><\/a>,<a href=\"https:\/\/www.lidemschool.com\/fr\/bachelors-programs\/carriere-dans-lanimation-3d\/\"> <strong>Animaci\u00f3n 3D<\/strong><\/a>, <a href=\"https:\/\/www.lidemschool.com\/estudios-superiores\/carrera-concept-art\/\"><strong>Concept Art\/Game Art<\/strong><\/a> y <a href=\"https:\/\/www.lidemschool.com\/fr\/bachelors-programs\/3d-et-jeux-video\/\"><strong>3D, Videojuegos y VFX<\/strong><\/a>.<\/li>\n<\/ul>\n<ul>\n<li><strong>Recibe asesoramiento personalizado:<\/strong> Habla con nuestros asesores acad\u00e9micos y encuentra el programa que mejor se adapte a tus metas y talentos. En nuestra escuela de animaci\u00f3n en Madrid y Barcelona, te guiaremos en cada paso del proceso.<\/li>\n<\/ul>\n<ul>\n<li><strong>Recorre nuestras instalaciones:<\/strong> Sum\u00e9rgete en la experiencia L&rsquo;Idem con un tour exclusivo por nuestras aulas equipadas con tecnolog\u00eda de \u00faltima generaci\u00f3n y viendo en directo los trabajos realizados por nuestros alumnos.<\/li>\n<\/ul>\n<ul>\n<li><strong>Inicia tu futuro hoy mismo:<\/strong> Comienza tu proceso de admisi\u00f3n y realiza tu entrevista ese mismo d\u00eda si as\u00ed lo deseas.<\/li>\n<\/ul>\n<p>[\/et_pb_text][et_pb_image src=\u00a0\u00bbhttps:\/\/www.lidemschool.com\/wp-content\/uploads\/2026\/01\/SELLO_LIDEMANIMATIONSCHOOL-1.png\u00a0\u00bb alt=\u00a0\u00bbSELLO LIDEM ANIMATION SCHOOL\u00a0\u00bb title_text=\u00a0\u00bbSELLO_LIDEMANIMATIONSCHOOL\u00a0\u00bb align=\u00a0\u00bbcenter\u00a0\u00bb _builder_version=\u00a0\u00bb4.16&Prime; _module_preset=\u00a0\u00bbdefault\u00a0\u00bb global_colors_info=\u00a0\u00bb{}\u00a0\u00bb][\/et_pb_image][\/et_pb_column][et_pb_column type=\u00a0\u00bb1_2&Prime; _builder_version=\u00a0\u00bb4.16&Prime; _module_preset=\u00a0\u00bbdefault\u00a0\u00bb global_colors_info=\u00a0\u00bb{}\u00a0\u00bb][et_pb_code _builder_version=\u00a0\u00bb4.16&Prime; _module_preset=\u00a0\u00bbdefault\u00a0\u00bb global_colors_info=\u00a0\u00bb{}\u00a0\u00bb]<script charset=\"utf-8\" type=\"text\/javascript\" src=\"\/\/js-eu1.hsforms.net\/forms\/embed\/v2.js\"><\/script><!-- [et_pb_line_break_holder] --><script><!-- [et_pb_line_break_holder] -->  hbspt.forms.create({<!-- [et_pb_line_break_holder] -->    region: \"eu1\",<!-- [et_pb_line_break_holder] -->    portalId: \"24880151\",<!-- [et_pb_line_break_holder] -->    formId: \"f65713e2-0868-49dc-a655-e9cb5a5647b7\"<!-- [et_pb_line_break_holder] -->  });<!-- [et_pb_line_break_holder] --><\/script>[\/et_pb_code][\/et_pb_column][\/et_pb_row][\/et_pb_section][et_pb_section fb_built=\u00a0\u00bb1&Prime; _builder_version=\u00a0\u00bb4.16&Prime; _module_preset=\u00a0\u00bbdefault\u00a0\u00bb background_color=\u00a0\u00bb#262327&Prime; collapsed=\u00a0\u00bbon\u00a0\u00bb global_colors_info=\u00a0\u00bb{}\u00a0\u00bb][et_pb_row column_structure=\u00a0\u00bb1_2,1_2&Prime; _builder_version=\u00a0\u00bb4.16&Prime; _module_preset=\u00a0\u00bbdefault\u00a0\u00bb global_colors_info=\u00a0\u00bb{}\u00a0\u00bb][et_pb_column type=\u00a0\u00bb1_2&Prime; _builder_version=\u00a0\u00bb4.16&Prime; _module_preset=\u00a0\u00bbdefault\u00a0\u00bb global_colors_info=\u00a0\u00bb{}\u00a0\u00bb][et_pb_text admin_label=\u00a0\u00bbTexto\u00a0\u00bb _builder_version=\u00a0\u00bb4.16&Prime; _module_preset=\u00a0\u00bbdefault\u00a0\u00bb global_colors_info=\u00a0\u00bb{}\u00a0\u00bb]<\/p>\n<h2 style=\"text-align: left;\"><span style=\"color: #ffffff;\"><strong>\u00a1Es tu momento! Descubre tu futuro en nuestras escuelas de animaci\u00f3n<\/strong><\/span><\/h2>\n<p style=\"text-align: left;\"><span style=\"color: #ffffff;\">Da el primer paso hacia una carrera en la animaci\u00f3n en una de las mejores escuelas de animaci\u00f3n. En L\u2019Idem, estamos listos para construir tu futuro contigo.<\/span><\/p>\n<p style=\"text-align: left;\"><span style=\"color: #ffffff;\"><\/span><\/p>\n<p style=\"text-align: left;\"><span style=\"color: #ffffff;\"><\/span><\/p>\n<h4 style=\"text-align: left;\"><span style=\"color: #ffffff;\">\u00a1Reserva tu plaza y vive la experiencia de estudiar animaci\u00f3n en uno de nuestros campus en Barcelona y Madrid!<\/span><\/h4>\n<p>[\/et_pb_text][\/et_pb_column][et_pb_column type=\u00a0\u00bb1_2&Prime; _builder_version=\u00a0\u00bb4.16&Prime; _module_preset=\u00a0\u00bbdefault\u00a0\u00bb global_colors_info=\u00a0\u00bb{}\u00a0\u00bb][et_pb_slider _builder_version=\u00a0\u00bb4.16&Prime; _module_preset=\u00a0\u00bbdefault\u00a0\u00bb custom_margin=\u00a0\u00bb||-126px|||\u00a0\u00bb global_colors_info=\u00a0\u00bb{}\u00a0\u00bb][et_pb_slide image=\u00a0\u00bbhttps:\/\/www.lidemschool.com\/wp-content\/uploads\/2025\/11\/jornada_puertas_abiertas_1.png\u00a0\u00bb _builder_version=\u00a0\u00bb4.16&Prime; _module_preset=\u00a0\u00bbdefault\u00a0\u00bb background_color=\u00a0\u00bb#262327&Prime; background_enable_color=\u00a0\u00bbon\u00a0\u00bb global_colors_info=\u00a0\u00bb{}\u00a0\u00bb sticky_transition=\u00a0\u00bbon\u00a0\u00bb][\/et_pb_slide][et_pb_slide image=\u00a0\u00bbhttps:\/\/www.lidemschool.com\/wp-content\/uploads\/2023\/12\/lidem-2-e1700813264538.png\u00a0\u00bb _builder_version=\u00a0\u00bb4.16&Prime; _module_preset=\u00a0\u00bbdefault\u00a0\u00bb background_color=\u00a0\u00bb#262327&Prime; background_enable_color=\u00a0\u00bbon\u00a0\u00bb global_colors_info=\u00a0\u00bb{}\u00a0\u00bb sticky_transition=\u00a0\u00bbon\u00a0\u00bb][\/et_pb_slide][et_pb_slide image=\u00a0\u00bbhttps:\/\/www.lidemschool.com\/wp-content\/uploads\/2025\/10\/campus-madrid.png\u00a0\u00bb _builder_version=\u00a0\u00bb4.16&Prime; _module_preset=\u00a0\u00bbdefault\u00a0\u00bb background_color=\u00a0\u00bb#262327&Prime; background_enable_color=\u00a0\u00bbon\u00a0\u00bb global_colors_info=\u00a0\u00bb{}\u00a0\u00bb sticky_transition=\u00a0\u00bbon\u00a0\u00bb][\/et_pb_slide][et_pb_slide image=\u00a0\u00bbhttps:\/\/www.lidemschool.com\/wp-content\/uploads\/2025\/06\/6.director_animacion-scaled.jpg\u00a0\u00bb _builder_version=\u00a0\u00bb4.16&Prime; _module_preset=\u00a0\u00bbdefault\u00a0\u00bb background_color=\u00a0\u00bb#262327&Prime; background_enable_color=\u00a0\u00bbon\u00a0\u00bb global_colors_info=\u00a0\u00bb{}\u00a0\u00bb sticky_transition=\u00a0\u00bbon\u00a0\u00bb][\/et_pb_slide][et_pb_slide image=\u00a0\u00bbhttps:\/\/www.lidemschool.com\/wp-content\/uploads\/2025\/05\/lidem-madrid.jpg\u00a0\u00bb _builder_version=\u00a0\u00bb4.16&Prime; _module_preset=\u00a0\u00bbdefault\u00a0\u00bb background_color=\u00a0\u00bb#262327&Prime; background_enable_color=\u00a0\u00bbon\u00a0\u00bb global_colors_info=\u00a0\u00bb{}\u00a0\u00bb sticky_transition=\u00a0\u00bbon\u00a0\u00bb][\/et_pb_slide][\/et_pb_slider][\/et_pb_column][\/et_pb_row][\/et_pb_section][et_pb_section fb_built=\u00a0\u00bb1&Prime; _builder_version=\u00a0\u00bb4.16&Prime; _module_preset=\u00a0\u00bbdefault\u00a0\u00bb background_color=\u00a0\u00bb#262327&Prime; collapsed=\u00a0\u00bbon\u00a0\u00bb global_colors_info=\u00a0\u00bb{}\u00a0\u00bb][et_pb_row column_structure=\u00a0\u00bb1_2,1_2&Prime; make_equal=\u00a0\u00bbon\u00a0\u00bb _builder_version=\u00a0\u00bb4.16&Prime; _module_preset=\u00a0\u00bbdefault\u00a0\u00bb global_colors_info=\u00a0\u00bb{}\u00a0\u00bb][et_pb_column type=\u00a0\u00bb1_2&Prime; _builder_version=\u00a0\u00bb4.16&Prime; _module_preset=\u00a0\u00bbdefault\u00a0\u00bb global_colors_info=\u00a0\u00bb{}\u00a0\u00bb][et_pb_text _builder_version=\u00a0\u00bb4.16&Prime; _module_preset=\u00a0\u00bbdefault\u00a0\u00bb global_colors_info=\u00a0\u00bb{}\u00a0\u00bb]<\/p>\n<p><span style=\"color: #ffffff;\"><strong>Campus Barcelona<\/strong><\/span><br \/><span style=\"color: #ffffff;\">C\/ Ciutat de Granada, 53-57<\/span><br \/><span style=\"color: #ffffff;\">08005 Barcelona<\/span><br \/><span style=\"color: #ffffff;\">+ 34 934 854 550<\/span><br \/><a href=\"mailto:info@lidembarcelona.com\">info@lidembarcelona.com<\/a><\/p>\n<p>[\/et_pb_text][\/et_pb_column][et_pb_column type=\u00a0\u00bb1_2&Prime; _builder_version=\u00a0\u00bb4.16&Prime; _module_preset=\u00a0\u00bbdefault\u00a0\u00bb background_color=\u00a0\u00bb#efefef\u00a0\u00bb global_colors_info=\u00a0\u00bb{}\u00a0\u00bb][et_pb_text _builder_version=\u00a0\u00bb4.16&Prime; _module_preset=\u00a0\u00bbdefault\u00a0\u00bb background_color=\u00a0\u00bb#262327&Prime; global_colors_info=\u00a0\u00bb{}\u00a0\u00bb]<\/p>\n<p><span style=\"color: #ffffff;\"><strong>Campus Madrid<\/strong><\/span><br \/><span style=\"color: #ffffff;\">Casa del Lector \u2013 Matadero Madrid<\/span><br \/><span style=\"color: #ffffff;\">Paseo de la Chopera 14<\/span><br \/><span style=\"color: #ffffff;\">28045 Madrid<\/span><br \/><span style=\"color: #ffffff;\">+ 34 722 772 483<\/span><br \/><a href=\"mailto:madrid@lidemschool.com\">madrid@lidemschool.com<\/a><\/p>\n<p>[\/et_pb_text][\/et_pb_column][\/et_pb_row][\/et_pb_section]<\/p>\n","protected":false},"excerpt":{"rendered":"<p>Si todav\u00eda est\u00e1s explorando opciones o necesitas un poco de orientaci\u00f3n, nuestras Jornadas de Puertas Abiertas son la oportunidad perfecta para conocer en detalle nuestros estudios de animaci\u00f3n en Barcelona y Madrid. Descubre el camino hacia tu carrera en una de las mejores escuelas de animaci\u00f3n y enciende tu pasi\u00f3n por esta industria en crecimiento. [&hellip;]<\/p>\n","protected":false},"author":7,"featured_media":37006,"parent":0,"menu_order":0,"comment_status":"closed","ping_status":"closed","template":"","meta":{"_et_pb_use_builder":"on","_et_pb_old_content":"","_et_gb_content_width":"","content-type":"","inline_featured_image":false,"footnotes":""},"class_list":["post-48822","page","type-page","status-publish","has-post-thumbnail","hentry"],"yoast_head":"<!-- This site is optimized with the Yoast SEO plugin v27.4 - https:\/\/yoast.com\/product\/yoast-seo-wordpress\/ -->\n<title>Puertas Abiertas | Escuelas de animaci\u00f3n en Madrid y Barcelona<\/title>\n<meta name=\"description\" content=\"L\u2019Idem School celebra varias Jornadas de Puertas Abiertas para conocer sus escuelas de animaci\u00f3n en Madrid y Barcelona.\" \/>\n<meta name=\"robots\" content=\"index, follow, max-snippet:-1, max-image-preview:large, max-video-preview:-1\" \/>\n<link rel=\"canonical\" href=\"https:\/\/www.lidemschool.com\/fr\/jornada-de-puertas-abiertas-lidem\/\" \/>\n<meta property=\"og:locale\" content=\"fr_FR\" \/>\n<meta property=\"og:type\" content=\"article\" \/>\n<meta property=\"og:title\" content=\"Puertas Abiertas | Escuelas de animaci\u00f3n en Madrid y Barcelona\" \/>\n<meta property=\"og:description\" content=\"L\u2019Idem School celebra varias Jornadas de Puertas Abiertas para conocer sus escuelas de animaci\u00f3n en Madrid y Barcelona.\" \/>\n<meta property=\"og:url\" content=\"https:\/\/www.lidemschool.com\/fr\/jornada-de-puertas-abiertas-lidem\/\" \/>\n<meta property=\"og:site_name\" content=\"L&#039;Idem Animation School\" \/>\n<meta property=\"article:modified_time\" content=\"2026-04-21T10:56:19+00:00\" \/>\n<meta property=\"og:image\" content=\"https:\/\/www.lidemschool.com\/wp-content\/uploads\/2024\/11\/lidem-scaled.jpg\" \/>\n\t<meta property=\"og:image:width\" content=\"2560\" \/>\n\t<meta property=\"og:image:height\" content=\"1920\" \/>\n\t<meta property=\"og:image:type\" content=\"image\/jpeg\" \/>\n<meta name=\"twitter:card\" content=\"summary_large_image\" \/>\n<meta name=\"twitter:label1\" content=\"Dur\u00e9e de lecture estim\u00e9e\" \/>\n\t<meta name=\"twitter:data1\" content=\"6 minutes\" \/>\n<script type=\"application\/ld+json\" class=\"yoast-schema-graph\">{\"@context\":\"https:\\\/\\\/schema.org\",\"@graph\":[{\"@type\":\"WebPage\",\"@id\":\"https:\\\/\\\/www.lidemschool.com\\\/fr\\\/jornada-de-puertas-abiertas-lidem\\\/\",\"url\":\"https:\\\/\\\/www.lidemschool.com\\\/fr\\\/jornada-de-puertas-abiertas-lidem\\\/\",\"name\":\"Puertas Abiertas | Escuelas de animaci\u00f3n en Madrid y Barcelona\",\"isPartOf\":{\"@id\":\"https:\\\/\\\/www.lidemschool.com\\\/fr\\\/#website\"},\"primaryImageOfPage\":{\"@id\":\"https:\\\/\\\/www.lidemschool.com\\\/fr\\\/jornada-de-puertas-abiertas-lidem\\\/#primaryimage\"},\"image\":{\"@id\":\"https:\\\/\\\/www.lidemschool.com\\\/fr\\\/jornada-de-puertas-abiertas-lidem\\\/#primaryimage\"},\"thumbnailUrl\":\"https:\\\/\\\/www.lidemschool.com\\\/wp-content\\\/uploads\\\/2024\\\/11\\\/lidem-scaled.jpg\",\"datePublished\":\"2023-12-18T12:23:44+00:00\",\"dateModified\":\"2026-04-21T10:56:19+00:00\",\"description\":\"L\u2019Idem School celebra varias Jornadas de Puertas Abiertas para conocer sus escuelas de animaci\u00f3n en Madrid y Barcelona.\",\"breadcrumb\":{\"@id\":\"https:\\\/\\\/www.lidemschool.com\\\/fr\\\/jornada-de-puertas-abiertas-lidem\\\/#breadcrumb\"},\"inLanguage\":\"fr-FR\",\"potentialAction\":[{\"@type\":\"ReadAction\",\"target\":[\"https:\\\/\\\/www.lidemschool.com\\\/fr\\\/jornada-de-puertas-abiertas-lidem\\\/\"]}]},{\"@type\":\"ImageObject\",\"inLanguage\":\"fr-FR\",\"@id\":\"https:\\\/\\\/www.lidemschool.com\\\/fr\\\/jornada-de-puertas-abiertas-lidem\\\/#primaryimage\",\"url\":\"https:\\\/\\\/www.lidemschool.com\\\/wp-content\\\/uploads\\\/2024\\\/11\\\/lidem-scaled.jpg\",\"contentUrl\":\"https:\\\/\\\/www.lidemschool.com\\\/wp-content\\\/uploads\\\/2024\\\/11\\\/lidem-scaled.jpg\",\"width\":2560,\"height\":1920},{\"@type\":\"BreadcrumbList\",\"@id\":\"https:\\\/\\\/www.lidemschool.com\\\/fr\\\/jornada-de-puertas-abiertas-lidem\\\/#breadcrumb\",\"itemListElement\":[{\"@type\":\"ListItem\",\"position\":1,\"name\":\"Home\",\"item\":\"https:\\\/\\\/www.lidemschool.com\\\/fr\\\/\"},{\"@type\":\"ListItem\",\"position\":2,\"name\":\"Jornada de Puertas Abiertas 2026\"}]},{\"@type\":\"WebSite\",\"@id\":\"https:\\\/\\\/www.lidemschool.com\\\/fr\\\/#website\",\"url\":\"https:\\\/\\\/www.lidemschool.com\\\/fr\\\/\",\"name\":\"L&#039;Idem Animation School\",\"description\":\"L&#039;Idem Animation School\",\"potentialAction\":[{\"@type\":\"SearchAction\",\"target\":{\"@type\":\"EntryPoint\",\"urlTemplate\":\"https:\\\/\\\/www.lidemschool.com\\\/fr\\\/?s={search_term_string}\"},\"query-input\":{\"@type\":\"PropertyValueSpecification\",\"valueRequired\":true,\"valueName\":\"search_term_string\"}}],\"inLanguage\":\"fr-FR\"}]}<\/script>\n<!-- \/ Yoast SEO plugin. -->","yoast_head_json":{"title":"Puertas Abiertas | Escuelas de animaci\u00f3n en Madrid y Barcelona","description":"L\u2019Idem School celebra varias Jornadas de Puertas Abiertas para conocer sus escuelas de animaci\u00f3n en Madrid y Barcelona.","robots":{"index":"index","follow":"follow","max-snippet":"max-snippet:-1","max-image-preview":"max-image-preview:large","max-video-preview":"max-video-preview:-1"},"canonical":"https:\/\/www.lidemschool.com\/fr\/jornada-de-puertas-abiertas-lidem\/","og_locale":"fr_FR","og_type":"article","og_title":"Puertas Abiertas | Escuelas de animaci\u00f3n en Madrid y Barcelona","og_description":"L\u2019Idem School celebra varias Jornadas de Puertas Abiertas para conocer sus escuelas de animaci\u00f3n en Madrid y Barcelona.","og_url":"https:\/\/www.lidemschool.com\/fr\/jornada-de-puertas-abiertas-lidem\/","og_site_name":"L&#039;Idem Animation School","article_modified_time":"2026-04-21T10:56:19+00:00","og_image":[{"width":2560,"height":1920,"url":"https:\/\/www.lidemschool.com\/wp-content\/uploads\/2024\/11\/lidem-scaled.jpg","type":"image\/jpeg"}],"twitter_card":"summary_large_image","twitter_misc":{"Dur\u00e9e de lecture estim\u00e9e":"6 minutes"},"schema":{"@context":"https:\/\/schema.org","@graph":[{"@type":"WebPage","@id":"https:\/\/www.lidemschool.com\/fr\/jornada-de-puertas-abiertas-lidem\/","url":"https:\/\/www.lidemschool.com\/fr\/jornada-de-puertas-abiertas-lidem\/","name":"Puertas Abiertas | Escuelas de animaci\u00f3n en Madrid y Barcelona","isPartOf":{"@id":"https:\/\/www.lidemschool.com\/fr\/#website"},"primaryImageOfPage":{"@id":"https:\/\/www.lidemschool.com\/fr\/jornada-de-puertas-abiertas-lidem\/#primaryimage"},"image":{"@id":"https:\/\/www.lidemschool.com\/fr\/jornada-de-puertas-abiertas-lidem\/#primaryimage"},"thumbnailUrl":"https:\/\/www.lidemschool.com\/wp-content\/uploads\/2024\/11\/lidem-scaled.jpg","datePublished":"2023-12-18T12:23:44+00:00","dateModified":"2026-04-21T10:56:19+00:00","description":"L\u2019Idem School celebra varias Jornadas de Puertas Abiertas para conocer sus escuelas de animaci\u00f3n en Madrid y Barcelona.","breadcrumb":{"@id":"https:\/\/www.lidemschool.com\/fr\/jornada-de-puertas-abiertas-lidem\/#breadcrumb"},"inLanguage":"fr-FR","potentialAction":[{"@type":"ReadAction","target":["https:\/\/www.lidemschool.com\/fr\/jornada-de-puertas-abiertas-lidem\/"]}]},{"@type":"ImageObject","inLanguage":"fr-FR","@id":"https:\/\/www.lidemschool.com\/fr\/jornada-de-puertas-abiertas-lidem\/#primaryimage","url":"https:\/\/www.lidemschool.com\/wp-content\/uploads\/2024\/11\/lidem-scaled.jpg","contentUrl":"https:\/\/www.lidemschool.com\/wp-content\/uploads\/2024\/11\/lidem-scaled.jpg","width":2560,"height":1920},{"@type":"BreadcrumbList","@id":"https:\/\/www.lidemschool.com\/fr\/jornada-de-puertas-abiertas-lidem\/#breadcrumb","itemListElement":[{"@type":"ListItem","position":1,"name":"Home","item":"https:\/\/www.lidemschool.com\/fr\/"},{"@type":"ListItem","position":2,"name":"Jornada de Puertas Abiertas 2026"}]},{"@type":"WebSite","@id":"https:\/\/www.lidemschool.com\/fr\/#website","url":"https:\/\/www.lidemschool.com\/fr\/","name":"L&#039;Idem Animation School","description":"L&#039;Idem Animation School","potentialAction":[{"@type":"SearchAction","target":{"@type":"EntryPoint","urlTemplate":"https:\/\/www.lidemschool.com\/fr\/?s={search_term_string}"},"query-input":{"@type":"PropertyValueSpecification","valueRequired":true,"valueName":"search_term_string"}}],"inLanguage":"fr-FR"}]}},"_links":{"self":[{"href":"https:\/\/www.lidemschool.com\/fr\/wp-json\/wp\/v2\/pages\/48822","targetHints":{"allow":["GET"]}}],"collection":[{"href":"https:\/\/www.lidemschool.com\/fr\/wp-json\/wp\/v2\/pages"}],"about":[{"href":"https:\/\/www.lidemschool.com\/fr\/wp-json\/wp\/v2\/types\/page"}],"author":[{"embeddable":true,"href":"https:\/\/www.lidemschool.com\/fr\/wp-json\/wp\/v2\/users\/7"}],"replies":[{"embeddable":true,"href":"https:\/\/www.lidemschool.com\/fr\/wp-json\/wp\/v2\/comments?post=48822"}],"version-history":[{"count":1,"href":"https:\/\/www.lidemschool.com\/fr\/wp-json\/wp\/v2\/pages\/48822\/revisions"}],"predecessor-version":[{"id":48825,"href":"https:\/\/www.lidemschool.com\/fr\/wp-json\/wp\/v2\/pages\/48822\/revisions\/48825"}],"wp:featuredmedia":[{"embeddable":true,"href":"https:\/\/www.lidemschool.com\/fr\/wp-json\/wp\/v2\/media\/37006"}],"wp:attachment":[{"href":"https:\/\/www.lidemschool.com\/fr\/wp-json\/wp\/v2\/media?parent=48822"}],"curies":[{"name":"wp","href":"https:\/\/api.w.org\/{rel}","templated":true}]}}