{"id":39316,"date":"2025-03-10T10:16:29","date_gmt":"2025-03-10T10:16:29","guid":{"rendered":"https:\/\/www.lidemschool.com\/pratiques-professionnelles\/"},"modified":"2025-03-10T10:45:01","modified_gmt":"2025-03-10T10:45:01","slug":"pratiques-professionnelles","status":"publish","type":"page","link":"https:\/\/www.lidemschool.com\/fr\/practiques-professionnelles\/","title":{"rendered":"Pratiques professionnelles"},"content":{"rendered":"<p>[et_pb_section fb_built=\u00a0\u00bb1&Prime; _builder_version=\u00a0\u00bb4.9.7&Prime; _module_preset=\u00a0\u00bbdefault\u00a0\u00bb global_colors_info=\u00a0\u00bb{}\u00a0\u00bb][et_pb_row column_structure=\u00a0\u00bb2_3,1_3&Prime; _builder_version=\u00a0\u00bb4.9.7&Prime; _module_preset=\u00a0\u00bbdefault\u00a0\u00bb global_colors_info=\u00a0\u00bb{}\u00a0\u00bb][et_pb_column type=\u00a0\u00bb2_3&Prime; _builder_version=\u00a0\u00bb4.9.7&Prime; _module_preset=\u00a0\u00bbdefault\u00a0\u00bb global_colors_info=\u00a0\u00bb{}\u00a0\u00bb][et_pb_text _builder_version=\u00a0\u00bb4.14.9&Prime; _module_preset=\u00a0\u00bbdefault\u00a0\u00bb header_2_font=\u00a0\u00bbMontserrat|700|||||||\u00a0\u00bb header_2_text_color=\u00a0\u00bb#262327&Prime; header_2_font_size=\u00a0\u00bb40px\u00a0\u00bb global_colors_info=\u00a0\u00bb{}\u00a0\u00bb]<\/p>\n<h1 class=\"h1-title\">L&rsquo;insertion de nos \u00e9tudiants dans le march\u00e9 du travail est un objectif prioritaire<\/h1>\n<p>[\/et_pb_text][et_pb_text _builder_version=\u00a0\u00bb4.14.9&Prime; _module_preset=\u00a0\u00bbdefault\u00a0\u00bb text_font=\u00a0\u00bbRoboto|300|||||||\u00a0\u00bb text_text_color=\u00a0\u00bb#3D393B\u00a0\u00bb global_colors_info=\u00a0\u00bb{}\u00a0\u00bb]<\/p>\n<p>Chez L\u2019Idem nous avons \u00e0 c\u0153ur que, tout au long de leur formation, nos \u00e9tudiants vivent une exp\u00e9rience la plus proche possible d\u2019un environnement de travail r\u00e9el. Pour cette raison, nous travaillons sur trois axes exp\u00e9rientiels qui vont au-del\u00e0 des cours \u00e0 l\u2019\u00e9cole :<\/p>\n<p>&nbsp;<\/p>\n<ul>\n<li><strong>Les stages scolaires :<\/strong> comme levier d&rsquo;insertion professionnelle.<\/li>\n<li><strong>Stages internationaux :<\/strong> comme exp\u00e9rience internationale.<\/li>\n<li><strong>L\u2019Idem International Animation Summit :<\/strong> un \u00e9v\u00e9nement de r\u00e9f\u00e9rence dans le secteur de l\u2019Animation, mettant en relation les \u00e9tudiants avec des \u00e9tudes internationales et un espace de r\u00e9seautage professionnel.<\/li>\n<\/ul>\n<p>[\/et_pb_text][\/et_pb_column][et_pb_column type=\u00a0\u00bb1_3&Prime; _builder_version=\u00a0\u00bb4.9.7&Prime; _module_preset=\u00a0\u00bbdefault\u00a0\u00bb global_colors_info=\u00a0\u00bb{}\u00a0\u00bb][et_pb_image src=\u00a0\u00bbhttps:\/\/www.lidemschool.com\/wp-content\/uploads\/2024\/12\/1727875811903.jpeg\u00a0\u00bb alt=\u00a0\u00bbpracticas-laborales\u00a0\u00bb title_text=\u00a0\u00bbpracticas-laborales\u00a0\u00bb _builder_version=\u00a0\u00bb4.14.8&Prime; _module_preset=\u00a0\u00bbdefault\u00a0\u00bb global_colors_info=\u00a0\u00bb{}\u00a0\u00bb][\/et_pb_image][et_pb_image src=\u00a0\u00bbhttps:\/\/www.lidemschool.com\/wp-content\/uploads\/2024\/12\/1727875809527.jpg\u00a0\u00bb alt=\u00a0\u00bbpracticas-lidem\u00a0\u00bb title_text=\u00a0\u00bbpracticas-lidem\u00a0\u00bb _builder_version=\u00a0\u00bb4.14.8&Prime; _module_preset=\u00a0\u00bbdefault\u00a0\u00bb global_colors_info=\u00a0\u00bb{}\u00a0\u00bb][\/et_pb_image][\/et_pb_column][\/et_pb_row][\/et_pb_section][et_pb_section fb_built=\u00a0\u00bb1&Prime; _builder_version=\u00a0\u00bb4.9.7&Prime; _module_preset=\u00a0\u00bbdefault\u00a0\u00bb background_color=\u00a0\u00bb#262327&Prime; global_colors_info=\u00a0\u00bb{}\u00a0\u00bb][et_pb_row column_structure=\u00a0\u00bb3_5,2_5&Prime; _builder_version=\u00a0\u00bb4.9.7&Prime; _module_preset=\u00a0\u00bbdefault\u00a0\u00bb custom_margin=\u00a0\u00bb||70px||false|false\u00a0\u00bb global_colors_info=\u00a0\u00bb{}\u00a0\u00bb][et_pb_column type=\u00a0\u00bb3_5&Prime; _builder_version=\u00a0\u00bb4.9.7&Prime; _module_preset=\u00a0\u00bbdefault\u00a0\u00bb global_colors_info=\u00a0\u00bb{}\u00a0\u00bb][et_pb_text _builder_version=\u00a0\u00bb4.14.7&Prime; _module_preset=\u00a0\u00bbdefault\u00a0\u00bb text_font_size=\u00a0\u00bb40px\u00a0\u00bb header_2_font=\u00a0\u00bbMontserrat|700|||||||\u00a0\u00bb header_2_text_color=\u00a0\u00bb#ffffff\u00a0\u00bb header_2_font_size=\u00a0\u00bb40px\u00a0\u00bb global_colors_info=\u00a0\u00bb{}\u00a0\u00bb]<\/p>\n<h2>Pratiques curriculaires<\/h2>\n<p>[\/et_pb_text][et_pb_text _builder_version=\u00a0\u00bb4.9.7&Prime; _module_preset=\u00a0\u00bbdefault\u00a0\u00bb text_font=\u00a0\u00bbRoboto|300|||||||\u00a0\u00bb text_text_color=\u00a0\u00bb#ffffff\u00a0\u00bb global_colors_info=\u00a0\u00bb{}\u00a0\u00bb]<\/p>\n<p>Au-del\u00e0 du curriculum et des syst\u00e8mes p\u00e9dagogiques, ce qui d\u00e9finit la philosophie de L\u2019Idem, c\u2019est la responsabilit\u00e9 et une vision d\u2019avenir. L&rsquo;\u00e9cole fonde tout son projet p\u00e9dagogique sur l&rsquo;adaptation entre les besoins des entreprises et leurs contenus de formation. De ce point de vue, le d\u00e9veloppement de partenariats et de synergies avec les diff\u00e9rents acteurs du secteur des Industries Cr\u00e9atives et Num\u00e9riques est essentiel.<\/p>\n<p>Pendant leurs avant-derni\u00e8re et derni\u00e8re ann\u00e9es d&rsquo;\u00e9tudes \u00e0 l&rsquo;\u00e9cole, nos \u00e9tudiants effectuent des stages scolaires dans l&rsquo;une des plus de 1 000 entreprises avec lesquelles nous collaborons. Une activit\u00e9 de formation qui contribue \u00e0 leur formation compl\u00e8te et leur offre la possibilit\u00e9 de compl\u00e9ter les connaissances et les comp\u00e9tences acquises par des exp\u00e9riences en environnement r\u00e9el.<\/p>\n<p>[\/et_pb_text][et_pb_button button_url=\u00a0\u00bb@ET-DC@eyJkeW5hbWljIjp0cnVlLCJjb250ZW50IjoicG9zdF9saW5rX3VybF9wYWdlIiwic2V0dGluZ3MiOnsicG9zdF9pZCI6IjYxNSJ9fQ==@\u00a0\u00bb button_text=\u00a0\u00bbEn savoir plus\u00a0\u00bb _builder_version=\u00a0\u00bb4.13.0&Prime; _dynamic_attributes=\u00a0\u00bbbutton_url\u00a0\u00bb _module_preset=\u00a0\u00bbdefault\u00a0\u00bb custom_button=\u00a0\u00bbon\u00a0\u00bb button_text_size=\u00a0\u00bb15px\u00a0\u00bb button_text_color=\u00a0\u00bb#ffffff\u00a0\u00bb button_bg_color=\u00a0\u00bbRGBA(0,0,0,0)\u00a0\u00bb button_border_width=\u00a0\u00bb2px\u00a0\u00bb button_border_color=\u00a0\u00bb#ffffff\u00a0\u00bb button_border_radius=\u00a0\u00bb6px\u00a0\u00bb button_font=\u00a0\u00bbRoboto||||||||\u00a0\u00bb button_icon=\u00a0\u00bb&#x24;||divi||400&Prime; button_icon_color=\u00a0\u00bb#ffffff\u00a0\u00bb global_colors_info=\u00a0\u00bb{}\u00a0\u00bb][\/et_pb_button][\/et_pb_column][et_pb_column type=\u00a0\u00bb2_5&Prime; _builder_version=\u00a0\u00bb4.9.7&Prime; _module_preset=\u00a0\u00bbdefault\u00a0\u00bb global_colors_info=\u00a0\u00bb{}\u00a0\u00bb][et_pb_image src=\u00a0\u00bbhttps:\/\/www.lidemschool.com\/wp-content\/uploads\/2024\/12\/animation_summit_2024_7.jpg\u00a0\u00bb alt=\u00a0\u00bbanimation-summit-2024&Prime; title_text=\u00a0\u00bbanimation-summit-2024&Prime; _builder_version=\u00a0\u00bb4.14.8&Prime; _module_preset=\u00a0\u00bbdefault\u00a0\u00bb global_colors_info=\u00a0\u00bb{}\u00a0\u00bb][\/et_pb_image][et_pb_image src=\u00a0\u00bbhttps:\/\/www.lidemschool.com\/wp-content\/uploads\/2024\/12\/animation_summit_2025.jpg\u00a0\u00bb alt=\u00a0\u00bbanimation-summit-2024&Prime; title_text=\u00a0\u00bbanimation-summit-2024&Prime; _builder_version=\u00a0\u00bb4.14.8&Prime; _module_preset=\u00a0\u00bbdefault\u00a0\u00bb global_colors_info=\u00a0\u00bb{}\u00a0\u00bb][\/et_pb_image][\/et_pb_column][\/et_pb_row][et_pb_row column_structure=\u00a0\u00bb2_5,3_5&Prime; module_class=\u00a0\u00bbcolumn-reverse\u00a0\u00bb _builder_version=\u00a0\u00bb4.14.9&Prime; _module_preset=\u00a0\u00bbdefault\u00a0\u00bb custom_margin=\u00a0\u00bb||70px||false|false\u00a0\u00bb global_colors_info=\u00a0\u00bb{}\u00a0\u00bb][et_pb_column type=\u00a0\u00bb2_5&Prime; _builder_version=\u00a0\u00bb4.9.7&Prime; _module_preset=\u00a0\u00bbdefault\u00a0\u00bb global_colors_info=\u00a0\u00bb{}\u00a0\u00bb][et_pb_image src=\u00a0\u00bbhttps:\/\/www.lidemschool.com\/wp-content\/uploads\/2023\/02\/disen\u0303o-digital-lidem-1.jpg\u00a0\u00bb alt=\u00a0\u00bbdise\u00f1o-digital-lidem\u00a0\u00bb title_text=\u00a0\u00bbdisen\u0303o-digital-lidem\u00a0\u00bb _builder_version=\u00a0\u00bb4.14.8&Prime; _module_preset=\u00a0\u00bbdefault\u00a0\u00bb global_colors_info=\u00a0\u00bb{}\u00a0\u00bb][\/et_pb_image][\/et_pb_column][et_pb_column type=\u00a0\u00bb3_5&Prime; _builder_version=\u00a0\u00bb4.9.7&Prime; _module_preset=\u00a0\u00bbdefault\u00a0\u00bb global_colors_info=\u00a0\u00bb{}\u00a0\u00bb][et_pb_text _builder_version=\u00a0\u00bb4.14.7&Prime; _module_preset=\u00a0\u00bbdefault\u00a0\u00bb header_2_font=\u00a0\u00bbMontserrat|700|||||||\u00a0\u00bb header_2_text_color=\u00a0\u00bb#ffffff\u00a0\u00bb header_2_font_size=\u00a0\u00bb40px\u00a0\u00bb global_colors_info=\u00a0\u00bb{}\u00a0\u00bb]<\/p>\n<h2>Stages internationaux<\/h2>\n<p>[\/et_pb_text][et_pb_text _builder_version=\u00a0\u00bb4.14.8&Prime; _module_preset=\u00a0\u00bbdefault\u00a0\u00bb text_font=\u00a0\u00bbRoboto|300|||||||\u00a0\u00bb text_text_color=\u00a0\u00bb#ffffff\u00a0\u00bb global_colors_info=\u00a0\u00bb{}\u00a0\u00bb]<\/p>\n<p>Les \u00e9tudiants de l&rsquo;\u00c9cole d&rsquo;Animation L&rsquo;Idem faisant partie d&rsquo;un \u00e9tablissement \u00e0 triple campus, ils peuvent b\u00e9n\u00e9ficier des programmes de stages internationaux offerts par les deux centres \u00e9ducatifs. Depuis 2010, l\u2019\u00c9cole des Arts Cr\u00e9atifs L\u2019Idem participe \u00e0 plusieurs projets europ\u00e9ens dans le cadre de programmes tels que <a href=\"https:\/\/op.europa.eu\/en\/publication-detail\/-\/publication\/b46c8c94-972f-4245-8690-18556269c641\/language-en\" target=\"_blank\" rel=\"noopener\">Leonardo Da Vinci<\/a> et <a href=\"https:\/\/erasmus-plus.ec.europa.eu\/\" target=\"_blank\" rel=\"noopener\">Erasmus + Mobility<\/a>, en prenant en charge la gestion administrative, financi\u00e8re, technique et de formation, ainsi que la communication et la diffusion des activit\u00e9s, ou encore la coordination des partenaires interm\u00e9diaires europ\u00e9ens impliqu\u00e9s.<\/p>\n<p>[\/et_pb_text][et_pb_button button_url=\u00a0\u00bb@ET-DC@eyJkeW5hbWljIjp0cnVlLCJjb250ZW50IjoicG9zdF9saW5rX3VybF9wYWdlIiwic2V0dGluZ3MiOnsicG9zdF9pZCI6IjYwNiJ9fQ==@\u00a0\u00bb button_text=\u00a0\u00bbEn savoir plus\u00a0\u00bb _builder_version=\u00a0\u00bb4.13.0&Prime; _dynamic_attributes=\u00a0\u00bbbutton_url\u00a0\u00bb _module_preset=\u00a0\u00bbdefault\u00a0\u00bb custom_button=\u00a0\u00bbon\u00a0\u00bb button_text_size=\u00a0\u00bb15px\u00a0\u00bb button_text_color=\u00a0\u00bb#ffffff\u00a0\u00bb button_bg_color=\u00a0\u00bbRGBA(0,0,0,0)\u00a0\u00bb button_border_width=\u00a0\u00bb2px\u00a0\u00bb button_border_color=\u00a0\u00bb#ffffff\u00a0\u00bb button_border_radius=\u00a0\u00bb6px\u00a0\u00bb button_font=\u00a0\u00bbRoboto||||||||\u00a0\u00bb button_icon=\u00a0\u00bb&#x24;||divi||400&Prime; button_icon_color=\u00a0\u00bb#ffffff\u00a0\u00bb global_colors_info=\u00a0\u00bb{}\u00a0\u00bb][\/et_pb_button][\/et_pb_column][\/et_pb_row][et_pb_row column_structure=\u00a0\u00bb1_2,1_2&Prime; _builder_version=\u00a0\u00bb4.14.8&Prime; _module_preset=\u00a0\u00bbdefault\u00a0\u00bb global_colors_info=\u00a0\u00bb{}\u00a0\u00bb][et_pb_column type=\u00a0\u00bb1_2&Prime; _builder_version=\u00a0\u00bb4.14.8&Prime; _module_preset=\u00a0\u00bbdefault\u00a0\u00bb global_colors_info=\u00a0\u00bb{}\u00a0\u00bb][et_pb_text _builder_version=\u00a0\u00bb4.14.8&Prime; _module_preset=\u00a0\u00bbdefault\u00a0\u00bb global_colors_info=\u00a0\u00bb{}\u00a0\u00bb]<\/p>\n<h2><span style=\"color: #ffffff;\">L\u2019Idem International<\/span><br \/><span style=\"color: #ffffff;\">Animation Summit<\/span><\/h2>\n<p>[\/et_pb_text][et_pb_text _builder_version=\u00a0\u00bb4.14.8&Prime; _module_preset=\u00a0\u00bbdefault\u00a0\u00bb global_colors_info=\u00a0\u00bb{}\u00a0\u00bb]<\/p>\n<p><span style=\"color: #ffffff;\">\u00c9v\u00e9nement international promu par L&rsquo;Idem Creative Arts School qui r\u00e9unit depuis 2014 des professionnels de l\u2019animation reconnus et des \u00e9tudiants de derni\u00e8re ann\u00e9e de l\u2019\u00e9cole.<\/span><\/p>\n<p>[\/et_pb_text][et_pb_button button_url=\u00a0\u00bb@ET-DC@eyJkeW5hbWljIjp0cnVlLCJjb250ZW50IjoicG9zdF9saW5rX3VybF9wYWdlIiwic2V0dGluZ3MiOnsicG9zdF9pZCI6IjYyMyJ9fQ==@\u00a0\u00bb button_text=\u00a0\u00bbEn savoir plus\u00a0\u00bb _builder_version=\u00a0\u00bb4.14.8&Prime; _dynamic_attributes=\u00a0\u00bbbutton_url\u00a0\u00bb _module_preset=\u00a0\u00bbdefault\u00a0\u00bb custom_button=\u00a0\u00bbon\u00a0\u00bb button_text_size=\u00a0\u00bb15px\u00a0\u00bb button_text_color=\u00a0\u00bb#ffffff\u00a0\u00bb button_bg_color=\u00a0\u00bbRGBA(0,0,0,0)\u00a0\u00bb button_border_width=\u00a0\u00bb2px\u00a0\u00bb button_border_color=\u00a0\u00bb#ffffff\u00a0\u00bb button_border_radius=\u00a0\u00bb6px\u00a0\u00bb button_font=\u00a0\u00bbRoboto||||||||\u00a0\u00bb button_icon=\u00a0\u00bb&#x24;||divi||400&Prime; button_icon_color=\u00a0\u00bb#ffffff\u00a0\u00bb hover_enabled=\u00a0\u00bb0&Prime; global_colors_info=\u00a0\u00bb{}\u00a0\u00bb sticky_enabled=\u00a0\u00bb0&Prime;][\/et_pb_button][\/et_pb_column][et_pb_column type=\u00a0\u00bb1_2&Prime; _builder_version=\u00a0\u00bb4.14.8&Prime; _module_preset=\u00a0\u00bbdefault\u00a0\u00bb global_colors_info=\u00a0\u00bb{}\u00a0\u00bb][et_pb_image src=\u00a0\u00bbhttps:\/\/www.lidemschool.com\/wp-content\/uploads\/2023\/03\/summit-2023.jpg\u00a0\u00bb title_text=\u00a0\u00bbsummit-2023&Prime; _builder_version=\u00a0\u00bb4.14.8&Prime; _module_preset=\u00a0\u00bbdefault\u00a0\u00bb global_colors_info=\u00a0\u00bb{}\u00a0\u00bb][\/et_pb_image][\/et_pb_column][\/et_pb_row][\/et_pb_section]<\/p>\n","protected":false},"excerpt":{"rendered":"<p>L&rsquo;insertion de nos \u00e9tudiants dans le march\u00e9 du travail est un objectif prioritaireChez L\u2019Idem nous avons \u00e0 c\u0153ur que, tout au long de leur formation, nos \u00e9tudiants vivent une exp\u00e9rience la plus proche possible d\u2019un environnement de travail r\u00e9el. Pour cette raison, nous travaillons sur trois axes exp\u00e9rientiels qui vont au-del\u00e0 des cours \u00e0 l\u2019\u00e9cole [&hellip;]<\/p>\n","protected":false},"author":7,"featured_media":0,"parent":0,"menu_order":0,"comment_status":"closed","ping_status":"closed","template":"","meta":{"_et_pb_use_builder":"on","_et_pb_old_content":"","_et_gb_content_width":"","content-type":"","inline_featured_image":false,"footnotes":""},"class_list":["post-39316","page","type-page","status-publish","hentry"],"yoast_head":"<!-- This site is optimized with the Yoast SEO plugin v27.4 - https:\/\/yoast.com\/product\/yoast-seo-wordpress\/ -->\n<title>Pratiques professionnelles |\u00a0L&#039;Idem Animation School<\/title>\n<meta name=\"description\" content=\"Nous vous aidons \u00e0 entrer sur le march\u00e9 du travail gr\u00e2ce \u00e0 notre vivier de stages national et international. Venez nous rencontrer !\" \/>\n<meta name=\"robots\" content=\"index, follow, max-snippet:-1, max-image-preview:large, max-video-preview:-1\" \/>\n<link rel=\"canonical\" href=\"https:\/\/www.lidemschool.com\/fr\/practiques-professionnelles\/\" \/>\n<meta property=\"og:locale\" content=\"fr_FR\" \/>\n<meta property=\"og:type\" content=\"article\" \/>\n<meta property=\"og:title\" content=\"Pratiques professionnelles |\u00a0L&#039;Idem Animation School\" \/>\n<meta property=\"og:description\" content=\"Nous vous aidons \u00e0 entrer sur le march\u00e9 du travail gr\u00e2ce \u00e0 notre vivier de stages national et international. Venez nous rencontrer !\" \/>\n<meta property=\"og:url\" content=\"https:\/\/www.lidemschool.com\/fr\/practiques-professionnelles\/\" \/>\n<meta property=\"og:site_name\" content=\"L&#039;Idem Animation School\" \/>\n<meta property=\"article:modified_time\" content=\"2025-03-10T10:45:01+00:00\" \/>\n<meta property=\"og:image\" content=\"https:\/\/www.lidemschool.com\/wp-content\/uploads\/2025\/06\/Tendencias-animacion.jpg\" \/>\n\t<meta property=\"og:image:width\" content=\"1080\" \/>\n\t<meta property=\"og:image:height\" content=\"1920\" \/>\n\t<meta property=\"og:image:type\" content=\"image\/jpeg\" \/>\n<meta name=\"twitter:card\" content=\"summary_large_image\" \/>\n<meta name=\"twitter:label1\" content=\"Dur\u00e9e de lecture estim\u00e9e\" \/>\n\t<meta name=\"twitter:data1\" content=\"6 minutes\" \/>\n<script type=\"application\/ld+json\" class=\"yoast-schema-graph\">{\"@context\":\"https:\\\/\\\/schema.org\",\"@graph\":[{\"@type\":\"WebPage\",\"@id\":\"https:\\\/\\\/www.lidemschool.com\\\/fr\\\/practiques-professionnelles\\\/\",\"url\":\"https:\\\/\\\/www.lidemschool.com\\\/fr\\\/practiques-professionnelles\\\/\",\"name\":\"Pratiques professionnelles |\u00a0L'Idem Animation School\",\"isPartOf\":{\"@id\":\"https:\\\/\\\/www.lidemschool.com\\\/fr\\\/#website\"},\"datePublished\":\"2025-03-10T10:16:29+00:00\",\"dateModified\":\"2025-03-10T10:45:01+00:00\",\"description\":\"Nous vous aidons \u00e0 entrer sur le march\u00e9 du travail gr\u00e2ce \u00e0 notre vivier de stages national et international. Venez nous rencontrer !\",\"breadcrumb\":{\"@id\":\"https:\\\/\\\/www.lidemschool.com\\\/fr\\\/practiques-professionnelles\\\/#breadcrumb\"},\"inLanguage\":\"fr-FR\",\"potentialAction\":[{\"@type\":\"ReadAction\",\"target\":[\"https:\\\/\\\/www.lidemschool.com\\\/fr\\\/practiques-professionnelles\\\/\"]}]},{\"@type\":\"BreadcrumbList\",\"@id\":\"https:\\\/\\\/www.lidemschool.com\\\/fr\\\/practiques-professionnelles\\\/#breadcrumb\",\"itemListElement\":[{\"@type\":\"ListItem\",\"position\":1,\"name\":\"Home\",\"item\":\"https:\\\/\\\/www.lidemschool.com\\\/fr\\\/\"},{\"@type\":\"ListItem\",\"position\":2,\"name\":\"Pratiques professionnelles\"}]},{\"@type\":\"WebSite\",\"@id\":\"https:\\\/\\\/www.lidemschool.com\\\/fr\\\/#website\",\"url\":\"https:\\\/\\\/www.lidemschool.com\\\/fr\\\/\",\"name\":\"L&#039;Idem Animation School\",\"description\":\"L&#039;Idem Animation School\",\"potentialAction\":[{\"@type\":\"SearchAction\",\"target\":{\"@type\":\"EntryPoint\",\"urlTemplate\":\"https:\\\/\\\/www.lidemschool.com\\\/fr\\\/?s={search_term_string}\"},\"query-input\":{\"@type\":\"PropertyValueSpecification\",\"valueRequired\":true,\"valueName\":\"search_term_string\"}}],\"inLanguage\":\"fr-FR\"}]}<\/script>\n<!-- \/ Yoast SEO plugin. -->","yoast_head_json":{"title":"Pratiques professionnelles |\u00a0L'Idem Animation School","description":"Nous vous aidons \u00e0 entrer sur le march\u00e9 du travail gr\u00e2ce \u00e0 notre vivier de stages national et international. Venez nous rencontrer !","robots":{"index":"index","follow":"follow","max-snippet":"max-snippet:-1","max-image-preview":"max-image-preview:large","max-video-preview":"max-video-preview:-1"},"canonical":"https:\/\/www.lidemschool.com\/fr\/practiques-professionnelles\/","og_locale":"fr_FR","og_type":"article","og_title":"Pratiques professionnelles |\u00a0L'Idem Animation School","og_description":"Nous vous aidons \u00e0 entrer sur le march\u00e9 du travail gr\u00e2ce \u00e0 notre vivier de stages national et international. Venez nous rencontrer !","og_url":"https:\/\/www.lidemschool.com\/fr\/practiques-professionnelles\/","og_site_name":"L&#039;Idem Animation School","article_modified_time":"2025-03-10T10:45:01+00:00","og_image":[{"width":1080,"height":1920,"url":"https:\/\/www.lidemschool.com\/wp-content\/uploads\/2025\/06\/Tendencias-animacion.jpg","type":"image\/jpeg"}],"twitter_card":"summary_large_image","twitter_misc":{"Dur\u00e9e de lecture estim\u00e9e":"6 minutes"},"schema":{"@context":"https:\/\/schema.org","@graph":[{"@type":"WebPage","@id":"https:\/\/www.lidemschool.com\/fr\/practiques-professionnelles\/","url":"https:\/\/www.lidemschool.com\/fr\/practiques-professionnelles\/","name":"Pratiques professionnelles |\u00a0L'Idem Animation School","isPartOf":{"@id":"https:\/\/www.lidemschool.com\/fr\/#website"},"datePublished":"2025-03-10T10:16:29+00:00","dateModified":"2025-03-10T10:45:01+00:00","description":"Nous vous aidons \u00e0 entrer sur le march\u00e9 du travail gr\u00e2ce \u00e0 notre vivier de stages national et international. Venez nous rencontrer !","breadcrumb":{"@id":"https:\/\/www.lidemschool.com\/fr\/practiques-professionnelles\/#breadcrumb"},"inLanguage":"fr-FR","potentialAction":[{"@type":"ReadAction","target":["https:\/\/www.lidemschool.com\/fr\/practiques-professionnelles\/"]}]},{"@type":"BreadcrumbList","@id":"https:\/\/www.lidemschool.com\/fr\/practiques-professionnelles\/#breadcrumb","itemListElement":[{"@type":"ListItem","position":1,"name":"Home","item":"https:\/\/www.lidemschool.com\/fr\/"},{"@type":"ListItem","position":2,"name":"Pratiques professionnelles"}]},{"@type":"WebSite","@id":"https:\/\/www.lidemschool.com\/fr\/#website","url":"https:\/\/www.lidemschool.com\/fr\/","name":"L&#039;Idem Animation School","description":"L&#039;Idem Animation School","potentialAction":[{"@type":"SearchAction","target":{"@type":"EntryPoint","urlTemplate":"https:\/\/www.lidemschool.com\/fr\/?s={search_term_string}"},"query-input":{"@type":"PropertyValueSpecification","valueRequired":true,"valueName":"search_term_string"}}],"inLanguage":"fr-FR"}]}},"_links":{"self":[{"href":"https:\/\/www.lidemschool.com\/fr\/wp-json\/wp\/v2\/pages\/39316","targetHints":{"allow":["GET"]}}],"collection":[{"href":"https:\/\/www.lidemschool.com\/fr\/wp-json\/wp\/v2\/pages"}],"about":[{"href":"https:\/\/www.lidemschool.com\/fr\/wp-json\/wp\/v2\/types\/page"}],"author":[{"embeddable":true,"href":"https:\/\/www.lidemschool.com\/fr\/wp-json\/wp\/v2\/users\/7"}],"replies":[{"embeddable":true,"href":"https:\/\/www.lidemschool.com\/fr\/wp-json\/wp\/v2\/comments?post=39316"}],"version-history":[{"count":4,"href":"https:\/\/www.lidemschool.com\/fr\/wp-json\/wp\/v2\/pages\/39316\/revisions"}],"predecessor-version":[{"id":39344,"href":"https:\/\/www.lidemschool.com\/fr\/wp-json\/wp\/v2\/pages\/39316\/revisions\/39344"}],"wp:attachment":[{"href":"https:\/\/www.lidemschool.com\/fr\/wp-json\/wp\/v2\/media?parent=39316"}],"curies":[{"name":"wp","href":"https:\/\/api.w.org\/{rel}","templated":true}]}}