{"id":15512,"date":"2022-04-07T09:45:30","date_gmt":"2022-04-07T09:45:30","guid":{"rendered":"https:\/\/www.lidemschool.com\/politique-en-matiere-de-cookies\/"},"modified":"2022-04-07T09:45:31","modified_gmt":"2022-04-07T09:45:31","slug":"politique-en-matiere-de-cookies","status":"publish","type":"page","link":"https:\/\/www.lidemschool.com\/fr\/politique-cookies\/","title":{"rendered":"Politique en mati\u00e8re de cookies"},"content":{"rendered":"<p>[et_pb_section fb_built=\u00a0\u00bb1&Prime; _builder_version=\u00a0\u00bb3.22&Prime; global_colors_info=\u00a0\u00bb{}\u00a0\u00bb][et_pb_row _builder_version=\u00a0\u00bb3.25&Prime; background_size=\u00a0\u00bbinitial\u00a0\u00bb background_position=\u00a0\u00bbtop_left\u00a0\u00bb background_repeat=\u00a0\u00bbrepeat\u00a0\u00bb global_colors_info=\u00a0\u00bb{}\u00a0\u00bb][et_pb_column type=\u00a0\u00bb4_4&Prime; _builder_version=\u00a0\u00bb3.25&Prime; custom_padding=\u00a0\u00bb|||\u00a0\u00bb global_colors_info=\u00a0\u00bb{}\u00a0\u00bb custom_padding__hover=\u00a0\u00bb|||\u00a0\u00bb][et_pb_text _builder_version=\u00a0\u00bb4.14.8&Prime; text_font=\u00a0\u00bb|300|||||||\u00a0\u00bb background_size=\u00a0\u00bbinitial\u00a0\u00bb background_position=\u00a0\u00bbtop_left\u00a0\u00bb background_repeat=\u00a0\u00bbrepeat\u00a0\u00bb global_colors_info=\u00a0\u00bb{}\u00a0\u00bb]<\/p>\n<h2 style=\"font-size: 40px!important;\">Politique en mati\u00e8re de cookies <\/h2>\n<p>[\/et_pb_text][et_pb_text _builder_version=\u00a0\u00bb4.9.7&Prime; text_font=\u00a0\u00bb|300|||||||\u00a0\u00bb background_size=\u00a0\u00bbinitial\u00a0\u00bb background_position=\u00a0\u00bbtop_left\u00a0\u00bb background_repeat=\u00a0\u00bbrepeat\u00a0\u00bb global_colors_info=\u00a0\u00bb{}\u00a0\u00bb]<\/p>\n<p>Nous utilisons des cookies pour faciliter l&rsquo;utilisation de notre site web. Les cookies sont de petits fichiers d&rsquo;information qui nous permettent de mieux comprendre comment nos utilisateurs naviguent sur notre site web et, de cette fa\u00e7on, de les aider pendant le processus de navigation en leur montrant des informations qui les int\u00e9ressent. Les cookies que nous utilisons ne stockent pas de donn\u00e9es personnelles, telles que d\u00e9finies par la loi organique sur la protection des donn\u00e9es, ni aucune information permettant de vous identifier. Si vous ne souhaitez pas recevoir de cookies, configurez votre navigateur Internet pour les supprimer du disque dur de votre ordinateur, les bloquer ou vous avertir de leur installation. Pour continuer sans modifier vos param\u00e8tres de cookies, il suffit de continuer \u00e0 naviguer sur le site web.<\/p>\n<p>[\/et_pb_text][\/et_pb_column][\/et_pb_row][\/et_pb_section]<\/p>\n","protected":false},"excerpt":{"rendered":"<p>Politique en mati\u00e8re de cookies Nous utilisons des cookies pour faciliter l&rsquo;utilisation de notre site web. Les cookies sont de petits fichiers d&rsquo;information qui nous permettent de mieux comprendre comment nos utilisateurs naviguent sur notre site web et, de cette fa\u00e7on, de les aider pendant le processus de navigation en leur montrant des informations qui [&hellip;]<\/p>\n","protected":false},"author":1,"featured_media":0,"parent":0,"menu_order":0,"comment_status":"closed","ping_status":"closed","template":"","meta":{"_et_pb_use_builder":"on","_et_pb_old_content":"","_et_gb_content_width":"","content-type":"","inline_featured_image":false,"footnotes":""},"class_list":["post-15512","page","type-page","status-publish","hentry"],"yoast_head":"<!-- This site is optimized with the Yoast SEO plugin v27.4 - https:\/\/yoast.com\/product\/yoast-seo-wordpress\/ -->\n<title>Politique en mati\u00e8re de cookies - L&#039;Idem Animation School<\/title>\n<meta name=\"robots\" content=\"noindex, nofollow\" \/>\n<meta property=\"og:locale\" content=\"fr_FR\" \/>\n<meta property=\"og:type\" content=\"article\" \/>\n<meta property=\"og:title\" content=\"Politique en mati\u00e8re de cookies - L&#039;Idem Animation School\" \/>\n<meta property=\"og:url\" content=\"https:\/\/www.lidemschool.com\/fr\/politique-cookies\/\" \/>\n<meta property=\"og:site_name\" content=\"L&#039;Idem Animation School\" \/>\n<meta property=\"article:modified_time\" content=\"2022-04-07T09:45:31+00:00\" \/>\n<meta property=\"og:image\" content=\"https:\/\/www.lidemschool.com\/wp-content\/uploads\/2025\/06\/Tendencias-animacion.jpg\" \/>\n\t<meta property=\"og:image:width\" content=\"1080\" \/>\n\t<meta property=\"og:image:height\" content=\"1920\" \/>\n\t<meta property=\"og:image:type\" content=\"image\/jpeg\" \/>\n<meta name=\"twitter:card\" content=\"summary_large_image\" \/>\n<meta name=\"twitter:label1\" content=\"Dur\u00e9e de lecture estim\u00e9e\" \/>\n\t<meta name=\"twitter:data1\" content=\"1 minute\" \/>\n<script type=\"application\/ld+json\" class=\"yoast-schema-graph\">{\"@context\":\"https:\\\/\\\/schema.org\",\"@graph\":[{\"@type\":\"WebPage\",\"@id\":\"https:\\\/\\\/www.lidemschool.com\\\/fr\\\/politique-cookies\\\/\",\"url\":\"https:\\\/\\\/www.lidemschool.com\\\/fr\\\/politique-cookies\\\/\",\"name\":\"Politique en mati\u00e8re de cookies - L&#039;Idem Animation School\",\"isPartOf\":{\"@id\":\"https:\\\/\\\/www.lidemschool.com\\\/fr\\\/#website\"},\"datePublished\":\"2022-04-07T09:45:30+00:00\",\"dateModified\":\"2022-04-07T09:45:31+00:00\",\"breadcrumb\":{\"@id\":\"https:\\\/\\\/www.lidemschool.com\\\/fr\\\/politique-cookies\\\/#breadcrumb\"},\"inLanguage\":\"fr-FR\",\"potentialAction\":[{\"@type\":\"ReadAction\",\"target\":[\"https:\\\/\\\/www.lidemschool.com\\\/fr\\\/politique-cookies\\\/\"]}]},{\"@type\":\"BreadcrumbList\",\"@id\":\"https:\\\/\\\/www.lidemschool.com\\\/fr\\\/politique-cookies\\\/#breadcrumb\",\"itemListElement\":[{\"@type\":\"ListItem\",\"position\":1,\"name\":\"Home\",\"item\":\"https:\\\/\\\/www.lidemschool.com\\\/fr\\\/\"},{\"@type\":\"ListItem\",\"position\":2,\"name\":\"Politique en mati\u00e8re de cookies\"}]},{\"@type\":\"WebSite\",\"@id\":\"https:\\\/\\\/www.lidemschool.com\\\/fr\\\/#website\",\"url\":\"https:\\\/\\\/www.lidemschool.com\\\/fr\\\/\",\"name\":\"L&#039;Idem Animation School\",\"description\":\"L&#039;Idem Animation School\",\"potentialAction\":[{\"@type\":\"SearchAction\",\"target\":{\"@type\":\"EntryPoint\",\"urlTemplate\":\"https:\\\/\\\/www.lidemschool.com\\\/fr\\\/?s={search_term_string}\"},\"query-input\":{\"@type\":\"PropertyValueSpecification\",\"valueRequired\":true,\"valueName\":\"search_term_string\"}}],\"inLanguage\":\"fr-FR\"}]}<\/script>\n<!-- \/ Yoast SEO plugin. -->","yoast_head_json":{"title":"Politique en mati\u00e8re de cookies - L&#039;Idem Animation School","robots":{"index":"noindex","follow":"nofollow"},"og_locale":"fr_FR","og_type":"article","og_title":"Politique en mati\u00e8re de cookies - L&#039;Idem Animation School","og_url":"https:\/\/www.lidemschool.com\/fr\/politique-cookies\/","og_site_name":"L&#039;Idem Animation School","article_modified_time":"2022-04-07T09:45:31+00:00","og_image":[{"width":1080,"height":1920,"url":"https:\/\/www.lidemschool.com\/wp-content\/uploads\/2025\/06\/Tendencias-animacion.jpg","type":"image\/jpeg"}],"twitter_card":"summary_large_image","twitter_misc":{"Dur\u00e9e de lecture estim\u00e9e":"1 minute"},"schema":{"@context":"https:\/\/schema.org","@graph":[{"@type":"WebPage","@id":"https:\/\/www.lidemschool.com\/fr\/politique-cookies\/","url":"https:\/\/www.lidemschool.com\/fr\/politique-cookies\/","name":"Politique en mati\u00e8re de cookies - L&#039;Idem Animation School","isPartOf":{"@id":"https:\/\/www.lidemschool.com\/fr\/#website"},"datePublished":"2022-04-07T09:45:30+00:00","dateModified":"2022-04-07T09:45:31+00:00","breadcrumb":{"@id":"https:\/\/www.lidemschool.com\/fr\/politique-cookies\/#breadcrumb"},"inLanguage":"fr-FR","potentialAction":[{"@type":"ReadAction","target":["https:\/\/www.lidemschool.com\/fr\/politique-cookies\/"]}]},{"@type":"BreadcrumbList","@id":"https:\/\/www.lidemschool.com\/fr\/politique-cookies\/#breadcrumb","itemListElement":[{"@type":"ListItem","position":1,"name":"Home","item":"https:\/\/www.lidemschool.com\/fr\/"},{"@type":"ListItem","position":2,"name":"Politique en mati\u00e8re de cookies"}]},{"@type":"WebSite","@id":"https:\/\/www.lidemschool.com\/fr\/#website","url":"https:\/\/www.lidemschool.com\/fr\/","name":"L&#039;Idem Animation School","description":"L&#039;Idem Animation School","potentialAction":[{"@type":"SearchAction","target":{"@type":"EntryPoint","urlTemplate":"https:\/\/www.lidemschool.com\/fr\/?s={search_term_string}"},"query-input":{"@type":"PropertyValueSpecification","valueRequired":true,"valueName":"search_term_string"}}],"inLanguage":"fr-FR"}]}},"_links":{"self":[{"href":"https:\/\/www.lidemschool.com\/fr\/wp-json\/wp\/v2\/pages\/15512","targetHints":{"allow":["GET"]}}],"collection":[{"href":"https:\/\/www.lidemschool.com\/fr\/wp-json\/wp\/v2\/pages"}],"about":[{"href":"https:\/\/www.lidemschool.com\/fr\/wp-json\/wp\/v2\/types\/page"}],"author":[{"embeddable":true,"href":"https:\/\/www.lidemschool.com\/fr\/wp-json\/wp\/v2\/users\/1"}],"replies":[{"embeddable":true,"href":"https:\/\/www.lidemschool.com\/fr\/wp-json\/wp\/v2\/comments?post=15512"}],"version-history":[{"count":2,"href":"https:\/\/www.lidemschool.com\/fr\/wp-json\/wp\/v2\/pages\/15512\/revisions"}],"predecessor-version":[{"id":15514,"href":"https:\/\/www.lidemschool.com\/fr\/wp-json\/wp\/v2\/pages\/15512\/revisions\/15514"}],"wp:attachment":[{"href":"https:\/\/www.lidemschool.com\/fr\/wp-json\/wp\/v2\/media?parent=15512"}],"curies":[{"name":"wp","href":"https:\/\/api.w.org\/{rel}","templated":true}]}}