{"id":15041,"date":"2022-03-29T09:52:34","date_gmt":"2022-03-29T09:52:34","guid":{"rendered":"https:\/\/www.lidemschool.com\/projets-detudiants\/"},"modified":"2025-06-16T08:51:23","modified_gmt":"2025-06-16T08:51:23","slug":"projets-detudiants","status":"publish","type":"page","link":"https:\/\/www.lidemschool.com\/fr\/projets-etudiants\/","title":{"rendered":"Projets d&rsquo;\u00e9tudiants"},"content":{"rendered":"<p>[et_pb_section fb_built=\u00a0\u00bb1&Prime; _builder_version=\u00a0\u00bb4.9.7&Prime; _module_preset=\u00a0\u00bbdefault\u00a0\u00bb global_colors_info=\u00a0\u00bb{}\u00a0\u00bb][et_pb_row column_structure=\u00a0\u00bb2_3,1_3&Prime; _builder_version=\u00a0\u00bb4.9.7&Prime; _module_preset=\u00a0\u00bbdefault\u00a0\u00bb global_colors_info=\u00a0\u00bb{}\u00a0\u00bb][et_pb_column type=\u00a0\u00bb2_3&Prime; _builder_version=\u00a0\u00bb4.9.7&Prime; _module_preset=\u00a0\u00bbdefault\u00a0\u00bb global_colors_info=\u00a0\u00bb{}\u00a0\u00bb][et_pb_text _builder_version=\u00a0\u00bb4.14.7&Prime; _module_preset=\u00a0\u00bbdefault\u00a0\u00bb header_2_font=\u00a0\u00bbMontserrat|700|||||||\u00a0\u00bb header_2_text_color=\u00a0\u00bb#262327&Prime; header_2_font_size=\u00a0\u00bb40px\u00a0\u00bb global_colors_info=\u00a0\u00bb{}\u00a0\u00bb]<\/p>\n<h1 class=\"h1-title\">Les projets de nos \u00e9tudiants<\/h1>\n<p>[\/et_pb_text][et_pb_text _builder_version=\u00a0\u00bb4.9.7&Prime; _module_preset=\u00a0\u00bbdefault\u00a0\u00bb text_font=\u00a0\u00bbRoboto|300|||||||\u00a0\u00bb text_text_color=\u00a0\u00bb#3D393B\u00a0\u00bb global_colors_info=\u00a0\u00bb{}\u00a0\u00bb]A L&rsquo;Idem, nous appliquons une m\u00e9thodologie dynamique d\u00e9velopp\u00e9e sur la base de la pratique professionnelle. Traitant chaque \u00e9tudiant comme un professionnel, nous donnons la priorit\u00e9 \u00e0 l&rsquo;applicabilit\u00e9 r\u00e9elle de l&rsquo;apprentissage acquis et enseignons comment travailler pour r\u00e9pondre aux normes du secteur.<\/p>\n<p>Notre mod\u00e8le \u00e9ducatif est bas\u00e9 sur le travail par projet et la reproduction de l&rsquo;environnement de travail r\u00e9el. Cela signifie que, tout au long de leur formation, les \u00e9tudiants cr\u00e9ent des projets visant \u00e0 constituer un portfolio de qualit\u00e9, qui sera leur lettre de pr\u00e9sentation aux entreprises et aux studios.[\/et_pb_text][\/et_pb_column][et_pb_column type=\u00a0\u00bb1_3&Prime; _builder_version=\u00a0\u00bb4.9.7&Prime; _module_preset=\u00a0\u00bbdefault\u00a0\u00bb global_colors_info=\u00a0\u00bb{}\u00a0\u00bb][\/et_pb_column][\/et_pb_row][et_pb_row _builder_version=\u00a0\u00bb4.9.7&Prime; _module_preset=\u00a0\u00bbdefault\u00a0\u00bb global_colors_info=\u00a0\u00bb{}\u00a0\u00bb][et_pb_column type=\u00a0\u00bb4_4&Prime; _builder_version=\u00a0\u00bb4.9.7&Prime; _module_preset=\u00a0\u00bbdefault\u00a0\u00bb global_colors_info=\u00a0\u00bb{}\u00a0\u00bb][et_pb_filterable_portfolio fullwidth=\u00a0\u00bboff\u00a0\u00bb posts_number=\u00a0\u00bb100&Prime; include_categories=\u00a0\u00bb31,32,30,33,34&Prime; show_categories=\u00a0\u00bboff\u00a0\u00bb show_pagination=\u00a0\u00bboff\u00a0\u00bb zoom_icon_color=\u00a0\u00bb#F3584D\u00a0\u00bb hover_icon=\u00a0\u00bb&#x24;||divi||400&Prime; module_class=\u00a0\u00bbthree-column-grid\u00a0\u00bb _builder_version=\u00a0\u00bb4.13.0&Prime; _module_preset=\u00a0\u00bbdefault\u00a0\u00bb title_level=\u00a0\u00bbh4&Prime; filter_font=\u00a0\u00bbMontserrat|600||on|||||\u00a0\u00bb filter_text_color=\u00a0\u00bb#C4BDBD\u00a0\u00bb filter_font_size=\u00a0\u00bb16px\u00a0\u00bb global_colors_info=\u00a0\u00bb{}\u00a0\u00bb filter_text_color__hover_enabled=\u00a0\u00bbon|desktop\u00a0\u00bb filter_text_color__hover=\u00a0\u00bb#F3584D\u00a0\u00bb][\/et_pb_filterable_portfolio][\/et_pb_column][\/et_pb_row][\/et_pb_section]<\/p>\n","protected":false},"excerpt":{"rendered":"<p>Les projets de nos \u00e9tudiantsA L&rsquo;Idem, nous appliquons une m\u00e9thodologie dynamique d\u00e9velopp\u00e9e sur la base de la pratique professionnelle. Traitant chaque \u00e9tudiant comme un professionnel, nous donnons la priorit\u00e9 \u00e0 l&rsquo;applicabilit\u00e9 r\u00e9elle de l&rsquo;apprentissage acquis et enseignons comment travailler pour r\u00e9pondre aux normes du secteur. Notre mod\u00e8le \u00e9ducatif est bas\u00e9 sur le travail par projet [&hellip;]<\/p>\n","protected":false},"author":1,"featured_media":0,"parent":0,"menu_order":0,"comment_status":"closed","ping_status":"closed","template":"","meta":{"_et_pb_use_builder":"on","_et_pb_old_content":"","_et_gb_content_width":"","content-type":"","inline_featured_image":false,"footnotes":""},"class_list":["post-15041","page","type-page","status-publish","hentry"],"yoast_head":"<!-- This site is optimized with the Yoast SEO plugin v27.3 - https:\/\/yoast.com\/product\/yoast-seo-wordpress\/ -->\n<title>Projets d&#039;\u00e9tudiants | L&#039;Idem Barcelona<\/title>\n<meta name=\"description\" content=\"Jetez un coup d&#039;\u0153il aux projets de nos \u00e9tudiants, o\u00f9 vous trouverez des conceptions et des animations de toutes sortes, et d\u00e9couvrez les programmes qu&#039;ils ont utilis\u00e9s.\" \/>\n<meta name=\"robots\" content=\"index, follow, max-snippet:-1, max-image-preview:large, max-video-preview:-1\" \/>\n<link rel=\"canonical\" href=\"https:\/\/www.lidemschool.com\/fr\/projets-etudiants\/\" \/>\n<meta property=\"og:locale\" content=\"fr_FR\" \/>\n<meta property=\"og:type\" content=\"article\" \/>\n<meta property=\"og:title\" content=\"Projets d&#039;\u00e9tudiants | L&#039;Idem Barcelona\" \/>\n<meta property=\"og:description\" content=\"Jetez un coup d&#039;\u0153il aux projets de nos \u00e9tudiants, o\u00f9 vous trouverez des conceptions et des animations de toutes sortes, et d\u00e9couvrez les programmes qu&#039;ils ont utilis\u00e9s.\" \/>\n<meta property=\"og:url\" content=\"https:\/\/www.lidemschool.com\/fr\/projets-etudiants\/\" \/>\n<meta property=\"og:site_name\" content=\"L&#039;Idem Animation School\" \/>\n<meta property=\"article:modified_time\" content=\"2025-06-16T08:51:23+00:00\" \/>\n<meta property=\"og:image\" content=\"https:\/\/www.lidemschool.com\/wp-content\/uploads\/2025\/06\/Tendencias-animacion.jpg\" \/>\n\t<meta property=\"og:image:width\" content=\"1080\" \/>\n\t<meta property=\"og:image:height\" content=\"1920\" \/>\n\t<meta property=\"og:image:type\" content=\"image\/jpeg\" \/>\n<meta name=\"twitter:card\" content=\"summary_large_image\" \/>\n<meta name=\"twitter:label1\" content=\"Dur\u00e9e de lecture estim\u00e9e\" \/>\n\t<meta name=\"twitter:data1\" content=\"1 minute\" \/>\n<script type=\"application\/ld+json\" class=\"yoast-schema-graph\">{\"@context\":\"https:\\\/\\\/schema.org\",\"@graph\":[{\"@type\":\"WebPage\",\"@id\":\"https:\\\/\\\/www.lidemschool.com\\\/fr\\\/projets-etudiants\\\/\",\"url\":\"https:\\\/\\\/www.lidemschool.com\\\/fr\\\/projets-etudiants\\\/\",\"name\":\"Projets d'\u00e9tudiants | L'Idem Barcelona\",\"isPartOf\":{\"@id\":\"https:\\\/\\\/www.lidemschool.com\\\/fr\\\/#website\"},\"datePublished\":\"2022-03-29T09:52:34+00:00\",\"dateModified\":\"2025-06-16T08:51:23+00:00\",\"description\":\"Jetez un coup d'\u0153il aux projets de nos \u00e9tudiants, o\u00f9 vous trouverez des conceptions et des animations de toutes sortes, et d\u00e9couvrez les programmes qu'ils ont utilis\u00e9s.\",\"breadcrumb\":{\"@id\":\"https:\\\/\\\/www.lidemschool.com\\\/fr\\\/projets-etudiants\\\/#breadcrumb\"},\"inLanguage\":\"fr-FR\",\"potentialAction\":[{\"@type\":\"ReadAction\",\"target\":[\"https:\\\/\\\/www.lidemschool.com\\\/fr\\\/projets-etudiants\\\/\"]}]},{\"@type\":\"BreadcrumbList\",\"@id\":\"https:\\\/\\\/www.lidemschool.com\\\/fr\\\/projets-etudiants\\\/#breadcrumb\",\"itemListElement\":[{\"@type\":\"ListItem\",\"position\":1,\"name\":\"Home\",\"item\":\"https:\\\/\\\/www.lidemschool.com\\\/fr\\\/\"},{\"@type\":\"ListItem\",\"position\":2,\"name\":\"Projets d&rsquo;\u00e9tudiants\"}]},{\"@type\":\"WebSite\",\"@id\":\"https:\\\/\\\/www.lidemschool.com\\\/fr\\\/#website\",\"url\":\"https:\\\/\\\/www.lidemschool.com\\\/fr\\\/\",\"name\":\"L&#039;Idem Animation School\",\"description\":\"L&#039;Idem Animation School\",\"potentialAction\":[{\"@type\":\"SearchAction\",\"target\":{\"@type\":\"EntryPoint\",\"urlTemplate\":\"https:\\\/\\\/www.lidemschool.com\\\/fr\\\/?s={search_term_string}\"},\"query-input\":{\"@type\":\"PropertyValueSpecification\",\"valueRequired\":true,\"valueName\":\"search_term_string\"}}],\"inLanguage\":\"fr-FR\"}]}<\/script>\n<!-- \/ Yoast SEO plugin. -->","yoast_head_json":{"title":"Projets d'\u00e9tudiants | L'Idem Barcelona","description":"Jetez un coup d'\u0153il aux projets de nos \u00e9tudiants, o\u00f9 vous trouverez des conceptions et des animations de toutes sortes, et d\u00e9couvrez les programmes qu'ils ont utilis\u00e9s.","robots":{"index":"index","follow":"follow","max-snippet":"max-snippet:-1","max-image-preview":"max-image-preview:large","max-video-preview":"max-video-preview:-1"},"canonical":"https:\/\/www.lidemschool.com\/fr\/projets-etudiants\/","og_locale":"fr_FR","og_type":"article","og_title":"Projets d'\u00e9tudiants | L'Idem Barcelona","og_description":"Jetez un coup d'\u0153il aux projets de nos \u00e9tudiants, o\u00f9 vous trouverez des conceptions et des animations de toutes sortes, et d\u00e9couvrez les programmes qu'ils ont utilis\u00e9s.","og_url":"https:\/\/www.lidemschool.com\/fr\/projets-etudiants\/","og_site_name":"L&#039;Idem Animation School","article_modified_time":"2025-06-16T08:51:23+00:00","og_image":[{"width":1080,"height":1920,"url":"https:\/\/www.lidemschool.com\/wp-content\/uploads\/2025\/06\/Tendencias-animacion.jpg","type":"image\/jpeg"}],"twitter_card":"summary_large_image","twitter_misc":{"Dur\u00e9e de lecture estim\u00e9e":"1 minute"},"schema":{"@context":"https:\/\/schema.org","@graph":[{"@type":"WebPage","@id":"https:\/\/www.lidemschool.com\/fr\/projets-etudiants\/","url":"https:\/\/www.lidemschool.com\/fr\/projets-etudiants\/","name":"Projets d'\u00e9tudiants | L'Idem Barcelona","isPartOf":{"@id":"https:\/\/www.lidemschool.com\/fr\/#website"},"datePublished":"2022-03-29T09:52:34+00:00","dateModified":"2025-06-16T08:51:23+00:00","description":"Jetez un coup d'\u0153il aux projets de nos \u00e9tudiants, o\u00f9 vous trouverez des conceptions et des animations de toutes sortes, et d\u00e9couvrez les programmes qu'ils ont utilis\u00e9s.","breadcrumb":{"@id":"https:\/\/www.lidemschool.com\/fr\/projets-etudiants\/#breadcrumb"},"inLanguage":"fr-FR","potentialAction":[{"@type":"ReadAction","target":["https:\/\/www.lidemschool.com\/fr\/projets-etudiants\/"]}]},{"@type":"BreadcrumbList","@id":"https:\/\/www.lidemschool.com\/fr\/projets-etudiants\/#breadcrumb","itemListElement":[{"@type":"ListItem","position":1,"name":"Home","item":"https:\/\/www.lidemschool.com\/fr\/"},{"@type":"ListItem","position":2,"name":"Projets d&rsquo;\u00e9tudiants"}]},{"@type":"WebSite","@id":"https:\/\/www.lidemschool.com\/fr\/#website","url":"https:\/\/www.lidemschool.com\/fr\/","name":"L&#039;Idem Animation School","description":"L&#039;Idem Animation School","potentialAction":[{"@type":"SearchAction","target":{"@type":"EntryPoint","urlTemplate":"https:\/\/www.lidemschool.com\/fr\/?s={search_term_string}"},"query-input":{"@type":"PropertyValueSpecification","valueRequired":true,"valueName":"search_term_string"}}],"inLanguage":"fr-FR"}]}},"_links":{"self":[{"href":"https:\/\/www.lidemschool.com\/fr\/wp-json\/wp\/v2\/pages\/15041","targetHints":{"allow":["GET"]}}],"collection":[{"href":"https:\/\/www.lidemschool.com\/fr\/wp-json\/wp\/v2\/pages"}],"about":[{"href":"https:\/\/www.lidemschool.com\/fr\/wp-json\/wp\/v2\/types\/page"}],"author":[{"embeddable":true,"href":"https:\/\/www.lidemschool.com\/fr\/wp-json\/wp\/v2\/users\/1"}],"replies":[{"embeddable":true,"href":"https:\/\/www.lidemschool.com\/fr\/wp-json\/wp\/v2\/comments?post=15041"}],"version-history":[{"count":3,"href":"https:\/\/www.lidemschool.com\/fr\/wp-json\/wp\/v2\/pages\/15041\/revisions"}],"predecessor-version":[{"id":43858,"href":"https:\/\/www.lidemschool.com\/fr\/wp-json\/wp\/v2\/pages\/15041\/revisions\/43858"}],"wp:attachment":[{"href":"https:\/\/www.lidemschool.com\/fr\/wp-json\/wp\/v2\/media?parent=15041"}],"curies":[{"name":"wp","href":"https:\/\/api.w.org\/{rel}","templated":true}]}}