{"id":15025,"date":"2022-03-29T09:11:35","date_gmt":"2022-03-29T09:11:35","guid":{"rendered":"https:\/\/www.lidemschool.com\/avis-legal\/"},"modified":"2022-04-26T07:58:03","modified_gmt":"2022-04-26T07:58:03","slug":"avis-legal","status":"publish","type":"page","link":"https:\/\/www.lidemschool.com\/fr\/avis-juridique\/","title":{"rendered":"Avis juridique"},"content":{"rendered":"<p>[et_pb_section fb_built=\u00a0\u00bb1&Prime; _builder_version=\u00a0\u00bb4.9.7&Prime; _module_preset=\u00a0\u00bbdefault\u00a0\u00bb][et_pb_row _builder_version=\u00a0\u00bb4.9.7&Prime; _module_preset=\u00a0\u00bbdefault\u00a0\u00bb][et_pb_column type=\u00a0\u00bb4_4&Prime; _builder_version=\u00a0\u00bb4.9.7&Prime; _module_preset=\u00a0\u00bbdefault\u00a0\u00bb][et_pb_text _builder_version=\u00a0\u00bb4.9.7&Prime; _module_preset=\u00a0\u00bbdefault\u00a0\u00bb text_font=\u00a0\u00bb|300|||||||\u00a0\u00bb]<\/p>\n<h1><strong>AVIS JURIDIQUE<\/strong><\/h1>\n<p>Ce site web est la propri\u00e9t\u00e9 de L&rsquo;IDEM BARCELONA, S.L., avec le num\u00e9ro d&rsquo;identification fiscale B65496465 et dont le si\u00e8ge social est situ\u00e9 \u00e0 C\/Ciutat de Granada 53-57, 08005 Barcelone et inscrit au Registre du Commerce de Barcelone, au Tome 42353, Folio 135, Page B-404903, 1\u00e8re Inscription.<\/p>\n<p>Pour toute question ou proposition, veuillez nous contacter par t\u00e9l\u00e9phone au +34 934 854 550 ou par courriel \u00e0 <a href=\"mailto:info@lidembarcelona.com\">info@lidembarcelona.com<\/a>.<\/p>\n<p>Ce site web est r\u00e9gi par la r\u00e9glementation exclusivement applicable en Espagne, \u00e9tant soumis \u00e0 celle-ci, tant les nationaux que les \u00e9trangers qui utilisent ce site web.<\/p>\n<p>L&rsquo;acc\u00e8s \u00e0 notre site web par l&rsquo;UTILISATEUR est gratuit et est soumis \u00e0 la lecture pr\u00e9alable et \u00e0 l&rsquo;acceptation int\u00e9grale, expresse et sans r\u00e9serve des pr\u00e9sentes CONDITIONS G\u00c9N\u00c9RALES D&rsquo;UTILISATION en vigueur au moment de l&rsquo;acc\u00e8s, que nous vous demandons de lire attentivement. L&rsquo;UTILISATEUR, lorsqu&rsquo;il utilise notre portail, ses contenus ou ses services, accepte express\u00e9ment et se soumet aux conditions g\u00e9n\u00e9rales d&rsquo;utilisation de celui-ci. Si l&rsquo;utilisateur n&rsquo;est pas d&rsquo;accord avec ces conditions d&rsquo;utilisation, il doit s&rsquo;abstenir d&rsquo;utiliser ce portail et d&rsquo;op\u00e9rer par son interm\u00e9diaire.<\/p>\n<p>La fourniture de donn\u00e9es personnelles via notre portail requiert un \u00e2ge minimum de 14 ans ou, le cas \u00e9ch\u00e9ant, une capacit\u00e9 juridique suffisante pour conclure un contrat.<\/p>\n<p>Nous pouvons \u00e0 tout moment modifier la pr\u00e9sentation et la configuration de notre site web, \u00e9tendre ou r\u00e9duire les services, voire le supprimer du r\u00e9seau, ainsi que les services et les contenus fournis, le tout unilat\u00e9ralement et sans pr\u00e9avis.<\/p>\n<h3>\u00a0<\/h3>\n<h3><strong>A. PROPRI\u00c9T\u00c9 INTELLECTUELLE<\/strong><\/h3>\n<p>Tous les contenus, textes, images et codes sources sont la propri\u00e9t\u00e9 de L&rsquo;IDEM ou de tiers aupr\u00e8s desquels leurs droits d&rsquo;exploitation ont \u00e9t\u00e9 acquis, et sont prot\u00e9g\u00e9s par les droits de propri\u00e9t\u00e9 intellectuelle et industrielle.<\/p>\n<p>L&rsquo;utilisateur n&rsquo;a le droit que d&rsquo;en faire un usage priv\u00e9 et non lucratif, et doit obtenir une autorisation expresse pour modifier, reproduire, exploiter, distribuer ou exercer tout droit appartenant \u00e0 leur propri\u00e9taire.<\/p>\n<p>L&rsquo;IDEM est une marque d\u00e9pos\u00e9e, et il est interdit de reproduire, imiter, utiliser ou ins\u00e9rer ces marques sans notre autorisation.<\/p>\n<p>L&rsquo;\u00e9tablissement de liens vers notre site web ne conf\u00e8re aucun droit sur celui-ci. De m\u00eame, le simple fait d&rsquo;\u00e9tablir un lien vers notre site web ne vous donne pas le droit de devenir un collaborateur ou un partenaire.<\/p>\n<p>L&rsquo;IDEM ne peut \u00eatre tenu responsable de toute r\u00e9clamation concernant les droits de propri\u00e9t\u00e9 intellectuelle des articles et images publi\u00e9s par des tiers sur son site web.<\/p>\n<p>L&rsquo;imitation totale ou partielle de notre site web est strictement interdite.<\/p>\n<p>&nbsp;<\/p>\n<h3><strong>B. CONDITIONS D&rsquo;ACC\u00c8S ET D\u2019UTILISATION<\/strong><\/h3>\n<p>L&rsquo;acc\u00e8s \u00e0 notre site web est gratuit et ne n\u00e9cessite pas d&rsquo;abonnement ou d&rsquo;enregistrement pr\u00e9alable.<\/p>\n<p>En envoyant des donn\u00e9es personnelles, l&rsquo;UTILISATEUR accepte express\u00e9ment notre politique de confidentialit\u00e9.<\/p>\n<p>L&rsquo;utilisateur doit acc\u00e9der \u00e0 notre site web conform\u00e9ment \u00e0 la bonne foi, aux r\u00e8gles d&rsquo;ordre public et aux pr\u00e9sentes conditions g\u00e9n\u00e9rales d&rsquo;utilisation. L&rsquo;acc\u00e8s \u00e0 notre site web se fait sous la seule et unique responsabilit\u00e9 de l&rsquo;utilisateur, qui sera responsable dans tous les cas des dommages qui pourraient \u00eatre caus\u00e9s \u00e0 des tiers ou \u00e0 nous.<\/p>\n<p>Il est express\u00e9ment interdit \u00e0 l&rsquo;utilisateur d&rsquo;utiliser et d&rsquo;obtenir les services et les contenus propos\u00e9s sur ce site web par des proc\u00e9dures autres que celles stipul\u00e9es dans les pr\u00e9sentes conditions d&rsquo;utilisation.<\/p>\n<p>L&rsquo;UTILISATEUR s&rsquo;interdit tout type d&rsquo;action sur notre portail qui entra\u00eene une surcharge excessive de nos syst\u00e8mes informatiques, ainsi que l&rsquo;introduction de virus, ou l&rsquo;installation de robots, ou de logiciels qui alt\u00e8rent le fonctionnement normal de notre site web, ou en bref qui peuvent causer des dommages \u00e0 nos syst\u00e8mes informatiques.<\/p>\n<p>Compte tenu de l&rsquo;impossibilit\u00e9 de contr\u00f4ler l&rsquo;information, les contenus et les services contenus dans d&rsquo;autres sites web auxquels on peut acc\u00e9der \u00e0 travers les liens que notre site web peut mettre \u00e0 disposition, nous vous informons que L&rsquo;IDEM est exempt de toute responsabilit\u00e9 pour les dommages de toute nature qui peuvent d\u00e9couler de l&rsquo;utilisation de ces sites web, ext\u00e9rieurs \u00e0 notre entreprise, par l&rsquo;utilisateur.<\/p>\n<p>L&rsquo;IDEM se r\u00e9serve le droit unilat\u00e9ral, sans pr\u00e9avis, d&rsquo;annuler l&rsquo;adh\u00e9sion de tout UTILISATEUR que l&rsquo;organisation consid\u00e8re comme ayant viol\u00e9 les conditions r\u00e9gissant l&rsquo;utilisation de notre site web, sans que l&rsquo;UTILISATEUR ne puisse r\u00e9clamer aucun type de dommages et int\u00e9r\u00eats pour ce type d&rsquo;action. De m\u00eame, elle se r\u00e9serve le droit d&rsquo;engager les actions l\u00e9gales appropri\u00e9es contre ceux qui violent les pr\u00e9sentes conditions g\u00e9n\u00e9rales d&rsquo;utilisation, l&rsquo;UTILISATEUR acceptant que le fait de ne pas engager de telles actions ne constitue pas une renonciation formelle \u00e0 celles-ci, celles-ci restant en vigueur jusqu&rsquo;\u00e0 la prescription l\u00e9gale des infractions.<\/p>\n<p>&nbsp;<\/p>\n<h3><strong>C. POLITIQUE DE CONFIDENTIALIT\u00c9<\/strong><\/h3>\n<p>La confidentialit\u00e9 et la s\u00e9curit\u00e9 sont des valeurs fondamentales de L&rsquo;IDEM et, par cons\u00e9quent, nous nous engageons \u00e0 garantir \u00e0 tout moment la vie priv\u00e9e de l&rsquo;Utilisateur et \u00e0 ne pas collecter d&rsquo;informations inutiles.<\/p>\n<p>La fourniture de donn\u00e9es personnelles par le biais de notre portail requiert un \u00e2ge minimum de 14 ans et l&rsquo;acceptation expresse de notre  <a href=\"https:\/\/www.lidemschool.com\/fr\/politique-de-confidentialite\/\">politique de confidentialit\u00e9.<\/a><\/p>\n<p>&nbsp;<\/p>\n<h3><strong>D. RESPONSABILIT\u00c9S<\/strong><\/h3>\n<p>En mettant ce site web \u00e0 la disposition de l&rsquo;utilisateur, nous souhaitons offrir un service de qualit\u00e9, en faisant preuve de la plus grande diligence dans la prestation de ce dernier, ainsi que dans les moyens technologiques utilis\u00e9s. Toutefois, nous ne sommes pas responsables de la pr\u00e9sence de virus ou d&rsquo;autres \u00e9l\u00e9ments susceptibles d&rsquo;endommager de quelque mani\u00e8re que ce soit le syst\u00e8me informatique de l&rsquo;utilisateur.<\/p>\n<p>L&rsquo;IDEM ne garantit pas que la disponibilit\u00e9 du service sera continue et ininterrompue, en raison de circonstances caus\u00e9es par des probl\u00e8mes dans le r\u00e9seau Internet, des pannes dans les dispositifs informatiques ou d&rsquo;autres circonstances impr\u00e9visibles, de sorte que l&rsquo;UTILISATEUR accepte de supporter ces circonstances dans des limites raisonnables, et renonce donc express\u00e9ment \u00e0 toute responsabilit\u00e9 envers l&rsquo;IDEM pour les \u00e9ventuelles d\u00e9faillances, erreurs et utilisation du service.<\/p>\n<p>L&rsquo;UTILISATEUR assume toute responsabilit\u00e9 d\u00e9coulant de l&rsquo;utilisation de notre site Web, \u00e9tant seul responsable de tout effet direct ou indirect sur le site Web d\u00e9coulant, y compris, mais sans s&rsquo;y limiter, tout r\u00e9sultat \u00e9conomique, technique et \/ ou juridique d\u00e9favorable, ainsi que la d\u00e9ception des attentes g\u00e9n\u00e9r\u00e9es par notre portail, l&rsquo;utilisateur s&rsquo;engage \u00e0 d\u00e9gager L&rsquo;IDEM pour toute r\u00e9clamation d\u00e9coulant directement ou indirectement de ces \u00e9v\u00e9nements.<\/p>\n<p>L&rsquo;IDEM ne garantit pas l&rsquo;exactitude, la v\u00e9racit\u00e9 et la validit\u00e9 des contenus de ce site web, qu&rsquo;ils soient propres, de tiers ou li\u00e9s \u00e0 d&rsquo;autres sites web, \u00e9tant totalement exon\u00e9r\u00e9 de toute responsabilit\u00e9 d\u00e9coulant de l&rsquo;utilisation de ces derniers.<\/p>\n<p>L&rsquo;IDEM est exon\u00e9r\u00e9 de toute responsabilit\u00e9 d\u00e9coulant de toute r\u00e9clamation, y compris le paiement des honoraires d&rsquo;avocats, pour des poursuites et des r\u00e9clamations introduites par des tiers pour violation par l&rsquo;UTILISATEUR de nos conditions d&rsquo;utilisation, d&rsquo;acc\u00e8s et de notre politique de confidentialit\u00e9, ou toute autre r\u00e9clamation pour violation de la l\u00e9gislation en vigueur.<\/p>\n<p>L&rsquo;UTILISATEUR reconna\u00eet avoir compris toutes les informations relatives aux conditions d&rsquo;utilisation de notre portail, et reconna\u00eet qu&rsquo;elles sont suffisantes pour exclure toute erreur dans celles-ci, et les accepte donc pleinement et express\u00e9ment.<\/p>\n<p>L&rsquo;UTILISATEUR est pleinement conscient que la simple navigation sur ce site web, ainsi que l&rsquo;utilisation de ses services, implique l&rsquo;acceptation des pr\u00e9sentes conditions d&rsquo;utilisation.<\/p>\n<p>Toutes les questions relatives \u00e0 notre site web sont r\u00e9gies exclusivement par le droit espagnol. En cas de divergence ou de diff\u00e9rend entre les parties concernant l&rsquo;interpr\u00e9tation et le contenu de ce site web, toutes les parties se soumettent, en renon\u00e7ant express\u00e9ment \u00e0 toute autre juridiction, aux Cours et Tribunaux de Barcelone.<\/p>\n<p>&nbsp;<\/p>\n<h3><strong>E. VALIDIT\u00c9 DES CONDITIONS G\u00c9N\u00c9RALES D&rsquo;ACC\u00c8S AU SITE WEB<\/strong><\/h3>\n<p>Les pr\u00e9sentes conditions g\u00e9n\u00e9rales d&rsquo;utilisation ont \u00e9t\u00e9 modifi\u00e9es le 06\/10\/2020. Nous pouvons les modifier \u00e0 tout moment : veuillez v\u00e9rifier la date d&rsquo;\u00e9mission chaque fois que vous vous connectez \u00e0 notre site web pour vous assurer qu&rsquo;aucune modification susceptible de vous affecter n&rsquo;a \u00e9t\u00e9 apport\u00e9e.<\/p>\n<p>Si vous avez des questions concernant les conditions d&rsquo;utilisation de notre site web, veuillez nous contacter aux coordonn\u00e9es ci-dessus, ou contacter Lant Abogados \u00e0 <a href=\"mailto:info@lant-abogados.com\">info@lant-abogados.com<\/a> ou <a href=\"http:\/\/www.lant-abogados.com\/\">www.lant-abogados.com<\/a>.<\/p>\n<p>&nbsp;<\/p>\n<p>[\/et_pb_text][\/et_pb_column][\/et_pb_row][\/et_pb_section]<\/p>\n","protected":false},"excerpt":{"rendered":"<p>AVIS JURIDIQUE Ce site web est la propri\u00e9t\u00e9 de L&rsquo;IDEM BARCELONA, S.L., avec le num\u00e9ro d&rsquo;identification fiscale B65496465 et dont le si\u00e8ge social est situ\u00e9 \u00e0 C\/Ciutat de Granada 53-57, 08005 Barcelone et inscrit au Registre du Commerce de Barcelone, au Tome 42353, Folio 135, Page B-404903, 1\u00e8re Inscription. Pour toute question ou proposition, veuillez [&hellip;]<\/p>\n","protected":false},"author":1,"featured_media":0,"parent":0,"menu_order":0,"comment_status":"closed","ping_status":"closed","template":"","meta":{"_et_pb_use_builder":"on","_et_pb_old_content":"","_et_gb_content_width":"","content-type":"","inline_featured_image":false,"footnotes":""},"class_list":["post-15025","page","type-page","status-publish","hentry"],"yoast_head":"<!-- This site is optimized with the Yoast SEO plugin v27.4 - https:\/\/yoast.com\/product\/yoast-seo-wordpress\/ -->\n<title>Avis juridique - L&#039;Idem Animation School<\/title>\n<meta name=\"robots\" content=\"noindex, nofollow\" \/>\n<meta property=\"og:locale\" content=\"fr_FR\" \/>\n<meta property=\"og:type\" content=\"article\" \/>\n<meta property=\"og:title\" content=\"Avis juridique - L&#039;Idem Animation School\" \/>\n<meta property=\"og:url\" content=\"https:\/\/www.lidemschool.com\/fr\/avis-juridique\/\" \/>\n<meta property=\"og:site_name\" content=\"L&#039;Idem Animation School\" \/>\n<meta property=\"article:modified_time\" content=\"2022-04-26T07:58:03+00:00\" \/>\n<meta property=\"og:image\" content=\"https:\/\/www.lidemschool.com\/wp-content\/uploads\/2025\/06\/Tendencias-animacion.jpg\" \/>\n\t<meta property=\"og:image:width\" content=\"1080\" \/>\n\t<meta property=\"og:image:height\" content=\"1920\" \/>\n\t<meta property=\"og:image:type\" content=\"image\/jpeg\" \/>\n<meta name=\"twitter:card\" content=\"summary_large_image\" \/>\n<meta name=\"twitter:label1\" content=\"Dur\u00e9e de lecture estim\u00e9e\" \/>\n\t<meta name=\"twitter:data1\" content=\"7 minutes\" \/>\n<script type=\"application\/ld+json\" class=\"yoast-schema-graph\">{\"@context\":\"https:\\\/\\\/schema.org\",\"@graph\":[{\"@type\":\"WebPage\",\"@id\":\"https:\\\/\\\/www.lidemschool.com\\\/fr\\\/avis-juridique\\\/\",\"url\":\"https:\\\/\\\/www.lidemschool.com\\\/fr\\\/avis-juridique\\\/\",\"name\":\"Avis juridique - L&#039;Idem Animation School\",\"isPartOf\":{\"@id\":\"https:\\\/\\\/www.lidemschool.com\\\/fr\\\/#website\"},\"datePublished\":\"2022-03-29T09:11:35+00:00\",\"dateModified\":\"2022-04-26T07:58:03+00:00\",\"breadcrumb\":{\"@id\":\"https:\\\/\\\/www.lidemschool.com\\\/fr\\\/avis-juridique\\\/#breadcrumb\"},\"inLanguage\":\"fr-FR\",\"potentialAction\":[{\"@type\":\"ReadAction\",\"target\":[\"https:\\\/\\\/www.lidemschool.com\\\/fr\\\/avis-juridique\\\/\"]}]},{\"@type\":\"BreadcrumbList\",\"@id\":\"https:\\\/\\\/www.lidemschool.com\\\/fr\\\/avis-juridique\\\/#breadcrumb\",\"itemListElement\":[{\"@type\":\"ListItem\",\"position\":1,\"name\":\"Home\",\"item\":\"https:\\\/\\\/www.lidemschool.com\\\/fr\\\/\"},{\"@type\":\"ListItem\",\"position\":2,\"name\":\"Avis juridique\"}]},{\"@type\":\"WebSite\",\"@id\":\"https:\\\/\\\/www.lidemschool.com\\\/fr\\\/#website\",\"url\":\"https:\\\/\\\/www.lidemschool.com\\\/fr\\\/\",\"name\":\"L&#039;Idem Animation School\",\"description\":\"L&#039;Idem Animation School\",\"potentialAction\":[{\"@type\":\"SearchAction\",\"target\":{\"@type\":\"EntryPoint\",\"urlTemplate\":\"https:\\\/\\\/www.lidemschool.com\\\/fr\\\/?s={search_term_string}\"},\"query-input\":{\"@type\":\"PropertyValueSpecification\",\"valueRequired\":true,\"valueName\":\"search_term_string\"}}],\"inLanguage\":\"fr-FR\"}]}<\/script>\n<!-- \/ Yoast SEO plugin. -->","yoast_head_json":{"title":"Avis juridique - L&#039;Idem Animation School","robots":{"index":"noindex","follow":"nofollow"},"og_locale":"fr_FR","og_type":"article","og_title":"Avis juridique - L&#039;Idem Animation School","og_url":"https:\/\/www.lidemschool.com\/fr\/avis-juridique\/","og_site_name":"L&#039;Idem Animation School","article_modified_time":"2022-04-26T07:58:03+00:00","og_image":[{"width":1080,"height":1920,"url":"https:\/\/www.lidemschool.com\/wp-content\/uploads\/2025\/06\/Tendencias-animacion.jpg","type":"image\/jpeg"}],"twitter_card":"summary_large_image","twitter_misc":{"Dur\u00e9e de lecture estim\u00e9e":"7 minutes"},"schema":{"@context":"https:\/\/schema.org","@graph":[{"@type":"WebPage","@id":"https:\/\/www.lidemschool.com\/fr\/avis-juridique\/","url":"https:\/\/www.lidemschool.com\/fr\/avis-juridique\/","name":"Avis juridique - L&#039;Idem Animation School","isPartOf":{"@id":"https:\/\/www.lidemschool.com\/fr\/#website"},"datePublished":"2022-03-29T09:11:35+00:00","dateModified":"2022-04-26T07:58:03+00:00","breadcrumb":{"@id":"https:\/\/www.lidemschool.com\/fr\/avis-juridique\/#breadcrumb"},"inLanguage":"fr-FR","potentialAction":[{"@type":"ReadAction","target":["https:\/\/www.lidemschool.com\/fr\/avis-juridique\/"]}]},{"@type":"BreadcrumbList","@id":"https:\/\/www.lidemschool.com\/fr\/avis-juridique\/#breadcrumb","itemListElement":[{"@type":"ListItem","position":1,"name":"Home","item":"https:\/\/www.lidemschool.com\/fr\/"},{"@type":"ListItem","position":2,"name":"Avis juridique"}]},{"@type":"WebSite","@id":"https:\/\/www.lidemschool.com\/fr\/#website","url":"https:\/\/www.lidemschool.com\/fr\/","name":"L&#039;Idem Animation School","description":"L&#039;Idem Animation School","potentialAction":[{"@type":"SearchAction","target":{"@type":"EntryPoint","urlTemplate":"https:\/\/www.lidemschool.com\/fr\/?s={search_term_string}"},"query-input":{"@type":"PropertyValueSpecification","valueRequired":true,"valueName":"search_term_string"}}],"inLanguage":"fr-FR"}]}},"_links":{"self":[{"href":"https:\/\/www.lidemschool.com\/fr\/wp-json\/wp\/v2\/pages\/15025","targetHints":{"allow":["GET"]}}],"collection":[{"href":"https:\/\/www.lidemschool.com\/fr\/wp-json\/wp\/v2\/pages"}],"about":[{"href":"https:\/\/www.lidemschool.com\/fr\/wp-json\/wp\/v2\/types\/page"}],"author":[{"embeddable":true,"href":"https:\/\/www.lidemschool.com\/fr\/wp-json\/wp\/v2\/users\/1"}],"replies":[{"embeddable":true,"href":"https:\/\/www.lidemschool.com\/fr\/wp-json\/wp\/v2\/comments?post=15025"}],"version-history":[{"count":8,"href":"https:\/\/www.lidemschool.com\/fr\/wp-json\/wp\/v2\/pages\/15025\/revisions"}],"predecessor-version":[{"id":15896,"href":"https:\/\/www.lidemschool.com\/fr\/wp-json\/wp\/v2\/pages\/15025\/revisions\/15896"}],"wp:attachment":[{"href":"https:\/\/www.lidemschool.com\/fr\/wp-json\/wp\/v2\/media?parent=15025"}],"curies":[{"name":"wp","href":"https:\/\/api.w.org\/{rel}","templated":true}]}}