{"id":15018,"date":"2022-03-29T08:58:11","date_gmt":"2022-03-29T08:58:11","guid":{"rendered":"https:\/\/www.lidemschool.com\/reservez-votre-place\/"},"modified":"2023-03-06T10:13:56","modified_gmt":"2023-03-06T10:13:56","slug":"reservez-votre-place","status":"publish","type":"page","link":"https:\/\/www.lidemschool.com\/fr\/reservez-votre-place\/","title":{"rendered":"R\u00e9servez votre place"},"content":{"rendered":"<p>[et_pb_section fb_built=\u00a0\u00bb1&Prime; _builder_version=\u00a0\u00bb4.9.7&Prime; _module_preset=\u00a0\u00bbdefault\u00a0\u00bb global_colors_info=\u00a0\u00bb{}\u00a0\u00bb][et_pb_row column_structure=\u00a0\u00bb3_5,2_5&Prime; _builder_version=\u00a0\u00bb4.9.7&Prime; _module_preset=\u00a0\u00bbdefault\u00a0\u00bb global_colors_info=\u00a0\u00bb{}\u00a0\u00bb][et_pb_column type=\u00a0\u00bb3_5&Prime; _builder_version=\u00a0\u00bb4.9.7&Prime; _module_preset=\u00a0\u00bbdefault\u00a0\u00bb global_colors_info=\u00a0\u00bb{}\u00a0\u00bb][et_pb_text _builder_version=\u00a0\u00bb4.14.7&Prime; _module_preset=\u00a0\u00bbdefault\u00a0\u00bb header_2_font=\u00a0\u00bbMontserrat|700|||||||\u00a0\u00bb header_2_text_color=\u00a0\u00bb#262327&Prime; header_2_font_size=\u00a0\u00bb40px\u00a0\u00bb global_colors_info=\u00a0\u00bb{}\u00a0\u00bb]<\/p>\n<h1 class=\"h1-title\">Vous n&rsquo;\u00eates qu&rsquo;\u00e0 un pas d&rsquo;\u00e9tudier ce que vous aimez !<\/h1>\n<p>[\/et_pb_text][et_pb_text _builder_version=\u00a0\u00bb4.14.7&Prime; _module_preset=\u00a0\u00bbdefault\u00a0\u00bb header_4_font=\u00a0\u00bbMontserrat|700|||||||\u00a0\u00bb header_4_text_color=\u00a0\u00bb#262327&Prime; header_4_font_size=\u00a0\u00bb22px\u00a0\u00bb header_4_line_height=\u00a0\u00bb24px\u00a0\u00bb global_colors_info=\u00a0\u00bb{}\u00a0\u00bb]<\/p>\n<h4>JOIN L&rsquo;IDEM!<!--<span style=\"color: #f3584d;\">DE FORMA GRATUITA.<\/span>--><\/h4>\n<p>[\/et_pb_text][et_pb_text _builder_version=\u00a0\u00bb4.14.9&Prime; _module_preset=\u00a0\u00bbdefault\u00a0\u00bb text_font=\u00a0\u00bbRoboto|300|||||||\u00a0\u00bb text_text_color=\u00a0\u00bb#3D393B\u00a0\u00bb global_colors_info=\u00a0\u00bb{}\u00a0\u00bb]<\/p>\n<p><strong>Les cours \u00e0 L&rsquo;Idem se d\u00e9roulent en petits groupes <\/strong>afin de garantir un suivi personnalis\u00e9 de chaque \u00e9l\u00e8ve et de favoriser une \u00e9ducation globale. \u00c9tant donn\u00e9 que le nombre de places disponibles est limit\u00e9 pour tous nos programmes, nous proc\u00e9dons \u00e0 une <strong>s\u00e9lection des \u00e9tudiants.<\/strong><\/p>\n<p>Vous pouvez commencer votre processus d&rsquo;inscription en remplissant le formulaire en ligne suivant, dans lequel nous demandons:<\/p>\n<ul>\n<li>Vos donn\u00e9es personnelles<\/li>\n<li>Informations sur le programme qui vous int\u00e9resse<\/li>\n<li>Les documents suivants doivent nous \u00eatre envoy\u00e9s:<\/li>\n<ul>\n<li>Photocopie recto verso d&rsquo;une pi\u00e8ce d&rsquo;identit\u00e9 (DNI\/NIE, passeport).<\/li>\n<li>Photo d&rsquo;identit\u00e9<\/li>\n<li>Lettre de motivation<\/li>\n<li>Certification des \u00e9tudes r\u00e9alis\u00e9es et des notes d&rsquo;\u00e9valuation<\/li>\n<li>Portefeuille de travaux cr\u00e9atifs<\/li>\n<\/ul>\n<\/ul>\n<p>Si vous avez des doutes ou des questions, vous pouvez contacter nos conseillers par e-mail \u00e0 <a href=\"mailto:contact@lidembarcelona.com\" target=\"&quot;_blank\" rel=\"noopener\">contact@lidembarcelona.com<\/a> ou par t\u00e9l\u00e9phone au <a href=\"tel:648788358\">648.788.358.<\/a><\/p>\n<p>[\/et_pb_text][\/et_pb_column][et_pb_column type=\u00a0\u00bb2_5&Prime; _builder_version=\u00a0\u00bb4.9.7&Prime; _module_preset=\u00a0\u00bbdefault\u00a0\u00bb global_colors_info=\u00a0\u00bb{}\u00a0\u00bb][et_pb_image src=\u00a0\u00bbhttps:\/\/www.lidemschool.com\/wp-content\/uploads\/2023\/03\/ENCARNA_2.jpg\u00a0\u00bb title_text=\u00a0\u00bbENCARNA_2&Prime; _builder_version=\u00a0\u00bb4.14.8&Prime; _module_preset=\u00a0\u00bbdefault\u00a0\u00bb hover_enabled=\u00a0\u00bb0&Prime; global_colors_info=\u00a0\u00bb{}\u00a0\u00bb sticky_enabled=\u00a0\u00bb0&Prime;][\/et_pb_image][\/et_pb_column][\/et_pb_row][\/et_pb_section][et_pb_section fb_built=\u00a0\u00bb1&Prime; disabled_on=\u00a0\u00bboff|off|off\u00a0\u00bb admin_label=\u00a0\u00bbform\u00a0\u00bb _builder_version=\u00a0\u00bb4.14.7&Prime; _module_preset=\u00a0\u00bbdefault\u00a0\u00bb locked=\u00a0\u00bboff\u00a0\u00bb global_colors_info=\u00a0\u00bb{}\u00a0\u00bb][et_pb_row column_structure=\u00a0\u00bb1_5,3_5,1_5&Prime; disabled_on=\u00a0\u00bbon|on|on\u00a0\u00bb _builder_version=\u00a0\u00bb4.14.7&Prime; _module_preset=\u00a0\u00bbdefault\u00a0\u00bb disabled=\u00a0\u00bbon\u00a0\u00bb global_colors_info=\u00a0\u00bb{}\u00a0\u00bb][et_pb_column type=\u00a0\u00bb1_5&Prime; _builder_version=\u00a0\u00bb4.9.7&Prime; _module_preset=\u00a0\u00bbdefault\u00a0\u00bb global_colors_info=\u00a0\u00bb{}\u00a0\u00bb][\/et_pb_column][et_pb_column type=\u00a0\u00bb3_5&Prime; _builder_version=\u00a0\u00bb4.9.7&Prime; _module_preset=\u00a0\u00bbdefault\u00a0\u00bb global_colors_info=\u00a0\u00bb{}\u00a0\u00bb][et_pb_code _builder_version=\u00a0\u00bb4.9.7&Prime; _module_preset=\u00a0\u00bbdefault\u00a0\u00bb global_colors_info=\u00a0\u00bb{}\u00a0\u00bb]\n<div class=\"wpcf7 no-js\" id=\"wpcf7-f653-o1\" lang=\"es-ES\" dir=\"ltr\" data-wpcf7-id=\"653\">\n<div class=\"screen-reader-response\"><p role=\"status\" aria-live=\"polite\" aria-atomic=\"true\"><\/p> <ul><\/ul><\/div>\n<form action=\"\/fr\/wp-json\/wp\/v2\/pages\/15018#wpcf7-f653-o1\" method=\"post\" class=\"wpcf7-form init\" aria-label=\"Formulario de contacto\" novalidate=\"novalidate\" data-status=\"init\">\n<fieldset class=\"hidden-fields-container\"><input type=\"hidden\" name=\"_wpcf7\" value=\"653\" \/><input type=\"hidden\" name=\"_wpcf7_version\" value=\"6.1.5\" \/><input type=\"hidden\" name=\"_wpcf7_locale\" value=\"es_ES\" \/><input type=\"hidden\" name=\"_wpcf7_unit_tag\" value=\"wpcf7-f653-o1\" \/><input type=\"hidden\" name=\"_wpcf7_container_post\" value=\"0\" \/><input type=\"hidden\" name=\"_wpcf7_posted_data_hash\" value=\"\" \/><input type=\"hidden\" name=\"_wpcf7_recaptcha_response\" value=\"\" \/>\n<\/fieldset>\n<div id=\"matriculate\">\n\t<h4><strong>INFORMACI\u00d3N DE CONTACTO <\/strong>\n\t<\/h4>\n\t<p><label> <span class=\"wpcf7-form-control-wrap\" data-name=\"nombre\"><input size=\"40\" maxlength=\"400\" class=\"wpcf7-form-control wpcf7-text wpcf7-validates-as-required\" aria-required=\"true\" aria-invalid=\"false\" placeholder=\"Nombre y Apellidos\" value=\"\" type=\"text\" name=\"nombre\" \/><\/span> <\/label><br \/>\n<label><br \/>\n<span class=\"wpcf7-form-control-wrap\" data-name=\"email\"><input size=\"40\" maxlength=\"400\" class=\"wpcf7-form-control wpcf7-email wpcf7-validates-as-required wpcf7-text wpcf7-validates-as-email\" aria-required=\"true\" aria-invalid=\"false\" placeholder=\"Email\" value=\"\" type=\"email\" name=\"email\" \/><\/span> <\/label><br \/>\n<label><br \/>\n<span class=\"wpcf7-form-control-wrap\" data-name=\"telefono\"><input size=\"40\" maxlength=\"400\" class=\"wpcf7-form-control wpcf7-text wpcf7-validates-as-required\" aria-required=\"true\" aria-invalid=\"false\" placeholder=\"Tel\u00e9fono\" value=\"\" type=\"text\" name=\"telefono\" \/><\/span> <\/label><br \/>\n<label><br \/>\n<span class=\"wpcf7-form-control-wrap\" data-name=\"pais\"><input size=\"40\" maxlength=\"400\" class=\"wpcf7-form-control wpcf7-text wpcf7-validates-as-required\" aria-required=\"true\" aria-invalid=\"false\" placeholder=\"Pa\u00eds de residencia\" value=\"\" type=\"text\" name=\"pais\" \/><\/span> <\/label>\n\t<\/p>\n\t<p><span class=\"wpcf7-form-control-wrap\" data-name=\"Que\"><select class=\"wpcf7-form-control wpcf7-select programas-select\" aria-invalid=\"false\" name=\"Que\"><option value=\"\u00bfQU\u00c9 ESTUDIOS EST\u00c1S CURSANDO?\">\u00bfQU\u00c9 ESTUDIOS EST\u00c1S CURSANDO?<\/option><option value=\"1\u00ba Bachillerato\">1\u00ba Bachillerato<\/option><option value=\"2\u00ba Bachillerato\">2\u00ba Bachillerato<\/option><option value=\"Ciclo Formativo de Grado Superior\">Ciclo Formativo de Grado Superior<\/option><option value=\"Cursando estudios universitarios\">Cursando estudios universitarios<\/option><option value=\"Titulado universitario\">Titulado universitario<\/option><option value=\"Estudios extranjeros\">Estudios extranjeros<\/option><\/select><\/span>\n\t<\/p>\n\t<h4><strong>PROGRAMA<\/strong>\n\t<\/h4>\n\t<p><span class=\"wpcf7-form-control-wrap\" data-name=\"SELECCIONAELPROGRAMA\"><select class=\"wpcf7-form-control wpcf7-select wpcf7-validates-as-required programas-select\" aria-required=\"true\" aria-invalid=\"false\" name=\"SELECCIONAELPROGRAMA\"><option value=\"SELECCIONA EL PROGRAMA\">SELECCIONA EL PROGRAMA<\/option><option value=\"Estudios superiores en Animaci\u00f3n\">Estudios superiores en Animaci\u00f3n<\/option><option value=\"Estudios superiores en Dise\u00f1o\">Estudios superiores en Dise\u00f1o<\/option><option value=\"International Master en Animaci\u00f3n\">International Master en Animaci\u00f3n<\/option><option value=\"International Master en Game Art\">International Master en Game Art<\/option><option value=\"International Master en VFX\">International Master en VFX<\/option><option value=\"International Master en Dise\u00f1o\">International Master en Dise\u00f1o<\/option><\/select><\/span>\n\t<\/p>\n\t<p><span class=\"wpcf7-form-control-wrap\" data-name=\"SELECCIONALAMODALIDADDEFORMACIN\"><select class=\"wpcf7-form-control wpcf7-select programas-select\" aria-invalid=\"false\" name=\"SELECCIONALAMODALIDADDEFORMACIN\"><option value=\"SELECCIONA LA MODALIDAD DE FORMACI\u00d3N\">SELECCIONA LA MODALIDAD DE FORMACI\u00d3N<\/option><option value=\"Online\">Online<\/option><option value=\"Presencial\">Presencial<\/option><\/select><\/span>\n\t<\/p>\n\t<p>INFORMACI\u00d3N PROTECCI\u00d3N DE DATOS DE L\u2019IDEM\n\t<\/p>\n\t<p><strong>Finalidades:<\/strong> Iniciar el procedimiento de matriculaci\u00f3n en el curso deseado y facilitar la formalizaci\u00f3n de la misma. Valorar la candidatura del alumno y realizar las entrevistas pertinentes. Realizar el seguimiento de la solicitud.<br \/>\n<strong>Derechos:<\/strong> Puede retirar su consentimiento en cualquier momento, as\u00ed como acceder, rectificar, suprimir sus datos y dem\u00e1s derechos en <a href=\"mailto:info@lidembarcelona.com\">info@lidembarcelona.com<\/a>.<br \/>\n<strong>Informaci\u00f3n Adicional: <\/strong>Puede ampliar la informaci\u00f3n en el enlace de <a target=\"_blank\" href=\"\/politica-de-privacidad\/\">Pol\u00edtica de Privacidad<\/a>.\n\t<\/p>\n\t<p><label><br \/>\n<span class=\"wpcf7-form-control-wrap\" data-name=\"privacidad\"><span class=\"wpcf7-form-control wpcf7-checkbox wpcf7-validates-as-required\"><span class=\"wpcf7-list-item first last\"><input type=\"checkbox\" name=\"privacidad[]\" value=\"\" \/><span class=\"wpcf7-list-item-label\"><\/span><\/span><\/span><\/span> He le\u00eddo y acepto la <a href=\"\/politica-de-privacidad\/\">Pol\u00edtica de Privacidad<\/a><\/label><br \/>\n<label><br \/>\n<span class=\"wpcf7-form-control-wrap\" data-name=\"news\"><span class=\"wpcf7-form-control wpcf7-checkbox\"><span class=\"wpcf7-list-item first last\"><input type=\"checkbox\" name=\"news[]\" value=\"\" \/><span class=\"wpcf7-list-item-label\"><\/span><\/span><\/span><\/span> Acepto recibir informaci\u00f3n comercial, incluso por medios electr\u00f3nicos.<\/label>\n\t<\/p>\n\t<div class=\"btn-enviar\">\n\t\t<p><input class=\"wpcf7-form-control wpcf7-submit has-spinner btn-primary\" type=\"submit\" value=\"Enviar\" \/>\n\t\t<\/p>\n\t<\/div>\n<\/div><div class=\"wpcf7-response-output\" aria-hidden=\"true\"><\/div>\n<\/form>\n<\/div>\n[\/et_pb_code][\/et_pb_column][et_pb_column type=\u00a0\u00bb1_5&Prime; _builder_version=\u00a0\u00bb4.9.7&Prime; _module_preset=\u00a0\u00bbdefault\u00a0\u00bb global_colors_info=\u00a0\u00bb{}\u00a0\u00bb][\/et_pb_column][\/et_pb_row][et_pb_row _builder_version=\u00a0\u00bb4.9.7&Prime; _module_preset=\u00a0\u00bbdefault\u00a0\u00bb global_colors_info=\u00a0\u00bb{}\u00a0\u00bb][et_pb_column type=\u00a0\u00bb4_4&Prime; _builder_version=\u00a0\u00bb4.9.7&Prime; _module_preset=\u00a0\u00bbdefault\u00a0\u00bb global_colors_info=\u00a0\u00bb{}\u00a0\u00bb][et_pb_code _builder_version=\u00a0\u00bb4.14.8&Prime; _module_preset=\u00a0\u00bbdefault\u00a0\u00bb text_orientation=\u00a0\u00bbcenter\u00a0\u00bb module_alignment=\u00a0\u00bbcenter\u00a0\u00bb global_colors_info=\u00a0\u00bb{}\u00a0\u00bb]<iframe loading=\"lazy\" width=\"640px\" height=\"480px\" src=\"https:\/\/forms.office.com\/Pages\/ResponsePage.aspx?id=aPMIrME4Kk-46BlvMezPID0MCh5zsPVIpeZM2wbpPUJUMlZQU1dVM1U2RVQ2RUhHOTcwNkdJOFVDMiQlQCN0PWcu&#038;embed=true\" frameborder=\"0\" marginwidth=\"0\" marginheight=\"0\" style=\"border: none; max-width:100%; max-height:100vh\" allowfullscreen webkitallowfullscreen mozallowfullscreen msallowfullscreen> <\/iframe>[\/et_pb_code][\/et_pb_column][\/et_pb_row][\/et_pb_section]<\/p>\n","protected":false},"excerpt":{"rendered":"<p>Vous n&rsquo;\u00eates qu&rsquo;\u00e0 un pas d&rsquo;\u00e9tudier ce que vous aimez !JOIN L&rsquo;IDEM!Les cours \u00e0 L&rsquo;Idem se d\u00e9roulent en petits groupes afin de garantir un suivi personnalis\u00e9 de chaque \u00e9l\u00e8ve et de favoriser une \u00e9ducation globale. \u00c9tant donn\u00e9 que le nombre de places disponibles est limit\u00e9 pour tous nos programmes, nous proc\u00e9dons \u00e0 une s\u00e9lection des [&hellip;]<\/p>\n","protected":false},"author":1,"featured_media":0,"parent":0,"menu_order":0,"comment_status":"closed","ping_status":"closed","template":"","meta":{"_et_pb_use_builder":"on","_et_pb_old_content":"","_et_gb_content_width":"","content-type":"","inline_featured_image":false,"footnotes":""},"class_list":["post-15018","page","type-page","status-publish","hentry"],"yoast_head":"<!-- This site is optimized with the Yoast SEO plugin v27.3 - https:\/\/yoast.com\/product\/yoast-seo-wordpress\/ -->\n<title>R\u00e9servez votre place en une minute! - Lidem Barcelona<\/title>\n<meta name=\"description\" content=\"Remplissez le formulaire de r\u00e9servation en moins d&#039;une minute et nous vous contacterons pour vous aider \u00e0 accomplir toute la proc\u00e9dure d&#039;inscription.\" \/>\n<meta name=\"robots\" content=\"index, follow, max-snippet:-1, max-image-preview:large, max-video-preview:-1\" \/>\n<link rel=\"canonical\" href=\"https:\/\/www.lidemschool.com\/fr\/reservez-votre-place\/\" \/>\n<meta property=\"og:locale\" content=\"fr_FR\" \/>\n<meta property=\"og:type\" content=\"article\" \/>\n<meta property=\"og:title\" content=\"R\u00e9servez votre place en une minute! - Lidem Barcelona\" \/>\n<meta property=\"og:description\" content=\"Remplissez le formulaire de r\u00e9servation en moins d&#039;une minute et nous vous contacterons pour vous aider \u00e0 accomplir toute la proc\u00e9dure d&#039;inscription.\" \/>\n<meta property=\"og:url\" content=\"https:\/\/www.lidemschool.com\/fr\/reservez-votre-place\/\" \/>\n<meta property=\"og:site_name\" content=\"L&#039;Idem Animation School\" \/>\n<meta property=\"article:modified_time\" content=\"2023-03-06T10:13:56+00:00\" \/>\n<meta property=\"og:image\" content=\"https:\/\/www.lidemschool.com\/wp-content\/uploads\/2025\/06\/Tendencias-animacion.jpg\" \/>\n\t<meta property=\"og:image:width\" content=\"1080\" \/>\n\t<meta property=\"og:image:height\" content=\"1920\" \/>\n\t<meta property=\"og:image:type\" content=\"image\/jpeg\" \/>\n<meta name=\"twitter:card\" content=\"summary_large_image\" \/>\n<meta name=\"twitter:label1\" content=\"Dur\u00e9e de lecture estim\u00e9e\" \/>\n\t<meta name=\"twitter:data1\" content=\"2 minutes\" \/>\n<script type=\"application\/ld+json\" class=\"yoast-schema-graph\">{\"@context\":\"https:\\\/\\\/schema.org\",\"@graph\":[{\"@type\":\"WebPage\",\"@id\":\"https:\\\/\\\/www.lidemschool.com\\\/fr\\\/reservez-votre-place\\\/\",\"url\":\"https:\\\/\\\/www.lidemschool.com\\\/fr\\\/reservez-votre-place\\\/\",\"name\":\"R\u00e9servez votre place en une minute! - Lidem Barcelona\",\"isPartOf\":{\"@id\":\"https:\\\/\\\/www.lidemschool.com\\\/fr\\\/#website\"},\"datePublished\":\"2022-03-29T08:58:11+00:00\",\"dateModified\":\"2023-03-06T10:13:56+00:00\",\"description\":\"Remplissez le formulaire de r\u00e9servation en moins d'une minute et nous vous contacterons pour vous aider \u00e0 accomplir toute la proc\u00e9dure d'inscription.\",\"breadcrumb\":{\"@id\":\"https:\\\/\\\/www.lidemschool.com\\\/fr\\\/reservez-votre-place\\\/#breadcrumb\"},\"inLanguage\":\"fr-FR\",\"potentialAction\":[{\"@type\":\"ReadAction\",\"target\":[\"https:\\\/\\\/www.lidemschool.com\\\/fr\\\/reservez-votre-place\\\/\"]}]},{\"@type\":\"BreadcrumbList\",\"@id\":\"https:\\\/\\\/www.lidemschool.com\\\/fr\\\/reservez-votre-place\\\/#breadcrumb\",\"itemListElement\":[{\"@type\":\"ListItem\",\"position\":1,\"name\":\"Home\",\"item\":\"https:\\\/\\\/www.lidemschool.com\\\/fr\\\/\"},{\"@type\":\"ListItem\",\"position\":2,\"name\":\"R\u00e9servez votre place\"}]},{\"@type\":\"WebSite\",\"@id\":\"https:\\\/\\\/www.lidemschool.com\\\/fr\\\/#website\",\"url\":\"https:\\\/\\\/www.lidemschool.com\\\/fr\\\/\",\"name\":\"L&#039;Idem Animation School\",\"description\":\"L&#039;Idem Animation School\",\"potentialAction\":[{\"@type\":\"SearchAction\",\"target\":{\"@type\":\"EntryPoint\",\"urlTemplate\":\"https:\\\/\\\/www.lidemschool.com\\\/fr\\\/?s={search_term_string}\"},\"query-input\":{\"@type\":\"PropertyValueSpecification\",\"valueRequired\":true,\"valueName\":\"search_term_string\"}}],\"inLanguage\":\"fr-FR\"}]}<\/script>\n<!-- \/ Yoast SEO plugin. -->","yoast_head_json":{"title":"R\u00e9servez votre place en une minute! - Lidem Barcelona","description":"Remplissez le formulaire de r\u00e9servation en moins d'une minute et nous vous contacterons pour vous aider \u00e0 accomplir toute la proc\u00e9dure d'inscription.","robots":{"index":"index","follow":"follow","max-snippet":"max-snippet:-1","max-image-preview":"max-image-preview:large","max-video-preview":"max-video-preview:-1"},"canonical":"https:\/\/www.lidemschool.com\/fr\/reservez-votre-place\/","og_locale":"fr_FR","og_type":"article","og_title":"R\u00e9servez votre place en une minute! - Lidem Barcelona","og_description":"Remplissez le formulaire de r\u00e9servation en moins d'une minute et nous vous contacterons pour vous aider \u00e0 accomplir toute la proc\u00e9dure d'inscription.","og_url":"https:\/\/www.lidemschool.com\/fr\/reservez-votre-place\/","og_site_name":"L&#039;Idem Animation School","article_modified_time":"2023-03-06T10:13:56+00:00","og_image":[{"width":1080,"height":1920,"url":"https:\/\/www.lidemschool.com\/wp-content\/uploads\/2025\/06\/Tendencias-animacion.jpg","type":"image\/jpeg"}],"twitter_card":"summary_large_image","twitter_misc":{"Dur\u00e9e de lecture estim\u00e9e":"2 minutes"},"schema":{"@context":"https:\/\/schema.org","@graph":[{"@type":"WebPage","@id":"https:\/\/www.lidemschool.com\/fr\/reservez-votre-place\/","url":"https:\/\/www.lidemschool.com\/fr\/reservez-votre-place\/","name":"R\u00e9servez votre place en une minute! - Lidem Barcelona","isPartOf":{"@id":"https:\/\/www.lidemschool.com\/fr\/#website"},"datePublished":"2022-03-29T08:58:11+00:00","dateModified":"2023-03-06T10:13:56+00:00","description":"Remplissez le formulaire de r\u00e9servation en moins d'une minute et nous vous contacterons pour vous aider \u00e0 accomplir toute la proc\u00e9dure d'inscription.","breadcrumb":{"@id":"https:\/\/www.lidemschool.com\/fr\/reservez-votre-place\/#breadcrumb"},"inLanguage":"fr-FR","potentialAction":[{"@type":"ReadAction","target":["https:\/\/www.lidemschool.com\/fr\/reservez-votre-place\/"]}]},{"@type":"BreadcrumbList","@id":"https:\/\/www.lidemschool.com\/fr\/reservez-votre-place\/#breadcrumb","itemListElement":[{"@type":"ListItem","position":1,"name":"Home","item":"https:\/\/www.lidemschool.com\/fr\/"},{"@type":"ListItem","position":2,"name":"R\u00e9servez votre place"}]},{"@type":"WebSite","@id":"https:\/\/www.lidemschool.com\/fr\/#website","url":"https:\/\/www.lidemschool.com\/fr\/","name":"L&#039;Idem Animation School","description":"L&#039;Idem Animation School","potentialAction":[{"@type":"SearchAction","target":{"@type":"EntryPoint","urlTemplate":"https:\/\/www.lidemschool.com\/fr\/?s={search_term_string}"},"query-input":{"@type":"PropertyValueSpecification","valueRequired":true,"valueName":"search_term_string"}}],"inLanguage":"fr-FR"}]}},"_links":{"self":[{"href":"https:\/\/www.lidemschool.com\/fr\/wp-json\/wp\/v2\/pages\/15018","targetHints":{"allow":["GET"]}}],"collection":[{"href":"https:\/\/www.lidemschool.com\/fr\/wp-json\/wp\/v2\/pages"}],"about":[{"href":"https:\/\/www.lidemschool.com\/fr\/wp-json\/wp\/v2\/types\/page"}],"author":[{"embeddable":true,"href":"https:\/\/www.lidemschool.com\/fr\/wp-json\/wp\/v2\/users\/1"}],"replies":[{"embeddable":true,"href":"https:\/\/www.lidemschool.com\/fr\/wp-json\/wp\/v2\/comments?post=15018"}],"version-history":[{"count":9,"href":"https:\/\/www.lidemschool.com\/fr\/wp-json\/wp\/v2\/pages\/15018\/revisions"}],"predecessor-version":[{"id":27475,"href":"https:\/\/www.lidemschool.com\/fr\/wp-json\/wp\/v2\/pages\/15018\/revisions\/27475"}],"wp:attachment":[{"href":"https:\/\/www.lidemschool.com\/fr\/wp-json\/wp\/v2\/media?parent=15018"}],"curies":[{"name":"wp","href":"https:\/\/api.w.org\/{rel}","templated":true}]}}