{"id":15014,"date":"2022-03-29T08:48:13","date_gmt":"2022-03-29T08:48:13","guid":{"rendered":"https:\/\/www.lidemschool.com\/politica-de-privacidad\/"},"modified":"2022-03-29T08:48:14","modified_gmt":"2022-03-29T08:48:14","slug":"politica-de-privacidad","status":"publish","type":"page","link":"https:\/\/www.lidemschool.com\/fr\/politique-de-confidentialite\/","title":{"rendered":"Pol\u00edtica de Privacidad"},"content":{"rendered":"<p>[et_pb_section fb_built=\u00a0\u00bb1&Prime; _builder_version=\u00a0\u00bb4.9.7&Prime; _module_preset=\u00a0\u00bbdefault\u00a0\u00bb global_colors_info=\u00a0\u00bb{}\u00a0\u00bb][et_pb_row _builder_version=\u00a0\u00bb4.9.7&Prime; _module_preset=\u00a0\u00bbdefault\u00a0\u00bb global_colors_info=\u00a0\u00bb{}\u00a0\u00bb][et_pb_column type=\u00a0\u00bb4_4&Prime; _builder_version=\u00a0\u00bb4.9.7&Prime; _module_preset=\u00a0\u00bbdefault\u00a0\u00bb global_colors_info=\u00a0\u00bb{}\u00a0\u00bb][et_pb_text admin_label=\u00a0\u00bbh2&Prime; _builder_version=\u00a0\u00bb4.14.7&Prime; _module_preset=\u00a0\u00bbdefault\u00a0\u00bb header_font=\u00a0\u00bbMontserrat|700|||||||\u00a0\u00bb header_text_color=\u00a0\u00bb#262327&Prime; header_font_size=\u00a0\u00bb80px\u00a0\u00bb hover_enabled=\u00a0\u00bb0&Prime; global_colors_info=\u00a0\u00bb{}\u00a0\u00bb sticky_enabled=\u00a0\u00bb0&Prime;]<\/p>\n<h2 style=\"font-size:40px!important\">Politique de Confindentialit\u00e9<\/h2>\n<p>[\/et_pb_text][et_pb_text _builder_version=\u00a0\u00bb4.14.7&Prime; _module_preset=\u00a0\u00bbdefault\u00a0\u00bb text_font=\u00a0\u00bb|300|||||||\u00a0\u00bb global_colors_info=\u00a0\u00bb{}\u00a0\u00bb]<\/p>\n<p>La confidentialit\u00e9 et la s\u00e9curit\u00e9 sont des valeurs fondamentales de L&rsquo;IDEM et, par cons\u00e9quent, nous nous engageons \u00e0 garantir \u00e0 tout moment le respect de la vie priv\u00e9e de l&rsquo;utilisateur et \u00e0 ne pas collecter d&rsquo;informations inutiles. Ci-dessous, nous vous fournissons toutes les informations n\u00e9cessaires sur notre politique de confidentialit\u00e9 en ce qui concerne les donn\u00e9es personnelles que nous collectons, en vous expliquant:\n<\/p>\n<ul>\n<li>Qui est responsable du traitement de vos donn\u00e9es.<\/li>\n<li>Dans quel but nous collectons les donn\u00e9es que nous vous demandons.<\/li>\n<li>Comment nous sommes autoris\u00e9s \u00e0 traiter vos donn\u00e9es.<\/li>\n<li>Combien de temps nous conservons vos donn\u00e9es.<\/li>\n<li>A quels destinataires vos donn\u00e9es sont-elles divulgu\u00e9es.<\/li>\n<li>Quels sont vos droits?<\/li>\n<\/ul>\n<p>&nbsp;<\/p>\n<h4>Responsable:<\/h4>\n<p>L\u2019IDEM BARCELONA, S.L. (B65496465)<br \/>C\/Ciutat de Granada 53-57<br \/>08005 de Barcelona<br \/><a href=\"mailito:info@lidembarcelona.com\">info@lidembarcelona.com<\/a><\/p>\n<p><strong>Les finalit\u00e9s, la l\u00e9gitimit\u00e9 et la conservation du traitement des donn\u00e9es transmises:<br \/>\n<\/strong><\/p>\n<p><\/p>\n<h3>L&rsquo;ENVOI D&rsquo;E-MAILS. <\/h3>\n<p><strong>Finalit\u00e9:<\/strong> r\u00e9pondre \u00e0 vos demandes d&rsquo;information, traiter vos demandes et r\u00e9pondre \u00e0 vos questions ou doutes. Si nous recevons votre Curriculum Vitae, vos donn\u00e9es personnelles et curriculaires peuvent faire partie de nos bases de donn\u00e9es afin de participer \u00e0 nos processus de s\u00e9lection actuels et futurs. <\/p>\n<p><strong>L\u00e9gitimation:<\/strong> Le consentement de l&rsquo;utilisateur lorsqu&rsquo;il nous demande des informations par le biais de son adresse \u00e9lectronique ou lorsqu&rsquo;il nous envoie ses donn\u00e9es et son CV pour participer \u00e0 nos processus de s\u00e9lection.<\/p>\n<p><strong>Conservation:<\/strong> jusqu&rsquo;\u00e0 ce que votre demande ait re\u00e7u une r\u00e9ponse par e-mail, si elle n&rsquo;a pas g\u00e9n\u00e9r\u00e9 un nouveau traitement. Dans le cas de la r\u00e9ception de votre CV, vos donn\u00e9es peuvent \u00eatre conserv\u00e9es pendant un an maximum pour les futurs processus de s\u00e9lection.\n<\/p>\n<h3>FORMULAIRE DE CONTACT.<\/h3>\n<p><strong>Finalit\u00e9:<\/strong> vous fournir un moyen de nous contacter et de r\u00e9pondre \u00e0 vos demandes d&rsquo;information, ainsi que de vous envoyer des communications sur nos produits, services et activit\u00e9s, y compris par voie \u00e9lectronique, si vous cochez la case d&rsquo;acceptation.<\/p>\n<p><strong>L\u00e9gitimation:<\/strong> Le consentement de l&rsquo;utilisateur lorsqu&rsquo;il nous demande des informations par le biais de notre formulaire de contact et en cochant la case d&rsquo;acceptation pour l&rsquo;envoi d&rsquo;informations. <\/p>\n<p><strong>Conservation:<\/strong> Jusqu&rsquo;\u00e0 ce que votre demande ait re\u00e7u une r\u00e9ponse par e-mail ou via notre formulaire, si elle n&rsquo;a pas g\u00e9n\u00e9r\u00e9 un nouveau traitement. Si vous avez accept\u00e9 de recevoir des mailings commerciaux, jusqu&rsquo;\u00e0 ce que vous demandiez \u00e0 vous en d\u00e9sinscrire.\n<\/p>\n<h3 class=\"p1\"><\/h3>\n<h3>FORMULAIRE DE CONTACT.<\/h3>\n<p><strong>Finalit\u00e9:<\/strong> vous fournir un moyen de nous contacter et de r\u00e9pondre \u00e0 vos demandes d&rsquo;information, ainsi que de vous envoyer des communications sur nos produits, services et activit\u00e9s, y compris par voie \u00e9lectronique, si vous cochez la case d&rsquo;acceptation.<\/p>\n<p><strong>L\u00e9gitimation:<\/strong> Le consentement de l&rsquo;utilisateur lorsqu&rsquo;il nous demande des informations par le biais de notre formulaire de contact et en cochant la case d&rsquo;acceptation pour l&rsquo;envoi d&rsquo;informations. <\/p>\n<p><strong>Conservation:<\/strong> Jusqu&rsquo;\u00e0 ce que votre demande ait re\u00e7u une r\u00e9ponse par e-mail ou via notre formulaire, si elle n&rsquo;a pas g\u00e9n\u00e9r\u00e9 un nouveau traitement. Si vous avez accept\u00e9 de recevoir des mailings commerciaux, jusqu&rsquo;\u00e0 ce que vous demandiez \u00e0 vous en d\u00e9sinscrire.\n<\/p>\n<h3>FORMULAIRE DE T\u00c9L\u00c9CHARGEMENT DE MAT\u00c9RIEL ET DE SOUMISSIONS D&rsquo;INFORMATIONS.<\/h3>\n<p><b>Finalit\u00e9:<\/b> vous envoyer du contenu et des documents, ainsi que nos communications informatives et publicitaires sur nos produits, services et activit\u00e9s susceptibles de vous int\u00e9resser, notamment par voie \u00e9lectronique.<\/p>\n<p><b>L\u00e9gitimation:<\/b> Le consentement de l&rsquo;utilisateur lorsqu&rsquo;il demande nos documents et s&rsquo;abonne \u00e0 nos envois d&rsquo;informations. <\/p>\n<p><b>Conservation:<\/b> jusqu&rsquo;\u00e0 ce que la partie int\u00e9ress\u00e9e r\u00e9voque son consentement et demande \u00e0 se d\u00e9sabonner de nos envois.<\/p>\n<h3>L&rsquo;ABONNEMENT \u00c0 NOTRE BULLETIN D&rsquo;INFORMATION.<\/h3>\n<p><b>Finalit\u00e9:<\/b> Eenvoyer notre lettre d&rsquo;information commerciale et des communications informatives et publicitaires sur nos produits et\/ou services susceptibles de vous int\u00e9resser, notamment par voie \u00e9lectronique.<\/p>\n<p class=\"p2\"><b>L\u00e9gitimation:<\/b> Le consentement de l&rsquo;utilisateur \u00e0 s&rsquo;abonner \u00e0 nos envois commerciaux et\/ou \u00e0 nos bulletins d&rsquo;information. <\/p>\n<p class=\"p2\"><b>Conservation:<\/b> jusqu&rsquo;\u00e0 ce que la personne int\u00e9ress\u00e9e demande \u00e0 se d\u00e9sabonner de nos envois commerciaux.<span class=\"Apple-converted-space\">\u00a0 \u00a0<\/span><\/p>\n<h3><\/h3>\n<h3 class=\"p3\">FORMULAIRE DE PR\u00c9INSCRIPTION.<\/h3>\n<p class=\"p2\"><b>Finalit\u00e9:<\/b> initier la proc\u00e9dure d&rsquo;inscription au cours souhait\u00e9 et faciliter la formalisation de l&rsquo;inscription.  \u00c9valuer la candidature de l&rsquo;\u00e9tudiant et r\u00e9aliser les entretiens correspondants. Pour surveiller l&rsquo;application.\n<\/p>\n<p class=\"p2\"><b>L\u00e9gitimation:<\/b> Consentement de la partie int\u00e9ress\u00e9e lors de la r\u00e9alisation du processus de pr\u00e9inscription.<\/p>\n<p class=\"p2\"><b>Conservation:<\/b> Pendant 1 an, sauf si vous formalisez l&rsquo;inscription ou si vous commencez un nouveau traitement.<\/p>\n<p class=\"p1\"><b>Obligation de nous fournir vos donn\u00e9es personnelles et cons\u00e9quences du non-respect de cette obligation.<\/b><\/p>\n<p class=\"p2\">\n<p class=\"p2\">La fourniture de donn\u00e9es personnelles requiert un \u00e2ge minimum de 14 ans ou, le cas \u00e9ch\u00e9ant, une capacit\u00e9 juridique suffisante pour contracter.\n<\/p>\n<p class=\"p2\">Les donn\u00e9es personnelles demand\u00e9es sont n\u00e9cessaires pour g\u00e9rer vos demandes et\/ou vous fournir les services que vous avez contract\u00e9s. Si vous ne les fournissez pas, nous ne serons pas en mesure de vous r\u00e9pondre correctement ou de vous fournir le service que vous avez demand\u00e9.\n<\/p>\n<p class=\"p3\"><b><\/b><\/p>\n<p class=\"p3\"><b>Destinataires de vos donn\u00e9es<\/b><\/p>\n<p class=\"p4\">Vos donn\u00e9es sont confidentielles et ne seront pas transmises \u00e0 des tiers, sauf obligation l\u00e9gale.\n<\/p>\n<p class=\"p3\"><b><\/b><\/p>\n<p class=\"p3\"><b>Droits relatifs \u00e0 vos donn\u00e9es personnelles<\/b><\/p>\n<p class=\"p4\">Toute personne peut retirer son consentement \u00e0 tout moment, lorsque ce consentement a \u00e9t\u00e9 donn\u00e9 pour le traitement de ses donn\u00e9es. En aucun cas, le retrait de ce consentement ne conditionne l&rsquo;ex\u00e9cution du contrat d&rsquo;abonnement ou des relations pr\u00e9c\u00e9demment g\u00e9n\u00e9r\u00e9es.\n<\/p>\n<p class=\"p4\">Vous pouvez \u00e9galement exercer les droits suivants:\n<\/p>\n<ul>\n<li class=\"p5\">Demander l&rsquo;acc\u00e8s \u00e0 vos donn\u00e9es personnelles ou leur rectification lorsqu&rsquo;elles sont inexactes.\n<\/li>\n<li class=\"p5\">SDemander leur suppression lorsque, entre autres raisons, les donn\u00e9es ne sont plus n\u00e9cessaires aux fins pour lesquelles elles ont \u00e9t\u00e9 collect\u00e9es.\n<\/li>\n<li class=\"p1\">Demander la limitation de leur traitement dans certaines circonstances.\n<\/li>\n<li class=\"p1\">Demander l&rsquo;opposition au traitement de vos donn\u00e9es pour des motifs li\u00e9s \u00e0 votre situation particuli\u00e8re.\n<\/li>\n<li class=\"p1\">Demander la portabilit\u00e9 des donn\u00e9es dans les cas pr\u00e9vus par la r\u00e9glementation.\n<\/li>\n<li>Autres droits reconnus dans la r\u00e9glementation applicable.\n<\/li>\n<\/ul>\n<p class=\"p3\"><strong>O\u00f9 et comment demander vos droits: <\/strong> En \u00e9crivant au responsable du traitement des donn\u00e9es \u00e0 son adresse postale ou \u00e9lectronique (indiqu\u00e9e dans la section A), en indiquant la r\u00e9f\u00e9rence \u00a0\u00bb Donn\u00e9es personnelles \u00ab\u00a0, en pr\u00e9cisant le droit que vous souhaitez exercer et pour quelles donn\u00e9es personnelles.\n<\/p>\n<p class=\"p2\">En cas de d\u00e9saccord avec l&rsquo;entreprise concernant le traitement de vos donn\u00e9es, vous pouvez d\u00e9poser une plainte aupr\u00e8s de l&rsquo;autorit\u00e9 de protection des donn\u00e9es (<a href=\"http:\/\/www.agpd.es\/\">www.agpd.es<\/a>).<\/p>\n<p class=\"p4\"><b><\/b><\/p>\n<p class=\"p4\"><b>S\u00e9curit\u00e9 de vos donn\u00e9es personnelles<\/b><\/p>\n<p class=\"p4\">Afin de pr\u00e9server la s\u00e9curit\u00e9 de vos donn\u00e9es personnelles, nous vous informons que nous avons adopt\u00e9 toutes les mesures techniques et organisationnelles n\u00e9cessaires pour garantir la s\u00e9curit\u00e9 des donn\u00e9es personnelles fournies contre l&rsquo;alt\u00e9ration, la perte, le traitement ou l&rsquo;acc\u00e8s non autoris\u00e9.\n<\/p>\n<p class=\"p4\"><b><\/b><\/p>\n<p class=\"p4\"><b>Mise \u00e0 jour de vos donn\u00e9es<\/b><\/p>\n<p class=\"p5\">Afin que nous puissions tenir \u00e0 jour vos donn\u00e9es personnelles, il est important que vous nous informiez de toute modification de vos donn\u00e9es personnelles, faute de quoi nous ne pourrons \u00eatre tenus responsables de l&rsquo;exactitude des donn\u00e9es. <\/p>\n<p class=\"p5\">Nous ne sommes pas responsables de la politique de confidentialit\u00e9 concernant les donn\u00e9es personnelles que vous pouvez fournir \u00e0 des tiers par le biais des liens disponibles sur notre site web.\n<\/p>\n<p class=\"p2\">Cette politique de confidentialit\u00e9 peut \u00eatre modifi\u00e9e afin de l&rsquo;adapter aux changements qui peuvent intervenir sur notre site web, ainsi qu&rsquo;aux modifications l\u00e9gislatives ou jurisprudentielles sur les donn\u00e9es personnelles qui peuvent appara\u00eetre, elle doit donc \u00eatre lue chaque fois que vous nous fournissez vos donn\u00e9es par le biais de ce site web.\n<\/p>\n<p>[\/et_pb_text][\/et_pb_column][\/et_pb_row][\/et_pb_section]<\/p>\n","protected":false},"excerpt":{"rendered":"<p>Politique de Confindentialit\u00e9La confidentialit\u00e9 et la s\u00e9curit\u00e9 sont des valeurs fondamentales de L&rsquo;IDEM et, par cons\u00e9quent, nous nous engageons \u00e0 garantir \u00e0 tout moment le respect de la vie priv\u00e9e de l&rsquo;utilisateur et \u00e0 ne pas collecter d&rsquo;informations inutiles. Ci-dessous, nous vous fournissons toutes les informations n\u00e9cessaires sur notre politique de confidentialit\u00e9 en ce qui [&hellip;]<\/p>\n","protected":false},"author":1,"featured_media":0,"parent":0,"menu_order":0,"comment_status":"closed","ping_status":"closed","template":"","meta":{"_et_pb_use_builder":"on","_et_pb_old_content":"","_et_gb_content_width":"","content-type":"","inline_featured_image":false,"footnotes":""},"class_list":["post-15014","page","type-page","status-publish","hentry"],"yoast_head":"<!-- This site is optimized with the Yoast SEO plugin v27.4 - https:\/\/yoast.com\/product\/yoast-seo-wordpress\/ -->\n<title>Pol\u00edtica de Privacidad - L&#039;Idem Animation School<\/title>\n<meta name=\"robots\" content=\"noindex, nofollow\" \/>\n<meta property=\"og:locale\" content=\"fr_FR\" \/>\n<meta property=\"og:type\" content=\"article\" \/>\n<meta property=\"og:title\" content=\"Pol\u00edtica de Privacidad - L&#039;Idem Animation School\" \/>\n<meta property=\"og:url\" content=\"https:\/\/www.lidemschool.com\/fr\/politique-de-confidentialite\/\" \/>\n<meta property=\"og:site_name\" content=\"L&#039;Idem Animation School\" \/>\n<meta property=\"article:modified_time\" content=\"2022-03-29T08:48:14+00:00\" \/>\n<meta property=\"og:image\" content=\"https:\/\/www.lidemschool.com\/wp-content\/uploads\/2025\/06\/Tendencias-animacion.jpg\" \/>\n\t<meta property=\"og:image:width\" content=\"1080\" \/>\n\t<meta property=\"og:image:height\" content=\"1920\" \/>\n\t<meta property=\"og:image:type\" content=\"image\/jpeg\" \/>\n<meta name=\"twitter:card\" content=\"summary_large_image\" \/>\n<meta name=\"twitter:label1\" content=\"Dur\u00e9e de lecture estim\u00e9e\" \/>\n\t<meta name=\"twitter:data1\" content=\"7 minutes\" \/>\n<script type=\"application\/ld+json\" class=\"yoast-schema-graph\">{\"@context\":\"https:\\\/\\\/schema.org\",\"@graph\":[{\"@type\":\"WebPage\",\"@id\":\"https:\\\/\\\/www.lidemschool.com\\\/fr\\\/politique-de-confidentialite\\\/\",\"url\":\"https:\\\/\\\/www.lidemschool.com\\\/fr\\\/politique-de-confidentialite\\\/\",\"name\":\"Pol\u00edtica de Privacidad - L&#039;Idem Animation School\",\"isPartOf\":{\"@id\":\"https:\\\/\\\/www.lidemschool.com\\\/fr\\\/#website\"},\"datePublished\":\"2022-03-29T08:48:13+00:00\",\"dateModified\":\"2022-03-29T08:48:14+00:00\",\"breadcrumb\":{\"@id\":\"https:\\\/\\\/www.lidemschool.com\\\/fr\\\/politique-de-confidentialite\\\/#breadcrumb\"},\"inLanguage\":\"fr-FR\",\"potentialAction\":[{\"@type\":\"ReadAction\",\"target\":[\"https:\\\/\\\/www.lidemschool.com\\\/fr\\\/politique-de-confidentialite\\\/\"]}]},{\"@type\":\"BreadcrumbList\",\"@id\":\"https:\\\/\\\/www.lidemschool.com\\\/fr\\\/politique-de-confidentialite\\\/#breadcrumb\",\"itemListElement\":[{\"@type\":\"ListItem\",\"position\":1,\"name\":\"Home\",\"item\":\"https:\\\/\\\/www.lidemschool.com\\\/fr\\\/\"},{\"@type\":\"ListItem\",\"position\":2,\"name\":\"Pol\u00edtica de Privacidad\"}]},{\"@type\":\"WebSite\",\"@id\":\"https:\\\/\\\/www.lidemschool.com\\\/fr\\\/#website\",\"url\":\"https:\\\/\\\/www.lidemschool.com\\\/fr\\\/\",\"name\":\"L&#039;Idem Animation School\",\"description\":\"L&#039;Idem Animation School\",\"potentialAction\":[{\"@type\":\"SearchAction\",\"target\":{\"@type\":\"EntryPoint\",\"urlTemplate\":\"https:\\\/\\\/www.lidemschool.com\\\/fr\\\/?s={search_term_string}\"},\"query-input\":{\"@type\":\"PropertyValueSpecification\",\"valueRequired\":true,\"valueName\":\"search_term_string\"}}],\"inLanguage\":\"fr-FR\"}]}<\/script>\n<!-- \/ Yoast SEO plugin. -->","yoast_head_json":{"title":"Pol\u00edtica de Privacidad - L&#039;Idem Animation School","robots":{"index":"noindex","follow":"nofollow"},"og_locale":"fr_FR","og_type":"article","og_title":"Pol\u00edtica de Privacidad - L&#039;Idem Animation School","og_url":"https:\/\/www.lidemschool.com\/fr\/politique-de-confidentialite\/","og_site_name":"L&#039;Idem Animation School","article_modified_time":"2022-03-29T08:48:14+00:00","og_image":[{"width":1080,"height":1920,"url":"https:\/\/www.lidemschool.com\/wp-content\/uploads\/2025\/06\/Tendencias-animacion.jpg","type":"image\/jpeg"}],"twitter_card":"summary_large_image","twitter_misc":{"Dur\u00e9e de lecture estim\u00e9e":"7 minutes"},"schema":{"@context":"https:\/\/schema.org","@graph":[{"@type":"WebPage","@id":"https:\/\/www.lidemschool.com\/fr\/politique-de-confidentialite\/","url":"https:\/\/www.lidemschool.com\/fr\/politique-de-confidentialite\/","name":"Pol\u00edtica de Privacidad - L&#039;Idem Animation School","isPartOf":{"@id":"https:\/\/www.lidemschool.com\/fr\/#website"},"datePublished":"2022-03-29T08:48:13+00:00","dateModified":"2022-03-29T08:48:14+00:00","breadcrumb":{"@id":"https:\/\/www.lidemschool.com\/fr\/politique-de-confidentialite\/#breadcrumb"},"inLanguage":"fr-FR","potentialAction":[{"@type":"ReadAction","target":["https:\/\/www.lidemschool.com\/fr\/politique-de-confidentialite\/"]}]},{"@type":"BreadcrumbList","@id":"https:\/\/www.lidemschool.com\/fr\/politique-de-confidentialite\/#breadcrumb","itemListElement":[{"@type":"ListItem","position":1,"name":"Home","item":"https:\/\/www.lidemschool.com\/fr\/"},{"@type":"ListItem","position":2,"name":"Pol\u00edtica de Privacidad"}]},{"@type":"WebSite","@id":"https:\/\/www.lidemschool.com\/fr\/#website","url":"https:\/\/www.lidemschool.com\/fr\/","name":"L&#039;Idem Animation School","description":"L&#039;Idem Animation School","potentialAction":[{"@type":"SearchAction","target":{"@type":"EntryPoint","urlTemplate":"https:\/\/www.lidemschool.com\/fr\/?s={search_term_string}"},"query-input":{"@type":"PropertyValueSpecification","valueRequired":true,"valueName":"search_term_string"}}],"inLanguage":"fr-FR"}]}},"_links":{"self":[{"href":"https:\/\/www.lidemschool.com\/fr\/wp-json\/wp\/v2\/pages\/15014","targetHints":{"allow":["GET"]}}],"collection":[{"href":"https:\/\/www.lidemschool.com\/fr\/wp-json\/wp\/v2\/pages"}],"about":[{"href":"https:\/\/www.lidemschool.com\/fr\/wp-json\/wp\/v2\/types\/page"}],"author":[{"embeddable":true,"href":"https:\/\/www.lidemschool.com\/fr\/wp-json\/wp\/v2\/users\/1"}],"replies":[{"embeddable":true,"href":"https:\/\/www.lidemschool.com\/fr\/wp-json\/wp\/v2\/comments?post=15014"}],"version-history":[{"count":2,"href":"https:\/\/www.lidemschool.com\/fr\/wp-json\/wp\/v2\/pages\/15014\/revisions"}],"predecessor-version":[{"id":15016,"href":"https:\/\/www.lidemschool.com\/fr\/wp-json\/wp\/v2\/pages\/15014\/revisions\/15016"}],"wp:attachment":[{"href":"https:\/\/www.lidemschool.com\/fr\/wp-json\/wp\/v2\/media?parent=15014"}],"curies":[{"name":"wp","href":"https:\/\/api.w.org\/{rel}","templated":true}]}}