{"id":48821,"date":"2023-12-18T12:23:44","date_gmt":"2023-12-18T12:23:44","guid":{"rendered":"https:\/\/www.lidemschool.com\/jornada-de-puertas-abiertas-lidem\/"},"modified":"2026-04-21T10:56:19","modified_gmt":"2026-04-21T10:56:19","slug":"jornada-de-puertas-abiertas-lidem","status":"publish","type":"page","link":"https:\/\/www.lidemschool.com\/en\/jornada-de-puertas-abiertas-lidem\/","title":{"rendered":"Jornada de Puertas Abiertas 2026"},"content":{"rendered":"<p>[et_pb_section fb_built=&#8221;1&#8243; fullwidth=&#8221;on&#8221; _builder_version=&#8221;4.16&#8243; _module_preset=&#8221;default&#8221; width=&#8221;100%&#8221; max_width=&#8221;100%&#8221; module_alignment=&#8221;center&#8221; collapsed=&#8221;off&#8221; global_colors_info=&#8221;{}&#8221;][et_pb_fullwidth_header title=&#8221;JORNADA DE PUERTAS ABIERTAS 2026&#8243; text_orientation=&#8221;center&#8221; background_overlay_color=&#8221;rgba(38,35,39,0.45)&#8221; _builder_version=&#8221;4.16&#8243; _module_preset=&#8221;default&#8221; title_font=&#8221;|700|||||||&#8221; title_font_size=&#8221;40px&#8221; content_font=&#8221;||||||||&#8221; content_font_size=&#8221;16px&#8221; subhead_font_size=&#8221;23px&#8221; background_enable_color=&#8221;off&#8221; background_image=&#8221;https:\/\/www.lidemschool.com\/wp-content\/uploads\/2026\/01\/BANNER-WEB-ESTATICOS.png&#8221; width=&#8221;100%&#8221; min_height=&#8221;357px&#8221; height=&#8221;340px&#8221; max_height=&#8221;499px&#8221; custom_margin=&#8221;||-2px||false|false&#8221; custom_padding=&#8221;86px||29px|||&#8221; locked=&#8221;off&#8221; global_colors_info=&#8221;{}&#8221;][\/et_pb_fullwidth_header][\/et_pb_section][et_pb_section fb_built=&#8221;1&#8243; _builder_version=&#8221;4.16&#8243; _module_preset=&#8221;default&#8221; collapsed=&#8221;off&#8221; global_colors_info=&#8221;{}&#8221;][et_pb_row _builder_version=&#8221;4.16&#8243; _module_preset=&#8221;default&#8221; global_colors_info=&#8221;{}&#8221;][et_pb_column type=&#8221;4_4&#8243; _builder_version=&#8221;4.16&#8243; _module_preset=&#8221;default&#8221; global_colors_info=&#8221;{}&#8221;][et_pb_text _builder_version=&#8221;4.16&#8243; _module_preset=&#8221;default&#8221; text_orientation=&#8221;center&#8221; global_colors_info=&#8221;{}&#8221;]<\/p>\n<p style=\"text-align: center;\"><span style=\"font-size: large;\">Si todav\u00eda est\u00e1s explorando opciones o necesitas un poco de orientaci\u00f3n, nuestras Jornadas de Puertas Abiertas son la oportunidad perfecta para conocer en detalle nuestros <strong>estudios de animaci\u00f3n en Barcelona y Madrid.<\/strong> Descubre el camino hacia tu carrera en una de las mejores escuelas de animaci\u00f3n y enciende tu pasi\u00f3n por esta industria en crecimiento.<\/span><\/p>\n<h2>NO ESPERES A QUE TE LO CUENTEN&#8230; \u00a1VEN A VIVIR LA EXPERIENCIA EN PRIMERA PERSONA!<\/h2>\n<h4>\u00a0<\/h4>\n<h4 style=\"text-align: center;\">INSCR\u00cdBETE Y VEN A CONOCER UNO DE NUESTROS CAMPUS:<\/h4>\n<p style=\"text-align: center;\">[\/et_pb_text][\/et_pb_column][\/et_pb_row][et_pb_row column_structure=&#8221;1_2,1_2&#8243; _builder_version=&#8221;4.16&#8243; _module_preset=&#8221;default&#8221; global_colors_info=&#8221;{}&#8221;][et_pb_column type=&#8221;1_2&#8243; _builder_version=&#8221;4.16&#8243; _module_preset=&#8221;default&#8221; global_colors_info=&#8221;{}&#8221;][et_pb_text _builder_version=&#8221;4.27.6&#8243; _module_preset=&#8221;default&#8221; border_radii=&#8221;on|16px|16px|16px|16px&#8221; border_width_all=&#8221;12px&#8221; border_color_all=&#8221;#ffffff&#8221; box_shadow_style=&#8221;preset1&#8243; global_colors_info=&#8221;{}&#8221;]<\/p>\n<h3 style=\"text-align: center;\"><span style=\"color: #f3584d; font-size: x-large;\"><em><strong>CAMPUS DE MADRID<\/strong><\/em><\/span><\/h3>\n<h4 style=\"text-align: center;\">S\u00e1bado 25 de abril<\/h4>\n<p style=\"text-align: center;\">De 10 a 14 h<\/p>\n<p style=\"text-align: center;\">Casa del Lector \u2013 Matadero Madrid<br \/>Paseo de la Chopera 14, 28045 Madrid<\/p>\n<p>[\/et_pb_text][\/et_pb_column][et_pb_column type=&#8221;1_2&#8243; _builder_version=&#8221;4.16&#8243; _module_preset=&#8221;default&#8221; global_colors_info=&#8221;{}&#8221;][et_pb_text _builder_version=&#8221;4.27.6&#8243; _module_preset=&#8221;default&#8221; border_radii=&#8221;on|16px|16px|16px|16px&#8221; border_width_all=&#8221;12px&#8221; border_color_all=&#8221;#ffffff&#8221; box_shadow_style=&#8221;preset1&#8243; global_colors_info=&#8221;{}&#8221;]<\/p>\n<h3 style=\"text-align: center;\"><span style=\"color: #f3584d; font-size: x-large;\"><em><strong>CAMPUS DE BARCELONA<\/strong><\/em><\/span><\/h3>\n<h4 style=\"text-align: center;\">S\u00e1bado 25 de abril<\/h4>\n<p style=\"text-align: center;\">De 10 a 14 h<\/p>\n<p style=\"text-align: center;\">C\/ Ciutat de Granada, 53-57<br \/>08005 Barcelona<\/p>\n<p>[\/et_pb_text][\/et_pb_column][\/et_pb_row][et_pb_row column_structure=&#8221;1_2,1_2&#8243; _builder_version=&#8221;4.16&#8243; _module_preset=&#8221;default&#8221; global_colors_info=&#8221;{}&#8221;][et_pb_column type=&#8221;1_2&#8243; _builder_version=&#8221;4.16&#8243; _module_preset=&#8221;default&#8221; global_colors_info=&#8221;{}&#8221;][et_pb_text _builder_version=&#8221;4.27.6&#8243; _module_preset=&#8221;default&#8221; global_colors_info=&#8221;{}&#8221;]<\/p>\n<h2><strong>\u00bfQu\u00e9 te espera durante este gran d\u00eda?<\/strong><\/h2>\n<ul>\n<li><strong>Explora nuestra propuesta educativa:<\/strong> Conoce en profundidad nuestro modelo acad\u00e9mico innovador y las oportunidades laborales que ofrecen nuestras titulaciones y diferentes especializaciones en <a href=\"https:\/\/www.lidemschool.com\/en\/bachelors-programs\/carrera-de-animacion-2d\/\" target=\"_blank\" rel=\"noopener\"><strong>Animaci\u00f3n 2D<\/strong><\/a>,<a href=\"https:\/\/www.lidemschool.com\/en\/bachelors-programs\/degre-3d-animation\/\"> <strong>Animaci\u00f3n 3D<\/strong><\/a>, <a href=\"https:\/\/www.lidemschool.com\/estudios-superiores\/carrera-concept-art\/\"><strong>Concept Art\/Game Art<\/strong><\/a> y <a href=\"https:\/\/www.lidemschool.com\/en\/bachelors-programs\/3d-video-games\/\"><strong>3D, Videojuegos y VFX<\/strong><\/a>.<\/li>\n<\/ul>\n<ul>\n<li><strong>Recibe asesoramiento personalizado:<\/strong> Habla con nuestros asesores acad\u00e9micos y encuentra el programa que mejor se adapte a tus metas y talentos. En nuestra escuela de animaci\u00f3n en Madrid y Barcelona, te guiaremos en cada paso del proceso.<\/li>\n<\/ul>\n<ul>\n<li><strong>Recorre nuestras instalaciones:<\/strong> Sum\u00e9rgete en la experiencia L&#8217;Idem con un tour exclusivo por nuestras aulas equipadas con tecnolog\u00eda de \u00faltima generaci\u00f3n y viendo en directo los trabajos realizados por nuestros alumnos.<\/li>\n<\/ul>\n<ul>\n<li><strong>Inicia tu futuro hoy mismo:<\/strong> Comienza tu proceso de admisi\u00f3n y realiza tu entrevista ese mismo d\u00eda si as\u00ed lo deseas.<\/li>\n<\/ul>\n<p>[\/et_pb_text][et_pb_image src=&#8221;https:\/\/www.lidemschool.com\/wp-content\/uploads\/2026\/01\/SELLO_LIDEMANIMATIONSCHOOL-1.png&#8221; alt=&#8221;SELLO LIDEM ANIMATION SCHOOL&#8221; title_text=&#8221;SELLO_LIDEMANIMATIONSCHOOL&#8221; align=&#8221;center&#8221; _builder_version=&#8221;4.16&#8243; _module_preset=&#8221;default&#8221; global_colors_info=&#8221;{}&#8221;][\/et_pb_image][\/et_pb_column][et_pb_column type=&#8221;1_2&#8243; _builder_version=&#8221;4.16&#8243; _module_preset=&#8221;default&#8221; global_colors_info=&#8221;{}&#8221;][et_pb_code _builder_version=&#8221;4.16&#8243; _module_preset=&#8221;default&#8221; global_colors_info=&#8221;{}&#8221;]<script charset=\"utf-8\" type=\"text\/javascript\" src=\"\/\/js-eu1.hsforms.net\/forms\/embed\/v2.js\"><\/script><!-- [et_pb_line_break_holder] --><script><!-- [et_pb_line_break_holder] -->  hbspt.forms.create({<!-- [et_pb_line_break_holder] -->    region: \"eu1\",<!-- [et_pb_line_break_holder] -->    portalId: \"24880151\",<!-- [et_pb_line_break_holder] -->    formId: \"f65713e2-0868-49dc-a655-e9cb5a5647b7\"<!-- [et_pb_line_break_holder] -->  });<!-- [et_pb_line_break_holder] --><\/script>[\/et_pb_code][\/et_pb_column][\/et_pb_row][\/et_pb_section][et_pb_section fb_built=&#8221;1&#8243; _builder_version=&#8221;4.16&#8243; _module_preset=&#8221;default&#8221; background_color=&#8221;#262327&#8243; collapsed=&#8221;on&#8221; global_colors_info=&#8221;{}&#8221;][et_pb_row column_structure=&#8221;1_2,1_2&#8243; _builder_version=&#8221;4.16&#8243; _module_preset=&#8221;default&#8221; global_colors_info=&#8221;{}&#8221;][et_pb_column type=&#8221;1_2&#8243; _builder_version=&#8221;4.16&#8243; _module_preset=&#8221;default&#8221; global_colors_info=&#8221;{}&#8221;][et_pb_text admin_label=&#8221;Texto&#8221; _builder_version=&#8221;4.16&#8243; _module_preset=&#8221;default&#8221; global_colors_info=&#8221;{}&#8221;]<\/p>\n<h2 style=\"text-align: left;\"><span style=\"color: #ffffff;\"><strong>\u00a1Es tu momento! Descubre tu futuro en nuestras escuelas de animaci\u00f3n<\/strong><\/span><\/h2>\n<p style=\"text-align: left;\"><span style=\"color: #ffffff;\">Da el primer paso hacia una carrera en la animaci\u00f3n en una de las mejores escuelas de animaci\u00f3n. En L\u2019Idem, estamos listos para construir tu futuro contigo.<\/span><\/p>\n<p style=\"text-align: left;\"><span style=\"color: #ffffff;\"><\/span><\/p>\n<p style=\"text-align: left;\"><span style=\"color: #ffffff;\"><\/span><\/p>\n<h4 style=\"text-align: left;\"><span style=\"color: #ffffff;\">\u00a1Reserva tu plaza y vive la experiencia de estudiar animaci\u00f3n en uno de nuestros campus en Barcelona y Madrid!<\/span><\/h4>\n<p>[\/et_pb_text][\/et_pb_column][et_pb_column type=&#8221;1_2&#8243; _builder_version=&#8221;4.16&#8243; _module_preset=&#8221;default&#8221; global_colors_info=&#8221;{}&#8221;][et_pb_slider _builder_version=&#8221;4.16&#8243; _module_preset=&#8221;default&#8221; custom_margin=&#8221;||-126px|||&#8221; global_colors_info=&#8221;{}&#8221;][et_pb_slide image=&#8221;https:\/\/www.lidemschool.com\/wp-content\/uploads\/2025\/11\/jornada_puertas_abiertas_1.png&#8221; _builder_version=&#8221;4.16&#8243; _module_preset=&#8221;default&#8221; background_color=&#8221;#262327&#8243; background_enable_color=&#8221;on&#8221; global_colors_info=&#8221;{}&#8221; sticky_transition=&#8221;on&#8221;][\/et_pb_slide][et_pb_slide image=&#8221;https:\/\/www.lidemschool.com\/wp-content\/uploads\/2023\/12\/lidem-2-e1700813264538.png&#8221; _builder_version=&#8221;4.16&#8243; _module_preset=&#8221;default&#8221; background_color=&#8221;#262327&#8243; background_enable_color=&#8221;on&#8221; global_colors_info=&#8221;{}&#8221; sticky_transition=&#8221;on&#8221;][\/et_pb_slide][et_pb_slide image=&#8221;https:\/\/www.lidemschool.com\/wp-content\/uploads\/2025\/10\/campus-madrid.png&#8221; _builder_version=&#8221;4.16&#8243; _module_preset=&#8221;default&#8221; background_color=&#8221;#262327&#8243; background_enable_color=&#8221;on&#8221; global_colors_info=&#8221;{}&#8221; sticky_transition=&#8221;on&#8221;][\/et_pb_slide][et_pb_slide image=&#8221;https:\/\/www.lidemschool.com\/wp-content\/uploads\/2025\/06\/6.director_animacion-scaled.jpg&#8221; _builder_version=&#8221;4.16&#8243; _module_preset=&#8221;default&#8221; background_color=&#8221;#262327&#8243; background_enable_color=&#8221;on&#8221; global_colors_info=&#8221;{}&#8221; sticky_transition=&#8221;on&#8221;][\/et_pb_slide][et_pb_slide image=&#8221;https:\/\/www.lidemschool.com\/wp-content\/uploads\/2025\/05\/lidem-madrid.jpg&#8221; _builder_version=&#8221;4.16&#8243; _module_preset=&#8221;default&#8221; background_color=&#8221;#262327&#8243; background_enable_color=&#8221;on&#8221; global_colors_info=&#8221;{}&#8221; sticky_transition=&#8221;on&#8221;][\/et_pb_slide][\/et_pb_slider][\/et_pb_column][\/et_pb_row][\/et_pb_section][et_pb_section fb_built=&#8221;1&#8243; _builder_version=&#8221;4.16&#8243; _module_preset=&#8221;default&#8221; background_color=&#8221;#262327&#8243; collapsed=&#8221;on&#8221; global_colors_info=&#8221;{}&#8221;][et_pb_row column_structure=&#8221;1_2,1_2&#8243; make_equal=&#8221;on&#8221; _builder_version=&#8221;4.16&#8243; _module_preset=&#8221;default&#8221; global_colors_info=&#8221;{}&#8221;][et_pb_column type=&#8221;1_2&#8243; _builder_version=&#8221;4.16&#8243; _module_preset=&#8221;default&#8221; global_colors_info=&#8221;{}&#8221;][et_pb_text _builder_version=&#8221;4.16&#8243; _module_preset=&#8221;default&#8221; global_colors_info=&#8221;{}&#8221;]<\/p>\n<p><span style=\"color: #ffffff;\"><strong>Campus Barcelona<\/strong><\/span><br \/><span style=\"color: #ffffff;\">C\/ Ciutat de Granada, 53-57<\/span><br \/><span style=\"color: #ffffff;\">08005 Barcelona<\/span><br \/><span style=\"color: #ffffff;\">+ 34 934 854 550<\/span><br \/><a href=\"mailto:info@lidembarcelona.com\">info@lidembarcelona.com<\/a><\/p>\n<p>[\/et_pb_text][\/et_pb_column][et_pb_column type=&#8221;1_2&#8243; _builder_version=&#8221;4.16&#8243; _module_preset=&#8221;default&#8221; background_color=&#8221;#efefef&#8221; global_colors_info=&#8221;{}&#8221;][et_pb_text _builder_version=&#8221;4.16&#8243; _module_preset=&#8221;default&#8221; background_color=&#8221;#262327&#8243; global_colors_info=&#8221;{}&#8221;]<\/p>\n<p><span style=\"color: #ffffff;\"><strong>Campus Madrid<\/strong><\/span><br \/><span style=\"color: #ffffff;\">Casa del Lector \u2013 Matadero Madrid<\/span><br \/><span style=\"color: #ffffff;\">Paseo de la Chopera 14<\/span><br \/><span style=\"color: #ffffff;\">28045 Madrid<\/span><br \/><span style=\"color: #ffffff;\">+ 34 722 772 483<\/span><br \/><a href=\"mailto:madrid@lidemschool.com\">madrid@lidemschool.com<\/a><\/p>\n<p>[\/et_pb_text][\/et_pb_column][\/et_pb_row][\/et_pb_section]<\/p>\n","protected":false},"excerpt":{"rendered":"<p>Si todav\u00eda est\u00e1s explorando opciones o necesitas un poco de orientaci\u00f3n, nuestras Jornadas de Puertas Abiertas son la oportunidad perfecta para conocer en detalle nuestros estudios de animaci\u00f3n en Barcelona y Madrid. Descubre el camino hacia tu carrera en una de las mejores escuelas de animaci\u00f3n y enciende tu pasi\u00f3n por esta industria en crecimiento. [&hellip;]<\/p>\n","protected":false},"author":7,"featured_media":37005,"parent":0,"menu_order":0,"comment_status":"closed","ping_status":"closed","template":"","meta":{"_et_pb_use_builder":"on","_et_pb_old_content":"","_et_gb_content_width":"","content-type":"","inline_featured_image":false,"footnotes":""},"class_list":["post-48821","page","type-page","status-publish","has-post-thumbnail","hentry"],"yoast_head":"<!-- This site is optimized with the Yoast SEO plugin v27.4 - https:\/\/yoast.com\/product\/yoast-seo-wordpress\/ -->\n<title>Puertas Abiertas | Escuelas de animaci\u00f3n en Madrid y Barcelona<\/title>\n<meta name=\"description\" content=\"L\u2019Idem School celebra varias Jornadas de Puertas Abiertas para conocer sus escuelas de animaci\u00f3n en Madrid y Barcelona.\" \/>\n<meta name=\"robots\" content=\"index, follow, max-snippet:-1, max-image-preview:large, max-video-preview:-1\" \/>\n<link rel=\"canonical\" href=\"https:\/\/www.lidemschool.com\/en\/jornada-de-puertas-abiertas-lidem\/\" \/>\n<meta property=\"og:locale\" content=\"en_US\" \/>\n<meta property=\"og:type\" content=\"article\" \/>\n<meta property=\"og:title\" content=\"Puertas Abiertas | Escuelas de animaci\u00f3n en Madrid y Barcelona\" \/>\n<meta property=\"og:description\" content=\"L\u2019Idem School celebra varias Jornadas de Puertas Abiertas para conocer sus escuelas de animaci\u00f3n en Madrid y Barcelona.\" \/>\n<meta property=\"og:url\" content=\"https:\/\/www.lidemschool.com\/en\/jornada-de-puertas-abiertas-lidem\/\" \/>\n<meta property=\"og:site_name\" content=\"L&#039;Idem Animation School\" \/>\n<meta property=\"article:modified_time\" content=\"2026-04-21T10:56:19+00:00\" \/>\n<meta property=\"og:image\" content=\"https:\/\/www.lidemschool.com\/wp-content\/uploads\/2024\/11\/lidem-scaled.jpg\" \/>\n\t<meta property=\"og:image:width\" content=\"2560\" \/>\n\t<meta property=\"og:image:height\" content=\"1920\" \/>\n\t<meta property=\"og:image:type\" content=\"image\/jpeg\" \/>\n<meta name=\"twitter:card\" content=\"summary_large_image\" \/>\n<meta name=\"twitter:label1\" content=\"Est. reading time\" \/>\n\t<meta name=\"twitter:data1\" content=\"6 minutes\" \/>\n<script type=\"application\/ld+json\" class=\"yoast-schema-graph\">{\"@context\":\"https:\\\/\\\/schema.org\",\"@graph\":[{\"@type\":\"WebPage\",\"@id\":\"https:\\\/\\\/www.lidemschool.com\\\/en\\\/jornada-de-puertas-abiertas-lidem\\\/\",\"url\":\"https:\\\/\\\/www.lidemschool.com\\\/en\\\/jornada-de-puertas-abiertas-lidem\\\/\",\"name\":\"Puertas Abiertas | Escuelas de animaci\u00f3n en Madrid y Barcelona\",\"isPartOf\":{\"@id\":\"https:\\\/\\\/www.lidemschool.com\\\/en\\\/#website\"},\"primaryImageOfPage\":{\"@id\":\"https:\\\/\\\/www.lidemschool.com\\\/en\\\/jornada-de-puertas-abiertas-lidem\\\/#primaryimage\"},\"image\":{\"@id\":\"https:\\\/\\\/www.lidemschool.com\\\/en\\\/jornada-de-puertas-abiertas-lidem\\\/#primaryimage\"},\"thumbnailUrl\":\"https:\\\/\\\/www.lidemschool.com\\\/wp-content\\\/uploads\\\/2024\\\/11\\\/lidem-scaled.jpg\",\"datePublished\":\"2023-12-18T12:23:44+00:00\",\"dateModified\":\"2026-04-21T10:56:19+00:00\",\"description\":\"L\u2019Idem School celebra varias Jornadas de Puertas Abiertas para conocer sus escuelas de animaci\u00f3n en Madrid y Barcelona.\",\"breadcrumb\":{\"@id\":\"https:\\\/\\\/www.lidemschool.com\\\/en\\\/jornada-de-puertas-abiertas-lidem\\\/#breadcrumb\"},\"inLanguage\":\"en-US\",\"potentialAction\":[{\"@type\":\"ReadAction\",\"target\":[\"https:\\\/\\\/www.lidemschool.com\\\/en\\\/jornada-de-puertas-abiertas-lidem\\\/\"]}]},{\"@type\":\"ImageObject\",\"inLanguage\":\"en-US\",\"@id\":\"https:\\\/\\\/www.lidemschool.com\\\/en\\\/jornada-de-puertas-abiertas-lidem\\\/#primaryimage\",\"url\":\"https:\\\/\\\/www.lidemschool.com\\\/wp-content\\\/uploads\\\/2024\\\/11\\\/lidem-scaled.jpg\",\"contentUrl\":\"https:\\\/\\\/www.lidemschool.com\\\/wp-content\\\/uploads\\\/2024\\\/11\\\/lidem-scaled.jpg\",\"width\":2560,\"height\":1920},{\"@type\":\"BreadcrumbList\",\"@id\":\"https:\\\/\\\/www.lidemschool.com\\\/en\\\/jornada-de-puertas-abiertas-lidem\\\/#breadcrumb\",\"itemListElement\":[{\"@type\":\"ListItem\",\"position\":1,\"name\":\"Home\",\"item\":\"https:\\\/\\\/www.lidemschool.com\\\/en\\\/\"},{\"@type\":\"ListItem\",\"position\":2,\"name\":\"Jornada de Puertas Abiertas 2026\"}]},{\"@type\":\"WebSite\",\"@id\":\"https:\\\/\\\/www.lidemschool.com\\\/en\\\/#website\",\"url\":\"https:\\\/\\\/www.lidemschool.com\\\/en\\\/\",\"name\":\"L&#039;Idem Animation School\",\"description\":\"L&#039;Idem Animation School\",\"potentialAction\":[{\"@type\":\"SearchAction\",\"target\":{\"@type\":\"EntryPoint\",\"urlTemplate\":\"https:\\\/\\\/www.lidemschool.com\\\/en\\\/?s={search_term_string}\"},\"query-input\":{\"@type\":\"PropertyValueSpecification\",\"valueRequired\":true,\"valueName\":\"search_term_string\"}}],\"inLanguage\":\"en-US\"}]}<\/script>\n<!-- \/ Yoast SEO plugin. -->","yoast_head_json":{"title":"Puertas Abiertas | Escuelas de animaci\u00f3n en Madrid y Barcelona","description":"L\u2019Idem School celebra varias Jornadas de Puertas Abiertas para conocer sus escuelas de animaci\u00f3n en Madrid y Barcelona.","robots":{"index":"index","follow":"follow","max-snippet":"max-snippet:-1","max-image-preview":"max-image-preview:large","max-video-preview":"max-video-preview:-1"},"canonical":"https:\/\/www.lidemschool.com\/en\/jornada-de-puertas-abiertas-lidem\/","og_locale":"en_US","og_type":"article","og_title":"Puertas Abiertas | Escuelas de animaci\u00f3n en Madrid y Barcelona","og_description":"L\u2019Idem School celebra varias Jornadas de Puertas Abiertas para conocer sus escuelas de animaci\u00f3n en Madrid y Barcelona.","og_url":"https:\/\/www.lidemschool.com\/en\/jornada-de-puertas-abiertas-lidem\/","og_site_name":"L&#039;Idem Animation School","article_modified_time":"2026-04-21T10:56:19+00:00","og_image":[{"width":2560,"height":1920,"url":"https:\/\/www.lidemschool.com\/wp-content\/uploads\/2024\/11\/lidem-scaled.jpg","type":"image\/jpeg"}],"twitter_card":"summary_large_image","twitter_misc":{"Est. reading time":"6 minutes"},"schema":{"@context":"https:\/\/schema.org","@graph":[{"@type":"WebPage","@id":"https:\/\/www.lidemschool.com\/en\/jornada-de-puertas-abiertas-lidem\/","url":"https:\/\/www.lidemschool.com\/en\/jornada-de-puertas-abiertas-lidem\/","name":"Puertas Abiertas | Escuelas de animaci\u00f3n en Madrid y Barcelona","isPartOf":{"@id":"https:\/\/www.lidemschool.com\/en\/#website"},"primaryImageOfPage":{"@id":"https:\/\/www.lidemschool.com\/en\/jornada-de-puertas-abiertas-lidem\/#primaryimage"},"image":{"@id":"https:\/\/www.lidemschool.com\/en\/jornada-de-puertas-abiertas-lidem\/#primaryimage"},"thumbnailUrl":"https:\/\/www.lidemschool.com\/wp-content\/uploads\/2024\/11\/lidem-scaled.jpg","datePublished":"2023-12-18T12:23:44+00:00","dateModified":"2026-04-21T10:56:19+00:00","description":"L\u2019Idem School celebra varias Jornadas de Puertas Abiertas para conocer sus escuelas de animaci\u00f3n en Madrid y Barcelona.","breadcrumb":{"@id":"https:\/\/www.lidemschool.com\/en\/jornada-de-puertas-abiertas-lidem\/#breadcrumb"},"inLanguage":"en-US","potentialAction":[{"@type":"ReadAction","target":["https:\/\/www.lidemschool.com\/en\/jornada-de-puertas-abiertas-lidem\/"]}]},{"@type":"ImageObject","inLanguage":"en-US","@id":"https:\/\/www.lidemschool.com\/en\/jornada-de-puertas-abiertas-lidem\/#primaryimage","url":"https:\/\/www.lidemschool.com\/wp-content\/uploads\/2024\/11\/lidem-scaled.jpg","contentUrl":"https:\/\/www.lidemschool.com\/wp-content\/uploads\/2024\/11\/lidem-scaled.jpg","width":2560,"height":1920},{"@type":"BreadcrumbList","@id":"https:\/\/www.lidemschool.com\/en\/jornada-de-puertas-abiertas-lidem\/#breadcrumb","itemListElement":[{"@type":"ListItem","position":1,"name":"Home","item":"https:\/\/www.lidemschool.com\/en\/"},{"@type":"ListItem","position":2,"name":"Jornada de Puertas Abiertas 2026"}]},{"@type":"WebSite","@id":"https:\/\/www.lidemschool.com\/en\/#website","url":"https:\/\/www.lidemschool.com\/en\/","name":"L&#039;Idem Animation School","description":"L&#039;Idem Animation School","potentialAction":[{"@type":"SearchAction","target":{"@type":"EntryPoint","urlTemplate":"https:\/\/www.lidemschool.com\/en\/?s={search_term_string}"},"query-input":{"@type":"PropertyValueSpecification","valueRequired":true,"valueName":"search_term_string"}}],"inLanguage":"en-US"}]}},"_links":{"self":[{"href":"https:\/\/www.lidemschool.com\/en\/wp-json\/wp\/v2\/pages\/48821","targetHints":{"allow":["GET"]}}],"collection":[{"href":"https:\/\/www.lidemschool.com\/en\/wp-json\/wp\/v2\/pages"}],"about":[{"href":"https:\/\/www.lidemschool.com\/en\/wp-json\/wp\/v2\/types\/page"}],"author":[{"embeddable":true,"href":"https:\/\/www.lidemschool.com\/en\/wp-json\/wp\/v2\/users\/7"}],"replies":[{"embeddable":true,"href":"https:\/\/www.lidemschool.com\/en\/wp-json\/wp\/v2\/comments?post=48821"}],"version-history":[{"count":1,"href":"https:\/\/www.lidemschool.com\/en\/wp-json\/wp\/v2\/pages\/48821\/revisions"}],"predecessor-version":[{"id":48824,"href":"https:\/\/www.lidemschool.com\/en\/wp-json\/wp\/v2\/pages\/48821\/revisions\/48824"}],"wp:featuredmedia":[{"embeddable":true,"href":"https:\/\/www.lidemschool.com\/en\/wp-json\/wp\/v2\/media\/37005"}],"wp:attachment":[{"href":"https:\/\/www.lidemschool.com\/en\/wp-json\/wp\/v2\/media?parent=48821"}],"curies":[{"name":"wp","href":"https:\/\/api.w.org\/{rel}","templated":true}]}}