{"id":48807,"date":"2021-09-07T11:37:08","date_gmt":"2021-09-07T11:37:08","guid":{"rendered":"https:\/\/www.lidemschool.com\/profesorado\/"},"modified":"2026-04-20T13:49:07","modified_gmt":"2026-04-20T13:49:07","slug":"profesorado","status":"publish","type":"page","link":"https:\/\/www.lidemschool.com\/en\/profesorado\/","title":{"rendered":"Profesorado"},"content":{"rendered":"<p>[et_pb_section fb_built=&#8221;1&#8243; _builder_version=&#8221;4.16&#8243; _module_preset=&#8221;default&#8221; global_colors_info=&#8221;{}&#8221;][et_pb_row column_structure=&#8221;2_3,1_3&#8243; _builder_version=&#8221;4.16&#8243; _module_preset=&#8221;default&#8221; global_colors_info=&#8221;{}&#8221;][et_pb_column type=&#8221;2_3&#8243; _builder_version=&#8221;4.16&#8243; _module_preset=&#8221;default&#8221; global_colors_info=&#8221;{}&#8221;][et_pb_text _builder_version=&#8221;4.16&#8243; _module_preset=&#8221;default&#8221; header_2_font=&#8221;Montserrat|700|||||||&#8221; header_2_text_color=&#8221;#262327&#8243; header_2_font_size=&#8221;40px&#8221; global_colors_info=&#8221;{}&#8221;]<\/p>\n<h1 class=\"h1-title\">Profesores de L&#8217;Idem<\/h1>\n<p>[\/et_pb_text][et_pb_text _builder_version=&#8221;4.16&#8243; _module_preset=&#8221;default&#8221; text_font=&#8221;Roboto|300|||||||&#8221; text_text_color=&#8221;#3D393B&#8221; global_colors_info=&#8221;{}&#8221;]<\/p>\n<p><span>El equipo docente de L&#8217;Idem est\u00e1 formado por profesionales en activo y de reconocida trayectoria. Nuestros profesores son apasionados de la Animaci\u00f3n y el Dise\u00f1o que combinan su labor docente con proyectos audiovisuales por todo el mundo, est\u00e1n conectados con las necesidades de un sector en constante evoluci\u00f3n y son expertos en la utilizaci\u00f3n del software empleado por empresas de referencia internacional.<\/span><\/p>\n<p>[\/et_pb_text][\/et_pb_column][et_pb_column type=&#8221;1_3&#8243; _builder_version=&#8221;4.16&#8243; _module_preset=&#8221;default&#8221; global_colors_info=&#8221;{}&#8221;][\/et_pb_column][\/et_pb_row][et_pb_row _builder_version=&#8221;4.16&#8243; _module_preset=&#8221;default&#8221; global_colors_info=&#8221;{}&#8221;][et_pb_column type=&#8221;4_4&#8243; _builder_version=&#8221;4.16&#8243; _module_preset=&#8221;default&#8221; global_colors_info=&#8221;{}&#8221;][et_pb_filterable_portfolio fullwidth=&#8221;off&#8221; posts_number=&#8221;100&#8243; include_categories=&#8221;25,24,27,101,880,26&#8243; show_categories=&#8221;off&#8221; show_pagination=&#8221;off&#8221; zoom_icon_color=&#8221;#F3584D&#8221; hover_icon=&#8221;&#x24;||divi||400&#8243; module_class=&#8221;three-column-grid&#8221; _builder_version=&#8221;4.16&#8243; _module_preset=&#8221;default&#8221; title_level=&#8221;h4&#8243; filter_font=&#8221;Montserrat|600||on|||||&#8221; filter_text_color=&#8221;#C4BDBD&#8221; filter_font_size=&#8221;16px&#8221; global_colors_info=&#8221;{}&#8221; filter_text_color__hover_enabled=&#8221;on|desktop&#8221; filter_text_color__hover=&#8221;#F3584D&#8221;][\/et_pb_filterable_portfolio][\/et_pb_column][\/et_pb_row][et_pb_row _builder_version=&#8221;4.16&#8243; _module_preset=&#8221;default&#8221; positioning=&#8221;absolute&#8221; position_origin_a=&#8221;bottom_center&#8221; width=&#8221;100%&#8221; max_width=&#8221;2560px&#8221; custom_padding=&#8221;|25px||25px|false|true&#8221; global_colors_info=&#8221;{}&#8221;][et_pb_column type=&#8221;4_4&#8243; _builder_version=&#8221;4.16&#8243; _module_preset=&#8221;default&#8221; global_colors_info=&#8221;{}&#8221;][et_pb_image src=&#8221;https:\/\/www.lidemschool.com\/wp-content\/uploads\/2023\/02\/raya-semicurculo.png&#8221; title_text=&#8221;raya-semicurculo&#8221; force_fullwidth=&#8221;on&#8221; _builder_version=&#8221;4.16&#8243; _module_preset=&#8221;default&#8221; global_colors_info=&#8221;{}&#8221;][\/et_pb_image][\/et_pb_column][\/et_pb_row][\/et_pb_section][et_pb_section fb_built=&#8221;1&#8243; _builder_version=&#8221;4.16&#8243; _module_preset=&#8221;default&#8221; locked=&#8221;off&#8221; global_colors_info=&#8221;{}&#8221;][et_pb_row column_structure=&#8221;2_5,3_5&#8243; _builder_version=&#8221;4.16&#8243; _module_preset=&#8221;default&#8221; global_colors_info=&#8221;{}&#8221;][et_pb_column type=&#8221;2_5&#8243; _builder_version=&#8221;4.16&#8243; _module_preset=&#8221;default&#8221; global_colors_info=&#8221;{}&#8221;][et_pb_text _builder_version=&#8221;4.16&#8243; _module_preset=&#8221;default&#8221; global_colors_info=&#8221;{}&#8221;]<\/p>\n<h2><strong>\u00bfQuieres unirte al equipo docente de L&#8217;Idem?<\/strong><\/h2>\n<p>[\/et_pb_text][et_pb_text _builder_version=&#8221;4.16&#8243; _module_preset=&#8221;default&#8221; global_colors_info=&#8221;{}&#8221;]<\/p>\n<h4><strong>Escr\u00edbenos o ll\u00e1manos, resolvemos todas tus dudas.<\/strong><\/h4>\n<p><strong><\/strong><\/p>\n<h4 style=\"color:#F3584D\"><strong><a href=\"tel:0034934854550\">+34 934 854 550<\/a><\/strong><\/h4>\n<p>[\/et_pb_text][\/et_pb_column][et_pb_column type=&#8221;3_5&#8243; _builder_version=&#8221;4.16&#8243; _module_preset=&#8221;default&#8221; global_colors_info=&#8221;{}&#8221;][et_pb_code _builder_version=&#8221;4.16&#8243; _module_preset=&#8221;default&#8221; global_colors_info=&#8221;{}&#8221;]\n<div class=\"wpcf7 no-js\" id=\"wpcf7-f7860-o1\" lang=\"en-US\" dir=\"ltr\" data-wpcf7-id=\"7860\">\n<div class=\"screen-reader-response\"><p role=\"status\" aria-live=\"polite\" aria-atomic=\"true\"><\/p> <ul><\/ul><\/div>\n<form action=\"\/en\/wp-json\/wp\/v2\/pages\/48807#wpcf7-f7860-o1\" method=\"post\" class=\"wpcf7-form init\" aria-label=\"Contact form\" novalidate=\"novalidate\" data-status=\"init\">\n<fieldset class=\"hidden-fields-container\"><input type=\"hidden\" name=\"_wpcf7\" value=\"7860\" \/><input type=\"hidden\" name=\"_wpcf7_version\" value=\"6.1.5\" \/><input type=\"hidden\" name=\"_wpcf7_locale\" value=\"en_US\" \/><input type=\"hidden\" name=\"_wpcf7_unit_tag\" value=\"wpcf7-f7860-o1\" \/><input type=\"hidden\" name=\"_wpcf7_container_post\" value=\"0\" \/><input type=\"hidden\" name=\"_wpcf7_posted_data_hash\" value=\"\" \/>\n<\/fieldset>\n<div class=\"wpcf7-turnstile cf-turnstile\" data-sitekey=\"0x4AAAAAADBPvHZmYW77WSYq\" data-response-field-name=\"_wpcf7_turnstile_response\"><\/div>\n\n<div id=\"contacto-form\">\n\t<div class=\"\">\n\t\t<p><span class=\"wpcf7-form-control-wrap\" data-name=\"nombre\"><input size=\"40\" maxlength=\"400\" class=\"wpcf7-form-control wpcf7-text wpcf7-validates-as-required\" aria-required=\"true\" aria-invalid=\"false\" placeholder=\"NAME AND SURNAME*\" value=\"\" type=\"text\" name=\"nombre\" \/><\/span>\n\t\t<\/p>\n\t\t<p><span class=\"wpcf7-form-control-wrap\" data-name=\"email\"><input size=\"40\" maxlength=\"400\" class=\"wpcf7-form-control wpcf7-email wpcf7-validates-as-required wpcf7-text wpcf7-validates-as-email\" aria-required=\"true\" aria-invalid=\"false\" placeholder=\"EMAIL*\" value=\"\" type=\"email\" name=\"email\" \/><\/span>\n\t\t<\/p>\n\t\t<p><span class=\"wpcf7-form-control-wrap\" data-name=\"telefono\"><input size=\"40\" maxlength=\"400\" class=\"wpcf7-form-control wpcf7-text wpcf7-validates-as-required\" aria-required=\"true\" aria-invalid=\"false\" placeholder=\"PHONE NUMBER*\" value=\"\" type=\"text\" name=\"telefono\" \/><\/span>\n\t\t<\/p>\n\t\t<div>\n\t\t\t<p><span class=\"wpcf7-form-control-wrap\" data-name=\"especialidad\"><select class=\"wpcf7-form-control wpcf7-select\" aria-invalid=\"false\" name=\"especialidad\"><option value=\"\">SPECIALITY<\/option><option value=\"2D Animation\">2D Animation<\/option><option value=\"3D Animation\">3D Animation<\/option><option value=\"Concept Art\">Concept Art<\/option><option value=\"Video Games\">Video Games<\/option><option value=\"VFX\">VFX<\/option><option value=\"Design\">Design<\/option><option value=\"UX\/UI Design\">UX\/UI Design<\/option><option value=\"Graphic Design\">Graphic Design<\/option><option value=\"Art and Creativity\">Art and Creativity<\/option><option value=\"Motion Design\">Motion Design<\/option><option value=\"Web Design\">Web Design<\/option><option value=\"Design Thinking\">Design Thinking<\/option><option value=\"Product Design\">Product Design<\/option><\/select><\/span>\n\t\t\t<\/p>\n\t\t<\/div>\n\t\t<div>\n\t\t\t<p><span class=\"wpcf7-form-control-wrap\" data-name=\"portfolio\"><input size=\"40\" maxlength=\"400\" class=\"wpcf7-form-control wpcf7-text wpcf7-validates-as-required\" aria-required=\"true\" aria-invalid=\"false\" placeholder=\"LINK TO PORTFOLIO\" value=\"\" type=\"text\" name=\"portfolio\" \/><\/span>\n\t\t\t<\/p>\n\t\t<\/div>\n\t\t<div>\n\t\t\t<p><span class=\"wpcf7-form-control-wrap\" data-name=\"contactemos\"><select class=\"wpcf7-form-control wpcf7-select\" aria-invalid=\"false\" name=\"contactemos\"><option value=\"HOY YOU PREFER TO BE CONTACTED?\">HOY YOU PREFER TO BE CONTACTED?<\/option><option value=\"E-mail\">E-mail<\/option><option value=\"Phone\">Phone<\/option><\/select><\/span>\n\t\t\t<\/p>\n\t\t<\/div>\n\t\t<p>L'IDEM DATA PROTECTION INFORMATION\n\t\t<\/p>\n\t\t<p><strong>Purposes:<\/strong> To respond to your requests and send you commercial information about our products and services, including by electronic means.<br \/>\n<strong>Rights:<\/strong> You can withdraw your consent at any time, as well as access, rectify, delete your data and other rights in <a href=\"mailto:info@lidembarcelona.com\" target=\"_blank\">info@lidembarcelona.com. <\/a><br \/>\n<strong>Additional Information:<\/strong> You can find more information in the <a href=\"\/en\/privacy-policy\/\">Privacy Policy<\/a>.\n\t\t<\/p>\n\t\t<p><span class=\"wpcf7-form-control-wrap\" data-name=\"privacidad\"><span class=\"wpcf7-form-control wpcf7-checkbox wpcf7-validates-as-required\"><span class=\"wpcf7-list-item first last\"><input type=\"checkbox\" name=\"privacidad[]\" value=\"\" \/><span class=\"wpcf7-list-item-label\"><\/span><\/span><\/span><\/span> I have read and accept the <a href=\"\/en\/privacy-policy\/\">Privacy Policy<\/a>.<br \/>\n<label><br \/>\n<span class=\"wpcf7-form-control-wrap\" data-name=\"news\"><span class=\"wpcf7-form-control wpcf7-checkbox wpcf7-validates-as-required\"><span class=\"wpcf7-list-item first last\"><input type=\"checkbox\" name=\"news[]\" value=\"\" \/><span class=\"wpcf7-list-item-label\"><\/span><\/span><\/span><\/span> I agree to receive commercial information, including by electronic means.<\/label>\n\t\t<\/p>\n\t\t<div class=\"btn-enviar\">\n\t\t\t<p><div class=\"cf7-cf-turnstile\" style=\"margin-top: 0px; margin-bottom: -15px;\"> <div id=\"cf-turnstile-cf7-3271580056\" class=\"cf-turnstile\" data-sitekey=\"0x4AAAAAADBPvHZmYW77WSYq\" data-theme=\"light\" data-language=\"auto\" data-size=\"normal\" data-retry=\"auto\" data-retry-interval=\"1000\" data-refresh-expired=\"auto\" data-refresh-timeout=\"auto\" data-action=\"contact-form-7\" data-callback=\"turnstileCF7Callback\" data-appearance=\"always\"><\/div> <script>document.addEventListener(\"DOMContentLoaded\", function() { setTimeout(function(){ var e=document.getElementById(\"cf-turnstile-cf7-3271580056\"); if(e&&!e.innerHTML.trim()){turnstile.render(e, {sitekey:\"0x4AAAAAADBPvHZmYW77WSYq\"});} }, 200); });<\/script> <br class=\"cf-turnstile-br cf-turnstile-br-cf7-3271580056\"> <style>#cf-turnstile-cf7-3271580056 { margin-left: -15px; }<\/style> <script>document.addEventListener(\"DOMContentLoaded\",function(){document.querySelectorAll('.wpcf7-form').forEach(function(e){e.addEventListener('submit',function(){if(document.getElementById('cf-turnstile-cf7-3271580056')){setTimeout(function(){turnstile.reset('#cf-turnstile-cf7-3271580056');},1000)}})})});<\/script> <\/div><br\/><input class=\"wpcf7-form-control wpcf7-submit has-spinner btn-primary\" type=\"submit\" value=\"Send\" \/>\n\t\t\t<\/p>\n\t\t<\/div>\n\t<\/div>\n<\/div>\n<style>input.wpcf7-form-control.wpcf7-phonetext{padding-left:45px}\n<\/style><p style=\"display: none !important;\" class=\"akismet-fields-container\" data-prefix=\"_wpcf7_ak_\"><label>&#916;<textarea name=\"_wpcf7_ak_hp_textarea\" cols=\"45\" rows=\"8\" maxlength=\"100\"><\/textarea><\/label><input type=\"hidden\" id=\"ak_js_1\" name=\"_wpcf7_ak_js\" value=\"192\"\/><script>document.getElementById( \"ak_js_1\" ).setAttribute( \"value\", ( new Date() ).getTime() );<\/script><\/p><div class=\"wpcf7-response-output\" aria-hidden=\"true\"><\/div>\n<\/form>\n<\/div>\n[\/et_pb_code][\/et_pb_column][\/et_pb_row][\/et_pb_section]<\/p>\n","protected":false},"excerpt":{"rendered":"<p>Profesores de L&#8217;IdemEl equipo docente de L&#8217;Idem est\u00e1 formado por profesionales en activo y de reconocida trayectoria. Nuestros profesores son apasionados de la Animaci\u00f3n y el Dise\u00f1o que combinan su labor docente con proyectos audiovisuales por todo el mundo, est\u00e1n conectados con las necesidades de un sector en constante evoluci\u00f3n y son expertos en la [&hellip;]<\/p>\n","protected":false},"author":1,"featured_media":0,"parent":0,"menu_order":0,"comment_status":"closed","ping_status":"closed","template":"","meta":{"_et_pb_use_builder":"on","_et_pb_old_content":"","_et_gb_content_width":"","content-type":"","inline_featured_image":false,"footnotes":""},"class_list":["post-48807","page","type-page","status-publish","hentry"],"yoast_head":"<!-- This site is optimized with the Yoast SEO plugin v27.4 - https:\/\/yoast.com\/product\/yoast-seo-wordpress\/ -->\n<title>Conoce a nuestro equipo docente | L&#039;Idem Animation School<\/title>\n<meta name=\"description\" content=\"Equipo docente de L&#039;Idem Barcelona est\u00e1 formado por profesionales del sector de la educaci\u00f3n para la Animaci\u00f3n y Digital Design. \u00a1Con\u00f3celos!\" \/>\n<meta name=\"robots\" content=\"index, follow, max-snippet:-1, max-image-preview:large, max-video-preview:-1\" \/>\n<link rel=\"canonical\" href=\"https:\/\/www.lidemschool.com\/en\/profesorado\/\" \/>\n<meta property=\"og:locale\" content=\"en_US\" \/>\n<meta property=\"og:type\" content=\"article\" \/>\n<meta property=\"og:title\" content=\"Conoce a nuestro equipo docente | L&#039;Idem Animation School\" \/>\n<meta property=\"og:description\" content=\"Equipo docente de L&#039;Idem Barcelona est\u00e1 formado por profesionales del sector de la educaci\u00f3n para la Animaci\u00f3n y Digital Design. \u00a1Con\u00f3celos!\" \/>\n<meta property=\"og:url\" content=\"https:\/\/www.lidemschool.com\/en\/profesorado\/\" \/>\n<meta property=\"og:site_name\" content=\"L&#039;Idem Animation School\" \/>\n<meta property=\"article:modified_time\" content=\"2026-04-20T13:49:07+00:00\" \/>\n<meta property=\"og:image\" content=\"https:\/\/www.lidemschool.com\/wp-content\/uploads\/2025\/06\/Tendencias-animacion.jpg\" \/>\n\t<meta property=\"og:image:width\" content=\"1080\" \/>\n\t<meta property=\"og:image:height\" content=\"1920\" \/>\n\t<meta property=\"og:image:type\" content=\"image\/jpeg\" \/>\n<meta name=\"twitter:card\" content=\"summary_large_image\" \/>\n<meta name=\"twitter:label1\" content=\"Est. reading time\" \/>\n\t<meta name=\"twitter:data1\" content=\"2 minutes\" \/>\n<script type=\"application\/ld+json\" class=\"yoast-schema-graph\">{\"@context\":\"https:\\\/\\\/schema.org\",\"@graph\":[{\"@type\":\"WebPage\",\"@id\":\"https:\\\/\\\/www.lidemschool.com\\\/en\\\/profesorado\\\/\",\"url\":\"https:\\\/\\\/www.lidemschool.com\\\/en\\\/profesorado\\\/\",\"name\":\"Conoce a nuestro equipo docente | L'Idem Animation School\",\"isPartOf\":{\"@id\":\"https:\\\/\\\/www.lidemschool.com\\\/en\\\/#website\"},\"datePublished\":\"2021-09-07T11:37:08+00:00\",\"dateModified\":\"2026-04-20T13:49:07+00:00\",\"description\":\"Equipo docente de L'Idem Barcelona est\u00e1 formado por profesionales del sector de la educaci\u00f3n para la Animaci\u00f3n y Digital Design. \u00a1Con\u00f3celos!\",\"breadcrumb\":{\"@id\":\"https:\\\/\\\/www.lidemschool.com\\\/en\\\/profesorado\\\/#breadcrumb\"},\"inLanguage\":\"en-US\",\"potentialAction\":[{\"@type\":\"ReadAction\",\"target\":[\"https:\\\/\\\/www.lidemschool.com\\\/en\\\/profesorado\\\/\"]}]},{\"@type\":\"BreadcrumbList\",\"@id\":\"https:\\\/\\\/www.lidemschool.com\\\/en\\\/profesorado\\\/#breadcrumb\",\"itemListElement\":[{\"@type\":\"ListItem\",\"position\":1,\"name\":\"Home\",\"item\":\"https:\\\/\\\/www.lidemschool.com\\\/en\\\/\"},{\"@type\":\"ListItem\",\"position\":2,\"name\":\"Profesorado\"}]},{\"@type\":\"WebSite\",\"@id\":\"https:\\\/\\\/www.lidemschool.com\\\/en\\\/#website\",\"url\":\"https:\\\/\\\/www.lidemschool.com\\\/en\\\/\",\"name\":\"L&#039;Idem Animation School\",\"description\":\"L&#039;Idem Animation School\",\"potentialAction\":[{\"@type\":\"SearchAction\",\"target\":{\"@type\":\"EntryPoint\",\"urlTemplate\":\"https:\\\/\\\/www.lidemschool.com\\\/en\\\/?s={search_term_string}\"},\"query-input\":{\"@type\":\"PropertyValueSpecification\",\"valueRequired\":true,\"valueName\":\"search_term_string\"}}],\"inLanguage\":\"en-US\"}]}<\/script>\n<!-- \/ Yoast SEO plugin. -->","yoast_head_json":{"title":"Conoce a nuestro equipo docente | L'Idem Animation School","description":"Equipo docente de L'Idem Barcelona est\u00e1 formado por profesionales del sector de la educaci\u00f3n para la Animaci\u00f3n y Digital Design. \u00a1Con\u00f3celos!","robots":{"index":"index","follow":"follow","max-snippet":"max-snippet:-1","max-image-preview":"max-image-preview:large","max-video-preview":"max-video-preview:-1"},"canonical":"https:\/\/www.lidemschool.com\/en\/profesorado\/","og_locale":"en_US","og_type":"article","og_title":"Conoce a nuestro equipo docente | L'Idem Animation School","og_description":"Equipo docente de L'Idem Barcelona est\u00e1 formado por profesionales del sector de la educaci\u00f3n para la Animaci\u00f3n y Digital Design. \u00a1Con\u00f3celos!","og_url":"https:\/\/www.lidemschool.com\/en\/profesorado\/","og_site_name":"L&#039;Idem Animation School","article_modified_time":"2026-04-20T13:49:07+00:00","og_image":[{"width":1080,"height":1920,"url":"https:\/\/www.lidemschool.com\/wp-content\/uploads\/2025\/06\/Tendencias-animacion.jpg","type":"image\/jpeg"}],"twitter_card":"summary_large_image","twitter_misc":{"Est. reading time":"2 minutes"},"schema":{"@context":"https:\/\/schema.org","@graph":[{"@type":"WebPage","@id":"https:\/\/www.lidemschool.com\/en\/profesorado\/","url":"https:\/\/www.lidemschool.com\/en\/profesorado\/","name":"Conoce a nuestro equipo docente | L'Idem Animation School","isPartOf":{"@id":"https:\/\/www.lidemschool.com\/en\/#website"},"datePublished":"2021-09-07T11:37:08+00:00","dateModified":"2026-04-20T13:49:07+00:00","description":"Equipo docente de L'Idem Barcelona est\u00e1 formado por profesionales del sector de la educaci\u00f3n para la Animaci\u00f3n y Digital Design. \u00a1Con\u00f3celos!","breadcrumb":{"@id":"https:\/\/www.lidemschool.com\/en\/profesorado\/#breadcrumb"},"inLanguage":"en-US","potentialAction":[{"@type":"ReadAction","target":["https:\/\/www.lidemschool.com\/en\/profesorado\/"]}]},{"@type":"BreadcrumbList","@id":"https:\/\/www.lidemschool.com\/en\/profesorado\/#breadcrumb","itemListElement":[{"@type":"ListItem","position":1,"name":"Home","item":"https:\/\/www.lidemschool.com\/en\/"},{"@type":"ListItem","position":2,"name":"Profesorado"}]},{"@type":"WebSite","@id":"https:\/\/www.lidemschool.com\/en\/#website","url":"https:\/\/www.lidemschool.com\/en\/","name":"L&#039;Idem Animation School","description":"L&#039;Idem Animation School","potentialAction":[{"@type":"SearchAction","target":{"@type":"EntryPoint","urlTemplate":"https:\/\/www.lidemschool.com\/en\/?s={search_term_string}"},"query-input":{"@type":"PropertyValueSpecification","valueRequired":true,"valueName":"search_term_string"}}],"inLanguage":"en-US"}]}},"_links":{"self":[{"href":"https:\/\/www.lidemschool.com\/en\/wp-json\/wp\/v2\/pages\/48807","targetHints":{"allow":["GET"]}}],"collection":[{"href":"https:\/\/www.lidemschool.com\/en\/wp-json\/wp\/v2\/pages"}],"about":[{"href":"https:\/\/www.lidemschool.com\/en\/wp-json\/wp\/v2\/types\/page"}],"author":[{"embeddable":true,"href":"https:\/\/www.lidemschool.com\/en\/wp-json\/wp\/v2\/users\/1"}],"replies":[{"embeddable":true,"href":"https:\/\/www.lidemschool.com\/en\/wp-json\/wp\/v2\/comments?post=48807"}],"version-history":[{"count":1,"href":"https:\/\/www.lidemschool.com\/en\/wp-json\/wp\/v2\/pages\/48807\/revisions"}],"predecessor-version":[{"id":48810,"href":"https:\/\/www.lidemschool.com\/en\/wp-json\/wp\/v2\/pages\/48807\/revisions\/48810"}],"wp:attachment":[{"href":"https:\/\/www.lidemschool.com\/en\/wp-json\/wp\/v2\/media?parent=48807"}],"curies":[{"name":"wp","href":"https:\/\/api.w.org\/{rel}","templated":true}]}}