{"id":48806,"date":"2021-09-07T11:37:08","date_gmt":"2021-09-07T11:37:08","guid":{"rendered":"https:\/\/www.lidemschool.com\/profesorado\/"},"modified":"2026-04-20T13:49:05","modified_gmt":"2026-04-20T13:49:05","slug":"profesorado","status":"publish","type":"page","link":"https:\/\/www.lidemschool.com\/ca\/profesorado\/","title":{"rendered":"Profesorado"},"content":{"rendered":"<p>[et_pb_section fb_built=&#8221;1&#8243; _builder_version=&#8221;4.16&#8243; _module_preset=&#8221;default&#8221; global_colors_info=&#8221;{}&#8221;][et_pb_row column_structure=&#8221;2_3,1_3&#8243; _builder_version=&#8221;4.16&#8243; _module_preset=&#8221;default&#8221; global_colors_info=&#8221;{}&#8221;][et_pb_column type=&#8221;2_3&#8243; _builder_version=&#8221;4.16&#8243; _module_preset=&#8221;default&#8221; global_colors_info=&#8221;{}&#8221;][et_pb_text _builder_version=&#8221;4.16&#8243; _module_preset=&#8221;default&#8221; header_2_font=&#8221;Montserrat|700|||||||&#8221; header_2_text_color=&#8221;#262327&#8243; header_2_font_size=&#8221;40px&#8221; global_colors_info=&#8221;{}&#8221;]<\/p>\n<h1 class=\"h1-title\">Profesores de L&#8217;Idem<\/h1>\n<p>[\/et_pb_text][et_pb_text _builder_version=&#8221;4.16&#8243; _module_preset=&#8221;default&#8221; text_font=&#8221;Roboto|300|||||||&#8221; text_text_color=&#8221;#3D393B&#8221; global_colors_info=&#8221;{}&#8221;]<\/p>\n<p><span>El equipo docente de L&#8217;Idem est\u00e1 formado por profesionales en activo y de reconocida trayectoria. Nuestros profesores son apasionados de la Animaci\u00f3n y el Dise\u00f1o que combinan su labor docente con proyectos audiovisuales por todo el mundo, est\u00e1n conectados con las necesidades de un sector en constante evoluci\u00f3n y son expertos en la utilizaci\u00f3n del software empleado por empresas de referencia internacional.<\/span><\/p>\n<p>[\/et_pb_text][\/et_pb_column][et_pb_column type=&#8221;1_3&#8243; _builder_version=&#8221;4.16&#8243; _module_preset=&#8221;default&#8221; global_colors_info=&#8221;{}&#8221;][\/et_pb_column][\/et_pb_row][et_pb_row _builder_version=&#8221;4.16&#8243; _module_preset=&#8221;default&#8221; global_colors_info=&#8221;{}&#8221;][et_pb_column type=&#8221;4_4&#8243; _builder_version=&#8221;4.16&#8243; _module_preset=&#8221;default&#8221; global_colors_info=&#8221;{}&#8221;][et_pb_filterable_portfolio fullwidth=&#8221;off&#8221; posts_number=&#8221;100&#8243; include_categories=&#8221;25,24,27,101,880,26&#8243; show_categories=&#8221;off&#8221; show_pagination=&#8221;off&#8221; zoom_icon_color=&#8221;#F3584D&#8221; hover_icon=&#8221;&#x24;||divi||400&#8243; module_class=&#8221;three-column-grid&#8221; _builder_version=&#8221;4.16&#8243; _module_preset=&#8221;default&#8221; title_level=&#8221;h4&#8243; filter_font=&#8221;Montserrat|600||on|||||&#8221; filter_text_color=&#8221;#C4BDBD&#8221; filter_font_size=&#8221;16px&#8221; global_colors_info=&#8221;{}&#8221; filter_text_color__hover_enabled=&#8221;on|desktop&#8221; filter_text_color__hover=&#8221;#F3584D&#8221;][\/et_pb_filterable_portfolio][\/et_pb_column][\/et_pb_row][et_pb_row _builder_version=&#8221;4.16&#8243; _module_preset=&#8221;default&#8221; positioning=&#8221;absolute&#8221; position_origin_a=&#8221;bottom_center&#8221; width=&#8221;100%&#8221; max_width=&#8221;2560px&#8221; custom_padding=&#8221;|25px||25px|false|true&#8221; global_colors_info=&#8221;{}&#8221;][et_pb_column type=&#8221;4_4&#8243; _builder_version=&#8221;4.16&#8243; _module_preset=&#8221;default&#8221; global_colors_info=&#8221;{}&#8221;][et_pb_image src=&#8221;https:\/\/www.lidemschool.com\/wp-content\/uploads\/2023\/02\/raya-semicurculo.png&#8221; title_text=&#8221;raya-semicurculo&#8221; force_fullwidth=&#8221;on&#8221; _builder_version=&#8221;4.16&#8243; _module_preset=&#8221;default&#8221; global_colors_info=&#8221;{}&#8221;][\/et_pb_image][\/et_pb_column][\/et_pb_row][\/et_pb_section][et_pb_section fb_built=&#8221;1&#8243; _builder_version=&#8221;4.16&#8243; _module_preset=&#8221;default&#8221; locked=&#8221;off&#8221; global_colors_info=&#8221;{}&#8221;][et_pb_row column_structure=&#8221;2_5,3_5&#8243; _builder_version=&#8221;4.16&#8243; _module_preset=&#8221;default&#8221; global_colors_info=&#8221;{}&#8221;][et_pb_column type=&#8221;2_5&#8243; _builder_version=&#8221;4.16&#8243; _module_preset=&#8221;default&#8221; global_colors_info=&#8221;{}&#8221;][et_pb_text _builder_version=&#8221;4.16&#8243; _module_preset=&#8221;default&#8221; global_colors_info=&#8221;{}&#8221;]<\/p>\n<h2><strong>\u00bfQuieres unirte al equipo docente de L&#8217;Idem?<\/strong><\/h2>\n<p>[\/et_pb_text][et_pb_text _builder_version=&#8221;4.16&#8243; _module_preset=&#8221;default&#8221; global_colors_info=&#8221;{}&#8221;]<\/p>\n<h4><strong>Escr\u00edbenos o ll\u00e1manos, resolvemos todas tus dudas.<\/strong><\/h4>\n<p><strong><\/strong><\/p>\n<h4 style=\"color:#F3584D\"><strong><a href=\"tel:0034934854550\">+34 934 854 550<\/a><\/strong><\/h4>\n<p>[\/et_pb_text][\/et_pb_column][et_pb_column type=&#8221;3_5&#8243; _builder_version=&#8221;4.16&#8243; _module_preset=&#8221;default&#8221; global_colors_info=&#8221;{}&#8221;][et_pb_code _builder_version=&#8221;4.16&#8243; _module_preset=&#8221;default&#8221; global_colors_info=&#8221;{}&#8221;]\n<div class=\"wpcf7 no-js\" id=\"wpcf7-f14578-o1\" lang=\"ca\" dir=\"ltr\" data-wpcf7-id=\"14578\">\n<div class=\"screen-reader-response\"><p role=\"status\" aria-live=\"polite\" aria-atomic=\"true\"><\/p> <ul><\/ul><\/div>\n<form action=\"\/ca\/wp-json\/wp\/v2\/pages\/48806#wpcf7-f14578-o1\" method=\"post\" class=\"wpcf7-form init\" aria-label=\"Formulari de contacte\" novalidate=\"novalidate\" data-status=\"init\">\n<fieldset class=\"hidden-fields-container\"><input type=\"hidden\" name=\"_wpcf7\" value=\"14578\" \/><input type=\"hidden\" name=\"_wpcf7_version\" value=\"6.1.5\" \/><input type=\"hidden\" name=\"_wpcf7_locale\" value=\"ca\" \/><input type=\"hidden\" name=\"_wpcf7_unit_tag\" value=\"wpcf7-f14578-o1\" \/><input type=\"hidden\" name=\"_wpcf7_container_post\" value=\"0\" \/><input type=\"hidden\" name=\"_wpcf7_posted_data_hash\" value=\"\" \/><input type=\"hidden\" name=\"_wpcf7_recaptcha_response\" value=\"\" \/>\n<\/fieldset>\n<div id=\"contacto-form\">\n\t<div class=\"\">\n\t\t<p><span class=\"wpcf7-form-control-wrap\" data-name=\"nombre\"><input size=\"40\" maxlength=\"400\" class=\"wpcf7-form-control wpcf7-text wpcf7-validates-as-required\" aria-required=\"true\" aria-invalid=\"false\" placeholder=\"NOM I COGNOMS*\" value=\"\" type=\"text\" name=\"nombre\" \/><\/span>\n\t\t<\/p>\n\t\t<p><span class=\"wpcf7-form-control-wrap\" data-name=\"email\"><input size=\"40\" maxlength=\"400\" class=\"wpcf7-form-control wpcf7-email wpcf7-validates-as-required wpcf7-text wpcf7-validates-as-email\" aria-required=\"true\" aria-invalid=\"false\" placeholder=\"E-MAIL*\" value=\"\" type=\"email\" name=\"email\" \/><\/span>\n\t\t<\/p>\n\t\t<p><span class=\"wpcf7-form-control-wrap\" data-name=\"telefono\"><input size=\"40\" maxlength=\"400\" class=\"wpcf7-form-control wpcf7-text wpcf7-validates-as-required\" aria-required=\"true\" aria-invalid=\"false\" placeholder=\"TEL\u00c8FON*\" value=\"\" type=\"text\" name=\"telefono\" \/><\/span>\n\t\t<\/p>\n\t\t<div>\n\t\t\t<p><span class=\"wpcf7-form-control-wrap\" data-name=\"especialidad\"><select class=\"wpcf7-form-control wpcf7-select\" aria-invalid=\"false\" name=\"especialidad\"><option value=\"\">ESPECIALITAT<\/option><option value=\"Animaci\u00f3 2D\">Animaci\u00f3 2D<\/option><option value=\"Animaci\u00f3 3D\">Animaci\u00f3 3D<\/option><option value=\"Concept Art\">Concept Art<\/option><option value=\"Videojocs\">Videojocs<\/option><option value=\"VFX\">VFX<\/option><option value=\"Disseny\">Disseny<\/option><option value=\"UX\/UI Design\">UX\/UI Design<\/option><option value=\"Disseny Gr\u00e0fic\">Disseny Gr\u00e0fic<\/option><option value=\"Art i Creativitat\">Art i Creativitat<\/option><option value=\"Motion Design\">Motion Design<\/option><option value=\"Web Design\">Web Design<\/option><option value=\"Design Thinking\">Design Thinking<\/option><option value=\"Disseny de Producte\">Disseny de Producte<\/option><\/select><\/span>\n\t\t\t<\/p>\n\t\t<\/div>\n\t\t<div>\n\t\t\t<p><span class=\"wpcf7-form-control-wrap\" data-name=\"portfolio\"><input size=\"40\" maxlength=\"400\" class=\"wpcf7-form-control wpcf7-text wpcf7-validates-as-required\" aria-required=\"true\" aria-invalid=\"false\" placeholder=\"ENLLA\u00c7 A PORTFOLI\" value=\"\" type=\"text\" name=\"portfolio\" \/><\/span>\n\t\t\t<\/p>\n\t\t<\/div>\n\t\t<div>\n\t\t\t<p><span class=\"wpcf7-form-control-wrap\" data-name=\"contactemos\"><select class=\"wpcf7-form-control wpcf7-select\" aria-invalid=\"false\" name=\"contactemos\"><option value=\"\u00bfCOM PREFEREIXES QUE ET CONTACTEM?\">\u00bfCOM PREFEREIXES QUE ET CONTACTEM?<\/option><option value=\"Per e-mail\">Per e-mail<\/option><option value=\"Per Tel\u00e8fon\">Per Tel\u00e8fon<\/option><\/select><\/span>\n\t\t\t<\/p>\n\t\t<\/div>\n\t\t<p>INFORMACI\u00d3 PROTECCI\u00d3 DE DADES DE L\u2019IDEM\n\t\t<\/p>\n\t\t<p><strong> Finalitats:<\/strong> Enviament del nostre butllet\u00ed comercial i de comunicacions informatives i publicit\u00e0ries sobre els nostres productes i\/o serveis que siguin del seu inter\u00e8s, fins i tot per mitjans electr\u00f2nics.<br \/>\n<strong> Drets:<\/strong> Pot retirar el seu consentiment en qualsevol moment, aix\u00ed com accedir, rectificar, suprimir les seves dades i altres drets en <a href=\"mailto:info@lidembarcelona.com\" target=\"_blank\">info@lidembarcelona.com. <\/a><br \/>\n<strong>Informaci\u00f3 Addicional:<\/strong> Pot ampliar la informaci\u00f3 en l'enlla\u00e7 de <a href=\"\/ca\/politica-de-privacitat\/\">Pol\u00edtica de Privacitat<\/a>.\n\t\t<\/p>\n\t\t<p><br \/>\n<span class=\"wpcf7-form-control-wrap\" data-name=\"privacidad\"><span class=\"wpcf7-form-control wpcf7-checkbox wpcf7-validates-as-required\"><span class=\"wpcf7-list-item first last\"><input type=\"checkbox\" name=\"privacidad[]\" value=\"\" \/><span class=\"wpcf7-list-item-label\"><\/span><\/span><\/span><\/span> He llegit i accepto la <a href=\"\/ca\/politica-de-privacitat\/\">Pol\u00edtica de Privacitat<\/a>.\n\t\t<\/p>\n\t\t<p><br \/>\n<span class=\"wpcf7-form-control-wrap\" data-name=\"news\"><span class=\"wpcf7-form-control wpcf7-checkbox wpcf7-validates-as-required\"><span class=\"wpcf7-list-item first last\"><input type=\"checkbox\" name=\"news[]\" value=\"\" \/><span class=\"wpcf7-list-item-label\"><\/span><\/span><\/span><\/span> Accepto rebre informaci\u00f3 comercial, fins i tot per mitjans electr\u00f2nics.\n\t\t<\/p>\n\t\t<div class=\"btn-enviar\">\n\t\t\t<p><input class=\"wpcf7-form-control wpcf7-submit has-spinner btn-primary\" type=\"submit\" value=\"Enviar\" \/>\n\t\t\t<\/p>\n\t\t<\/div>\n\t<\/div>\n<\/div>\n<style>input.wpcf7-form-control.wpcf7-phonetext{padding-left:45px}\n<\/style><p style=\"display: none !important;\" class=\"akismet-fields-container\" data-prefix=\"_wpcf7_ak_\"><label>&#916;<textarea name=\"_wpcf7_ak_hp_textarea\" cols=\"45\" rows=\"8\" maxlength=\"100\"><\/textarea><\/label><input type=\"hidden\" id=\"ak_js_1\" name=\"_wpcf7_ak_js\" value=\"46\"\/><script>document.getElementById( \"ak_js_1\" ).setAttribute( \"value\", ( new Date() ).getTime() );<\/script><\/p><div class=\"wpcf7-response-output\" aria-hidden=\"true\"><\/div>\n<\/form>\n<\/div>\n[\/et_pb_code][\/et_pb_column][\/et_pb_row][\/et_pb_section]<\/p>\n","protected":false},"excerpt":{"rendered":"<p>Profesores de L&#8217;IdemEl equipo docente de L&#8217;Idem est\u00e1 formado por profesionales en activo y de reconocida trayectoria. Nuestros profesores son apasionados de la Animaci\u00f3n y el Dise\u00f1o que combinan su labor docente con proyectos audiovisuales por todo el mundo, est\u00e1n conectados con las necesidades de un sector en constante evoluci\u00f3n y son expertos en la [&hellip;]<\/p>\n","protected":false},"author":1,"featured_media":0,"parent":0,"menu_order":0,"comment_status":"closed","ping_status":"closed","template":"","meta":{"_et_pb_use_builder":"on","_et_pb_old_content":"","_et_gb_content_width":"","content-type":"","inline_featured_image":false,"footnotes":""},"class_list":["post-48806","page","type-page","status-publish","hentry"],"yoast_head":"<!-- This site is optimized with the Yoast SEO plugin v27.4 - https:\/\/yoast.com\/product\/yoast-seo-wordpress\/ -->\n<title>Conoce a nuestro equipo docente | L&#039;Idem Animation School<\/title>\n<meta name=\"description\" content=\"Equipo docente de L&#039;Idem Barcelona est\u00e1 formado por profesionales del sector de la educaci\u00f3n para la Animaci\u00f3n y Digital Design. \u00a1Con\u00f3celos!\" \/>\n<meta name=\"robots\" content=\"index, follow, max-snippet:-1, max-image-preview:large, max-video-preview:-1\" \/>\n<link rel=\"canonical\" href=\"https:\/\/www.lidemschool.com\/ca\/profesorado\/\" \/>\n<meta property=\"og:locale\" content=\"ca_ES\" \/>\n<meta property=\"og:type\" content=\"article\" \/>\n<meta property=\"og:title\" content=\"Conoce a nuestro equipo docente | L&#039;Idem Animation School\" \/>\n<meta property=\"og:description\" content=\"Equipo docente de L&#039;Idem Barcelona est\u00e1 formado por profesionales del sector de la educaci\u00f3n para la Animaci\u00f3n y Digital Design. \u00a1Con\u00f3celos!\" \/>\n<meta property=\"og:url\" content=\"https:\/\/www.lidemschool.com\/ca\/profesorado\/\" \/>\n<meta property=\"og:site_name\" content=\"L&#039;Idem Animation School\" \/>\n<meta property=\"article:modified_time\" content=\"2026-04-20T13:49:05+00:00\" \/>\n<meta property=\"og:image\" content=\"https:\/\/www.lidemschool.com\/wp-content\/uploads\/2025\/06\/Tendencias-animacion.jpg\" \/>\n\t<meta property=\"og:image:width\" content=\"1080\" \/>\n\t<meta property=\"og:image:height\" content=\"1920\" \/>\n\t<meta property=\"og:image:type\" content=\"image\/jpeg\" \/>\n<meta name=\"twitter:card\" content=\"summary_large_image\" \/>\n<meta name=\"twitter:label1\" content=\"Temps estimat de lectura\" \/>\n\t<meta name=\"twitter:data1\" content=\"1 minut\" \/>\n<script type=\"application\/ld+json\" class=\"yoast-schema-graph\">{\"@context\":\"https:\\\/\\\/schema.org\",\"@graph\":[{\"@type\":\"WebPage\",\"@id\":\"https:\\\/\\\/www.lidemschool.com\\\/ca\\\/profesorado\\\/\",\"url\":\"https:\\\/\\\/www.lidemschool.com\\\/ca\\\/profesorado\\\/\",\"name\":\"Conoce a nuestro equipo docente | L'Idem Animation School\",\"isPartOf\":{\"@id\":\"https:\\\/\\\/www.lidemschool.com\\\/ca\\\/#website\"},\"datePublished\":\"2021-09-07T11:37:08+00:00\",\"dateModified\":\"2026-04-20T13:49:05+00:00\",\"description\":\"Equipo docente de L'Idem Barcelona est\u00e1 formado por profesionales del sector de la educaci\u00f3n para la Animaci\u00f3n y Digital Design. \u00a1Con\u00f3celos!\",\"breadcrumb\":{\"@id\":\"https:\\\/\\\/www.lidemschool.com\\\/ca\\\/profesorado\\\/#breadcrumb\"},\"inLanguage\":\"ca\",\"potentialAction\":[{\"@type\":\"ReadAction\",\"target\":[\"https:\\\/\\\/www.lidemschool.com\\\/ca\\\/profesorado\\\/\"]}]},{\"@type\":\"BreadcrumbList\",\"@id\":\"https:\\\/\\\/www.lidemschool.com\\\/ca\\\/profesorado\\\/#breadcrumb\",\"itemListElement\":[{\"@type\":\"ListItem\",\"position\":1,\"name\":\"Home\",\"item\":\"https:\\\/\\\/www.lidemschool.com\\\/ca\\\/home-2\\\/\"},{\"@type\":\"ListItem\",\"position\":2,\"name\":\"Profesorado\"}]},{\"@type\":\"WebSite\",\"@id\":\"https:\\\/\\\/www.lidemschool.com\\\/ca\\\/#website\",\"url\":\"https:\\\/\\\/www.lidemschool.com\\\/ca\\\/\",\"name\":\"L&#039;Idem Animation School\",\"description\":\"L&#039;Idem Animation School\",\"potentialAction\":[{\"@type\":\"SearchAction\",\"target\":{\"@type\":\"EntryPoint\",\"urlTemplate\":\"https:\\\/\\\/www.lidemschool.com\\\/ca\\\/?s={search_term_string}\"},\"query-input\":{\"@type\":\"PropertyValueSpecification\",\"valueRequired\":true,\"valueName\":\"search_term_string\"}}],\"inLanguage\":\"ca\"}]}<\/script>\n<!-- \/ Yoast SEO plugin. -->","yoast_head_json":{"title":"Conoce a nuestro equipo docente | L'Idem Animation School","description":"Equipo docente de L'Idem Barcelona est\u00e1 formado por profesionales del sector de la educaci\u00f3n para la Animaci\u00f3n y Digital Design. \u00a1Con\u00f3celos!","robots":{"index":"index","follow":"follow","max-snippet":"max-snippet:-1","max-image-preview":"max-image-preview:large","max-video-preview":"max-video-preview:-1"},"canonical":"https:\/\/www.lidemschool.com\/ca\/profesorado\/","og_locale":"ca_ES","og_type":"article","og_title":"Conoce a nuestro equipo docente | L'Idem Animation School","og_description":"Equipo docente de L'Idem Barcelona est\u00e1 formado por profesionales del sector de la educaci\u00f3n para la Animaci\u00f3n y Digital Design. \u00a1Con\u00f3celos!","og_url":"https:\/\/www.lidemschool.com\/ca\/profesorado\/","og_site_name":"L&#039;Idem Animation School","article_modified_time":"2026-04-20T13:49:05+00:00","og_image":[{"width":1080,"height":1920,"url":"https:\/\/www.lidemschool.com\/wp-content\/uploads\/2025\/06\/Tendencias-animacion.jpg","type":"image\/jpeg"}],"twitter_card":"summary_large_image","twitter_misc":{"Temps estimat de lectura":"1 minut"},"schema":{"@context":"https:\/\/schema.org","@graph":[{"@type":"WebPage","@id":"https:\/\/www.lidemschool.com\/ca\/profesorado\/","url":"https:\/\/www.lidemschool.com\/ca\/profesorado\/","name":"Conoce a nuestro equipo docente | L'Idem Animation School","isPartOf":{"@id":"https:\/\/www.lidemschool.com\/ca\/#website"},"datePublished":"2021-09-07T11:37:08+00:00","dateModified":"2026-04-20T13:49:05+00:00","description":"Equipo docente de L'Idem Barcelona est\u00e1 formado por profesionales del sector de la educaci\u00f3n para la Animaci\u00f3n y Digital Design. \u00a1Con\u00f3celos!","breadcrumb":{"@id":"https:\/\/www.lidemschool.com\/ca\/profesorado\/#breadcrumb"},"inLanguage":"ca","potentialAction":[{"@type":"ReadAction","target":["https:\/\/www.lidemschool.com\/ca\/profesorado\/"]}]},{"@type":"BreadcrumbList","@id":"https:\/\/www.lidemschool.com\/ca\/profesorado\/#breadcrumb","itemListElement":[{"@type":"ListItem","position":1,"name":"Home","item":"https:\/\/www.lidemschool.com\/ca\/home-2\/"},{"@type":"ListItem","position":2,"name":"Profesorado"}]},{"@type":"WebSite","@id":"https:\/\/www.lidemschool.com\/ca\/#website","url":"https:\/\/www.lidemschool.com\/ca\/","name":"L&#039;Idem Animation School","description":"L&#039;Idem Animation School","potentialAction":[{"@type":"SearchAction","target":{"@type":"EntryPoint","urlTemplate":"https:\/\/www.lidemschool.com\/ca\/?s={search_term_string}"},"query-input":{"@type":"PropertyValueSpecification","valueRequired":true,"valueName":"search_term_string"}}],"inLanguage":"ca"}]}},"_links":{"self":[{"href":"https:\/\/www.lidemschool.com\/ca\/wp-json\/wp\/v2\/pages\/48806","targetHints":{"allow":["GET"]}}],"collection":[{"href":"https:\/\/www.lidemschool.com\/ca\/wp-json\/wp\/v2\/pages"}],"about":[{"href":"https:\/\/www.lidemschool.com\/ca\/wp-json\/wp\/v2\/types\/page"}],"author":[{"embeddable":true,"href":"https:\/\/www.lidemschool.com\/ca\/wp-json\/wp\/v2\/users\/1"}],"replies":[{"embeddable":true,"href":"https:\/\/www.lidemschool.com\/ca\/wp-json\/wp\/v2\/comments?post=48806"}],"version-history":[{"count":1,"href":"https:\/\/www.lidemschool.com\/ca\/wp-json\/wp\/v2\/pages\/48806\/revisions"}],"predecessor-version":[{"id":48809,"href":"https:\/\/www.lidemschool.com\/ca\/wp-json\/wp\/v2\/pages\/48806\/revisions\/48809"}],"wp:attachment":[{"href":"https:\/\/www.lidemschool.com\/ca\/wp-json\/wp\/v2\/media?parent=48806"}],"curies":[{"name":"wp","href":"https:\/\/api.w.org\/{rel}","templated":true}]}}