{"id":35601,"date":"2024-05-07T14:17:28","date_gmt":"2024-05-07T14:17:28","guid":{"rendered":"https:\/\/www.lidemschool.com\/masterclass-danimacio-japonesa-amb-atsuko-ishizuka\/"},"modified":"2024-06-05T11:59:03","modified_gmt":"2024-06-05T11:59:03","slug":"6-juny-design-vernissage","status":"publish","type":"page","link":"https:\/\/www.lidemschool.com\/ca\/6-juny-design-vernissage\/","title":{"rendered":"6 JUNY: Design Vernissage"},"content":{"rendered":"<p>[et_pb_section fb_built=&#8221;1&#8243; fullwidth=&#8221;on&#8221; _builder_version=&#8221;4.14.8&#8243; _module_preset=&#8221;default&#8221; global_colors_info=&#8221;{}&#8221;][et_pb_fullwidth_slider admin_label=&#8221; Design Vernissage&#8221; _builder_version=&#8221;4.14.8&#8243; _module_preset=&#8221;default&#8221; background_image=&#8221;https:\/\/www.lidemschool.com\/wp-content\/uploads\/2024\/05\/design-vernissage_web-header.jpg&#8221; background_size=&#8221;contain&#8221; global_colors_info=&#8221;{}&#8221;][et_pb_slide button_link=&#8221;#Form&#8221; use_bg_overlay=&#8221;on&#8221; bg_overlay_color=&#8221;rgba(61,57,59,0.37)&#8221; admin_title=&#8221; Design Vernissage&#8221; _builder_version=&#8221;4.14.8&#8243; _module_preset=&#8221;default&#8221; header_level=&#8221;h1&#8243; header_font=&#8221;|800|||||||&#8221; background_enable_color=&#8221;off&#8221; background_image=&#8221;https:\/\/www.lidemschool.com\/wp-content\/uploads\/2024\/05\/design-vernissage_web-header.jpg&#8221; background_enable_image=&#8221;on&#8221; parallax=&#8221;on&#8221; text_orientation=&#8221;center&#8221; text_shadow_style=&#8221;preset3&#8243; global_colors_info=&#8221;{}&#8221; sticky_transition=&#8221;on&#8221;][\/et_pb_slide][\/et_pb_fullwidth_slider][\/et_pb_section][et_pb_section fb_built=&#8221;1&#8243; _builder_version=&#8221;4.14.8&#8243; _module_preset=&#8221;default&#8221; global_colors_info=&#8221;{}&#8221;][et_pb_row _builder_version=&#8221;4.14.8&#8243; _module_preset=&#8221;default&#8221; global_colors_info=&#8221;{}&#8221;][et_pb_column type=&#8221;4_4&#8243; _builder_version=&#8221;4.14.8&#8243; _module_preset=&#8221;default&#8221; global_colors_info=&#8221;{}&#8221;][et_pb_text _builder_version=&#8221;4.14.8&#8243; _module_preset=&#8221;default&#8221; hover_enabled=&#8221;0&#8243; global_colors_info=&#8221;{}&#8221; sticky_enabled=&#8221;0&#8243;]<\/p>\n<h3 style=\"text-align: center;\"><b>VERNISSAGE DE DISE\u00d1O &#8211; DISE\u00d1O DIGITAL INTERNACIONAL + IA APLICADA A PROYECTOS DE DISE\u00d1O<\/b><\/h3>\n<h3 style=\"text-align: center;\"><strong> D\u00cdA 6 DE JUNIO, de 18 a 21h. <\/strong><\/h3>\n<p>[\/et_pb_text][\/et_pb_column][\/et_pb_row][et_pb_row _builder_version=&#8221;4.14.8&#8243; _module_preset=&#8221;default&#8221; global_colors_info=&#8221;{}&#8221;][et_pb_column type=&#8221;4_4&#8243; _builder_version=&#8221;4.14.8&#8243; _module_preset=&#8221;default&#8221; global_colors_info=&#8221;{}&#8221;][et_pb_text _builder_version=&#8221;4.14.8&#8243; _module_preset=&#8221;default&#8221; global_colors_info=&#8221;{}&#8221;]<\/p>\n<p>\u00a1\u00danete a nosotros y descubre tres presentaciones sobre Dise\u00f1o Digital e Inteligencia Artificial aplicada a proyectos de dise\u00f1o! Organizado por L&#8217;Idem Barcelona, \u200b\u200beste evento contar\u00e1 con la presentaci\u00f3n de destacados proyectos y expertos en el campo. Habr\u00e1 una exposici\u00f3n seguida de una sesi\u00f3n de preguntas y la oportunidad de hacer networking mientras disfruta de un aperitivo y la m\u00fasica de un DJ.<\/p>\n<p>[\/et_pb_text][\/et_pb_column][\/et_pb_row][et_pb_row _builder_version=&#8221;4.14.8&#8243; _module_preset=&#8221;default&#8221; global_colors_info=&#8221;{}&#8221;][et_pb_column type=&#8221;4_4&#8243; _builder_version=&#8221;4.14.8&#8243; _module_preset=&#8221;default&#8221; global_colors_info=&#8221;{}&#8221;][et_pb_divider color=&#8221;#F3584D&#8221; _builder_version=&#8221;4.14.8&#8243; _module_preset=&#8221;default&#8221; global_colors_info=&#8221;{}&#8221;][\/et_pb_divider][\/et_pb_column][\/et_pb_row][et_pb_row column_structure=&#8221;1_3,1_3,1_3&#8243; _builder_version=&#8221;4.14.8&#8243; _module_preset=&#8221;default&#8221; global_colors_info=&#8221;{}&#8221;][et_pb_column type=&#8221;1_3&#8243; _builder_version=&#8221;4.14.8&#8243; _module_preset=&#8221;default&#8221; global_colors_info=&#8221;{}&#8221;][et_pb_image src=&#8221;https:\/\/www.lidemschool.com\/wp-content\/uploads\/2024\/05\/vernissage.jpg&#8221; alt=&#8221;synthetic-memories&#8221; title_text=&#8221;synthetic-memories&#8221; _builder_version=&#8221;4.14.8&#8243; _module_preset=&#8221;default&#8221; global_colors_info=&#8221;{}&#8221;][\/et_pb_image][et_pb_text _builder_version=&#8221;4.14.8&#8243; _module_preset=&#8221;default&#8221; global_colors_info=&#8221;{}&#8221;]<\/p>\n<h4 style=\"text-align: center;\"><b>SYNTHETIC MEMORIES<\/b><\/h4>\n<p style=\"text-align: center;\"><b><\/b>Presentaci\u00f3n de Helena Galli i Pau Ventosa<\/p>\n<p>[\/et_pb_text][et_pb_button button_url=&#8221;https:\/\/www.domesticstreamers.com\/art-research\/work\/synthetic-memories\/&#8221; button_text=&#8221;+ info&#8221; button_alignment=&#8221;center&#8221; _builder_version=&#8221;4.14.8&#8243; _module_preset=&#8221;default&#8221; global_colors_info=&#8221;{}&#8221;][\/et_pb_button][\/et_pb_column][et_pb_column type=&#8221;1_3&#8243; _builder_version=&#8221;4.14.8&#8243; _module_preset=&#8221;default&#8221; global_colors_info=&#8221;{}&#8221;][et_pb_image src=&#8221;https:\/\/www.lidemschool.com\/wp-content\/uploads\/2024\/05\/vernissage_2.jpg&#8221; title_text=&#8221;vernissage_2&#8243; _builder_version=&#8221;4.14.8&#8243; _module_preset=&#8221;default&#8221; global_colors_info=&#8221;{}&#8221;][\/et_pb_image][et_pb_text _builder_version=&#8221;4.14.8&#8243; _module_preset=&#8221;default&#8221; global_colors_info=&#8221;{}&#8221;]<\/p>\n<h4 style=\"text-align: center;\"><strong>THE NEVERREST PROJECT <\/strong><\/h4>\n<p style=\"text-align: center;\">Presentaci\u00f3n de Frederik Kauffman (CEO y fundador)<\/p>\n<p>[\/et_pb_text][et_pb_button button_url=&#8221;https:\/\/theneverrestproject.org&#8221; button_text=&#8221;+ info&#8221; button_alignment=&#8221;center&#8221; _builder_version=&#8221;4.14.8&#8243; _module_preset=&#8221;default&#8221; global_colors_info=&#8221;{}&#8221;][\/et_pb_button][\/et_pb_column][et_pb_column type=&#8221;1_3&#8243; _builder_version=&#8221;4.14.8&#8243; _module_preset=&#8221;default&#8221; global_colors_info=&#8221;{}&#8221;][et_pb_image src=&#8221;https:\/\/www.lidemschool.com\/wp-content\/uploads\/2024\/05\/suave_guido_retoque.jpg&#8221; alt=&#8221;proyecto-suave&#8221; title_text=&#8221;proyecto-suave&#8221; _builder_version=&#8221;4.14.8&#8243; _module_preset=&#8221;default&#8221; global_colors_info=&#8221;{}&#8221;][\/et_pb_image][et_pb_text _builder_version=&#8221;4.14.8&#8243; _module_preset=&#8221;default&#8221; global_colors_info=&#8221;{}&#8221;]<\/p>\n<h4 style=\"text-align: center;\"><strong>STILL HOPE FOR YOUNG DESIGNERS<\/strong><\/h4>\n<p style=\"text-align: center;\">Presentaci\u00f3n de Guido del Solar.<\/p>\n<p>[\/et_pb_text][et_pb_button button_url=&#8221;https:\/\/suave.barcelona\/&#8221; button_text=&#8221;+ info&#8221; button_alignment=&#8221;center&#8221; _builder_version=&#8221;4.14.8&#8243; _module_preset=&#8221;default&#8221; global_colors_info=&#8221;{}&#8221;][\/et_pb_button][\/et_pb_column][\/et_pb_row][et_pb_row _builder_version=&#8221;4.14.8&#8243; _module_preset=&#8221;default&#8221; global_colors_info=&#8221;{}&#8221;][et_pb_column type=&#8221;4_4&#8243; _builder_version=&#8221;4.14.8&#8243; _module_preset=&#8221;default&#8221; global_colors_info=&#8221;{}&#8221;][et_pb_divider color=&#8221;#F3584D&#8221; _builder_version=&#8221;4.14.8&#8243; _module_preset=&#8221;default&#8221; global_colors_info=&#8221;{}&#8221;][\/et_pb_divider][\/et_pb_column][\/et_pb_row][et_pb_row _builder_version=&#8221;4.14.8&#8243; _module_preset=&#8221;default&#8221; global_colors_info=&#8221;{}&#8221;][et_pb_column type=&#8221;4_4&#8243; _builder_version=&#8221;4.14.8&#8243; _module_preset=&#8221;default&#8221; global_colors_info=&#8221;{}&#8221;][et_pb_text _builder_version=&#8221;4.14.8&#8243; _module_preset=&#8221;default&#8221; global_colors_info=&#8221;{}&#8221;]<\/p>\n<div style=\"text-align: center;\"><strong>Este evento es una excelente oportunidad para conocer las \u00faltimas tendencias en dise\u00f1o digital y AI aplicada a proyectos, establecer contactos y disfrutar de una velada inspiradora.<\/ strong><\/div>\n<p>[\/et_pb_text][\/et_pb_column][\/et_pb_row][et_pb_row _builder_version=&#8221;4.14.8&#8243; _module_preset=&#8221;default&#8221; global_colors_info=&#8221;{}&#8221;][et_pb_column type=&#8221;4_4&#8243; _builder_version=&#8221;4.14.8&#8243; _module_preset=&#8221;default&#8221; global_colors_info=&#8221;{}&#8221;][et_pb_image src=&#8221;https:\/\/www.lidemschool.com\/wp-content\/uploads\/2024\/05\/ponentes_designvernissage.png&#8221; title_text=&#8221;ponentes_designvernissage&#8221; _builder_version=&#8221;4.14.8&#8243; _module_preset=&#8221;default&#8221; global_colors_info=&#8221;{}&#8221;][\/et_pb_image][\/et_pb_column][\/et_pb_row][et_pb_row _builder_version=&#8221;4.14.8&#8243; _module_preset=&#8221;default&#8221; global_colors_info=&#8221;{}&#8221;][et_pb_column type=&#8221;4_4&#8243; _builder_version=&#8221;4.14.8&#8243; _module_preset=&#8221;default&#8221; global_colors_info=&#8221;{}&#8221;][et_pb_divider _builder_version=&#8221;4.14.8&#8243; _module_preset=&#8221;default&#8221; global_colors_info=&#8221;{}&#8221;][\/et_pb_divider][\/et_pb_column][\/et_pb_row][et_pb_row column_structure=&#8221;1_2,1_2&#8243; _builder_version=&#8221;4.14.8&#8243; _module_preset=&#8221;default&#8221; global_colors_info=&#8221;{}&#8221;][et_pb_column type=&#8221;1_2&#8243; _builder_version=&#8221;4.14.8&#8243; _module_preset=&#8221;default&#8221; global_colors_info=&#8221;{}&#8221;][et_pb_text _builder_version=&#8221;4.14.8&#8243; _module_preset=&#8221;default&#8221; global_colors_info=&#8221;{}&#8221;]<\/p>\n<h3><b>DESIGN VERNISSAGE <\/b><\/h3>\n<p class=\"elementToProof\">Dijous, 06 Juny Design Vernissage &#8211; International Digital Design + Applied AI to Design projects.<\/p>\n<p class=\"elementToProof\">Esdeveniment de L&#8217;Idem Barcelona organitzat en col\u00b7laboraci\u00f3 amb The NeverRest Project \/ Synthetic Memories \/ Design Challenges.<\/p>\n<p class=\"elementToProof\">L&#8217;esdeveniment de disseny digital i IA aplicada \u00e9s aqu\u00ed! \ud83d\udd25<\/p>\n<div> <\/div>\n<p><strong>CAMPUS DE POBLENOU:<\/strong><br \/>C\/ de la Ciutat de Granada, 53, 57, 08005 Barcelona<\/p>\n<p>[\/et_pb_text][\/et_pb_column][et_pb_column type=&#8221;1_2&#8243; _builder_version=&#8221;4.14.8&#8243; _module_preset=&#8221;default&#8221; global_colors_info=&#8221;{}&#8221;][et_pb_text _builder_version=&#8221;4.14.8&#8243; _module_preset=&#8221;default&#8221; global_colors_info=&#8221;{}&#8221;]<\/p>\n<h4><strong>FORMULARIO DE INSCRIPCI\u00d3N<\/strong><\/h4>\n<p>[\/et_pb_text][et_pb_code _builder_version=&#8221;4.14.8&#8243; _module_preset=&#8221;default&#8221; global_colors_info=&#8221;{}&#8221;]<script charset=\"utf-8\" type=\"text\/javascript\" src=\"\/\/js-eu1.hsforms.net\/forms\/embed\/v2.js\"><\/script><!-- [et_pb_line_break_holder] --><script><!-- [et_pb_line_break_holder] -->  hbspt.forms.create({<!-- [et_pb_line_break_holder] -->    region: \"eu1\",<!-- [et_pb_line_break_holder] -->    portalId: \"24880151\",<!-- [et_pb_line_break_holder] -->    formId: \"9fc52d88-ef46-4f5f-9e26-6bf4cdf31647\"<!-- [et_pb_line_break_holder] -->  });<!-- [et_pb_line_break_holder] --><\/script>[\/et_pb_code][\/et_pb_column][\/et_pb_row][\/et_pb_section]<\/p>\n","protected":false},"excerpt":{"rendered":"<p>VERNISSAGE DE DISE\u00d1O &#8211; DISE\u00d1O DIGITAL INTERNACIONAL + IA APLICADA A PROYECTOS DE DISE\u00d1O D\u00cdA 6 DE JUNIO, de 18 a 21h. \u00a1\u00danete a nosotros y descubre tres presentaciones sobre Dise\u00f1o Digital e Inteligencia Artificial aplicada a proyectos de dise\u00f1o! Organizado por L&#8217;Idem Barcelona, \u200b\u200beste evento contar\u00e1 con la presentaci\u00f3n de destacados proyectos y expertos [&hellip;]<\/p>\n","protected":false},"author":7,"featured_media":35856,"parent":0,"menu_order":0,"comment_status":"closed","ping_status":"closed","template":"","meta":{"_et_pb_use_builder":"on","_et_pb_old_content":"","_et_gb_content_width":"","content-type":"","inline_featured_image":false,"footnotes":""},"class_list":["post-35601","page","type-page","status-publish","has-post-thumbnail","hentry"],"yoast_head":"<!-- This site is optimized with the Yoast SEO plugin v27.4 - https:\/\/yoast.com\/product\/yoast-seo-wordpress\/ -->\n<title>ESDEVENIMENT 6 JUNY: Design Vernissage<\/title>\n<meta name=\"description\" content=\"Vine i descobreix tres xerrades i exposicions sobre Disseny Digital i IA aplicada a projectes de disseny. T&#039;esperem el 6 de juny!\" \/>\n<meta name=\"robots\" content=\"noindex, nofollow\" \/>\n<meta property=\"og:locale\" content=\"ca_ES\" \/>\n<meta property=\"og:type\" content=\"article\" \/>\n<meta property=\"og:title\" content=\"ESDEVENIMENT 6 JUNY: Design Vernissage\" \/>\n<meta property=\"og:description\" content=\"Vine i descobreix tres xerrades i exposicions sobre Disseny Digital i IA aplicada a projectes de disseny. T&#039;esperem el 6 de juny!\" \/>\n<meta property=\"og:url\" content=\"https:\/\/www.lidemschool.com\/ca\/6-juny-design-vernissage\/\" \/>\n<meta property=\"og:site_name\" content=\"L&#039;Idem Animation School\" \/>\n<meta property=\"article:modified_time\" content=\"2024-06-05T11:59:03+00:00\" \/>\n<meta property=\"og:image\" content=\"https:\/\/www.lidemschool.com\/wp-content\/uploads\/2024\/05\/design-vernissage_web-header.jpg\" \/>\n\t<meta property=\"og:image:width\" content=\"1000\" \/>\n\t<meta property=\"og:image:height\" content=\"563\" \/>\n\t<meta property=\"og:image:type\" content=\"image\/jpeg\" \/>\n<meta name=\"twitter:card\" content=\"summary_large_image\" \/>\n<meta name=\"twitter:label1\" content=\"Temps estimat de lectura\" \/>\n\t<meta name=\"twitter:data1\" content=\"3 minuts\" \/>\n<script type=\"application\/ld+json\" class=\"yoast-schema-graph\">{\"@context\":\"https:\\\/\\\/schema.org\",\"@graph\":[{\"@type\":\"WebPage\",\"@id\":\"https:\\\/\\\/www.lidemschool.com\\\/ca\\\/6-juny-design-vernissage\\\/\",\"url\":\"https:\\\/\\\/www.lidemschool.com\\\/ca\\\/6-juny-design-vernissage\\\/\",\"name\":\"ESDEVENIMENT 6 JUNY: Design Vernissage\",\"isPartOf\":{\"@id\":\"https:\\\/\\\/www.lidemschool.com\\\/ca\\\/#website\"},\"primaryImageOfPage\":{\"@id\":\"https:\\\/\\\/www.lidemschool.com\\\/ca\\\/6-juny-design-vernissage\\\/#primaryimage\"},\"image\":{\"@id\":\"https:\\\/\\\/www.lidemschool.com\\\/ca\\\/6-juny-design-vernissage\\\/#primaryimage\"},\"thumbnailUrl\":\"https:\\\/\\\/www.lidemschool.com\\\/wp-content\\\/uploads\\\/2024\\\/05\\\/design-vernissage_web-header.jpg\",\"datePublished\":\"2024-05-07T14:17:28+00:00\",\"dateModified\":\"2024-06-05T11:59:03+00:00\",\"description\":\"Vine i descobreix tres xerrades i exposicions sobre Disseny Digital i IA aplicada a projectes de disseny. T'esperem el 6 de juny!\",\"breadcrumb\":{\"@id\":\"https:\\\/\\\/www.lidemschool.com\\\/ca\\\/6-juny-design-vernissage\\\/#breadcrumb\"},\"inLanguage\":\"ca\",\"potentialAction\":[{\"@type\":\"ReadAction\",\"target\":[\"https:\\\/\\\/www.lidemschool.com\\\/ca\\\/6-juny-design-vernissage\\\/\"]}]},{\"@type\":\"ImageObject\",\"inLanguage\":\"ca\",\"@id\":\"https:\\\/\\\/www.lidemschool.com\\\/ca\\\/6-juny-design-vernissage\\\/#primaryimage\",\"url\":\"https:\\\/\\\/www.lidemschool.com\\\/wp-content\\\/uploads\\\/2024\\\/05\\\/design-vernissage_web-header.jpg\",\"contentUrl\":\"https:\\\/\\\/www.lidemschool.com\\\/wp-content\\\/uploads\\\/2024\\\/05\\\/design-vernissage_web-header.jpg\",\"width\":1000,\"height\":563},{\"@type\":\"BreadcrumbList\",\"@id\":\"https:\\\/\\\/www.lidemschool.com\\\/ca\\\/6-juny-design-vernissage\\\/#breadcrumb\",\"itemListElement\":[{\"@type\":\"ListItem\",\"position\":1,\"name\":\"Home\",\"item\":\"https:\\\/\\\/www.lidemschool.com\\\/ca\\\/home-2\\\/\"},{\"@type\":\"ListItem\",\"position\":2,\"name\":\"6 JUNY: Design Vernissage\"}]},{\"@type\":\"WebSite\",\"@id\":\"https:\\\/\\\/www.lidemschool.com\\\/ca\\\/#website\",\"url\":\"https:\\\/\\\/www.lidemschool.com\\\/ca\\\/\",\"name\":\"L&#039;Idem Animation School\",\"description\":\"L&#039;Idem Animation School\",\"potentialAction\":[{\"@type\":\"SearchAction\",\"target\":{\"@type\":\"EntryPoint\",\"urlTemplate\":\"https:\\\/\\\/www.lidemschool.com\\\/ca\\\/?s={search_term_string}\"},\"query-input\":{\"@type\":\"PropertyValueSpecification\",\"valueRequired\":true,\"valueName\":\"search_term_string\"}}],\"inLanguage\":\"ca\"}]}<\/script>\n<!-- \/ Yoast SEO plugin. -->","yoast_head_json":{"title":"ESDEVENIMENT 6 JUNY: Design Vernissage","description":"Vine i descobreix tres xerrades i exposicions sobre Disseny Digital i IA aplicada a projectes de disseny. T'esperem el 6 de juny!","robots":{"index":"noindex","follow":"nofollow"},"og_locale":"ca_ES","og_type":"article","og_title":"ESDEVENIMENT 6 JUNY: Design Vernissage","og_description":"Vine i descobreix tres xerrades i exposicions sobre Disseny Digital i IA aplicada a projectes de disseny. T'esperem el 6 de juny!","og_url":"https:\/\/www.lidemschool.com\/ca\/6-juny-design-vernissage\/","og_site_name":"L&#039;Idem Animation School","article_modified_time":"2024-06-05T11:59:03+00:00","og_image":[{"width":1000,"height":563,"url":"https:\/\/www.lidemschool.com\/wp-content\/uploads\/2024\/05\/design-vernissage_web-header.jpg","type":"image\/jpeg"}],"twitter_card":"summary_large_image","twitter_misc":{"Temps estimat de lectura":"3 minuts"},"schema":{"@context":"https:\/\/schema.org","@graph":[{"@type":"WebPage","@id":"https:\/\/www.lidemschool.com\/ca\/6-juny-design-vernissage\/","url":"https:\/\/www.lidemschool.com\/ca\/6-juny-design-vernissage\/","name":"ESDEVENIMENT 6 JUNY: Design Vernissage","isPartOf":{"@id":"https:\/\/www.lidemschool.com\/ca\/#website"},"primaryImageOfPage":{"@id":"https:\/\/www.lidemschool.com\/ca\/6-juny-design-vernissage\/#primaryimage"},"image":{"@id":"https:\/\/www.lidemschool.com\/ca\/6-juny-design-vernissage\/#primaryimage"},"thumbnailUrl":"https:\/\/www.lidemschool.com\/wp-content\/uploads\/2024\/05\/design-vernissage_web-header.jpg","datePublished":"2024-05-07T14:17:28+00:00","dateModified":"2024-06-05T11:59:03+00:00","description":"Vine i descobreix tres xerrades i exposicions sobre Disseny Digital i IA aplicada a projectes de disseny. T'esperem el 6 de juny!","breadcrumb":{"@id":"https:\/\/www.lidemschool.com\/ca\/6-juny-design-vernissage\/#breadcrumb"},"inLanguage":"ca","potentialAction":[{"@type":"ReadAction","target":["https:\/\/www.lidemschool.com\/ca\/6-juny-design-vernissage\/"]}]},{"@type":"ImageObject","inLanguage":"ca","@id":"https:\/\/www.lidemschool.com\/ca\/6-juny-design-vernissage\/#primaryimage","url":"https:\/\/www.lidemschool.com\/wp-content\/uploads\/2024\/05\/design-vernissage_web-header.jpg","contentUrl":"https:\/\/www.lidemschool.com\/wp-content\/uploads\/2024\/05\/design-vernissage_web-header.jpg","width":1000,"height":563},{"@type":"BreadcrumbList","@id":"https:\/\/www.lidemschool.com\/ca\/6-juny-design-vernissage\/#breadcrumb","itemListElement":[{"@type":"ListItem","position":1,"name":"Home","item":"https:\/\/www.lidemschool.com\/ca\/home-2\/"},{"@type":"ListItem","position":2,"name":"6 JUNY: Design Vernissage"}]},{"@type":"WebSite","@id":"https:\/\/www.lidemschool.com\/ca\/#website","url":"https:\/\/www.lidemschool.com\/ca\/","name":"L&#039;Idem Animation School","description":"L&#039;Idem Animation School","potentialAction":[{"@type":"SearchAction","target":{"@type":"EntryPoint","urlTemplate":"https:\/\/www.lidemschool.com\/ca\/?s={search_term_string}"},"query-input":{"@type":"PropertyValueSpecification","valueRequired":true,"valueName":"search_term_string"}}],"inLanguage":"ca"}]}},"_links":{"self":[{"href":"https:\/\/www.lidemschool.com\/ca\/wp-json\/wp\/v2\/pages\/35601","targetHints":{"allow":["GET"]}}],"collection":[{"href":"https:\/\/www.lidemschool.com\/ca\/wp-json\/wp\/v2\/pages"}],"about":[{"href":"https:\/\/www.lidemschool.com\/ca\/wp-json\/wp\/v2\/types\/page"}],"author":[{"embeddable":true,"href":"https:\/\/www.lidemschool.com\/ca\/wp-json\/wp\/v2\/users\/7"}],"replies":[{"embeddable":true,"href":"https:\/\/www.lidemschool.com\/ca\/wp-json\/wp\/v2\/comments?post=35601"}],"version-history":[{"count":40,"href":"https:\/\/www.lidemschool.com\/ca\/wp-json\/wp\/v2\/pages\/35601\/revisions"}],"predecessor-version":[{"id":36161,"href":"https:\/\/www.lidemschool.com\/ca\/wp-json\/wp\/v2\/pages\/35601\/revisions\/36161"}],"wp:featuredmedia":[{"embeddable":true,"href":"https:\/\/www.lidemschool.com\/ca\/wp-json\/wp\/v2\/media\/35856"}],"wp:attachment":[{"href":"https:\/\/www.lidemschool.com\/ca\/wp-json\/wp\/v2\/media?parent=35601"}],"curies":[{"name":"wp","href":"https:\/\/api.w.org\/{rel}","templated":true}]}}