{"id":14526,"date":"2022-03-18T10:28:26","date_gmt":"2022-03-18T10:28:26","guid":{"rendered":"https:\/\/www.lidemschool.com\/politica-cookies\/"},"modified":"2022-05-18T14:45:29","modified_gmt":"2022-05-18T14:45:29","slug":"politica-cookies","status":"publish","type":"page","link":"https:\/\/www.lidemschool.com\/ca\/politica-cookies\/","title":{"rendered":"Pol\u00edtica cookies"},"content":{"rendered":"<p>[et_pb_section fb_built=&#8221;1&#8243; _builder_version=&#8221;3.22&#8243; global_colors_info=&#8221;{}&#8221;][et_pb_row _builder_version=&#8221;3.25&#8243; background_size=&#8221;initial&#8221; background_position=&#8221;top_left&#8221; background_repeat=&#8221;repeat&#8221; global_colors_info=&#8221;{}&#8221;][et_pb_column type=&#8221;4_4&#8243; _builder_version=&#8221;3.25&#8243; custom_padding=&#8221;|||&#8221; global_colors_info=&#8221;{}&#8221; custom_padding__hover=&#8221;|||&#8221;][et_pb_text _builder_version=&#8221;4.14.8&#8243; text_font=&#8221;|300|||||||&#8221; background_size=&#8221;initial&#8221; background_position=&#8221;top_left&#8221; background_repeat=&#8221;repeat&#8221; global_colors_info=&#8221;{}&#8221;]<\/p>\n<h2 style=\"font-size: 40px!important;\">Pol\u00edtica de cookies<\/h2>\n<p>[\/et_pb_text][et_pb_text _builder_version=&#8221;4.9.7&#8243; text_font=&#8221;|300|||||||&#8221; background_size=&#8221;initial&#8221; background_position=&#8221;top_left&#8221; background_repeat=&#8221;repeat&#8221; global_colors_info=&#8221;{}&#8221;]<\/p>\n<p>Utilitzem cookies per facilitar l&#8217;\u00fas del nostre lloc web. Les cookies s\u00f3n petits arxius d&#8217;informaci\u00f3 que ens permeten comprendre millor com naveguen els nostres usuaris pel nostre lloc web i, d&#8217;aquesta manera, ajudar-los durant el proc\u00e9s de navegaci\u00f3 mostrant-los la informaci\u00f3 del seu inter\u00e8s. Les cookies que fem servir no emmagatzemen dades personals, tal com estableix la Llei Org\u00e0nica de Protecci\u00f3 de Dades, ni cap informaci\u00f3 que pugui identificar-li. Si no desitja rebre cookies, configuri el seu navegador d&#8217;Internet per a eliminar-les del disc dur de la seva computadora, bloquejar-les o notificar-li si s&#8217;instal\u00b7laran. Per a continuar sense canvis en la configuraci\u00f3 de cookies, simplement continu\u00ef navegant pel lloc web. <\/p>\n<p>[\/et_pb_text][\/et_pb_column][\/et_pb_row][\/et_pb_section]<\/p>\n","protected":false},"excerpt":{"rendered":"<p>Pol\u00edtica de cookiesUtilitzem cookies per facilitar l&#8217;\u00fas del nostre lloc web. Les cookies s\u00f3n petits arxius d&#8217;informaci\u00f3 que ens permeten comprendre millor com naveguen els nostres usuaris pel nostre lloc web i, d&#8217;aquesta manera, ajudar-los durant el proc\u00e9s de navegaci\u00f3 mostrant-los la informaci\u00f3 del seu inter\u00e8s. Les cookies que fem servir no emmagatzemen dades personals, [&hellip;]<\/p>\n","protected":false},"author":1,"featured_media":0,"parent":0,"menu_order":0,"comment_status":"closed","ping_status":"closed","template":"","meta":{"_et_pb_use_builder":"on","_et_pb_old_content":"","_et_gb_content_width":"","content-type":"","inline_featured_image":false,"footnotes":""},"class_list":["post-14526","page","type-page","status-publish","hentry"],"yoast_head":"<!-- This site is optimized with the Yoast SEO plugin v27.4 - https:\/\/yoast.com\/product\/yoast-seo-wordpress\/ -->\n<title>Pol\u00edtica cookies - L&#039;Idem Animation School<\/title>\n<meta name=\"robots\" content=\"noindex, nofollow\" \/>\n<meta property=\"og:locale\" content=\"ca_ES\" \/>\n<meta property=\"og:type\" content=\"article\" \/>\n<meta property=\"og:title\" content=\"Pol\u00edtica cookies - L&#039;Idem Animation School\" \/>\n<meta property=\"og:description\" content=\"Pol\u00edtica de cookiesUtilitzem cookies per facilitar l&#039;\u00fas del nostre lloc web. Les cookies s\u00f3n petits arxius d&#039;informaci\u00f3 que ens permeten comprendre millor com naveguen els nostres usuaris pel nostre lloc web i, d&#039;aquesta manera, ajudar-los durant el proc\u00e9s de navegaci\u00f3 mostrant-los la informaci\u00f3 del seu inter\u00e8s. Les cookies que fem servir no emmagatzemen dades personals, [&hellip;]\" \/>\n<meta property=\"og:url\" content=\"https:\/\/www.lidemschool.com\/ca\/politica-cookies\/\" \/>\n<meta property=\"og:site_name\" content=\"L&#039;Idem Animation School\" \/>\n<meta property=\"article:modified_time\" content=\"2022-05-18T14:45:29+00:00\" \/>\n<meta property=\"og:image\" content=\"https:\/\/www.lidemschool.com\/wp-content\/uploads\/2025\/06\/Tendencias-animacion.jpg\" \/>\n\t<meta property=\"og:image:width\" content=\"1080\" \/>\n\t<meta property=\"og:image:height\" content=\"1920\" \/>\n\t<meta property=\"og:image:type\" content=\"image\/jpeg\" \/>\n<meta name=\"twitter:card\" content=\"summary_large_image\" \/>\n<meta name=\"twitter:label1\" content=\"Temps estimat de lectura\" \/>\n\t<meta name=\"twitter:data1\" content=\"1 minut\" \/>\n<script type=\"application\/ld+json\" class=\"yoast-schema-graph\">{\"@context\":\"https:\\\/\\\/schema.org\",\"@graph\":[{\"@type\":\"WebPage\",\"@id\":\"https:\\\/\\\/www.lidemschool.com\\\/ca\\\/politica-cookies\\\/\",\"url\":\"https:\\\/\\\/www.lidemschool.com\\\/ca\\\/politica-cookies\\\/\",\"name\":\"Pol\u00edtica cookies - L&#039;Idem Animation School\",\"isPartOf\":{\"@id\":\"https:\\\/\\\/www.lidemschool.com\\\/ca\\\/#website\"},\"datePublished\":\"2022-03-18T10:28:26+00:00\",\"dateModified\":\"2022-05-18T14:45:29+00:00\",\"breadcrumb\":{\"@id\":\"https:\\\/\\\/www.lidemschool.com\\\/ca\\\/politica-cookies\\\/#breadcrumb\"},\"inLanguage\":\"ca\",\"potentialAction\":[{\"@type\":\"ReadAction\",\"target\":[\"https:\\\/\\\/www.lidemschool.com\\\/ca\\\/politica-cookies\\\/\"]}]},{\"@type\":\"BreadcrumbList\",\"@id\":\"https:\\\/\\\/www.lidemschool.com\\\/ca\\\/politica-cookies\\\/#breadcrumb\",\"itemListElement\":[{\"@type\":\"ListItem\",\"position\":1,\"name\":\"Home\",\"item\":\"https:\\\/\\\/www.lidemschool.com\\\/ca\\\/home-2\\\/\"},{\"@type\":\"ListItem\",\"position\":2,\"name\":\"Pol\u00edtica cookies\"}]},{\"@type\":\"WebSite\",\"@id\":\"https:\\\/\\\/www.lidemschool.com\\\/ca\\\/#website\",\"url\":\"https:\\\/\\\/www.lidemschool.com\\\/ca\\\/\",\"name\":\"L&#039;Idem Animation School\",\"description\":\"L&#039;Idem Animation School\",\"potentialAction\":[{\"@type\":\"SearchAction\",\"target\":{\"@type\":\"EntryPoint\",\"urlTemplate\":\"https:\\\/\\\/www.lidemschool.com\\\/ca\\\/?s={search_term_string}\"},\"query-input\":{\"@type\":\"PropertyValueSpecification\",\"valueRequired\":true,\"valueName\":\"search_term_string\"}}],\"inLanguage\":\"ca\"}]}<\/script>\n<!-- \/ Yoast SEO plugin. -->","yoast_head_json":{"title":"Pol\u00edtica cookies - L&#039;Idem Animation School","robots":{"index":"noindex","follow":"nofollow"},"og_locale":"ca_ES","og_type":"article","og_title":"Pol\u00edtica cookies - L&#039;Idem Animation School","og_description":"Pol\u00edtica de cookiesUtilitzem cookies per facilitar l'\u00fas del nostre lloc web. Les cookies s\u00f3n petits arxius d'informaci\u00f3 que ens permeten comprendre millor com naveguen els nostres usuaris pel nostre lloc web i, d'aquesta manera, ajudar-los durant el proc\u00e9s de navegaci\u00f3 mostrant-los la informaci\u00f3 del seu inter\u00e8s. Les cookies que fem servir no emmagatzemen dades personals, [&hellip;]","og_url":"https:\/\/www.lidemschool.com\/ca\/politica-cookies\/","og_site_name":"L&#039;Idem Animation School","article_modified_time":"2022-05-18T14:45:29+00:00","og_image":[{"width":1080,"height":1920,"url":"https:\/\/www.lidemschool.com\/wp-content\/uploads\/2025\/06\/Tendencias-animacion.jpg","type":"image\/jpeg"}],"twitter_card":"summary_large_image","twitter_misc":{"Temps estimat de lectura":"1 minut"},"schema":{"@context":"https:\/\/schema.org","@graph":[{"@type":"WebPage","@id":"https:\/\/www.lidemschool.com\/ca\/politica-cookies\/","url":"https:\/\/www.lidemschool.com\/ca\/politica-cookies\/","name":"Pol\u00edtica cookies - L&#039;Idem Animation School","isPartOf":{"@id":"https:\/\/www.lidemschool.com\/ca\/#website"},"datePublished":"2022-03-18T10:28:26+00:00","dateModified":"2022-05-18T14:45:29+00:00","breadcrumb":{"@id":"https:\/\/www.lidemschool.com\/ca\/politica-cookies\/#breadcrumb"},"inLanguage":"ca","potentialAction":[{"@type":"ReadAction","target":["https:\/\/www.lidemschool.com\/ca\/politica-cookies\/"]}]},{"@type":"BreadcrumbList","@id":"https:\/\/www.lidemschool.com\/ca\/politica-cookies\/#breadcrumb","itemListElement":[{"@type":"ListItem","position":1,"name":"Home","item":"https:\/\/www.lidemschool.com\/ca\/home-2\/"},{"@type":"ListItem","position":2,"name":"Pol\u00edtica cookies"}]},{"@type":"WebSite","@id":"https:\/\/www.lidemschool.com\/ca\/#website","url":"https:\/\/www.lidemschool.com\/ca\/","name":"L&#039;Idem Animation School","description":"L&#039;Idem Animation School","potentialAction":[{"@type":"SearchAction","target":{"@type":"EntryPoint","urlTemplate":"https:\/\/www.lidemschool.com\/ca\/?s={search_term_string}"},"query-input":{"@type":"PropertyValueSpecification","valueRequired":true,"valueName":"search_term_string"}}],"inLanguage":"ca"}]}},"_links":{"self":[{"href":"https:\/\/www.lidemschool.com\/ca\/wp-json\/wp\/v2\/pages\/14526","targetHints":{"allow":["GET"]}}],"collection":[{"href":"https:\/\/www.lidemschool.com\/ca\/wp-json\/wp\/v2\/pages"}],"about":[{"href":"https:\/\/www.lidemschool.com\/ca\/wp-json\/wp\/v2\/types\/page"}],"author":[{"embeddable":true,"href":"https:\/\/www.lidemschool.com\/ca\/wp-json\/wp\/v2\/users\/1"}],"replies":[{"embeddable":true,"href":"https:\/\/www.lidemschool.com\/ca\/wp-json\/wp\/v2\/comments?post=14526"}],"version-history":[{"count":10,"href":"https:\/\/www.lidemschool.com\/ca\/wp-json\/wp\/v2\/pages\/14526\/revisions"}],"predecessor-version":[{"id":16525,"href":"https:\/\/www.lidemschool.com\/ca\/wp-json\/wp\/v2\/pages\/14526\/revisions\/16525"}],"wp:attachment":[{"href":"https:\/\/www.lidemschool.com\/ca\/wp-json\/wp\/v2\/media?parent=14526"}],"curies":[{"name":"wp","href":"https:\/\/api.w.org\/{rel}","templated":true}]}}