{"id":13942,"date":"2022-03-14T15:41:21","date_gmt":"2022-03-14T15:41:21","guid":{"rendered":"https:\/\/www.lidemschool.com\/practicas-y-lidem-international-animation-summit\/practiques-internacionals\/"},"modified":"2022-07-12T11:06:35","modified_gmt":"2022-07-12T11:06:35","slug":"practiques-internacionals","status":"publish","type":"page","link":"https:\/\/www.lidemschool.com\/ca\/practiques-i-esdeveniments-professionals\/practiques-internacionals\/","title":{"rendered":"Pr\u00e0ctiques Internacionals"},"content":{"rendered":"<p>[et_pb_section fb_built=&#8221;1&#8243; _builder_version=&#8221;4.9.7&#8243; _module_preset=&#8221;default&#8221; global_colors_info=&#8221;{}&#8221;][et_pb_row column_structure=&#8221;1_2,1_2&#8243; _builder_version=&#8221;4.9.7&#8243; _module_preset=&#8221;default&#8221; global_colors_info=&#8221;{}&#8221;][et_pb_column type=&#8221;1_2&#8243; _builder_version=&#8221;4.9.7&#8243; _module_preset=&#8221;default&#8221; global_colors_info=&#8221;{}&#8221;][et_pb_image src=&#8221;https:\/\/www.lidemschool.com\/wp-content\/uploads\/2021\/10\/practicas-internacionales-1.png&#8221; title_text=&#8221;practicas-internacionales-1&#8243; _builder_version=&#8221;4.9.7&#8243; _module_preset=&#8221;default&#8221; global_colors_info=&#8221;{}&#8221;][\/et_pb_image][\/et_pb_column][et_pb_column type=&#8221;1_2&#8243; _builder_version=&#8221;4.9.7&#8243; _module_preset=&#8221;default&#8221; global_colors_info=&#8221;{}&#8221;][et_pb_text _builder_version=&#8221;4.14.7&#8243; _module_preset=&#8221;default&#8221; header_2_font=&#8221;Montserrat|700|||||||&#8221; header_2_text_color=&#8221;#262327&#8243; header_2_font_size=&#8221;40px&#8221; global_colors_info=&#8221;{}&#8221;]<\/p>\n<h1 class=\"h1-title\">Pr\u00e0ctiques Internacionals<\/h1>\n<p>[\/et_pb_text][et_pb_text _builder_version=&#8221;4.9.7&#8243; _module_preset=&#8221;default&#8221; text_font=&#8221;Roboto|300|||||||&#8221; text_text_color=&#8221;#3D393B&#8221; global_colors_info=&#8221;{}&#8221;]En el marc dels projectes de mobilitat internacional, L\u2019Idem ofereix als seus estudiants la possibilitat de realitzar un per\u00edode de pr\u00e0ctiques a Europa.<\/p>\n<p>Gr\u00e0cies als programes de pr\u00e0ctiques internacionals i durant el pen\u00faltim i l&#8217;\u00faltim any d&#8217;estudis a L\u2019Idem, tot estudiant que compleixi els requisits d&#8217;admissi\u00f3 es pot beneficiar d&#8217;una ajuda financera per cobrir part de les despeses generades per la mobilitat.[\/et_pb_text][\/et_pb_column][\/et_pb_row][\/et_pb_section][et_pb_section fb_built=&#8221;1&#8243; _builder_version=&#8221;4.9.7&#8243; _module_preset=&#8221;default&#8221; background_color=&#8221;#CFE3EF&#8221; global_colors_info=&#8221;{}&#8221;][et_pb_row column_structure=&#8221;3_5,2_5&#8243; _builder_version=&#8221;4.9.7&#8243; _module_preset=&#8221;default&#8221; custom_margin=&#8221;||70px||false|false&#8221; global_colors_info=&#8221;{}&#8221;][et_pb_column type=&#8221;3_5&#8243; _builder_version=&#8221;4.9.7&#8243; _module_preset=&#8221;default&#8221; global_colors_info=&#8221;{}&#8221;][et_pb_text _builder_version=&#8221;4.14.7&#8243; _module_preset=&#8221;default&#8221; header_2_font=&#8221;Montserrat|700|||||||&#8221; header_2_text_color=&#8221;#262327&#8243; header_2_font_size=&#8221;40px&#8221; global_colors_info=&#8221;{}&#8221;]<\/p>\n<h2>Oficina Internacional<\/h2>\n<p>[\/et_pb_text][et_pb_text _builder_version=&#8221;4.9.7&#8243; _module_preset=&#8221;default&#8221; text_font=&#8221;Roboto|300|||||||&#8221; text_text_color=&#8221;#3D393B&#8221; global_colors_info=&#8221;{}&#8221;]L&#8217;Oficina Internacional de L\u2019Idem s&#8217;encarrega de coordinar i gestionar les pr\u00e0ctiques a l&#8217;estranger: <\/p>\n<ul>\n<li>Relacions amb les empreses d&#8217;acolliment.<\/li>\n<li>Selecci\u00f3 de candidats.<\/li>\n<li>Gesti\u00f3 dels convenis de pr\u00e0ctiques i els contractes de mobilitat.<\/li>\n<li>Tutories i avaluaci\u00f3 de les experi\u00e8ncies de pr\u00e0ctiques.<\/li>\n<\/ul>\n<p>[\/et_pb_text][et_pb_text _builder_version=&#8221;4.14.7&#8243; _module_preset=&#8221;default&#8221; header_2_font=&#8221;Montserrat|700|||||||&#8221; header_2_text_color=&#8221;#262327&#8243; header_2_font_size=&#8221;40px&#8221; global_colors_info=&#8221;{}&#8221;]<\/p>\n<h2>Apostem per la mobilitat<\/h2>\n<p>[\/et_pb_text][et_pb_text _builder_version=&#8221;4.9.7&#8243; _module_preset=&#8221;default&#8221; text_font=&#8221;Roboto|300|||||||&#8221; text_text_color=&#8221;#3D393B&#8221; global_colors_info=&#8221;{}&#8221;]La mobilitat d&#8217;estudis a Europa \u00e9s un avantatge en el curr\u00edculum. Durant la seva estada a l&#8217;estranger, l&#8217;estudiant desenvolupa els seus coneixements i habilitats t\u00e8cniques i comunicatives; fet que afavoreix l&#8217;adquisici\u00f3 de compet\u00e8ncies que el preparen per a l&#8217;exercici professional.[\/et_pb_text][\/et_pb_column][et_pb_column type=&#8221;2_5&#8243; _builder_version=&#8221;4.9.7&#8243; _module_preset=&#8221;default&#8221; global_colors_info=&#8221;{}&#8221;][et_pb_image src=&#8221;https:\/\/www.lidemschool.com\/wp-content\/uploads\/2021\/10\/practicas-internacionales-2.png&#8221; title_text=&#8221;practicas-internacionales-2&#8243; _builder_version=&#8221;4.9.7&#8243; _module_preset=&#8221;default&#8221; global_colors_info=&#8221;{}&#8221;][\/et_pb_image][\/et_pb_column][\/et_pb_row][et_pb_row column_structure=&#8221;2_5,3_5&#8243; module_class=&#8221;column-reverse&#8221; _builder_version=&#8221;4.14.9&#8243; _module_preset=&#8221;default&#8221; custom_margin=&#8221;||70px||false|false&#8221; custom_margin_tablet=&#8221;||70px||false|false&#8221; custom_margin_phone=&#8221;||0px||false|false&#8221; custom_margin_last_edited=&#8221;on|phone&#8221; custom_padding=&#8221;||70px||false|false&#8221; global_colors_info=&#8221;{}&#8221;][et_pb_column type=&#8221;2_5&#8243; _builder_version=&#8221;4.9.7&#8243; _module_preset=&#8221;default&#8221; global_colors_info=&#8221;{}&#8221;][et_pb_image src=&#8221;https:\/\/www.lidemschool.com\/wp-content\/uploads\/2021\/10\/practicas-internacionales-3.png&#8221; title_text=&#8221;practicas-internacionales-3&#8243; _builder_version=&#8221;4.9.7&#8243; _module_preset=&#8221;default&#8221; global_colors_info=&#8221;{}&#8221;][\/et_pb_image][\/et_pb_column][et_pb_column type=&#8221;3_5&#8243; _builder_version=&#8221;4.9.7&#8243; _module_preset=&#8221;default&#8221; global_colors_info=&#8221;{}&#8221;][et_pb_text _builder_version=&#8221;4.14.7&#8243; _module_preset=&#8221;default&#8221; header_2_font=&#8221;Montserrat|700|||||||&#8221; header_2_text_color=&#8221;#262327&#8243; header_2_font_size=&#8221;40px&#8221; global_colors_info=&#8221;{}&#8221;]<\/p>\n<h2>Avantatges per a l&#8217;estudiant<\/h2>\n<p>[\/et_pb_text][et_pb_text _builder_version=&#8221;4.9.7&#8243; _module_preset=&#8221;default&#8221; text_font=&#8221;Roboto|300|||||||&#8221; text_text_color=&#8221;#3D393B&#8221; global_colors_info=&#8221;{}&#8221;]<\/p>\n<ul>\n<li>Experi\u00e8ncia laboral internacional destacada en el seu CV.\n<\/li>\n<li>Millora dels seus coneixements ling\u00fc\u00edstics i t\u00e8cnics.\n<\/li>\n<li>Experi\u00e8ncia personal \u00fanica.<\/li>\n<\/ul>\n<p>[\/et_pb_text][et_pb_text _builder_version=&#8221;4.14.7&#8243; _module_preset=&#8221;default&#8221; header_2_font=&#8221;Montserrat|700|||||||&#8221; header_2_text_color=&#8221;#262327&#8243; header_2_font_size=&#8221;40px&#8221; global_colors_info=&#8221;{}&#8221;]<\/p>\n<h2>Xarxa internacional d&#8217;ambaixadors L\u2019Idem<\/h2>\n<p>[\/et_pb_text][et_pb_text _builder_version=&#8221;4.9.7&#8243; _module_preset=&#8221;default&#8221; text_font=&#8221;Roboto|300|||||||&#8221; text_text_color=&#8221;#3D393B&#8221; global_colors_info=&#8221;{}&#8221;]A L\u2019Idem comptem amb una xarxa internacional d&#8217;ambaixadors de l&#8217;escola, antics alumnes que treballen per tot el m\u00f3n i que et poden ajudar a instal\u00b7lar-te en el teu dest\u00ed de pr\u00e0ctiques.[\/et_pb_text][\/et_pb_column][\/et_pb_row][\/et_pb_section][et_pb_section fb_built=&#8221;1&#8243; disabled_on=&#8221;on|on|on&#8221; _builder_version=&#8221;4.14.7&#8243; _module_preset=&#8221;default&#8221; disabled=&#8221;on&#8221; global_colors_info=&#8221;{}&#8221;][et_pb_row column_structure=&#8221;2_5,3_5&#8243; _builder_version=&#8221;4.9.7&#8243; _module_preset=&#8221;default&#8221; global_colors_info=&#8221;{}&#8221;][et_pb_column type=&#8221;2_5&#8243; _builder_version=&#8221;4.9.7&#8243; _module_preset=&#8221;default&#8221; global_colors_info=&#8221;{}&#8221;][et_pb_text _builder_version=&#8221;4.9.7&#8243; _module_preset=&#8221;default&#8221; global_colors_info=&#8221;{}&#8221;]<\/p>\n<h2>\u00bfPodemos ayudarte?<\/h2>\n<p>[\/et_pb_text][et_pb_text _builder_version=&#8221;4.9.7&#8243; _module_preset=&#8221;default&#8221; global_colors_info=&#8221;{}&#8221;]<\/p>\n<h4><strong>Escr\u00edbenos o ll\u00e1manos, resolvemos todas tus dudas.<\/strong><\/h4>\n<p><strong><\/strong><\/p>\n<h4 style=\"color:#F3584D\"><strong><a href=\"tel:0034934854550\">+34 934 854 550<\/a><\/strong><\/h4>\n<p>[\/et_pb_text][\/et_pb_column][et_pb_column type=&#8221;3_5&#8243; _builder_version=&#8221;4.9.7&#8243; _module_preset=&#8221;default&#8221; global_colors_info=&#8221;{}&#8221;][et_pb_code _builder_version=&#8221;4.9.7&#8243; _module_preset=&#8221;default&#8221; global_colors_info=&#8221;{}&#8221;]\n<div class=\"wpcf7 no-js\" id=\"wpcf7-f14240-o1\" lang=\"ca\" dir=\"ltr\" data-wpcf7-id=\"14240\">\n<div class=\"screen-reader-response\"><p role=\"status\" aria-live=\"polite\" aria-atomic=\"true\"><\/p> <ul><\/ul><\/div>\n<form action=\"\/ca\/wp-json\/wp\/v2\/pages\/13942#wpcf7-f14240-o1\" method=\"post\" class=\"wpcf7-form init\" aria-label=\"Formulari de contacte\" novalidate=\"novalidate\" data-status=\"init\">\n<fieldset class=\"hidden-fields-container\"><input type=\"hidden\" name=\"_wpcf7\" value=\"14240\" \/><input type=\"hidden\" name=\"_wpcf7_version\" value=\"6.1.5\" \/><input type=\"hidden\" name=\"_wpcf7_locale\" value=\"ca\" \/><input type=\"hidden\" name=\"_wpcf7_unit_tag\" value=\"wpcf7-f14240-o1\" \/><input type=\"hidden\" name=\"_wpcf7_container_post\" value=\"0\" \/><input type=\"hidden\" name=\"_wpcf7_posted_data_hash\" value=\"\" \/><input type=\"hidden\" name=\"_wpcf7_recaptcha_response\" value=\"\" \/>\n<\/fieldset>\n<div id=\"contacto-form\">\n\t<div class=\"\">\n\t\t<p><span class=\"wpcf7-form-control-wrap\" data-name=\"nombre\"><input size=\"40\" maxlength=\"400\" class=\"wpcf7-form-control wpcf7-text wpcf7-validates-as-required\" aria-required=\"true\" aria-invalid=\"false\" placeholder=\"NOM I COGNOMS*\" value=\"\" type=\"text\" name=\"nombre\" \/><\/span>\n\t\t<\/p>\n\t\t<p><span class=\"wpcf7-form-control-wrap\" data-name=\"email\"><input size=\"40\" maxlength=\"400\" class=\"wpcf7-form-control wpcf7-email wpcf7-validates-as-required wpcf7-text wpcf7-validates-as-email\" aria-required=\"true\" aria-invalid=\"false\" placeholder=\"E-MAIL*\" value=\"\" type=\"email\" name=\"email\" \/><\/span>\n\t\t<\/p>\n\t\t<p><span class=\"wpcf7-form-control-wrap\" data-name=\"telefono\"><input size=\"40\" class=\"wpcf7-form-control wpcf7-phonetext wpcf7-validates-as-required wpcf7-text wpcf7-validates-as-phonetext\" data-numberonly=\"true\" aria-required=\"true\" aria-invalid=\"false\" placeholder=\"9165898569\" value=\"\" type=\"text\" name=\"telefono\" \/><input type=\"hidden\" name=\"telefono-country-code\" class=\"wpcf7-phonetext-country-code\" \/><\/span>\n\t\t<\/p>\n\t\t<div>\n\t\t\t<p><span class=\"wpcf7-form-control-wrap\" data-name=\"motivodelaconsulta\"><select class=\"wpcf7-form-control wpcf7-select\" aria-invalid=\"false\" name=\"motivodelaconsulta\"><option value=\"\">MOTIU DE LA CONSULTA<\/option><option value=\"Contactar amb l&#039;escola\">Contactar amb l&#039;escola<\/option><option value=\"Contactar amb el Departament d&#039;Admissions\">Contactar amb el Departament d&#039;Admissions<\/option><option value=\"Altres\">Altres<\/option><\/select><\/span>\n\t\t\t<\/p>\n\t\t<\/div>\n\t\t<div>\n\t\t\t<p><span class=\"wpcf7-form-control-wrap\" data-name=\"contactemos\"><select class=\"wpcf7-form-control wpcf7-select\" aria-invalid=\"false\" name=\"contactemos\"><option value=\"\u00bfCOM VOLS QUE ET CONTACTEM?\">\u00bfCOM VOLS QUE ET CONTACTEM?<\/option><option value=\"Per e-mail\">Per e-mail<\/option><option value=\"Per Tel\u00e8fon\">Per Tel\u00e8fon<\/option><\/select><\/span>\n\t\t\t<\/p>\n\t\t<\/div>\n\t\t<p><label class=\"area-text-form\">COMENTARI*<br \/>\n<span class=\"wpcf7-form-control-wrap\" data-name=\"Comentari\"><textarea cols=\"40\" rows=\"10\" maxlength=\"2000\" class=\"wpcf7-form-control wpcf7-textarea wpcf7-validates-as-required\" aria-required=\"true\" aria-invalid=\"false\" name=\"Comentari\"><\/textarea><\/span><br \/>\n<\/label>\n\t\t<\/p>\n\t\t<p>INFORMACI\u00d3 PROTECCI\u00d3 DE DADES DE L\u2019IDEM\n\t\t<\/p>\n\t\t<p><strong> Finalitats<\/strong>: Enviament del nostre butllet\u00ed comercial i de comunicacions informatives i publicit\u00e0ries sobre els nostres productes i\/o serveis que siguin del seu inter\u00e8s, fins i tot per mitjans electr\u00f2nics.<br \/>\n<strong> Drets<\/strong>: Pot retirar el seu consentiment en qualsevol moment, aix\u00ed com accedir, rectificar, suprimir les seves dades i altres drets en <a href=\"mailto:info@lidembarcelona.com\" target=\"_blank\">info@lidembarcelona.com. <\/a><br \/>\n<strong>Informaci\u00f3 Addicional<\/strong>: Pot ampliar la informaci\u00f3 en l'enlla\u00e7 de <a href=\"\/ca\/politica-de-privacitat\/\">Pol\u00edtica de Privacitat<\/a>.\n\t\t<\/p>\n\t\t<div class=\"check-form\">\n\t\t\t<p><label><br \/>\n<span class=\"wpcf7-form-control-wrap\" data-name=\"privacidad\"><span class=\"wpcf7-form-control wpcf7-checkbox wpcf7-validates-as-required\"><span class=\"wpcf7-list-item first last\"><input type=\"checkbox\" name=\"privacidad[]\" value=\"\" \/><span class=\"wpcf7-list-item-label\"><\/span><\/span><\/span><\/span> He llegit i accepto la <a href=\"\/ca\/politica-de-privacitat\/\">Pol\u00edtica de Privacitat<\/a><\/label>\n\t\t\t<\/p>\n\t\t\t<p><br \/>\n<span class=\"wpcf7-form-control-wrap\" data-name=\"news\"><span class=\"wpcf7-form-control wpcf7-checkbox wpcf7-validates-as-required\"><span class=\"wpcf7-list-item first last\"><input type=\"checkbox\" name=\"news[]\" value=\"\" \/><span class=\"wpcf7-list-item-label\"><\/span><\/span><\/span><\/span> Accepto rebre informaci\u00f3 comercial, fins i tot per mitjans electr\u00f2nics.\n\t\t\t<\/p>\n\t\t<\/div>\n\t\t<div class=\"btn-enviar\">\n\t\t\t<p><input class=\"wpcf7-form-control wpcf7-submit has-spinner btn-primary\" type=\"submit\" value=\"Enviar\" \/>\n\t\t\t<\/p>\n\t\t<\/div>\n\t<\/div>\n<\/div>\n<style>input.wpcf7-form-control.wpcf7-phonetext{padding-left:45px}\n<\/style><p style=\"display: none !important;\" class=\"akismet-fields-container\" data-prefix=\"_wpcf7_ak_\"><label>&#916;<textarea name=\"_wpcf7_ak_hp_textarea\" cols=\"45\" rows=\"8\" maxlength=\"100\"><\/textarea><\/label><input type=\"hidden\" id=\"ak_js_1\" name=\"_wpcf7_ak_js\" value=\"135\"\/><script>document.getElementById( \"ak_js_1\" ).setAttribute( \"value\", ( new Date() ).getTime() );<\/script><\/p><div class=\"wpcf7-response-output\" aria-hidden=\"true\"><\/div>\n<\/form>\n<\/div>\n[\/et_pb_code][\/et_pb_column][\/et_pb_row][\/et_pb_section]<\/p>\n","protected":false},"excerpt":{"rendered":"<p>Pr\u00e0ctiques InternacionalsEn el marc dels projectes de mobilitat internacional, L\u2019Idem ofereix als seus estudiants la possibilitat de realitzar un per\u00edode de pr\u00e0ctiques a Europa. Gr\u00e0cies als programes de pr\u00e0ctiques internacionals i durant el pen\u00faltim i l&#8217;\u00faltim any d&#8217;estudis a L\u2019Idem, tot estudiant que compleixi els requisits d&#8217;admissi\u00f3 es pot beneficiar d&#8217;una ajuda financera per cobrir [&hellip;]<\/p>\n","protected":false},"author":1,"featured_media":0,"parent":13369,"menu_order":0,"comment_status":"closed","ping_status":"closed","template":"","meta":{"_et_pb_use_builder":"on","_et_pb_old_content":"","_et_gb_content_width":"","content-type":"","inline_featured_image":false,"footnotes":""},"class_list":["post-13942","page","type-page","status-publish","hentry"],"yoast_head":"<!-- This site is optimized with the Yoast SEO plugin v27.4 - https:\/\/yoast.com\/product\/yoast-seo-wordpress\/ -->\n<title>Coneix les Pr\u00e0ctiques internacionals | L&#039;Idem Barcelona<\/title>\n<meta name=\"description\" content=\"A L&#039;Idem Barcelona t&#039;ajudem a incorporar-te al mercat laboral mitjan\u00e7ant la nostra borsa de pr\u00e0ctiques. Pots realitzar-les a l&#039;estranger!\" \/>\n<meta name=\"robots\" content=\"index, follow, max-snippet:-1, max-image-preview:large, max-video-preview:-1\" \/>\n<link rel=\"canonical\" href=\"https:\/\/www.lidemschool.com\/ca\/practiques-i-esdeveniments-professionals\/practiques-internacionals\/\" \/>\n<meta property=\"og:locale\" content=\"ca_ES\" \/>\n<meta property=\"og:type\" content=\"article\" \/>\n<meta property=\"og:title\" content=\"Coneix les Pr\u00e0ctiques internacionals | L&#039;Idem Barcelona\" \/>\n<meta property=\"og:description\" content=\"A L&#039;Idem Barcelona t&#039;ajudem a incorporar-te al mercat laboral mitjan\u00e7ant la nostra borsa de pr\u00e0ctiques. Pots realitzar-les a l&#039;estranger!\" \/>\n<meta property=\"og:url\" content=\"https:\/\/www.lidemschool.com\/ca\/practiques-i-esdeveniments-professionals\/practiques-internacionals\/\" \/>\n<meta property=\"og:site_name\" content=\"L&#039;Idem Animation School\" \/>\n<meta property=\"article:modified_time\" content=\"2022-07-12T11:06:35+00:00\" \/>\n<meta property=\"og:image\" content=\"https:\/\/www.lidemschool.com\/wp-content\/uploads\/2025\/06\/Tendencias-animacion.jpg\" \/>\n\t<meta property=\"og:image:width\" content=\"1080\" \/>\n\t<meta property=\"og:image:height\" content=\"1920\" \/>\n\t<meta property=\"og:image:type\" content=\"image\/jpeg\" \/>\n<meta name=\"twitter:card\" content=\"summary_large_image\" \/>\n<meta name=\"twitter:label1\" content=\"Temps estimat de lectura\" \/>\n\t<meta name=\"twitter:data1\" content=\"4 minuts\" \/>\n<script type=\"application\/ld+json\" class=\"yoast-schema-graph\">{\"@context\":\"https:\\\/\\\/schema.org\",\"@graph\":[{\"@type\":\"WebPage\",\"@id\":\"https:\\\/\\\/www.lidemschool.com\\\/ca\\\/practiques-i-esdeveniments-professionals\\\/practiques-internacionals\\\/\",\"url\":\"https:\\\/\\\/www.lidemschool.com\\\/ca\\\/practiques-i-esdeveniments-professionals\\\/practiques-internacionals\\\/\",\"name\":\"Coneix les Pr\u00e0ctiques internacionals | L'Idem Barcelona\",\"isPartOf\":{\"@id\":\"https:\\\/\\\/www.lidemschool.com\\\/ca\\\/#website\"},\"datePublished\":\"2022-03-14T15:41:21+00:00\",\"dateModified\":\"2022-07-12T11:06:35+00:00\",\"description\":\"A L'Idem Barcelona t'ajudem a incorporar-te al mercat laboral mitjan\u00e7ant la nostra borsa de pr\u00e0ctiques. Pots realitzar-les a l'estranger!\",\"breadcrumb\":{\"@id\":\"https:\\\/\\\/www.lidemschool.com\\\/ca\\\/practiques-i-esdeveniments-professionals\\\/practiques-internacionals\\\/#breadcrumb\"},\"inLanguage\":\"ca\",\"potentialAction\":[{\"@type\":\"ReadAction\",\"target\":[\"https:\\\/\\\/www.lidemschool.com\\\/ca\\\/practiques-i-esdeveniments-professionals\\\/practiques-internacionals\\\/\"]}]},{\"@type\":\"BreadcrumbList\",\"@id\":\"https:\\\/\\\/www.lidemschool.com\\\/ca\\\/practiques-i-esdeveniments-professionals\\\/practiques-internacionals\\\/#breadcrumb\",\"itemListElement\":[{\"@type\":\"ListItem\",\"position\":1,\"name\":\"Home\",\"item\":\"https:\\\/\\\/www.lidemschool.com\\\/ca\\\/home-2\\\/\"},{\"@type\":\"ListItem\",\"position\":2,\"name\":\"Formaci\u00f3 Internacional\",\"item\":\"https:\\\/\\\/www.lidemschool.com\\\/ca\\\/formacion-internacional\\\/\"},{\"@type\":\"ListItem\",\"position\":3,\"name\":\"Pr\u00e0ctiques Internacionals\"}]},{\"@type\":\"WebSite\",\"@id\":\"https:\\\/\\\/www.lidemschool.com\\\/ca\\\/#website\",\"url\":\"https:\\\/\\\/www.lidemschool.com\\\/ca\\\/\",\"name\":\"L&#039;Idem Animation School\",\"description\":\"L&#039;Idem Animation School\",\"potentialAction\":[{\"@type\":\"SearchAction\",\"target\":{\"@type\":\"EntryPoint\",\"urlTemplate\":\"https:\\\/\\\/www.lidemschool.com\\\/ca\\\/?s={search_term_string}\"},\"query-input\":{\"@type\":\"PropertyValueSpecification\",\"valueRequired\":true,\"valueName\":\"search_term_string\"}}],\"inLanguage\":\"ca\"}]}<\/script>\n<!-- \/ Yoast SEO plugin. -->","yoast_head_json":{"title":"Coneix les Pr\u00e0ctiques internacionals | L'Idem Barcelona","description":"A L'Idem Barcelona t'ajudem a incorporar-te al mercat laboral mitjan\u00e7ant la nostra borsa de pr\u00e0ctiques. Pots realitzar-les a l'estranger!","robots":{"index":"index","follow":"follow","max-snippet":"max-snippet:-1","max-image-preview":"max-image-preview:large","max-video-preview":"max-video-preview:-1"},"canonical":"https:\/\/www.lidemschool.com\/ca\/practiques-i-esdeveniments-professionals\/practiques-internacionals\/","og_locale":"ca_ES","og_type":"article","og_title":"Coneix les Pr\u00e0ctiques internacionals | L'Idem Barcelona","og_description":"A L'Idem Barcelona t'ajudem a incorporar-te al mercat laboral mitjan\u00e7ant la nostra borsa de pr\u00e0ctiques. Pots realitzar-les a l'estranger!","og_url":"https:\/\/www.lidemschool.com\/ca\/practiques-i-esdeveniments-professionals\/practiques-internacionals\/","og_site_name":"L&#039;Idem Animation School","article_modified_time":"2022-07-12T11:06:35+00:00","og_image":[{"width":1080,"height":1920,"url":"https:\/\/www.lidemschool.com\/wp-content\/uploads\/2025\/06\/Tendencias-animacion.jpg","type":"image\/jpeg"}],"twitter_card":"summary_large_image","twitter_misc":{"Temps estimat de lectura":"4 minuts"},"schema":{"@context":"https:\/\/schema.org","@graph":[{"@type":"WebPage","@id":"https:\/\/www.lidemschool.com\/ca\/practiques-i-esdeveniments-professionals\/practiques-internacionals\/","url":"https:\/\/www.lidemschool.com\/ca\/practiques-i-esdeveniments-professionals\/practiques-internacionals\/","name":"Coneix les Pr\u00e0ctiques internacionals | L'Idem Barcelona","isPartOf":{"@id":"https:\/\/www.lidemschool.com\/ca\/#website"},"datePublished":"2022-03-14T15:41:21+00:00","dateModified":"2022-07-12T11:06:35+00:00","description":"A L'Idem Barcelona t'ajudem a incorporar-te al mercat laboral mitjan\u00e7ant la nostra borsa de pr\u00e0ctiques. Pots realitzar-les a l'estranger!","breadcrumb":{"@id":"https:\/\/www.lidemschool.com\/ca\/practiques-i-esdeveniments-professionals\/practiques-internacionals\/#breadcrumb"},"inLanguage":"ca","potentialAction":[{"@type":"ReadAction","target":["https:\/\/www.lidemschool.com\/ca\/practiques-i-esdeveniments-professionals\/practiques-internacionals\/"]}]},{"@type":"BreadcrumbList","@id":"https:\/\/www.lidemschool.com\/ca\/practiques-i-esdeveniments-professionals\/practiques-internacionals\/#breadcrumb","itemListElement":[{"@type":"ListItem","position":1,"name":"Home","item":"https:\/\/www.lidemschool.com\/ca\/home-2\/"},{"@type":"ListItem","position":2,"name":"Formaci\u00f3 Internacional","item":"https:\/\/www.lidemschool.com\/ca\/formacion-internacional\/"},{"@type":"ListItem","position":3,"name":"Pr\u00e0ctiques Internacionals"}]},{"@type":"WebSite","@id":"https:\/\/www.lidemschool.com\/ca\/#website","url":"https:\/\/www.lidemschool.com\/ca\/","name":"L&#039;Idem Animation School","description":"L&#039;Idem Animation School","potentialAction":[{"@type":"SearchAction","target":{"@type":"EntryPoint","urlTemplate":"https:\/\/www.lidemschool.com\/ca\/?s={search_term_string}"},"query-input":{"@type":"PropertyValueSpecification","valueRequired":true,"valueName":"search_term_string"}}],"inLanguage":"ca"}]}},"_links":{"self":[{"href":"https:\/\/www.lidemschool.com\/ca\/wp-json\/wp\/v2\/pages\/13942","targetHints":{"allow":["GET"]}}],"collection":[{"href":"https:\/\/www.lidemschool.com\/ca\/wp-json\/wp\/v2\/pages"}],"about":[{"href":"https:\/\/www.lidemschool.com\/ca\/wp-json\/wp\/v2\/types\/page"}],"author":[{"embeddable":true,"href":"https:\/\/www.lidemschool.com\/ca\/wp-json\/wp\/v2\/users\/1"}],"replies":[{"embeddable":true,"href":"https:\/\/www.lidemschool.com\/ca\/wp-json\/wp\/v2\/comments?post=13942"}],"version-history":[{"count":4,"href":"https:\/\/www.lidemschool.com\/ca\/wp-json\/wp\/v2\/pages\/13942\/revisions"}],"predecessor-version":[{"id":19046,"href":"https:\/\/www.lidemschool.com\/ca\/wp-json\/wp\/v2\/pages\/13942\/revisions\/19046"}],"up":[{"embeddable":true,"href":"https:\/\/www.lidemschool.com\/ca\/wp-json\/wp\/v2\/pages\/13369"}],"wp:attachment":[{"href":"https:\/\/www.lidemschool.com\/ca\/wp-json\/wp\/v2\/media?parent=13942"}],"curies":[{"name":"wp","href":"https:\/\/api.w.org\/{rel}","templated":true}]}}