{"id":13661,"date":"2022-03-02T09:07:05","date_gmt":"2022-03-02T09:07:05","guid":{"rendered":"https:\/\/www.lidemschool.com\/avis-legal\/"},"modified":"2022-05-18T14:59:03","modified_gmt":"2022-05-18T14:59:03","slug":"avis-legal","status":"publish","type":"page","link":"https:\/\/www.lidemschool.com\/ca\/avis-legal\/","title":{"rendered":"Av\u00eds Legal"},"content":{"rendered":"<p>[et_pb_section fb_built=&#8221;1&#8243; _builder_version=&#8221;4.9.7&#8243; _module_preset=&#8221;default&#8221;][et_pb_row _builder_version=&#8221;4.9.7&#8243; _module_preset=&#8221;default&#8221;][et_pb_column type=&#8221;4_4&#8243; _builder_version=&#8221;4.9.7&#8243; _module_preset=&#8221;default&#8221;][et_pb_text _builder_version=&#8221;4.9.7&#8243; _module_preset=&#8221;default&#8221; text_font=&#8221;|300|||||||&#8221;]<\/p>\n<h1><strong>AV\u00cdS LEGAL<\/strong><\/h1>\n<p>Aquesta p\u00e0gina web \u00e9s propietat de L\u2019IDEM BARCELONA, S.L., amb NIF n\u00fam. B65496465 i domicili en C\/ Ciutat de Granada 53-57, 08005 de Barcelona i inscrita en el Registre Mercantil Barcelona, Tom 42353, Foli 135 fulla B-404903 Inscripci\u00f3 1a.<\/p>\n<p>Per a qualsevol consulta o proposta, contacti\u2019ns trucant al tel\u00e8fon +34 934 854 550 o per l\u2019e-mail a <a href=\"mailto:info@lidembarcelona.com\">info@lidembarcelona.com<\/a>.<\/p>\n<p>Aquesta p\u00e0gina web es regeix per la normativa exclusivament aplicable a Espanya, quedant sotmesa a ella, tant nacionals com estrangers que utilitzin aquesta web.<\/p>\n<p>L&#8217;acc\u00e9s a la nostra p\u00e0gina web per part de l&#8217;USUARI \u00e9s gratu\u00eft i est\u00e0 condicionat a la pr\u00e8via lectura i acceptaci\u00f3 \u00edntegra, expressa i sense reserves de les presents CONDICIONS GENERALS D&#8217;\u00daS vigents en el moment de l&#8217;acc\u00e9s, que preguem que llegeixi detingudament. L&#8217;USUARI en el moment que utilitza el nostre portal, els seus continguts o serveis, accepta i se sotmet expressament a les condicions generals d&#8217;\u00fas d&#8217;aquest. Si l&#8217;usuari no estigu\u00e9s d&#8217;acord amb les presents condicions d&#8217;\u00fas, haur\u00e0 d&#8217;abstenir-se d&#8217;utilitzar aquest portal i operar per mitj\u00e0 d&#8217;aquest<\/p>\n<p>El subministrament de dades personals a trav\u00e9s del nostre portal requereix una edat m\u00ednima de 14 anys, o en el seu cas, disposar de capacitat jur\u00eddica suficient per a contractar.<\/p>\n<p>En qualsevol moment podrem modificar la presentaci\u00f3 i configuraci\u00f3 de la nostra web, ampliar o reduir serveis, i fins i tot suprimir-la de la Xarxa, aix\u00ed com els serveis i continguts prestats, tot aix\u00f2 de manera unilateral i sense previ av\u00eds.<\/p>\n<h3>\u00a0<\/h3>\n<h3><strong>A. PROPIETAT INTEL\u00b7LECTUAL<\/strong><\/h3>\n<p>Tots els continguts, textos, imatges, i codis font s\u00f3n propietat de L\u2019IDEM o de tercers als quals s&#8217;han adquirit els seus drets d&#8217;explotaci\u00f3, i estan protegits pels drets de Propietat Intel\u00b7lectual i Industrial.<\/p>\n<p>L&#8217;usuari \u00fanicament t\u00e9 dret a un \u00fas privat d&#8217;aquests, sense \u00e0nim de lucre, i necessita autoritzaci\u00f3 expressa per a modificar-los, reproduir-los, explotar-los, distribuir-los o exercir qualsevol dret pertanyent al seu titular.<\/p>\n<p>L\u2019IDEM \u00e9s una marca registrada, i est\u00e0 prohibida la seva reproducci\u00f3, imitaci\u00f3, utilitzaci\u00f3 o inserci\u00f3 d&#8217;aquestes marques sense la nostra deguda autoritzaci\u00f3.<\/p>\n<p>L&#8217;establiment d&#8217;enlla\u00e7os al nostre portal no confereix cap dret sobre aquest. Aix\u00ed mateix, el simple fet d&#8217;establir un enlla\u00e7 a la nostra p\u00e0gina web no dona dret a atorgar-se la categoria de col\u00b7laborador o soci.<\/p>\n<p>L\u2019IDEM queda exonerat de responsabilitat per qualsevol reclamaci\u00f3 respecte als drets de propietat intel\u00b7lectual dels articles i imatges publicades per tercers en el seu portal.<\/p>\n<p>Est\u00e0 absolutament prohibida la imitaci\u00f3 ja sigui total o parcial del nostre portal.<\/p>\n<p>&nbsp;<\/p>\n<h3><strong>B. CONDICIONS D&#8217;ACC\u00c9S I \u00daS<\/strong><\/h3>\n<p>L&#8217;acc\u00e9s a la nostra p\u00e0gina web \u00e9s gratu\u00eft i no exigeix subscripci\u00f3 o registre previ.<\/p>\n<p>L&#8217;enviament de dades personals implica l&#8217;acceptaci\u00f3 expressa per part de l&#8217;USUARI de la nostra pol\u00edtica de privacitat.<\/p>\n<p>L&#8217;usuari ha d&#8217;accedir a la nostra p\u00e0gina web conforme a la bona fe, les normes d&#8217;ordre p\u00fablic i a les presents Condicions Generals d&#8217;\u00fas. L&#8217;acc\u00e9s al nostre lloc web es realitza sota la pr\u00f2pia i exclusiva responsabilitat de l&#8217;usuari, que respondr\u00e0 en tot cas dels danys i perjudicis que pugui causar a tercers o a nosaltres mateixos.<\/p>\n<p>L&#8217;usuari t\u00e9 expressament prohibida la utilitzaci\u00f3 i obtenci\u00f3 dels serveis i continguts oferts en la present p\u00e0gina web, per procediments diferents als estipulats en les presents condicions d&#8217;\u00fas.<\/p>\n<p>L&#8217;USUARI t\u00e9 prohibit qualsevol tipus d&#8217;acci\u00f3 sobre el nostre portal que origini una excessiva sobrec\u00e0rrega de funcionament als nostres sistemes inform\u00e0tics, aix\u00ed com la introducci\u00f3 de virus, o instal\u00b7laci\u00f3 de robots, o programari que alteri el normal funcionament de la nostra web, o en definitiva pugui causar danys als nostres sistemes inform\u00e0tics.<\/p>\n<p>Tenint en compte la impossibilitat de control respecte a la informaci\u00f3, continguts i serveis que continguin altres p\u00e0gines web als quals es pugui accedir a trav\u00e9s dels enlla\u00e7os que la nostra p\u00e0gina web pugui posar a la seva disposici\u00f3, li comuniquem que L\u2019IDEM, queda eximida de qualsevol responsabilitat pels danys i perjudicis de tota classe que poguessin derivar per la utilitzaci\u00f3 d&#8217;aquestes p\u00e0gines web, alienes a la nostra empresa, per part de l&#8217;usuari.<\/p>\n<p>L\u2019IDEM es reserva el dret unilateral i sense preav\u00eds de donar de baixa a qualsevol USUARI que l&#8217;organitzaci\u00f3 entengui que ha vulnerat les condicions que regeixen l&#8217;\u00fas de la nostra p\u00e0gina web, sense que l&#8217;USUARI tingui dret a reclamaci\u00f3 de cap mena per aquesta mena d&#8217;accions. Aix\u00ed mateix, es reserva el dret d&#8217;exercitar les accions legals oportunes contra aquells que vulnerin les presents condicions generals d&#8217;\u00fas, acceptant l&#8217;USUARI que la no iniciaci\u00f3 d&#8217;aquestes accions no constitueix una ren\u00fancia formal als mateixes, romanent aquestes vigents fins als terminis legals de prescripci\u00f3 de les infraccions.<\/p>\n<p>&nbsp;<\/p>\n<h3><strong>C. POL\u00cdTICA DE PRIVACITAT<\/strong><\/h3>\n<p>La confidencialitat i la seguretat s\u00f3n valors primordials de L\u2019IDEM i, en conseq\u00fc\u00e8ncia, assumim el comprom\u00eds de garantir la privacitat de l&#8217;Usuari en tot moment i de no recaptar informaci\u00f3 innecess\u00e0ria.<\/p>\n<p>El subministrament de dades personals a trav\u00e9s del nostre portal requereix una edat m\u00ednima de 14 anys i l&#8217;acceptaci\u00f3 expressa de la nostra  <a href=\"https:\/\/www.lidemschool.com\/ca\/politica-de-privacitat\/\">Pol\u00edtica de Privacitat.<\/a><\/p>\n<p>&nbsp;<\/p>\n<h3><strong>D. RESPONSABILITATS<\/strong><\/h3>\n<p>En posar a la disposici\u00f3 de l&#8217;usuari aquesta p\u00e0gina web volem oferir-li un servei de qualitat, utilitzant la m\u00e0xima dilig\u00e8ncia en la prestaci\u00f3 d&#8217;aquest, aix\u00ed com en els mitjans tecnol\u00f2gics utilitzats. No obstant aix\u00f2, no respondrem de la pres\u00e8ncia de virus i altres elements que d&#8217;alguna manera puguin danyar el sistema inform\u00e0tic de l&#8217;usuari.<\/p>\n<p>L\u2019IDEM no garanteix que la disponibilitat del servei sigui cont\u00ednua i ininterrompuda, per circumst\u00e0ncies originades per problemes en la xarxa d&#8217;Internet, avaries en els dispositius inform\u00e0tics o altres circumst\u00e0ncies imprevisibles, de manera que l&#8217;USUARI accepta suportar dins d&#8217;uns l\u00edmits raonables aquestes circumst\u00e0ncies, per la qual cosa renuncia expressament a reclamar a L\u2019IDEM qualsevol responsabilitat per les possibles fallades, errors i \u00fas del servei.<\/p>\n<p>L&#8217;USUARI assumeix tota la responsabilitat derivada de l&#8217;\u00fas de la nostra p\u00e0gina web, sent l&#8217;\u00fanic responsable de tot efecte directe o indirecte que sobre la p\u00e0gina web es derivi, incloent, de manera enunciativa i no limitativa, tot resultat econ\u00f2mic, t\u00e8cnic i\/o jur\u00eddic advers, aix\u00ed com la defraudaci\u00f3 de les expectatives generades pel nostre portal, obligant-se l&#8217;usuari a mantenir indemne a L\u2019IDEM per qualssevol reclamacions derivades, directament o indirectament de tals fets.<\/p>\n<p>L\u2019IDEM no garanteix l&#8217;exactitud, veracitat i vig\u00e8ncia dels continguts d&#8217;aquesta p\u00e0gina web, ja siguin propis, de tercers, o enlla\u00e7ables a altres webs, quedant totalment exonerada de qualsevol responsabilitat derivada de l&#8217;\u00fas d&#8217;aquests.<\/p>\n<p>L\u2019IDEM queda exonerada de qualsevol responsabilitat derivada de qualsevol reclamaci\u00f3, incl\u00f2s el pagament d&#8217;honoraris a advocats, per les demandes i reclamacions originades per tercers per l&#8217;incompliment per part de l&#8217;USUARI de les nostres condicions d&#8217;\u00fas, acc\u00e9s i pol\u00edtica de privacitat, o qualsevol una altra reclamaci\u00f3 per l&#8217;incompliment de la legislaci\u00f3 vigent.<\/p>\n<p>L&#8217;USUARI reconeix que ha ent\u00e8s tota la informaci\u00f3 respecte a les condicions d&#8217;\u00fas del nostre portal, i reconeix que s\u00f3n suficients per a l&#8217;exclusi\u00f3 de l&#8217;error en aquestes, i per tant, les accepta integra i expressament.<\/p>\n<p>L&#8217;USUARI \u00e9s plenament conscient que la mera navegaci\u00f3 per la present p\u00e0gina web, aix\u00ed com la utilitzaci\u00f3 dels seus serveis, implica l&#8217;acceptaci\u00f3 de les presents condicions d&#8217;\u00fas.<\/p>\n<p>Tot el referent a la nostra p\u00e0gina web, es regeix exclusivament per les lleis espanyoles. En el cas que es produeixi qualsevol tipus de discrep\u00e0ncia o difer\u00e8ncia entre les parts en relaci\u00f3 amb la interpretaci\u00f3 i contingut de la present p\u00e0gina web, totes les parts se sotmeten, amb ren\u00fancia expressa a qualsevol altre fur, als Jutjats i Tribunals de Barcelona.<\/p>\n<p>&nbsp;<\/p>\n<h3><strong>E. VIG\u00c8NCIA DE LES CONDICIONS GENERALS D&#8217;ACC\u00c9S A LA WEB<\/strong><\/h3>\n<p>Les presents Condicions Generals d&#8217;\u00das han estat modificades amb data 06\/10\/2020. En qualsevol moment podem procedir a la seva modificaci\u00f3: si us plau, comprovi la data d&#8217;emissi\u00f3 en cada ocasi\u00f3 en qu\u00e8 es connecti a la nostra p\u00e0gina web i aix\u00ed tindr\u00e0 la certesa que no s&#8217;ha produ\u00eft cap modificaci\u00f3 que l&#8217;afecti.<\/p>\n<p>Per a qualsevol q\u00fcesti\u00f3 respecte a les Condicions d\u2019\u00das de la nostra p\u00e0gina web, pot posar-se en contacte amb nosaltres en les dades a dalt indicades, o amb Lant Advocats via e-mail <a href=\"mailto:info@lant-abogados.com\">info@lant-abogados.com<\/a> o a trav\u00e9s de la seva p\u00e0gina web <a href=\"http:\/\/www.lant-abogados.com\/\">www.lant-abogados.com<\/a>.<\/p>\n<p>&nbsp;<\/p>\n<p>[\/et_pb_text][\/et_pb_column][\/et_pb_row][\/et_pb_section]<\/p>\n","protected":false},"excerpt":{"rendered":"<p>AV\u00cdS LEGAL Aquesta p\u00e0gina web \u00e9s propietat de L\u2019IDEM BARCELONA, S.L., amb NIF n\u00fam. B65496465 i domicili en C\/ Ciutat de Granada 53-57, 08005 de Barcelona i inscrita en el Registre Mercantil Barcelona, Tom 42353, Foli 135 fulla B-404903 Inscripci\u00f3 1a. Per a qualsevol consulta o proposta, contacti\u2019ns trucant al tel\u00e8fon +34 934 854 550 [&hellip;]<\/p>\n","protected":false},"author":1,"featured_media":0,"parent":0,"menu_order":0,"comment_status":"closed","ping_status":"closed","template":"","meta":{"_et_pb_use_builder":"on","_et_pb_old_content":"","_et_gb_content_width":"","content-type":"","inline_featured_image":false,"footnotes":""},"class_list":["post-13661","page","type-page","status-publish","hentry"],"yoast_head":"<!-- This site is optimized with the Yoast SEO plugin v27.4 - https:\/\/yoast.com\/product\/yoast-seo-wordpress\/ -->\n<title>Av\u00eds Legal - L&#039;Idem Animation School<\/title>\n<meta name=\"robots\" content=\"noindex, nofollow\" \/>\n<meta property=\"og:locale\" content=\"ca_ES\" \/>\n<meta property=\"og:type\" content=\"article\" \/>\n<meta property=\"og:title\" content=\"Av\u00eds Legal - L&#039;Idem Animation School\" \/>\n<meta property=\"og:url\" content=\"https:\/\/www.lidemschool.com\/ca\/avis-legal\/\" \/>\n<meta property=\"og:site_name\" content=\"L&#039;Idem Animation School\" \/>\n<meta property=\"article:modified_time\" content=\"2022-05-18T14:59:03+00:00\" \/>\n<meta property=\"og:image\" content=\"https:\/\/www.lidemschool.com\/wp-content\/uploads\/2025\/06\/Tendencias-animacion.jpg\" \/>\n\t<meta property=\"og:image:width\" content=\"1080\" \/>\n\t<meta property=\"og:image:height\" content=\"1920\" \/>\n\t<meta property=\"og:image:type\" content=\"image\/jpeg\" \/>\n<meta name=\"twitter:card\" content=\"summary_large_image\" \/>\n<meta name=\"twitter:label1\" content=\"Temps estimat de lectura\" \/>\n\t<meta name=\"twitter:data1\" content=\"7 minuts\" \/>\n<script type=\"application\/ld+json\" class=\"yoast-schema-graph\">{\"@context\":\"https:\\\/\\\/schema.org\",\"@graph\":[{\"@type\":\"WebPage\",\"@id\":\"https:\\\/\\\/www.lidemschool.com\\\/ca\\\/avis-legal\\\/\",\"url\":\"https:\\\/\\\/www.lidemschool.com\\\/ca\\\/avis-legal\\\/\",\"name\":\"Av\u00eds Legal - L&#039;Idem Animation School\",\"isPartOf\":{\"@id\":\"https:\\\/\\\/www.lidemschool.com\\\/ca\\\/#website\"},\"datePublished\":\"2022-03-02T09:07:05+00:00\",\"dateModified\":\"2022-05-18T14:59:03+00:00\",\"breadcrumb\":{\"@id\":\"https:\\\/\\\/www.lidemschool.com\\\/ca\\\/avis-legal\\\/#breadcrumb\"},\"inLanguage\":\"ca\",\"potentialAction\":[{\"@type\":\"ReadAction\",\"target\":[\"https:\\\/\\\/www.lidemschool.com\\\/ca\\\/avis-legal\\\/\"]}]},{\"@type\":\"BreadcrumbList\",\"@id\":\"https:\\\/\\\/www.lidemschool.com\\\/ca\\\/avis-legal\\\/#breadcrumb\",\"itemListElement\":[{\"@type\":\"ListItem\",\"position\":1,\"name\":\"Home\",\"item\":\"https:\\\/\\\/www.lidemschool.com\\\/ca\\\/home-2\\\/\"},{\"@type\":\"ListItem\",\"position\":2,\"name\":\"Av\u00eds Legal\"}]},{\"@type\":\"WebSite\",\"@id\":\"https:\\\/\\\/www.lidemschool.com\\\/ca\\\/#website\",\"url\":\"https:\\\/\\\/www.lidemschool.com\\\/ca\\\/\",\"name\":\"L&#039;Idem Animation School\",\"description\":\"L&#039;Idem Animation School\",\"potentialAction\":[{\"@type\":\"SearchAction\",\"target\":{\"@type\":\"EntryPoint\",\"urlTemplate\":\"https:\\\/\\\/www.lidemschool.com\\\/ca\\\/?s={search_term_string}\"},\"query-input\":{\"@type\":\"PropertyValueSpecification\",\"valueRequired\":true,\"valueName\":\"search_term_string\"}}],\"inLanguage\":\"ca\"}]}<\/script>\n<!-- \/ Yoast SEO plugin. -->","yoast_head_json":{"title":"Av\u00eds Legal - L&#039;Idem Animation School","robots":{"index":"noindex","follow":"nofollow"},"og_locale":"ca_ES","og_type":"article","og_title":"Av\u00eds Legal - L&#039;Idem Animation School","og_url":"https:\/\/www.lidemschool.com\/ca\/avis-legal\/","og_site_name":"L&#039;Idem Animation School","article_modified_time":"2022-05-18T14:59:03+00:00","og_image":[{"width":1080,"height":1920,"url":"https:\/\/www.lidemschool.com\/wp-content\/uploads\/2025\/06\/Tendencias-animacion.jpg","type":"image\/jpeg"}],"twitter_card":"summary_large_image","twitter_misc":{"Temps estimat de lectura":"7 minuts"},"schema":{"@context":"https:\/\/schema.org","@graph":[{"@type":"WebPage","@id":"https:\/\/www.lidemschool.com\/ca\/avis-legal\/","url":"https:\/\/www.lidemschool.com\/ca\/avis-legal\/","name":"Av\u00eds Legal - L&#039;Idem Animation School","isPartOf":{"@id":"https:\/\/www.lidemschool.com\/ca\/#website"},"datePublished":"2022-03-02T09:07:05+00:00","dateModified":"2022-05-18T14:59:03+00:00","breadcrumb":{"@id":"https:\/\/www.lidemschool.com\/ca\/avis-legal\/#breadcrumb"},"inLanguage":"ca","potentialAction":[{"@type":"ReadAction","target":["https:\/\/www.lidemschool.com\/ca\/avis-legal\/"]}]},{"@type":"BreadcrumbList","@id":"https:\/\/www.lidemschool.com\/ca\/avis-legal\/#breadcrumb","itemListElement":[{"@type":"ListItem","position":1,"name":"Home","item":"https:\/\/www.lidemschool.com\/ca\/home-2\/"},{"@type":"ListItem","position":2,"name":"Av\u00eds Legal"}]},{"@type":"WebSite","@id":"https:\/\/www.lidemschool.com\/ca\/#website","url":"https:\/\/www.lidemschool.com\/ca\/","name":"L&#039;Idem Animation School","description":"L&#039;Idem Animation School","potentialAction":[{"@type":"SearchAction","target":{"@type":"EntryPoint","urlTemplate":"https:\/\/www.lidemschool.com\/ca\/?s={search_term_string}"},"query-input":{"@type":"PropertyValueSpecification","valueRequired":true,"valueName":"search_term_string"}}],"inLanguage":"ca"}]}},"_links":{"self":[{"href":"https:\/\/www.lidemschool.com\/ca\/wp-json\/wp\/v2\/pages\/13661","targetHints":{"allow":["GET"]}}],"collection":[{"href":"https:\/\/www.lidemschool.com\/ca\/wp-json\/wp\/v2\/pages"}],"about":[{"href":"https:\/\/www.lidemschool.com\/ca\/wp-json\/wp\/v2\/types\/page"}],"author":[{"embeddable":true,"href":"https:\/\/www.lidemschool.com\/ca\/wp-json\/wp\/v2\/users\/1"}],"replies":[{"embeddable":true,"href":"https:\/\/www.lidemschool.com\/ca\/wp-json\/wp\/v2\/comments?post=13661"}],"version-history":[{"count":29,"href":"https:\/\/www.lidemschool.com\/ca\/wp-json\/wp\/v2\/pages\/13661\/revisions"}],"predecessor-version":[{"id":16549,"href":"https:\/\/www.lidemschool.com\/ca\/wp-json\/wp\/v2\/pages\/13661\/revisions\/16549"}],"wp:attachment":[{"href":"https:\/\/www.lidemschool.com\/ca\/wp-json\/wp\/v2\/media?parent=13661"}],"curies":[{"name":"wp","href":"https:\/\/api.w.org\/{rel}","templated":true}]}}