{"id":13468,"date":"2022-02-28T10:46:37","date_gmt":"2022-02-28T10:46:37","guid":{"rendered":"https:\/\/www.lidemschool.com\/testimonios-alumnos\/"},"modified":"2022-03-21T09:12:36","modified_gmt":"2022-03-21T09:12:36","slug":"testimonios-alumnos","status":"publish","type":"page","link":"https:\/\/www.lidemschool.com\/ca\/testimonis\/","title":{"rendered":"Testimonis d&#8217;alumnes"},"content":{"rendered":"<p>[et_pb_section fb_built=&#8221;1&#8243; _builder_version=&#8221;4.9.7&#8243; _module_preset=&#8221;default&#8221; global_colors_info=&#8221;{}&#8221;][et_pb_row column_structure=&#8221;2_3,1_3&#8243; _builder_version=&#8221;4.9.7&#8243; _module_preset=&#8221;default&#8221; global_colors_info=&#8221;{}&#8221;][et_pb_column type=&#8221;2_3&#8243; _builder_version=&#8221;4.9.7&#8243; _module_preset=&#8221;default&#8221; global_colors_info=&#8221;{}&#8221;][et_pb_text _builder_version=&#8221;4.14.7&#8243; _module_preset=&#8221;default&#8221; header_2_font=&#8221;Montserrat|700|||||||&#8221; header_2_text_color=&#8221;#262327&#8243; header_2_font_size=&#8221;40px&#8221; global_colors_info=&#8221;{}&#8221;]<\/p>\n<h1 class=\"h1-title\">Testimonis Comunitat L&#8217;Idem<\/h1>\n<p>[\/et_pb_text][et_pb_text _builder_version=&#8221;4.9.7&#8243; _module_preset=&#8221;default&#8221; text_font=&#8221;Roboto|300|||||||&#8221; text_text_color=&#8221;#3D393B&#8221; global_colors_info=&#8221;{}&#8221;]A L&#8217;Idem trobar\u00e0s una comunitat internacional i multicultural de persones creatives en la qual podr\u00e0s aprendre, compartir i explorar. Un espai viu en el qual connectar\u00e0s amb persones inquietes que comparteixen la teva passi\u00f3, desenvolupar\u00e0s tot tipus de projectes i construir\u00e0s relaciones s\u00f2lides i estimulants que et permetran dur el teu potencial al m\u00e0xim nivell. Volem impulsar les teves habilitats i capacitats, acompanyar-te en el cam\u00ed a la professionalitzaci\u00f3 i connectar-te amb l&#8217;\u00e0mbit professional.[\/et_pb_text][\/et_pb_column][et_pb_column type=&#8221;1_3&#8243; _builder_version=&#8221;4.9.7&#8243; _module_preset=&#8221;default&#8221; global_colors_info=&#8221;{}&#8221;][\/et_pb_column][\/et_pb_row][et_pb_row _builder_version=&#8221;4.9.7&#8243; _module_preset=&#8221;default&#8221; global_colors_info=&#8221;{}&#8221;][et_pb_column type=&#8221;4_4&#8243; _builder_version=&#8221;4.9.7&#8243; _module_preset=&#8221;default&#8221; global_colors_info=&#8221;{}&#8221;][et_pb_filterable_portfolio fullwidth=&#8221;off&#8221; posts_number=&#8221;40&#8243; include_categories=&#8221;29,28,104,103,105&#8243; show_categories=&#8221;off&#8221; show_pagination=&#8221;off&#8221; zoom_icon_color=&#8221;#F3584D&#8221; hover_icon=&#8221;&#x24;||divi||400&#8243; module_class=&#8221;three-column-grid&#8221; _builder_version=&#8221;4.14.9&#8243; _module_preset=&#8221;default&#8221; title_level=&#8221;h4&#8243; filter_font=&#8221;Montserrat|600||on|||||&#8221; filter_text_color=&#8221;#C4BDBD&#8221; filter_font_size=&#8221;16px&#8221; hover_enabled=&#8221;0&#8243; global_colors_info=&#8221;{}&#8221; filter_text_color__hover_enabled=&#8221;on|desktop&#8221; filter_text_color__hover=&#8221;#F3584D&#8221; sticky_enabled=&#8221;0&#8243;][\/et_pb_filterable_portfolio][\/et_pb_column][\/et_pb_row][\/et_pb_section]<\/p>\n","protected":false},"excerpt":{"rendered":"<p>Testimonis Comunitat L&#8217;IdemA L&#8217;Idem trobar\u00e0s una comunitat internacional i multicultural de persones creatives en la qual podr\u00e0s aprendre, compartir i explorar. Un espai viu en el qual connectar\u00e0s amb persones inquietes que comparteixen la teva passi\u00f3, desenvolupar\u00e0s tot tipus de projectes i construir\u00e0s relaciones s\u00f2lides i estimulants que et permetran dur el teu potencial al [&hellip;]<\/p>\n","protected":false},"author":1,"featured_media":0,"parent":0,"menu_order":0,"comment_status":"closed","ping_status":"closed","template":"","meta":{"_et_pb_use_builder":"on","_et_pb_old_content":"","_et_gb_content_width":"","content-type":"","inline_featured_image":false,"footnotes":""},"class_list":["post-13468","page","type-page","status-publish","hentry"],"yoast_head":"<!-- This site is optimized with the Yoast SEO plugin v27.4 - https:\/\/yoast.com\/product\/yoast-seo-wordpress\/ -->\n<title>Coneix els testimonis d&#039;alumnes | L&#039;Idem Barcelona<\/title>\n<meta name=\"description\" content=\"Coneix les experi\u00e8ncies de la comunitat L&#039;Idem: exalumnes i estudiants. Qu\u00e8 estudien?, Com valoren la seva formaci\u00f3?, On realitzen pr\u00e0ctiques?\" \/>\n<meta name=\"robots\" content=\"index, follow, max-snippet:-1, max-image-preview:large, max-video-preview:-1\" \/>\n<link rel=\"canonical\" href=\"https:\/\/www.lidemschool.com\/ca\/testimonis\/\" \/>\n<meta property=\"og:locale\" content=\"ca_ES\" \/>\n<meta property=\"og:type\" content=\"article\" \/>\n<meta property=\"og:title\" content=\"Coneix els testimonis d&#039;alumnes | L&#039;Idem Barcelona\" \/>\n<meta property=\"og:description\" content=\"Coneix les experi\u00e8ncies de la comunitat L&#039;Idem: exalumnes i estudiants. Qu\u00e8 estudien?, Com valoren la seva formaci\u00f3?, On realitzen pr\u00e0ctiques?\" \/>\n<meta property=\"og:url\" content=\"https:\/\/www.lidemschool.com\/ca\/testimonis\/\" \/>\n<meta property=\"og:site_name\" content=\"L&#039;Idem Animation School\" \/>\n<meta property=\"article:modified_time\" content=\"2022-03-21T09:12:36+00:00\" \/>\n<meta property=\"og:image\" content=\"https:\/\/www.lidemschool.com\/wp-content\/uploads\/2025\/06\/Tendencias-animacion.jpg\" \/>\n\t<meta property=\"og:image:width\" content=\"1080\" \/>\n\t<meta property=\"og:image:height\" content=\"1920\" \/>\n\t<meta property=\"og:image:type\" content=\"image\/jpeg\" \/>\n<meta name=\"twitter:card\" content=\"summary_large_image\" \/>\n<meta name=\"twitter:label1\" content=\"Temps estimat de lectura\" \/>\n\t<meta name=\"twitter:data1\" content=\"1 minut\" \/>\n<script type=\"application\/ld+json\" class=\"yoast-schema-graph\">{\"@context\":\"https:\\\/\\\/schema.org\",\"@graph\":[{\"@type\":\"WebPage\",\"@id\":\"https:\\\/\\\/www.lidemschool.com\\\/ca\\\/testimonis\\\/\",\"url\":\"https:\\\/\\\/www.lidemschool.com\\\/ca\\\/testimonis\\\/\",\"name\":\"Coneix els testimonis d'alumnes | L'Idem Barcelona\",\"isPartOf\":{\"@id\":\"https:\\\/\\\/www.lidemschool.com\\\/ca\\\/#website\"},\"datePublished\":\"2022-02-28T10:46:37+00:00\",\"dateModified\":\"2022-03-21T09:12:36+00:00\",\"description\":\"Coneix les experi\u00e8ncies de la comunitat L'Idem: exalumnes i estudiants. Qu\u00e8 estudien?, Com valoren la seva formaci\u00f3?, On realitzen pr\u00e0ctiques?\",\"breadcrumb\":{\"@id\":\"https:\\\/\\\/www.lidemschool.com\\\/ca\\\/testimonis\\\/#breadcrumb\"},\"inLanguage\":\"ca\",\"potentialAction\":[{\"@type\":\"ReadAction\",\"target\":[\"https:\\\/\\\/www.lidemschool.com\\\/ca\\\/testimonis\\\/\"]}]},{\"@type\":\"BreadcrumbList\",\"@id\":\"https:\\\/\\\/www.lidemschool.com\\\/ca\\\/testimonis\\\/#breadcrumb\",\"itemListElement\":[{\"@type\":\"ListItem\",\"position\":1,\"name\":\"Home\",\"item\":\"https:\\\/\\\/www.lidemschool.com\\\/ca\\\/home-2\\\/\"},{\"@type\":\"ListItem\",\"position\":2,\"name\":\"Testimonis d&#8217;alumnes\"}]},{\"@type\":\"WebSite\",\"@id\":\"https:\\\/\\\/www.lidemschool.com\\\/ca\\\/#website\",\"url\":\"https:\\\/\\\/www.lidemschool.com\\\/ca\\\/\",\"name\":\"L&#039;Idem Animation School\",\"description\":\"L&#039;Idem Animation School\",\"potentialAction\":[{\"@type\":\"SearchAction\",\"target\":{\"@type\":\"EntryPoint\",\"urlTemplate\":\"https:\\\/\\\/www.lidemschool.com\\\/ca\\\/?s={search_term_string}\"},\"query-input\":{\"@type\":\"PropertyValueSpecification\",\"valueRequired\":true,\"valueName\":\"search_term_string\"}}],\"inLanguage\":\"ca\"}]}<\/script>\n<!-- \/ Yoast SEO plugin. -->","yoast_head_json":{"title":"Coneix els testimonis d'alumnes | L'Idem Barcelona","description":"Coneix les experi\u00e8ncies de la comunitat L'Idem: exalumnes i estudiants. Qu\u00e8 estudien?, Com valoren la seva formaci\u00f3?, On realitzen pr\u00e0ctiques?","robots":{"index":"index","follow":"follow","max-snippet":"max-snippet:-1","max-image-preview":"max-image-preview:large","max-video-preview":"max-video-preview:-1"},"canonical":"https:\/\/www.lidemschool.com\/ca\/testimonis\/","og_locale":"ca_ES","og_type":"article","og_title":"Coneix els testimonis d'alumnes | L'Idem Barcelona","og_description":"Coneix les experi\u00e8ncies de la comunitat L'Idem: exalumnes i estudiants. Qu\u00e8 estudien?, Com valoren la seva formaci\u00f3?, On realitzen pr\u00e0ctiques?","og_url":"https:\/\/www.lidemschool.com\/ca\/testimonis\/","og_site_name":"L&#039;Idem Animation School","article_modified_time":"2022-03-21T09:12:36+00:00","og_image":[{"width":1080,"height":1920,"url":"https:\/\/www.lidemschool.com\/wp-content\/uploads\/2025\/06\/Tendencias-animacion.jpg","type":"image\/jpeg"}],"twitter_card":"summary_large_image","twitter_misc":{"Temps estimat de lectura":"1 minut"},"schema":{"@context":"https:\/\/schema.org","@graph":[{"@type":"WebPage","@id":"https:\/\/www.lidemschool.com\/ca\/testimonis\/","url":"https:\/\/www.lidemschool.com\/ca\/testimonis\/","name":"Coneix els testimonis d'alumnes | L'Idem Barcelona","isPartOf":{"@id":"https:\/\/www.lidemschool.com\/ca\/#website"},"datePublished":"2022-02-28T10:46:37+00:00","dateModified":"2022-03-21T09:12:36+00:00","description":"Coneix les experi\u00e8ncies de la comunitat L'Idem: exalumnes i estudiants. Qu\u00e8 estudien?, Com valoren la seva formaci\u00f3?, On realitzen pr\u00e0ctiques?","breadcrumb":{"@id":"https:\/\/www.lidemschool.com\/ca\/testimonis\/#breadcrumb"},"inLanguage":"ca","potentialAction":[{"@type":"ReadAction","target":["https:\/\/www.lidemschool.com\/ca\/testimonis\/"]}]},{"@type":"BreadcrumbList","@id":"https:\/\/www.lidemschool.com\/ca\/testimonis\/#breadcrumb","itemListElement":[{"@type":"ListItem","position":1,"name":"Home","item":"https:\/\/www.lidemschool.com\/ca\/home-2\/"},{"@type":"ListItem","position":2,"name":"Testimonis d&#8217;alumnes"}]},{"@type":"WebSite","@id":"https:\/\/www.lidemschool.com\/ca\/#website","url":"https:\/\/www.lidemschool.com\/ca\/","name":"L&#039;Idem Animation School","description":"L&#039;Idem Animation School","potentialAction":[{"@type":"SearchAction","target":{"@type":"EntryPoint","urlTemplate":"https:\/\/www.lidemschool.com\/ca\/?s={search_term_string}"},"query-input":{"@type":"PropertyValueSpecification","valueRequired":true,"valueName":"search_term_string"}}],"inLanguage":"ca"}]}},"_links":{"self":[{"href":"https:\/\/www.lidemschool.com\/ca\/wp-json\/wp\/v2\/pages\/13468","targetHints":{"allow":["GET"]}}],"collection":[{"href":"https:\/\/www.lidemschool.com\/ca\/wp-json\/wp\/v2\/pages"}],"about":[{"href":"https:\/\/www.lidemschool.com\/ca\/wp-json\/wp\/v2\/types\/page"}],"author":[{"embeddable":true,"href":"https:\/\/www.lidemschool.com\/ca\/wp-json\/wp\/v2\/users\/1"}],"replies":[{"embeddable":true,"href":"https:\/\/www.lidemschool.com\/ca\/wp-json\/wp\/v2\/comments?post=13468"}],"version-history":[{"count":9,"href":"https:\/\/www.lidemschool.com\/ca\/wp-json\/wp\/v2\/pages\/13468\/revisions"}],"predecessor-version":[{"id":14567,"href":"https:\/\/www.lidemschool.com\/ca\/wp-json\/wp\/v2\/pages\/13468\/revisions\/14567"}],"wp:attachment":[{"href":"https:\/\/www.lidemschool.com\/ca\/wp-json\/wp\/v2\/media?parent=13468"}],"curies":[{"name":"wp","href":"https:\/\/api.w.org\/{rel}","templated":true}]}}