{"id":13461,"date":"2022-02-28T10:20:16","date_gmt":"2022-02-28T10:20:16","guid":{"rendered":"https:\/\/www.lidemschool.com\/ven-a-conocernos\/"},"modified":"2026-01-26T13:24:34","modified_gmt":"2026-01-26T13:24:34","slug":"ven-a-conocernos","status":"publish","type":"page","link":"https:\/\/www.lidemschool.com\/ca\/coneix-nos\/","title":{"rendered":"Vine a con\u00e8ixer-nos"},"content":{"rendered":"<p>[et_pb_section fb_built=&#8221;1&#8243; _builder_version=&#8221;4.9.7&#8243; _module_preset=&#8221;default&#8221; global_colors_info=&#8221;{}&#8221;][et_pb_row column_structure=&#8221;1_2,1_2&#8243; _builder_version=&#8221;4.9.7&#8243; _module_preset=&#8221;default&#8221; global_colors_info=&#8221;{}&#8221;][et_pb_column type=&#8221;1_2&#8243; _builder_version=&#8221;4.9.7&#8243; _module_preset=&#8221;default&#8221; global_colors_info=&#8221;{}&#8221;][et_pb_image src=&#8221;https:\/\/www.lidemschool.com\/wp-content\/uploads\/2023\/02\/entrada-lidem.jpg&#8221; alt=&#8221;entrada-lidem&#8221; title_text=&#8221;entrada-lidem&#8221; _builder_version=&#8221;4.14.8&#8243; _module_preset=&#8221;default&#8221; global_colors_info=&#8221;{}&#8221;][\/et_pb_image][\/et_pb_column][et_pb_column type=&#8221;1_2&#8243; _builder_version=&#8221;4.9.7&#8243; _module_preset=&#8221;default&#8221; global_colors_info=&#8221;{}&#8221;][et_pb_text _builder_version=&#8221;4.14.8&#8243; _module_preset=&#8221;default&#8221; header_2_font=&#8221;Montserrat|700|||||||&#8221; header_2_text_color=&#8221;#262327&#8243; header_2_font_size=&#8221;40px&#8221; global_colors_info=&#8221;{}&#8221;]<\/p>\n<h1 class=\"h1-title\">Vine a con\u00e8ixer-nos!<\/h1>\n<p>[\/et_pb_text][et_pb_text _builder_version=&#8221;4.14.8&#8243; _module_preset=&#8221;default&#8221; text_font=&#8221;Roboto|300|||||||&#8221; text_text_color=&#8221;#3D393B&#8221; global_colors_info=&#8221;{}&#8221;]<\/p>\n<p>Si vols con\u00e8ixer L\u2019Idem a fons, concertar una visita al nostre campus, participar en una classe d&#8217;immersi\u00f3 o inscriure&#8217;t a la jornada de portes obertes del centre, pots programar cita (presencial o en l\u00ednia) i t&#8217;atendrem personalment.\n<\/p>\n<p><strong>Viu l&#8217;experi\u00e8ncia L\u2019Idem de primera m\u00e0 i conven\u00e7-te que som la teva millor opci\u00f3.<br \/><\/strong><\/p>\n<p>[\/et_pb_text][\/et_pb_column][\/et_pb_row][et_pb_row disabled_on=&#8221;off|off|off&#8221; admin_label=&#8221;Fila&#8221; _builder_version=&#8221;4.14.7&#8243; _module_preset=&#8221;default&#8221; global_colors_info=&#8221;{}&#8221;][et_pb_column type=&#8221;4_4&#8243; _builder_version=&#8221;4.14.7&#8243; _module_preset=&#8221;default&#8221; global_colors_info=&#8221;{}&#8221;][et_pb_text _builder_version=&#8221;4.14.8&#8243; _module_preset=&#8221;default&#8221; text_font=&#8221;Montserrat|800||on|||||&#8221; header_text_align=&#8221;center&#8221; text_orientation=&#8221;center&#8221; link_option_url=&#8221;https:\/\/outlook.office.com\/bookwithme\/user\/e0789650094249af8aae87a84ea7e77b%40ac08f368-38c1-4f2a-b8e8-196f31eccf20\/meetingtype\/40066291-1c62-43ff-af64-5eba80222399?anonymous&#8221; global_colors_info=&#8221;{}&#8221;]<\/p>\n<h4>Demana una reuni\u00f3 online<\/h4>\n<p>[\/et_pb_text][et_pb_button button_url=&#8221;https:\/\/ourly.serviceform.com\/gemma_dols &#8221; url_new_window=&#8221;on&#8221; button_text=&#8221;Agenda una reuni\u00f3&#8221; button_alignment=&#8221;center&#8221; admin_label=&#8221;Cita Online&#8221; _builder_version=&#8221;4.14.8&#8243; _module_preset=&#8221;default&#8221; hover_enabled=&#8221;0&#8243; global_colors_info=&#8221;{}&#8221; sticky_enabled=&#8221;0&#8243;][\/et_pb_button][et_pb_text _builder_version=&#8221;4.14.8&#8243; _module_preset=&#8221;default&#8221; text_font=&#8221;Montserrat|800|||||||&#8221; text_orientation=&#8221;center&#8221; link_option_url=&#8221;https:\/\/my.serviceform.com\/ismael-jalifa&#8221; link_option_url_new_window=&#8221;on&#8221; global_colors_info=&#8221;{}&#8221;]<\/p>\n<h4>SOL\u00b7LICITA UNA REUNI\u00d3 AMB EL CAMPUS DE MADRID<\/h4>\n<p>[\/et_pb_text][et_pb_button button_url=&#8221;https:\/\/my.serviceform.com\/19261&#8243; url_new_window=&#8221;on&#8221; button_text=&#8221;Agenda una reuni\u00f3&#8221; button_alignment=&#8221;center&#8221; admin_label=&#8221;Cita presencial&#8221; _builder_version=&#8221;4.14.8&#8243; _module_preset=&#8221;default&#8221; global_colors_info=&#8221;{}&#8221;][\/et_pb_button][\/et_pb_column][\/et_pb_row][\/et_pb_section][et_pb_section fb_built=&#8221;1&#8243; _builder_version=&#8221;4.14.7&#8243; _module_preset=&#8221;default&#8221; global_colors_info=&#8221;{}&#8221;][et_pb_row column_structure=&#8221;1_2,1_2&#8243; disabled_on=&#8221;on|on|on&#8221; _builder_version=&#8221;4.9.7&#8243; _module_preset=&#8221;default&#8221; disabled=&#8221;on&#8221; global_colors_info=&#8221;{}&#8221;][et_pb_column type=&#8221;1_2&#8243; _builder_version=&#8221;4.9.7&#8243; _module_preset=&#8221;default&#8221; global_colors_info=&#8221;{}&#8221;][et_pb_text _builder_version=&#8221;4.14.7&#8243; _module_preset=&#8221;default&#8221; header_2_font=&#8221;Montserrat|700|||||||&#8221; header_2_text_color=&#8221;#262327&#8243; header_2_font_size=&#8221;40px&#8221; global_colors_info=&#8221;{}&#8221;]<\/p>\n<h4>Jornada de Portes Obertes<\/h4>\n<p>La mejor manera de conocer nuestros programas es asistir a una de las jornadas de puertas abiertas que organizamos todos los jueves de 15.30 a 17h.  <\/p>\n<p>[\/et_pb_text][et_pb_button url_new_window=&#8221;on&#8221; button_text=&#8221;\u00a1Ap\u00fantate!&#8221; module_class=&#8221;btn-primary&#8221; _builder_version=&#8221;4.14.8&#8243; _module_preset=&#8221;default&#8221; custom_button=&#8221;on&#8221; button_text_size=&#8221;15px&#8221; button_text_color=&#8221;#F3584D&#8221; button_bg_color=&#8221;RGBA(255,255,255,0)&#8221; button_border_color=&#8221;#F3584D&#8221; button_border_radius=&#8221;6px&#8221; button_icon=&#8221;&#x24;||divi||400&#8243; button_icon_color=&#8221;#F3584D&#8221; locked=&#8221;off&#8221; global_colors_info=&#8221;{}&#8221;][\/et_pb_button][et_pb_text _builder_version=&#8221;4.14.7&#8243; _module_preset=&#8221;default&#8221; header_2_font=&#8221;Montserrat|700|||||||&#8221; header_2_text_color=&#8221;#262327&#8243; header_2_font_size=&#8221;40px&#8221; global_colors_info=&#8221;{}&#8221;]<\/p>\n<h4><strong>Clase de inmersi\u00f3n<\/strong><\/h4>\n<p>\u00bfquieres saber c\u00f3mo ser\u00eda tu d\u00eda a d\u00eda de la escuela? Te invitamos a sumergirte en una clase para que vivas la experiencia de estudiar en la escuela.<\/p>\n<h4>Masterclass y talleres gratuitos<\/h4>\n<p>Ap\u00fantate a una clase magistral impartida por un profesional de la Animaci\u00f3n o el Dise\u00f1o, o a una formaci\u00f3n introductoria a alguna de las \u00e1reas de tu inter\u00e9s. <\/p>\n<p>[\/et_pb_text][\/et_pb_column][et_pb_column type=&#8221;1_2&#8243; _builder_version=&#8221;4.9.7&#8243; _module_preset=&#8221;default&#8221; global_colors_info=&#8221;{}&#8221;][et_pb_text _builder_version=&#8221;4.14.7&#8243; _module_preset=&#8221;default&#8221; text_font=&#8221;Roboto|300|||||||&#8221; text_text_color=&#8221;#3D393B&#8221; global_colors_info=&#8221;{}&#8221;]<\/p>\n<h4><a href=\"https:\/\/www.lidemschool.com\/ca\/cursos-destiu\/\">Cursos de verano<\/a><\/h4>\n<p> Inscr\u00edbete a los cursos intensivos que organizamos durante el mes de julio.<\/p>\n<h4>Visita nuestro campus<\/h4>\n<p>A lo largo del a\u00f1o ofrecemos visitas presenciales a nuestras instalaciones, de lunes a jueves de 9 a 17h y los viernes, de 9 a 14h. Te presentaremos las formaciones que m\u00e1s se adaptan a ti y realizar\u00e1s una visita personalizada por nuestras instalaciones.<\/p>\n<p><strong><a href=\"https:\/\/www.google.com\/maps\/place\/L%27Idem+Barcelona\/@41.3984145,2.1977208,3a,75y,340h,100t\/data=!3m8!1e1!3m6!1sAF1QipMJM1Q6L8nUqI6jWPwCMd1SKdiL-Ut5hT3En9tb!2e10!3e11!6shttps:%2F%2Flh5.googleusercontent.com%2Fp%2FAF1QipMJM1Q6L8nUqI6jWPwCMd1SKdiL-Ut5hT3En9tb%3Dw224-h298-k-no-pi-10-ya300.8912-ro-0-fo100!7i8000!8i4000!4m7!3m6!1s0x0:0x96ae1d3e6ce05813!8m2!3d41.3986267!4d2.1975459!14m1!1BCgIgARICCAI\">Campus virtual:<\/a><\/strong> descubre nuestro campus des de d\u00f3nde est\u00e9s en esta visita virtual por nuestras instalaciones.<\/p>\n<p>[\/et_pb_text][\/et_pb_column][\/et_pb_row][et_pb_row column_structure=&#8221;1_2,1_2&#8243; _builder_version=&#8221;4.9.7&#8243; _module_preset=&#8221;default&#8221; global_colors_info=&#8221;{}&#8221;][et_pb_column type=&#8221;1_2&#8243; _builder_version=&#8221;4.9.7&#8243; _module_preset=&#8221;default&#8221; global_colors_info=&#8221;{}&#8221;][et_pb_text _builder_version=&#8221;4.14.8&#8243; _module_preset=&#8221;default&#8221; header_2_font=&#8221;Montserrat|700|||||||&#8221; header_2_text_color=&#8221;#262327&#8243; header_2_font_size=&#8221;40px&#8221; global_colors_info=&#8221;{}&#8221;]<\/p>\n<h2>Jornada de Portes Obertes<\/h2>\n<p>El dissabte 2 de maig en L\u2019Idem Barcelona celebrem una Jornada de Portes Obertes per a les persones interessades a con\u00e8ixer l&#8217;escola i els programes que oferim en les \u00e0rees de l&#8217;Animaci\u00f3 2D\/3D i Videojocs, els VFX i el Disseny Digital.\n<\/p>\n<p>Durant aquesta jornada s&#8217;oferiran xerrades informatives dels estudis superiors i els International Masters, aix\u00ed com visites guiades a les instal\u00b7lacions de l&#8217;escola.<\/p>\n<p>[\/et_pb_text][et_pb_button button_url=&#8221;https:\/\/www.lidemschool.com\/ca\/jornada-de-portes-obertes\/&#8221; url_new_window=&#8221;on&#8221; button_text=&#8221;\u00a1Ap\u00fantate!&#8221; module_class=&#8221;btn-primary&#8221; _builder_version=&#8221;4.14.8&#8243; _module_preset=&#8221;default&#8221; custom_button=&#8221;on&#8221; button_text_size=&#8221;15px&#8221; button_text_color=&#8221;#F3584D&#8221; button_bg_color=&#8221;RGBA(255,255,255,0)&#8221; button_border_color=&#8221;#F3584D&#8221; button_border_radius=&#8221;6px&#8221; button_icon=&#8221;&#x24;||divi||400&#8243; button_icon_color=&#8221;#F3584D&#8221; custom_css_before=&#8221;<script charset=%22utf-8%22 type=%22text\/javascript%22 src=%22\/\/js-eu1.hsforms.net\/forms\/embed\/v2.js%22><\/script>||<script>||  hbspt.forms.create({||    region: %22eu1%22,||    portalId: %2224880151%22,||    formId: %22f65713e2-0868-49dc-a655-e9cb5a5647b7%22||  });||<\/script>&#8221; locked=&#8221;off&#8221; global_colors_info=&#8221;{}&#8221;][\/et_pb_button][\/et_pb_column][et_pb_column type=&#8221;1_2&#8243; _builder_version=&#8221;4.9.7&#8243; _module_preset=&#8221;default&#8221; global_colors_info=&#8221;{}&#8221;][et_pb_image src=&#8221;https:\/\/www.lidemschool.com\/wp-content\/uploads\/2023\/02\/home.png&#8221; alt=&#8221;home-lidem-barcelona&#8221; title_text=&#8221;home&#8221; _builder_version=&#8221;4.14.8&#8243; _module_preset=&#8221;default&#8221; global_colors_info=&#8221;{}&#8221;][\/et_pb_image][\/et_pb_column][\/et_pb_row][\/et_pb_section][et_pb_section fb_built=&#8221;1&#8243; _builder_version=&#8221;4.14.7&#8243; _module_preset=&#8221;default&#8221; global_colors_info=&#8221;{}&#8221;][et_pb_row column_structure=&#8221;1_2,1_2&#8243; _builder_version=&#8221;4.9.7&#8243; _module_preset=&#8221;default&#8221; global_colors_info=&#8221;{}&#8221;][et_pb_column type=&#8221;1_2&#8243; _builder_version=&#8221;4.9.7&#8243; _module_preset=&#8221;default&#8221; global_colors_info=&#8221;{}&#8221;][et_pb_image src=&#8221;https:\/\/www.lidemschool.com\/wp-content\/uploads\/2023\/02\/lidem-barcelona.jpg&#8221; alt=&#8221;stand-lidem-barcelona&#8221; title_text=&#8221;lidem-barcelona&#8221; _builder_version=&#8221;4.14.8&#8243; _module_preset=&#8221;default&#8221; global_colors_info=&#8221;{}&#8221;][\/et_pb_image][\/et_pb_column][et_pb_column type=&#8221;1_2&#8243; _builder_version=&#8221;4.9.7&#8243; _module_preset=&#8221;default&#8221; global_colors_info=&#8221;{}&#8221;][et_pb_text _builder_version=&#8221;4.14.8&#8243; _module_preset=&#8221;default&#8221; text_font=&#8221;Roboto|300|||||||&#8221; text_text_color=&#8221;#3D393B&#8221; global_colors_info=&#8221;{}&#8221;]<\/p>\n<h2>Tamb\u00e9 ens trobar\u00e0s a<\/h2>\n<ul>\n<li><a href=\"http:\/\/www.ensenyament.com\/\">Sal\u00f3 de l&#8217;Ensenyament: <\/a>sal\u00f3 que presenta l&#8217;oferta formativa m\u00e9s completa d&#8217;estudis superiors, universitaris, complementaris i de formaci\u00f3 professional.<\/li>\n<li><a href=\"https:\/\/www.unitour.es\/eventos\">Salons Unitour: <\/a>salons d&#8217;orientaci\u00f3 universit\u00e0ria que se celebren en diferents punts geogr\u00e0fics amb l&#8217;objectiu d&#8217;ajudar els estudiants a dissenyar el seu futur professional.<\/li>\n<\/ul>\n<p>[\/et_pb_text][\/et_pb_column][\/et_pb_row][\/et_pb_section][et_pb_section fb_built=&#8221;1&#8243; disabled_on=&#8221;on|on|on&#8221; _builder_version=&#8221;4.14.7&#8243; _module_preset=&#8221;default&#8221; disabled=&#8221;on&#8221; global_colors_info=&#8221;{}&#8221;][et_pb_row column_structure=&#8221;2_5,3_5&#8243; _builder_version=&#8221;4.9.7&#8243; _module_preset=&#8221;default&#8221; global_colors_info=&#8221;{}&#8221;][et_pb_column type=&#8221;2_5&#8243; _builder_version=&#8221;4.9.7&#8243; _module_preset=&#8221;default&#8221; global_colors_info=&#8221;{}&#8221;][et_pb_text _builder_version=&#8221;4.9.7&#8243; _module_preset=&#8221;default&#8221; header_2_font=&#8221;Montserrat|700|||||||&#8221; header_2_text_color=&#8221;#262327&#8243; header_2_font_size=&#8221;40px&#8221; locked=&#8221;off&#8221; global_colors_info=&#8221;{}&#8221;]<\/p>\n<h2>Programa tu cita<\/h2>\n<p>[\/et_pb_text][et_pb_text _builder_version=&#8221;4.9.7&#8243; _module_preset=&#8221;default&#8221; text_font=&#8221;Roboto|300|||||||&#8221; text_text_color=&#8221;#3D393B&#8221; locked=&#8221;off&#8221; global_colors_info=&#8221;{}&#8221;]<\/p>\n<h4><strong>Escr\u00edbenos o ll\u00e1manos, resolvemos todas tus dudas.<\/strong><\/h4>\n<p><strong><\/strong><\/p>\n<h4><strong><a href=\"tel:0034934854550\">+34 934 854 550<\/a><\/strong><\/h4>\n<p>[\/et_pb_text][\/et_pb_column][et_pb_column type=&#8221;3_5&#8243; _builder_version=&#8221;4.9.7&#8243; _module_preset=&#8221;default&#8221; global_colors_info=&#8221;{}&#8221;][et_pb_code _builder_version=&#8221;4.14.2&#8243; _module_preset=&#8221;default&#8221; global_colors_info=&#8221;{}&#8221;]\n<div class=\"wpcf7 no-js\" id=\"wpcf7-f648-o1\" lang=\"es-ES\" dir=\"ltr\" data-wpcf7-id=\"648\">\n<div class=\"screen-reader-response\"><p role=\"status\" aria-live=\"polite\" aria-atomic=\"true\"><\/p> <ul><\/ul><\/div>\n<form action=\"\/ca\/wp-json\/wp\/v2\/pages\/13461#wpcf7-f648-o1\" method=\"post\" class=\"wpcf7-form init\" aria-label=\"Formulario de contacto\" novalidate=\"novalidate\" data-status=\"init\">\n<fieldset class=\"hidden-fields-container\"><input type=\"hidden\" name=\"_wpcf7\" value=\"648\" \/><input type=\"hidden\" name=\"_wpcf7_version\" value=\"6.1.5\" \/><input type=\"hidden\" name=\"_wpcf7_locale\" value=\"es_ES\" \/><input type=\"hidden\" name=\"_wpcf7_unit_tag\" value=\"wpcf7-f648-o1\" \/><input type=\"hidden\" name=\"_wpcf7_container_post\" value=\"0\" \/><input type=\"hidden\" name=\"_wpcf7_posted_data_hash\" value=\"\" \/><input type=\"hidden\" name=\"_wpcf7_recaptcha_response\" value=\"\" \/>\n<\/fieldset>\n<div id=\"contacto-form\">\n\t<p><label><br \/>\n<span class=\"wpcf7-form-control-wrap\" data-name=\"nombre\"><input size=\"40\" maxlength=\"400\" class=\"wpcf7-form-control wpcf7-text wpcf7-validates-as-required\" aria-required=\"true\" aria-invalid=\"false\" placeholder=\"NOMBRE Y APELLIDOS*\" value=\"\" type=\"text\" name=\"nombre\" \/><\/span><br \/>\n<\/label>\n\t<\/p>\n\t<p><label><br \/>\n<span class=\"wpcf7-form-control-wrap\" data-name=\"email\"><input size=\"40\" maxlength=\"400\" class=\"wpcf7-form-control wpcf7-email wpcf7-validates-as-required wpcf7-text wpcf7-validates-as-email\" aria-required=\"true\" aria-invalid=\"false\" placeholder=\"EMAIL*\" value=\"\" type=\"email\" name=\"email\" \/><\/span> <\/label>\n\t<\/p>\n\t<p><label><br \/>\n<span class=\"wpcf7-form-control-wrap\" data-name=\"telefono\"><input size=\"40\" maxlength=\"400\" class=\"wpcf7-form-control wpcf7-text wpcf7-validates-as-required\" aria-required=\"true\" aria-invalid=\"false\" placeholder=\"TEL\u00c9FONO*\" value=\"\" type=\"text\" name=\"telefono\" \/><\/span> <\/label>\n\t<\/p>\n\t<p><span class=\"wpcf7-form-control-wrap\" data-name=\"actividad\"><select class=\"wpcf7-form-control wpcf7-select wpcf7-validates-as-required\" aria-required=\"true\" aria-invalid=\"false\" name=\"actividad\"><option value=\"\u00bfQU\u00c9 ACTIVIDAD TE INTERESA?\">\u00bfQU\u00c9 ACTIVIDAD TE INTERESA?<\/option><option value=\"Visitar nuestro campus\">Visitar nuestro campus<\/option><option value=\"Clase de inmersi\u00f3n\">Clase de inmersi\u00f3n<\/option><option value=\"Masterclass\">Masterclass<\/option><option value=\"Jornada de Puertas Abiertas\">Jornada de Puertas Abiertas<\/option><\/select><\/span>\n\t<\/p>\n\t<h4>INFORMACI\u00d3N PROTECCI\u00d3N DE DATOS DE L\u2019IDEM\n\t<\/h4>\n\t<p><strong>Finalidades:<\/strong> Responder a sus solicitudes y remitirle informaci\u00f3n comercial de nuestros productos y servicios, incluso por medios electr\u00f3nicos.\n\t<\/p>\n\t<p><strong>Derechos:<\/strong> Puede retirar su consentimiento en cualquier momento, as\u00ed como acceder, rectificar, suprimir sus datos y dem\u00e1s derechos en info@lidembarcelona.com.\n\t<\/p>\n\t<p><strong>Informaci\u00f3n Adicional:<\/strong> Puede ampliar la informaci\u00f3n en el enlace de <a href=\"\/politica-de-privacidad\/\">Pol\u00edtica de Privacidad<\/a>.\n\t<\/p>\n\t<p><span class=\"wpcf7-form-control-wrap\" data-name=\"privacidad\"><span class=\"wpcf7-form-control wpcf7-checkbox wpcf7-validates-as-required\"><span class=\"wpcf7-list-item first last\"><input type=\"checkbox\" name=\"privacidad[]\" value=\"\" \/><span class=\"wpcf7-list-item-label\"><\/span><\/span><\/span><\/span> He le\u00eddo y acepto la <a href=\"\/politica-de-privacidad\/\">Pol\u00edtica de Privacidad<\/a><br \/>\n<label><br \/>\n<span class=\"wpcf7-form-control-wrap\" data-name=\"news\"><span class=\"wpcf7-form-control wpcf7-checkbox wpcf7-validates-as-required\"><span class=\"wpcf7-list-item first last\"><input type=\"checkbox\" name=\"news[]\" value=\"\" \/><span class=\"wpcf7-list-item-label\"><\/span><\/span><\/span><\/span> Acepto recibir informaci\u00f3n comercial, incluso por medios electr\u00f3nicos.<\/label>\n\t<\/p>\n\t<div class=\"btn-enviar\">\n\t\t<p><input class=\"wpcf7-form-control wpcf7-submit has-spinner btn-primary\" type=\"submit\" value=\"Enviar\" \/>\n\t\t<\/p>\n\t<\/div>\n<\/div><div class=\"wpcf7-response-output\" aria-hidden=\"true\"><\/div>\n<\/form>\n<\/div>\n[\/et_pb_code][\/et_pb_column][\/et_pb_row][\/et_pb_section]<\/p>\n","protected":false},"excerpt":{"rendered":"<p>Vine a con\u00e8ixer-nos!Si vols con\u00e8ixer L\u2019Idem a fons, concertar una visita al nostre campus, participar en una classe d&#8217;immersi\u00f3 o inscriure&#8217;t a la jornada de portes obertes del centre, pots programar cita (presencial o en l\u00ednia) i t&#8217;atendrem personalment. Viu l&#8217;experi\u00e8ncia L\u2019Idem de primera m\u00e0 i conven\u00e7-te que som la teva millor opci\u00f3.Demana una reuni\u00f3 [&hellip;]<\/p>\n","protected":false},"author":1,"featured_media":0,"parent":0,"menu_order":0,"comment_status":"closed","ping_status":"closed","template":"","meta":{"_et_pb_use_builder":"on","_et_pb_old_content":"","_et_gb_content_width":"","content-type":"","inline_featured_image":false,"footnotes":""},"class_list":["post-13461","page","type-page","status-publish","hentry"],"yoast_head":"<!-- This site is optimized with the Yoast SEO plugin v27.3 - https:\/\/yoast.com\/product\/yoast-seo-wordpress\/ -->\n<title>Vine a con\u00e8ixer la nostra escola | L&#039;Idem Animation School<\/title>\n<meta name=\"description\" content=\"Vols venir a con\u00e8ixer les instal\u00b7lacions de L&#039;Idem o realitzar una jornada d&#039;immersi\u00f3 al campus? Crida&#039;ns o escriu-nos sense comprom\u00eds!\" \/>\n<meta name=\"robots\" content=\"index, follow, max-snippet:-1, max-image-preview:large, max-video-preview:-1\" \/>\n<link rel=\"canonical\" href=\"https:\/\/www.lidemschool.com\/ca\/coneix-nos\/\" \/>\n<meta property=\"og:locale\" content=\"ca_ES\" \/>\n<meta property=\"og:type\" content=\"article\" \/>\n<meta property=\"og:title\" content=\"Vine a con\u00e8ixer la nostra escola | L&#039;Idem Animation School\" \/>\n<meta property=\"og:description\" content=\"Vols venir a con\u00e8ixer les instal\u00b7lacions de L&#039;Idem o realitzar una jornada d&#039;immersi\u00f3 al campus? Crida&#039;ns o escriu-nos sense comprom\u00eds!\" \/>\n<meta property=\"og:url\" content=\"https:\/\/www.lidemschool.com\/ca\/coneix-nos\/\" \/>\n<meta property=\"og:site_name\" content=\"L&#039;Idem Animation School\" \/>\n<meta property=\"article:modified_time\" content=\"2026-01-26T13:24:34+00:00\" \/>\n<meta property=\"og:image\" content=\"https:\/\/www.lidemschool.com\/wp-content\/uploads\/2025\/06\/Tendencias-animacion.jpg\" \/>\n\t<meta property=\"og:image:width\" content=\"1080\" \/>\n\t<meta property=\"og:image:height\" content=\"1920\" \/>\n\t<meta property=\"og:image:type\" content=\"image\/jpeg\" \/>\n<meta name=\"twitter:card\" content=\"summary_large_image\" \/>\n<meta name=\"twitter:label1\" content=\"Temps estimat de lectura\" \/>\n\t<meta name=\"twitter:data1\" content=\"3 minuts\" \/>\n<script type=\"application\/ld+json\" class=\"yoast-schema-graph\">{\"@context\":\"https:\\\/\\\/schema.org\",\"@graph\":[{\"@type\":\"WebPage\",\"@id\":\"https:\\\/\\\/www.lidemschool.com\\\/ca\\\/coneix-nos\\\/\",\"url\":\"https:\\\/\\\/www.lidemschool.com\\\/ca\\\/coneix-nos\\\/\",\"name\":\"Vine a con\u00e8ixer la nostra escola | L'Idem Animation School\",\"isPartOf\":{\"@id\":\"https:\\\/\\\/www.lidemschool.com\\\/ca\\\/#website\"},\"datePublished\":\"2022-02-28T10:20:16+00:00\",\"dateModified\":\"2026-01-26T13:24:34+00:00\",\"description\":\"Vols venir a con\u00e8ixer les instal\u00b7lacions de L'Idem o realitzar una jornada d'immersi\u00f3 al campus? Crida'ns o escriu-nos sense comprom\u00eds!\",\"breadcrumb\":{\"@id\":\"https:\\\/\\\/www.lidemschool.com\\\/ca\\\/coneix-nos\\\/#breadcrumb\"},\"inLanguage\":\"ca\",\"potentialAction\":[{\"@type\":\"ReadAction\",\"target\":[\"https:\\\/\\\/www.lidemschool.com\\\/ca\\\/coneix-nos\\\/\"]}]},{\"@type\":\"BreadcrumbList\",\"@id\":\"https:\\\/\\\/www.lidemschool.com\\\/ca\\\/coneix-nos\\\/#breadcrumb\",\"itemListElement\":[{\"@type\":\"ListItem\",\"position\":1,\"name\":\"Home\",\"item\":\"https:\\\/\\\/www.lidemschool.com\\\/ca\\\/home-2\\\/\"},{\"@type\":\"ListItem\",\"position\":2,\"name\":\"Vine a con\u00e8ixer-nos\"}]},{\"@type\":\"WebSite\",\"@id\":\"https:\\\/\\\/www.lidemschool.com\\\/ca\\\/#website\",\"url\":\"https:\\\/\\\/www.lidemschool.com\\\/ca\\\/\",\"name\":\"L&#039;Idem Animation School\",\"description\":\"L&#039;Idem Animation School\",\"potentialAction\":[{\"@type\":\"SearchAction\",\"target\":{\"@type\":\"EntryPoint\",\"urlTemplate\":\"https:\\\/\\\/www.lidemschool.com\\\/ca\\\/?s={search_term_string}\"},\"query-input\":{\"@type\":\"PropertyValueSpecification\",\"valueRequired\":true,\"valueName\":\"search_term_string\"}}],\"inLanguage\":\"ca\"}]}<\/script>\n<!-- \/ Yoast SEO plugin. -->","yoast_head_json":{"title":"Vine a con\u00e8ixer la nostra escola | L'Idem Animation School","description":"Vols venir a con\u00e8ixer les instal\u00b7lacions de L'Idem o realitzar una jornada d'immersi\u00f3 al campus? Crida'ns o escriu-nos sense comprom\u00eds!","robots":{"index":"index","follow":"follow","max-snippet":"max-snippet:-1","max-image-preview":"max-image-preview:large","max-video-preview":"max-video-preview:-1"},"canonical":"https:\/\/www.lidemschool.com\/ca\/coneix-nos\/","og_locale":"ca_ES","og_type":"article","og_title":"Vine a con\u00e8ixer la nostra escola | L'Idem Animation School","og_description":"Vols venir a con\u00e8ixer les instal\u00b7lacions de L'Idem o realitzar una jornada d'immersi\u00f3 al campus? Crida'ns o escriu-nos sense comprom\u00eds!","og_url":"https:\/\/www.lidemschool.com\/ca\/coneix-nos\/","og_site_name":"L&#039;Idem Animation School","article_modified_time":"2026-01-26T13:24:34+00:00","og_image":[{"width":1080,"height":1920,"url":"https:\/\/www.lidemschool.com\/wp-content\/uploads\/2025\/06\/Tendencias-animacion.jpg","type":"image\/jpeg"}],"twitter_card":"summary_large_image","twitter_misc":{"Temps estimat de lectura":"3 minuts"},"schema":{"@context":"https:\/\/schema.org","@graph":[{"@type":"WebPage","@id":"https:\/\/www.lidemschool.com\/ca\/coneix-nos\/","url":"https:\/\/www.lidemschool.com\/ca\/coneix-nos\/","name":"Vine a con\u00e8ixer la nostra escola | L'Idem Animation School","isPartOf":{"@id":"https:\/\/www.lidemschool.com\/ca\/#website"},"datePublished":"2022-02-28T10:20:16+00:00","dateModified":"2026-01-26T13:24:34+00:00","description":"Vols venir a con\u00e8ixer les instal\u00b7lacions de L'Idem o realitzar una jornada d'immersi\u00f3 al campus? Crida'ns o escriu-nos sense comprom\u00eds!","breadcrumb":{"@id":"https:\/\/www.lidemschool.com\/ca\/coneix-nos\/#breadcrumb"},"inLanguage":"ca","potentialAction":[{"@type":"ReadAction","target":["https:\/\/www.lidemschool.com\/ca\/coneix-nos\/"]}]},{"@type":"BreadcrumbList","@id":"https:\/\/www.lidemschool.com\/ca\/coneix-nos\/#breadcrumb","itemListElement":[{"@type":"ListItem","position":1,"name":"Home","item":"https:\/\/www.lidemschool.com\/ca\/home-2\/"},{"@type":"ListItem","position":2,"name":"Vine a con\u00e8ixer-nos"}]},{"@type":"WebSite","@id":"https:\/\/www.lidemschool.com\/ca\/#website","url":"https:\/\/www.lidemschool.com\/ca\/","name":"L&#039;Idem Animation School","description":"L&#039;Idem Animation School","potentialAction":[{"@type":"SearchAction","target":{"@type":"EntryPoint","urlTemplate":"https:\/\/www.lidemschool.com\/ca\/?s={search_term_string}"},"query-input":{"@type":"PropertyValueSpecification","valueRequired":true,"valueName":"search_term_string"}}],"inLanguage":"ca"}]}},"_links":{"self":[{"href":"https:\/\/www.lidemschool.com\/ca\/wp-json\/wp\/v2\/pages\/13461","targetHints":{"allow":["GET"]}}],"collection":[{"href":"https:\/\/www.lidemschool.com\/ca\/wp-json\/wp\/v2\/pages"}],"about":[{"href":"https:\/\/www.lidemschool.com\/ca\/wp-json\/wp\/v2\/types\/page"}],"author":[{"embeddable":true,"href":"https:\/\/www.lidemschool.com\/ca\/wp-json\/wp\/v2\/users\/1"}],"replies":[{"embeddable":true,"href":"https:\/\/www.lidemschool.com\/ca\/wp-json\/wp\/v2\/comments?post=13461"}],"version-history":[{"count":26,"href":"https:\/\/www.lidemschool.com\/ca\/wp-json\/wp\/v2\/pages\/13461\/revisions"}],"predecessor-version":[{"id":47041,"href":"https:\/\/www.lidemschool.com\/ca\/wp-json\/wp\/v2\/pages\/13461\/revisions\/47041"}],"wp:attachment":[{"href":"https:\/\/www.lidemschool.com\/ca\/wp-json\/wp\/v2\/media?parent=13461"}],"curies":[{"name":"wp","href":"https:\/\/api.w.org\/{rel}","templated":true}]}}