{"id":13369,"date":"2022-02-25T11:19:29","date_gmt":"2022-02-25T11:19:29","guid":{"rendered":"https:\/\/www.lidemschool.com\/practicas-y-lidem-international-animation-summit\/"},"modified":"2025-03-10T13:23:05","modified_gmt":"2025-03-10T13:23:05","slug":"practicas-y-lidem-international-animation-summit","status":"publish","type":"page","link":"https:\/\/www.lidemschool.com\/ca\/formacio-internacional\/","title":{"rendered":"Formaci\u00f3 Internacional"},"content":{"rendered":"<p>[et_pb_section fb_built=&#8221;1&#8243; _builder_version=&#8221;4.9.7&#8243; _module_preset=&#8221;default&#8221; global_colors_info=&#8221;{}&#8221;][et_pb_row _builder_version=&#8221;4.14.8&#8243; _module_preset=&#8221;default&#8221; global_colors_info=&#8221;{}&#8221;][et_pb_column type=&#8221;4_4&#8243; _builder_version=&#8221;4.14.8&#8243; _module_preset=&#8221;default&#8221; global_colors_info=&#8221;{}&#8221;][et_pb_video_slider _builder_version=&#8221;4.14.8&#8243; _module_preset=&#8221;default&#8221; global_colors_info=&#8221;{}&#8221;][et_pb_video_slider_item src=&#8221;https:\/\/www.lidemschool.com\/wp-content\/uploads\/2024\/01\/VIDEO-HERADER-WEB-LIDEM.mp4&#8243; _builder_version=&#8221;4.14.8&#8243; _module_preset=&#8221;default&#8221; global_colors_info=&#8221;{}&#8221; show_image_overlay=&#8221;off&#8221;][\/et_pb_video_slider_item][\/et_pb_video_slider][\/et_pb_column][\/et_pb_row][et_pb_row column_structure=&#8221;2_3,1_3&#8243; _builder_version=&#8221;4.9.7&#8243; _module_preset=&#8221;default&#8221; global_colors_info=&#8221;{}&#8221;][et_pb_column type=&#8221;2_3&#8243; _builder_version=&#8221;4.9.7&#8243; _module_preset=&#8221;default&#8221; global_colors_info=&#8221;{}&#8221;][et_pb_text _builder_version=&#8221;4.14.8&#8243; _module_preset=&#8221;default&#8221; header_2_font=&#8221;Montserrat|700|||||||&#8221; header_2_text_color=&#8221;#262327&#8243; header_2_font_size=&#8221;40px&#8221; global_colors_info=&#8221;{}&#8221;]<\/p>\n<h1 class=\"h1-title\">Programa formatiu de nivell internacional<\/h1>\n<p>[\/et_pb_text][et_pb_text _builder_version=&#8221;4.14.8&#8243; _module_preset=&#8221;default&#8221; text_font=&#8221;Roboto|300|||||||&#8221; text_text_color=&#8221;#3D393B&#8221; global_colors_info=&#8221;{}&#8221;]<\/p>\n<p class=\"p2\">A L\u2019IDEM, amb els nostres tres campus a <b>Madrid, Barcelona i Fran\u00e7a<\/b>, sabem que l&#8217;excel\u00b7l\u00e8ncia en animaci\u00f3 i arts creatives nom\u00e9s s&#8217;assoleix amb una visi\u00f3 global. Per aix\u00f2, estem <b>compromesos a oferir una formaci\u00f3 de nivell internacional <\/b>que inspiri els nostres estudiants a desenvolupar el seu m\u00e0xim potencial en un entorn multicultural i innovador.<\/p>\n<p>[\/et_pb_text][\/et_pb_column][et_pb_column type=&#8221;1_3&#8243; _builder_version=&#8221;4.9.7&#8243; _module_preset=&#8221;default&#8221; global_colors_info=&#8221;{}&#8221;][et_pb_text _builder_version=&#8221;4.14.8&#8243; _module_preset=&#8221;default&#8221; text_font=&#8221;Roboto|300|||||||&#8221; text_text_color=&#8221;#3D393B&#8221; global_colors_info=&#8221;{}&#8221;]<\/p>\n<p class=\"p2\">A trav\u00e9s de colaboraciones con instituciones l\u00edderes, programas de intercambio y alianzas estrat\u00e9gicas con estudios y productoras de distintas partes del mundo, garantizamos una s\u00f3lida inserci\u00f3n laboral en la industria. Nuestro profesorado, compuesto por expertos internacionales en activo, aporta una visi\u00f3n global, \u00fanica y diferencial, con una ense\u00f1anza pr\u00e1ctica y actualizada que prepara a los estudiantes para convertirse en l\u00edderes del sector.<\/p>\n<p>[\/et_pb_text][\/et_pb_column][\/et_pb_row][et_pb_row _builder_version=&#8221;4.14.8&#8243; _module_preset=&#8221;default&#8221; global_colors_info=&#8221;{}&#8221;][et_pb_column type=&#8221;4_4&#8243; _builder_version=&#8221;4.14.8&#8243; _module_preset=&#8221;default&#8221; global_colors_info=&#8221;{}&#8221;][et_pb_divider _builder_version=&#8221;4.14.8&#8243; _module_preset=&#8221;default&#8221; global_colors_info=&#8221;{}&#8221;][\/et_pb_divider][\/et_pb_column][\/et_pb_row][et_pb_row _builder_version=&#8221;4.14.8&#8243; _module_preset=&#8221;default&#8221; global_colors_info=&#8221;{}&#8221;][et_pb_column type=&#8221;4_4&#8243; _builder_version=&#8221;4.14.8&#8243; _module_preset=&#8221;default&#8221; global_colors_info=&#8221;{}&#8221;][et_pb_text _builder_version=&#8221;4.14.8&#8243; _module_preset=&#8221;default&#8221; header_2_font=&#8221;Montserrat|700|||||||&#8221; header_2_text_color=&#8221;#262327&#8243; header_2_font_size=&#8221;40px&#8221; global_colors_info=&#8221;{}&#8221;]<\/p>\n<h2 class=\"h1-title\" style=\"text-align: center;\">Descobreix L&#8217;Idem: El teu Passaport a l&#8217;Excel\u00b7l\u00e8ncia Creativa Internacional<\/h2>\n<p>[\/et_pb_text][\/et_pb_column][\/et_pb_row][et_pb_row column_structure=&#8221;1_3,1_3,1_3&#8243; _builder_version=&#8221;4.14.8&#8243; _module_preset=&#8221;default&#8221; global_colors_info=&#8221;{}&#8221;][et_pb_column type=&#8221;1_3&#8243; _builder_version=&#8221;4.14.8&#8243; _module_preset=&#8221;default&#8221; global_colors_info=&#8221;{}&#8221;][et_pb_text _builder_version=&#8221;4.14.8&#8243; _module_preset=&#8221;default&#8221; text_font=&#8221;Roboto|300|||||||&#8221; text_text_color=&#8221;#3D393B&#8221; global_colors_info=&#8221;{}&#8221;]<\/p>\n<p class=\"p2\">A L\u2019IDEM, la nostra visi\u00f3 transcendeix frontera, oferim una experi\u00e8ncia educativa \u00fanica que combina <b>formaci\u00f3 de primer nivell en animaci\u00f3 i arts creatives <\/b>amb una s\u00f2lida projecci\u00f3 internacional.<\/p>\n<p>Conecta con un entorno multicultural, colabora con expertos de la industria y accede a oportunidades globales para destacar en un sector altamente competitivo.<\/p>\n<p>[\/et_pb_text][\/et_pb_column][et_pb_column type=&#8221;1_3&#8243; _builder_version=&#8221;4.14.8&#8243; _module_preset=&#8221;default&#8221; global_colors_info=&#8221;{}&#8221;][et_pb_image src=&#8221;https:\/\/www.lidemschool.com\/wp-content\/uploads\/2023\/07\/MIFA_annecy2023.jpg&#8221; alt=&#8221;MIFA_annecy2023&#8243; title_text=&#8221;MIFA_annecy2023&#8243; _builder_version=&#8221;4.14.8&#8243; _module_preset=&#8221;default&#8221; global_colors_info=&#8221;{}&#8221;][\/et_pb_image][et_pb_image src=&#8221;https:\/\/www.lidemschool.com\/wp-content\/uploads\/2024\/12\/summit_retoque_1.jpg&#8221; alt=&#8221;summit_lidem&#8221; title_text=&#8221;summit_lidem&#8221; _builder_version=&#8221;4.14.8&#8243; _module_preset=&#8221;default&#8221; global_colors_info=&#8221;{}&#8221;][\/et_pb_image][\/et_pb_column][et_pb_column type=&#8221;1_3&#8243; _builder_version=&#8221;4.14.8&#8243; _module_preset=&#8221;default&#8221; global_colors_info=&#8221;{}&#8221;][et_pb_image src=&#8221;https:\/\/www.lidemschool.com\/wp-content\/uploads\/&#8221; alt=&#8221;Animacrea-animac-2023&#8243; title_text=&#8221;edu-morales (1)&#8221; _builder_version=&#8221;4.14.8&#8243; _module_preset=&#8221;default&#8221; global_colors_info=&#8221;{}&#8221;][\/et_pb_image][et_pb_image src=&#8221;https:\/\/www.lidemschool.com\/wp-content\/uploads\/2024\/12\/summit_retoque_2.jpg&#8221; alt=&#8221;summit_lidem&#8221; title_text=&#8221;summit_lidem&#8221; _builder_version=&#8221;4.14.8&#8243; _module_preset=&#8221;default&#8221; global_colors_info=&#8221;{}&#8221;][\/et_pb_image][\/et_pb_column][\/et_pb_row][et_pb_row _builder_version=&#8221;4.14.8&#8243; _module_preset=&#8221;default&#8221; global_colors_info=&#8221;{}&#8221;][et_pb_column type=&#8221;4_4&#8243; _builder_version=&#8221;4.14.8&#8243; _module_preset=&#8221;default&#8221; global_colors_info=&#8221;{}&#8221;][et_pb_divider _builder_version=&#8221;4.14.8&#8243; _module_preset=&#8221;default&#8221; global_colors_info=&#8221;{}&#8221;][\/et_pb_divider][\/et_pb_column][\/et_pb_row][\/et_pb_section][et_pb_section fb_built=&#8221;1&#8243; _builder_version=&#8221;4.9.7&#8243; _module_preset=&#8221;default&#8221; background_color=&#8221;#262327&#8243; global_colors_info=&#8221;{}&#8221;][et_pb_row _builder_version=&#8221;4.14.8&#8243; _module_preset=&#8221;default&#8221; global_colors_info=&#8221;{}&#8221;][et_pb_column type=&#8221;4_4&#8243; _builder_version=&#8221;4.14.8&#8243; _module_preset=&#8221;default&#8221; global_colors_info=&#8221;{}&#8221;][et_pb_text _builder_version=&#8221;4.14.8&#8243; _module_preset=&#8221;default&#8221; header_2_font=&#8221;Montserrat|700|||||||&#8221; header_2_text_color=&#8221;#ffffff&#8221; header_2_font_size=&#8221;40px&#8221; global_colors_info=&#8221;{}&#8221;]<\/p>\n<h2>Els nostres Pilars Internacionals<\/h2>\n<p>[\/et_pb_text][\/et_pb_column][\/et_pb_row][et_pb_row column_structure=&#8221;1_4,1_4,1_4,1_4&#8243; _builder_version=&#8221;4.9.7&#8243; _module_preset=&#8221;default&#8221; locked=&#8221;off&#8221; global_colors_info=&#8221;{}&#8221;][et_pb_column type=&#8221;1_4&#8243; _builder_version=&#8221;4.9.7&#8243; _module_preset=&#8221;default&#8221; global_colors_info=&#8221;{}&#8221;][et_pb_text _builder_version=&#8221;4.14.8&#8243; _module_preset=&#8221;default&#8221; header_4_font=&#8221;Montserrat|700|||||||&#8221; header_4_text_color=&#8221;#FFE187&#8243; header_4_font_size=&#8221;22px&#8221; header_4_line_height=&#8221;24px&#8221; custom_margin=&#8221;||6px||false|false&#8221; locked=&#8221;off&#8221; global_colors_info=&#8221;{}&#8221;]<\/p>\n<h4>1.<\/h4>\n<p>[\/et_pb_text][et_pb_text _builder_version=&#8221;4.14.8&#8243; _module_preset=&#8221;default&#8221; header_3_font=&#8221;Montserrat|700|||||||&#8221; header_3_text_color=&#8221;#ffffff&#8221; header_3_font_size=&#8221;24px&#8221; custom_margin=&#8221;||10px||false|false&#8221; global_colors_info=&#8221;{}&#8221;]<\/p>\n<h3>Mobilitat e<br \/>Intercanvi Internacional<\/h3>\n<p>[\/et_pb_text][et_pb_image src=&#8221;https:\/\/www.lidemschool.com\/wp-content\/uploads\/2024\/01\/ralla_disen\u0303o_amarillo.png&#8221; alt=&#8221;ralla_disen\u0303o_amarillo&#8221; title_text=&#8221;ralla_disen\u0303o_amarillo&#8221; _builder_version=&#8221;4.14.8&#8243; _module_preset=&#8221;default&#8221; min_height=&#8221;4px&#8221; custom_margin=&#8221;||22px||false|false&#8221; global_colors_info=&#8221;{}&#8221;][\/et_pb_image][et_pb_text _builder_version=&#8221;4.14.8&#8243; _module_preset=&#8221;default&#8221; text_font=&#8221;Roboto|300|||||||&#8221; text_text_color=&#8221;#c4bdbd&#8221; global_colors_info=&#8221;{}&#8221;]Enriqueix la teva formaci\u00f3 estudiant en un dels nostres tres campus i viu experi\u00e8ncies transformadores mentre desenvolupes habilitats interculturals essencials.[\/et_pb_text][\/et_pb_column][et_pb_column type=&#8221;1_4&#8243; _builder_version=&#8221;4.9.7&#8243; _module_preset=&#8221;default&#8221; global_colors_info=&#8221;{}&#8221;][et_pb_text _builder_version=&#8221;4.14.8&#8243; _module_preset=&#8221;default&#8221; text_font=&#8221;Montserrat|700|||||||&#8221; text_text_color=&#8221;#cfe3ef&#8221; text_font_size=&#8221;24px&#8221; header_3_font=&#8221;Montserrat|700|||||||&#8221; header_3_text_color=&#8221;#CFE3EF&#8221; header_3_font_size=&#8221;24px&#8221; custom_margin=&#8221;||0px||false|false&#8221; custom_padding=&#8221;||||false|false&#8221; global_colors_info=&#8221;{}&#8221;]2.[\/et_pb_text][et_pb_text _builder_version=&#8221;4.14.8&#8243; _module_preset=&#8221;default&#8221; header_3_font=&#8221;Montserrat|700|||||||&#8221; header_3_text_color=&#8221;#ffffff&#8221; header_3_font_size=&#8221;24px&#8221; custom_margin=&#8221;||10px||false|false&#8221; global_colors_info=&#8221;{}&#8221;]<\/p>\n<h3><span>Inserci\u00f3 laboral<\/br> Internacional<\/span><\/h3>\n<p>[\/et_pb_text][et_pb_image src=&#8221;https:\/\/www.lidemschool.com\/wp-content\/uploads\/2024\/01\/raya_turquesa_disen\u0303odigital.png&#8221; title_text=&#8221;raya_turquesa_disen\u0303odigital&#8221; _builder_version=&#8221;4.14.8&#8243; _module_preset=&#8221;default&#8221; min_height=&#8221;4px&#8221; custom_margin=&#8221;||22px||false|false&#8221; global_colors_info=&#8221;{}&#8221;][\/et_pb_image][et_pb_text _builder_version=&#8221;4.14.8&#8243; _module_preset=&#8221;default&#8221; text_font=&#8221;Roboto|300|||||||&#8221; text_text_color=&#8221;#c4bdbd&#8221; global_colors_info=&#8221;{}&#8221;]Accedeix a la nostra borsa de feina activa amb oportunitats en estudis i empreses creatives de tot el m\u00f3n. prepara&#8217;t amb un portfolio competitiu i mentoria personalitzada que connecta directament amb la ind\u00fastria.[\/et_pb_text][\/et_pb_column][et_pb_column type=&#8221;1_4&#8243; _builder_version=&#8221;4.9.7&#8243; _module_preset=&#8221;default&#8221; global_colors_info=&#8221;{}&#8221;][et_pb_text _builder_version=&#8221;4.14.2&#8243; _module_preset=&#8221;default&#8221; header_4_font=&#8221;Montserrat|700|||||||&#8221; header_4_text_color=&#8221;#FFBFBF&#8221; header_4_font_size=&#8221;22px&#8221; header_4_line_height=&#8221;24px&#8221; custom_margin=&#8221;||6px||false|false&#8221; locked=&#8221;off&#8221; global_colors_info=&#8221;{}&#8221;]<\/p>\n<h4>3.<\/h4>\n<p>[\/et_pb_text][et_pb_text _builder_version=&#8221;4.14.8&#8243; _module_preset=&#8221;default&#8221; header_3_font=&#8221;Montserrat|700|||||||&#8221; header_3_text_color=&#8221;#ffffff&#8221; header_3_font_size=&#8221;24px&#8221; custom_margin=&#8221;||10px||false|false&#8221; global_colors_info=&#8221;{}&#8221;]<\/p>\n<h3>Un Claustre<br \/>docent global<\/h3>\n<p>[\/et_pb_text][et_pb_image src=&#8221;https:\/\/www.lidemschool.com\/wp-content\/uploads\/2024\/01\/raya_rosa_disen\u0303o_digital.png&#8221; title_text=&#8221;raya_rosa_disen\u0303o_digital&#8221; _builder_version=&#8221;4.14.8&#8243; _module_preset=&#8221;default&#8221; min_height=&#8221;4px&#8221; custom_margin=&#8221;||22px||false|false&#8221; global_colors_info=&#8221;{}&#8221;][\/et_pb_image][et_pb_text _builder_version=&#8221;4.14.8&#8243; _module_preset=&#8221;default&#8221; text_font=&#8221;Roboto|300|||||||&#8221; text_text_color=&#8221;#c4bdbd&#8221; global_colors_info=&#8221;{}&#8221;]Apr\u00e8n dels millors! El nostre professorat est\u00e0 format per experts en actiu en estudis de renom que aporten una visi\u00f3 global \u00fanica i diferencial directament connectada amb les necessitats del mercat.[\/et_pb_text][\/et_pb_column][et_pb_column type=&#8221;1_4&#8243; _builder_version=&#8221;4.9.7&#8243; _module_preset=&#8221;default&#8221; global_colors_info=&#8221;{}&#8221;][et_pb_text _builder_version=&#8221;4.14.7&#8243; _module_preset=&#8221;default&#8221; text_font=&#8221;Montserrat|700|||||||&#8221; text_text_color=&#8221;#f3584d&#8221; text_font_size=&#8221;24px&#8221; header_3_font=&#8221;Montserrat|700|||||||&#8221; header_3_text_color=&#8221;#F3584D&#8221; header_3_font_size=&#8221;24px&#8221; custom_margin=&#8221;||0px||false|false&#8221; custom_padding=&#8221;||||false|false&#8221; global_colors_info=&#8221;{}&#8221;]4.[\/et_pb_text][et_pb_text _builder_version=&#8221;4.14.8&#8243; _module_preset=&#8221;default&#8221; header_3_font=&#8221;Montserrat|700|||||||&#8221; header_3_text_color=&#8221;#ffffff&#8221; header_3_font_size=&#8221;24px&#8221; custom_margin=&#8221;||10px||false|false&#8221; global_colors_info=&#8221;{}&#8221;]<\/p>\n<h3>Serveis<br \/>per a estudiants internacionals<\/h3>\n<p>[\/et_pb_text][et_pb_image src=&#8221;https:\/\/www.lidemschool.com\/wp-content\/uploads\/2024\/01\/raya_rojas_disen\u0303odigital.png&#8221; alt=&#8221;raya_rojas_disen\u0303odigital&#8221; title_text=&#8221;raya_rojas_disen\u0303odigital&#8221; _builder_version=&#8221;4.14.8&#8243; _module_preset=&#8221;default&#8221; min_height=&#8221;4px&#8221; custom_margin=&#8221;||22px||false|false&#8221; global_colors_info=&#8221;{}&#8221;][\/et_pb_image][et_pb_text _builder_version=&#8221;4.14.8&#8243; _module_preset=&#8221;default&#8221; text_font=&#8221;Roboto|300|||||||&#8221; text_text_color=&#8221;#c4bdbd&#8221; global_colors_info=&#8221;{}&#8221;]<\/p>\n<p><span>Ens assegurem que la teva experi\u00e8ncia sigui perfecta des del primer dia. T&#8217;ajudem amb:<br \/>\n\u00b7 Tr\u00e0mits de visa i allotjament.<br \/>\n\u00b7 Programes de mentoria personalitzats.<br \/>\n. Acc\u00e9s a beques i finan\u00e7ament.<\/span><\/p>\n<p>[\/et_pb_text][\/et_pb_column][\/et_pb_row][et_pb_row column_structure=&#8221;2_5,3_5&#8243; module_class=&#8221;column-reverse&#8221; _builder_version=&#8221;4.14.9&#8243; _module_preset=&#8221;default&#8221; custom_margin=&#8221;||70px||false|false&#8221; global_colors_info=&#8221;{}&#8221;][et_pb_column type=&#8221;2_5&#8243; _builder_version=&#8221;4.9.7&#8243; _module_preset=&#8221;default&#8221; global_colors_info=&#8221;{}&#8221;][et_pb_image src=&#8221;https:\/\/www.lidemschool.com\/wp-content\/uploads\/2023\/02\/disen\u0303o-digital-lidem-1.jpg&#8221; alt=&#8221;dise\u00f1o-digital-lidem&#8221; title_text=&#8221;disen\u0303o-digital-lidem&#8221; _builder_version=&#8221;4.14.8&#8243; _module_preset=&#8221;default&#8221; global_colors_info=&#8221;{}&#8221;][\/et_pb_image][\/et_pb_column][et_pb_column type=&#8221;3_5&#8243; _builder_version=&#8221;4.9.7&#8243; _module_preset=&#8221;default&#8221; global_colors_info=&#8221;{}&#8221;][et_pb_text _builder_version=&#8221;4.14.7&#8243; _module_preset=&#8221;default&#8221; header_2_font=&#8221;Montserrat|700|||||||&#8221; header_2_text_color=&#8221;#ffffff&#8221; header_2_font_size=&#8221;40px&#8221; global_colors_info=&#8221;{}&#8221;]<\/p>\n<h2>Pr\u00e0ctiques internacionals<\/h2>\n<p>[\/et_pb_text][et_pb_text _builder_version=&#8221;4.14.9&#8243; _module_preset=&#8221;default&#8221; text_font=&#8221;Roboto|300|||||||&#8221; text_text_color=&#8221;#ffffff&#8221; global_colors_info=&#8221;{}&#8221;]<\/p>\n<p>At\u00e8s que els estudiants de L\u2019Idem Barcelona formen part d&#8217;una instituci\u00f3 amb doble campus es poden beneficiar dels programes de pr\u00e0ctiques internacionals subscrits des dels dos centres d&#8217;ensenyament.\n<\/p>\n<p>Des de 2010, L\u2019Idem Creative Arts School ha participat en diversos projectes europeus, en el marc de programes com <a href=\"https:\/\/op.europa.eu\/es\/publication-detail\/-\/publication\/b46c8c94-972f-4245-8690-18556269c641\/language-es\" target=\"_blank\" rel=\"noopener\">Leonardo Da Vinci<\/a> i <a href=\"https:\/\/erasmus-plus.ec.europa.eu\/\" target=\"_blank\" rel=\"noopener\">Erasmus + Mobility.<\/a><\/p>\n<p>I l&#8217;escola s&#8217;encarrega tant de la gesti\u00f3 administrativa, financera, t\u00e8cnica i formativa, com de la comunicaci\u00f3 i la difusi\u00f3 de les activitats, o la coordinaci\u00f3 dels socis europeus intermediaris implicats.<\/p>\n<p>[\/et_pb_text][et_pb_button button_url=&#8221;@ET-DC@eyJkeW5hbWljIjp0cnVlLCJjb250ZW50IjoicG9zdF9saW5rX3VybF9wYWdlIiwic2V0dGluZ3MiOnsicG9zdF9pZCI6IjYwNiJ9fQ==@&#8221; button_text=&#8221;Saber m\u00e9s&#8221; _builder_version=&#8221;4.13.0&#8243; _dynamic_attributes=&#8221;button_url&#8221; _module_preset=&#8221;default&#8221; custom_button=&#8221;on&#8221; button_text_size=&#8221;15px&#8221; button_text_color=&#8221;#ffffff&#8221; button_bg_color=&#8221;RGBA(0,0,0,0)&#8221; button_border_width=&#8221;2px&#8221; button_border_color=&#8221;#ffffff&#8221; button_border_radius=&#8221;6px&#8221; button_font=&#8221;Roboto||||||||&#8221; button_icon=&#8221;&#x24;||divi||400&#8243; button_icon_color=&#8221;#ffffff&#8221; global_colors_info=&#8221;{}&#8221;][\/et_pb_button][\/et_pb_column][\/et_pb_row][\/et_pb_section]<\/p>\n","protected":false},"excerpt":{"rendered":"<p>Programa formatiu de nivell internacionalA L\u2019IDEM, amb els nostres tres campus a Madrid, Barcelona i Fran\u00e7a, sabem que l&#8217;excel\u00b7l\u00e8ncia en animaci\u00f3 i arts creatives nom\u00e9s s&#8217;assoleix amb una visi\u00f3 global. Per aix\u00f2, estem compromesos a oferir una formaci\u00f3 de nivell internacional que inspiri els nostres estudiants a desenvolupar el seu m\u00e0xim potencial en un entorn [&hellip;]<\/p>\n","protected":false},"author":1,"featured_media":0,"parent":0,"menu_order":0,"comment_status":"closed","ping_status":"closed","template":"","meta":{"_et_pb_use_builder":"on","_et_pb_old_content":"","_et_gb_content_width":"","content-type":"","inline_featured_image":false,"footnotes":""},"class_list":["post-13369","page","type-page","status-publish","hentry"],"yoast_head":"<!-- This site is optimized with the Yoast SEO plugin v27.4 - https:\/\/yoast.com\/product\/yoast-seo-wordpress\/ -->\n<title>Formaci\u00f3 Internacional | L&#039;Idem Animation School<\/title>\n<meta name=\"description\" content=\"T&#039;ajudem a incorporar-te al mercat laboral amb la nostra borsa de pr\u00e0ctiques nacional i internacional. Vine a con\u00e8ixer-nos!\" \/>\n<meta name=\"robots\" content=\"index, follow, max-snippet:-1, max-image-preview:large, max-video-preview:-1\" \/>\n<link rel=\"canonical\" href=\"https:\/\/www.lidemschool.com\/ca\/formacio-internacional\/\" \/>\n<meta property=\"og:locale\" content=\"ca_ES\" \/>\n<meta property=\"og:type\" content=\"article\" \/>\n<meta property=\"og:title\" content=\"Formaci\u00f3 Internacional | L&#039;Idem Animation School\" \/>\n<meta property=\"og:description\" content=\"T&#039;ajudem a incorporar-te al mercat laboral amb la nostra borsa de pr\u00e0ctiques nacional i internacional. Vine a con\u00e8ixer-nos!\" \/>\n<meta property=\"og:url\" content=\"https:\/\/www.lidemschool.com\/ca\/formacio-internacional\/\" \/>\n<meta property=\"og:site_name\" content=\"L&#039;Idem Animation School\" \/>\n<meta property=\"article:modified_time\" content=\"2025-03-10T13:23:05+00:00\" \/>\n<meta property=\"og:image\" content=\"https:\/\/www.lidemschool.com\/wp-content\/uploads\/2025\/06\/Tendencias-animacion.jpg\" \/>\n\t<meta property=\"og:image:width\" content=\"1080\" \/>\n\t<meta property=\"og:image:height\" content=\"1920\" \/>\n\t<meta property=\"og:image:type\" content=\"image\/jpeg\" \/>\n<meta name=\"twitter:card\" content=\"summary_large_image\" \/>\n<meta name=\"twitter:label1\" content=\"Temps estimat de lectura\" \/>\n\t<meta name=\"twitter:data1\" content=\"9 minuts\" \/>\n<script type=\"application\/ld+json\" class=\"yoast-schema-graph\">{\"@context\":\"https:\\\/\\\/schema.org\",\"@graph\":[{\"@type\":\"WebPage\",\"@id\":\"https:\\\/\\\/www.lidemschool.com\\\/ca\\\/formacio-internacional\\\/\",\"url\":\"https:\\\/\\\/www.lidemschool.com\\\/ca\\\/formacio-internacional\\\/\",\"name\":\"Formaci\u00f3 Internacional | L'Idem Animation School\",\"isPartOf\":{\"@id\":\"https:\\\/\\\/www.lidemschool.com\\\/ca\\\/#website\"},\"datePublished\":\"2022-02-25T11:19:29+00:00\",\"dateModified\":\"2025-03-10T13:23:05+00:00\",\"description\":\"T'ajudem a incorporar-te al mercat laboral amb la nostra borsa de pr\u00e0ctiques nacional i internacional. Vine a con\u00e8ixer-nos!\",\"breadcrumb\":{\"@id\":\"https:\\\/\\\/www.lidemschool.com\\\/ca\\\/formacio-internacional\\\/#breadcrumb\"},\"inLanguage\":\"ca\",\"potentialAction\":[{\"@type\":\"ReadAction\",\"target\":[\"https:\\\/\\\/www.lidemschool.com\\\/ca\\\/formacio-internacional\\\/\"]}]},{\"@type\":\"BreadcrumbList\",\"@id\":\"https:\\\/\\\/www.lidemschool.com\\\/ca\\\/formacio-internacional\\\/#breadcrumb\",\"itemListElement\":[{\"@type\":\"ListItem\",\"position\":1,\"name\":\"Home\",\"item\":\"https:\\\/\\\/www.lidemschool.com\\\/ca\\\/home-2\\\/\"},{\"@type\":\"ListItem\",\"position\":2,\"name\":\"Formaci\u00f3 Internacional\"}]},{\"@type\":\"WebSite\",\"@id\":\"https:\\\/\\\/www.lidemschool.com\\\/ca\\\/#website\",\"url\":\"https:\\\/\\\/www.lidemschool.com\\\/ca\\\/\",\"name\":\"L&#039;Idem Animation School\",\"description\":\"L&#039;Idem Animation School\",\"potentialAction\":[{\"@type\":\"SearchAction\",\"target\":{\"@type\":\"EntryPoint\",\"urlTemplate\":\"https:\\\/\\\/www.lidemschool.com\\\/ca\\\/?s={search_term_string}\"},\"query-input\":{\"@type\":\"PropertyValueSpecification\",\"valueRequired\":true,\"valueName\":\"search_term_string\"}}],\"inLanguage\":\"ca\"}]}<\/script>\n<!-- \/ Yoast SEO plugin. -->","yoast_head_json":{"title":"Formaci\u00f3 Internacional | L'Idem Animation School","description":"T'ajudem a incorporar-te al mercat laboral amb la nostra borsa de pr\u00e0ctiques nacional i internacional. Vine a con\u00e8ixer-nos!","robots":{"index":"index","follow":"follow","max-snippet":"max-snippet:-1","max-image-preview":"max-image-preview:large","max-video-preview":"max-video-preview:-1"},"canonical":"https:\/\/www.lidemschool.com\/ca\/formacio-internacional\/","og_locale":"ca_ES","og_type":"article","og_title":"Formaci\u00f3 Internacional | L'Idem Animation School","og_description":"T'ajudem a incorporar-te al mercat laboral amb la nostra borsa de pr\u00e0ctiques nacional i internacional. Vine a con\u00e8ixer-nos!","og_url":"https:\/\/www.lidemschool.com\/ca\/formacio-internacional\/","og_site_name":"L&#039;Idem Animation School","article_modified_time":"2025-03-10T13:23:05+00:00","og_image":[{"width":1080,"height":1920,"url":"https:\/\/www.lidemschool.com\/wp-content\/uploads\/2025\/06\/Tendencias-animacion.jpg","type":"image\/jpeg"}],"twitter_card":"summary_large_image","twitter_misc":{"Temps estimat de lectura":"9 minuts"},"schema":{"@context":"https:\/\/schema.org","@graph":[{"@type":"WebPage","@id":"https:\/\/www.lidemschool.com\/ca\/formacio-internacional\/","url":"https:\/\/www.lidemschool.com\/ca\/formacio-internacional\/","name":"Formaci\u00f3 Internacional | L'Idem Animation School","isPartOf":{"@id":"https:\/\/www.lidemschool.com\/ca\/#website"},"datePublished":"2022-02-25T11:19:29+00:00","dateModified":"2025-03-10T13:23:05+00:00","description":"T'ajudem a incorporar-te al mercat laboral amb la nostra borsa de pr\u00e0ctiques nacional i internacional. Vine a con\u00e8ixer-nos!","breadcrumb":{"@id":"https:\/\/www.lidemschool.com\/ca\/formacio-internacional\/#breadcrumb"},"inLanguage":"ca","potentialAction":[{"@type":"ReadAction","target":["https:\/\/www.lidemschool.com\/ca\/formacio-internacional\/"]}]},{"@type":"BreadcrumbList","@id":"https:\/\/www.lidemschool.com\/ca\/formacio-internacional\/#breadcrumb","itemListElement":[{"@type":"ListItem","position":1,"name":"Home","item":"https:\/\/www.lidemschool.com\/ca\/home-2\/"},{"@type":"ListItem","position":2,"name":"Formaci\u00f3 Internacional"}]},{"@type":"WebSite","@id":"https:\/\/www.lidemschool.com\/ca\/#website","url":"https:\/\/www.lidemschool.com\/ca\/","name":"L&#039;Idem Animation School","description":"L&#039;Idem Animation School","potentialAction":[{"@type":"SearchAction","target":{"@type":"EntryPoint","urlTemplate":"https:\/\/www.lidemschool.com\/ca\/?s={search_term_string}"},"query-input":{"@type":"PropertyValueSpecification","valueRequired":true,"valueName":"search_term_string"}}],"inLanguage":"ca"}]}},"_links":{"self":[{"href":"https:\/\/www.lidemschool.com\/ca\/wp-json\/wp\/v2\/pages\/13369","targetHints":{"allow":["GET"]}}],"collection":[{"href":"https:\/\/www.lidemschool.com\/ca\/wp-json\/wp\/v2\/pages"}],"about":[{"href":"https:\/\/www.lidemschool.com\/ca\/wp-json\/wp\/v2\/types\/page"}],"author":[{"embeddable":true,"href":"https:\/\/www.lidemschool.com\/ca\/wp-json\/wp\/v2\/users\/1"}],"replies":[{"embeddable":true,"href":"https:\/\/www.lidemschool.com\/ca\/wp-json\/wp\/v2\/comments?post=13369"}],"version-history":[{"count":26,"href":"https:\/\/www.lidemschool.com\/ca\/wp-json\/wp\/v2\/pages\/13369\/revisions"}],"predecessor-version":[{"id":39383,"href":"https:\/\/www.lidemschool.com\/ca\/wp-json\/wp\/v2\/pages\/13369\/revisions\/39383"}],"wp:attachment":[{"href":"https:\/\/www.lidemschool.com\/ca\/wp-json\/wp\/v2\/media?parent=13369"}],"curies":[{"name":"wp","href":"https:\/\/api.w.org\/{rel}","templated":true}]}}